{"id":6051,"date":"2021-03-25T12:59:20","date_gmt":"2021-03-25T12:59:20","guid":{"rendered":"https:\/\/www.sensortherm.de\/?post_type=product&#038;p=6051"},"modified":"2024-04-09T11:38:28","modified_gmt":"2024-04-09T11:38:28","slug":"kugelgelenkhalterung-ha21-00","status":"publish","type":"product","link":"https:\/\/www.sensortherm.de\/en\/product\/ball-and-socket-mounting-ha21-00\/","title":{"rendered":"Ball and Socket Mounting"},"content":{"rendered":"<p class=\"translation-block\">The heavy <strong>ball and socket mounting HA21<\/strong> can be used for mounting<\/p>\n<ul>\n<li>of GALAXY scanners<\/li>\n<li>of the cooling housing KG60-00 for SIRIUS pyrometers<\/li>\n<li>of the cooling housing KG60-01 for POLARIS-IR switch<\/li>\n<li>of the SC10 scan adapter<\/li>\n<li>of the cooling plate KG22-00 for the SC10 scan adapter<\/li>\n<\/ul>\n<p><strong><img loading=\"lazy\" decoding=\"async\" class=\"alignnone size-full wp-image-2092\" src=\"https:\/\/www.sensortherm.de\/wp-content\/uploads\/2020\/08\/pdf-Icon.png\" alt=\"pdf-Icon\" width=\"25\" height=\"24\" \/><a href=\"https:\/\/www.sensortherm.de\/userfiles\/file\/step_pdf\/HA21-00-(heavy-ball-joint-bracket-for-KG31-SC10-SC7-8)_ZN012100.pdf\" target=\"_blank\" rel=\"noopener noreferrer\"> Zeichnung \/ drawing<\/a><\/strong><\/p>","protected":false},"excerpt":{"rendered":"<p>for GALAXY scanners, cooling housing KG60, scan adapter SC10, cooling plate KG22.<\/p>\n<p><strong><img loading=\"lazy\" decoding=\"async\" class=\"alignnone size-full wp-image-2092\" src=\"https:\/\/www.sensortherm.de\/wp-content\/uploads\/2020\/08\/pdf-Icon.png\" alt=\"pdf-Icon\" width=\"25\" height=\"24\" \/><a href=\"https:\/\/www.sensortherm.de\/userfiles\/file\/step_pdf\/HA21-00-(heavy-ball-joint-bracket-for-KG31-SC10-SC7-8)_ZN012100.pdf\" target=\"_blank\" rel=\"noopener noreferrer\"> HA21-00<\/a><\/strong><\/p>\n<hr \/>","protected":false},"featured_media":11258,"template":"","meta":{"_et_pb_use_builder":"off","_et_pb_old_content":"Die Schwere Kugelgelenkhalterung wird f\u00fcr das K\u00fchlgeh\u00e4use KG10 verwendet. Einfaches L\u00f6sen der Klemmarretierung erlaubt die Ausrichtung der Kugelgelenkhalterung in alle Richtungen, ein Werkzeug wird nicht ben\u00f6tigt. Durch Festklemmen der Arretierung ist das Kugelgelenk wieder fest.","_et_gb_content_width":""},"product_brand":[],"product_cat":[159,187,161],"product_tag":[207],"class_list":{"0":"post-6051","1":"product","2":"type-product","3":"status-publish","4":"has-post-thumbnail","6":"product_cat-zubehoer_galaxy","7":"product_cat-zubehoer_mechanisch_kuehlgehaeuse-kg60","8":"product_cat-zubehoer_scanadapter","9":"product_tag-ohnedownloads","11":"first","12":"instock","13":"shipping-taxable","14":"purchasable","15":"product-type-simple"},"yoast_head":"<!-- This site is optimized with the Yoast SEO plugin v27.3 - https:\/\/yoast.com\/product\/yoast-seo-wordpress\/ -->\n<title>Kugelgelenkhalterung - Sensortherm<\/title>\n<meta name=\"robots\" content=\"index, follow, max-snippet:-1, max-image-preview:large, max-video-preview:-1\" \/>\n<link rel=\"canonical\" href=\"https:\/\/www.sensortherm.de\/en\/product\/ball-and-socket-mounting-ha21-00\/\" \/>\n<meta property=\"og:locale\" content=\"en_US\" \/>\n<meta property=\"og:type\" content=\"article\" \/>\n<meta property=\"og:title\" content=\"Kugelgelenkhalterung - Sensortherm\" \/>\n<meta property=\"og:description\" content=\"f\u00fcr GALAXY-Scanner, K\u00fchlgeh\u00e4use KG60, Scan-Adapter SC10, K\u00fchlplatte KG22.   HA21-00\" \/>\n<meta property=\"og:url\" content=\"https:\/\/www.sensortherm.de\/en\/product\/ball-and-socket-mounting-ha21-00\/\" \/>\n<meta property=\"og:site_name\" content=\"Sensortherm\" \/>\n<meta property=\"article:modified_time\" content=\"2024-04-09T11:38:28+00:00\" \/>\n<meta property=\"og:image\" content=\"https:\/\/www.sensortherm.de\/wp-content\/uploads\/2021\/03\/Kugelgelenkhalterung_HA21.webp\" \/>\n\t<meta property=\"og:image:width\" content=\"800\" \/>\n\t<meta property=\"og:image:height\" content=\"800\" \/>\n\t<meta property=\"og:image:type\" content=\"image\/webp\" \/>\n<meta name=\"twitter:card\" content=\"summary_large_image\" \/>\n<meta name=\"twitter:label1\" content=\"Est. reading time\" \/>\n\t<meta name=\"twitter:data1\" content=\"1 minute\" \/>\n<script type=\"application\/ld+json\" class=\"yoast-schema-graph\">{\"@context\":\"https:\\\/\\\/schema.org\",\"@graph\":[{\"@type\":\"WebPage\",\"@id\":\"https:\\\/\\\/www.sensortherm.de\\\/en\\\/product\\\/ball-and-socket-mounting-ha21-00\\\/\",\"url\":\"https:\\\/\\\/www.sensortherm.de\\\/en\\\/product\\\/ball-and-socket-mounting-ha21-00\\\/\",\"name\":\"Kugelgelenkhalterung - Sensortherm\",\"isPartOf\":{\"@id\":\"https:\\\/\\\/www.sensortherm.de\\\/de\\\/#website\"},\"primaryImageOfPage\":{\"@id\":\"https:\\\/\\\/www.sensortherm.de\\\/en\\\/product\\\/ball-and-socket-mounting-ha21-00\\\/#primaryimage\"},\"image\":{\"@id\":\"https:\\\/\\\/www.sensortherm.de\\\/en\\\/product\\\/ball-and-socket-mounting-ha21-00\\\/#primaryimage\"},\"thumbnailUrl\":\"https:\\\/\\\/www.sensortherm.de\\\/wp-content\\\/uploads\\\/2021\\\/03\\\/Kugelgelenkhalterung_HA21.webp\",\"datePublished\":\"2021-03-25T12:59:20+00:00\",\"dateModified\":\"2024-04-09T11:38:28+00:00\",\"breadcrumb\":{\"@id\":\"https:\\\/\\\/www.sensortherm.de\\\/en\\\/product\\\/ball-and-socket-mounting-ha21-00\\\/#breadcrumb\"},\"inLanguage\":\"en-US\",\"potentialAction\":[{\"@type\":\"ReadAction\",\"target\":[\"https:\\\/\\\/www.sensortherm.de\\\/en\\\/product\\\/ball-and-socket-mounting-ha21-00\\\/\"]}]},{\"@type\":\"ImageObject\",\"inLanguage\":\"en-US\",\"@id\":\"https:\\\/\\\/www.sensortherm.de\\\/en\\\/product\\\/ball-and-socket-mounting-ha21-00\\\/#primaryimage\",\"url\":\"https:\\\/\\\/www.sensortherm.de\\\/wp-content\\\/uploads\\\/2021\\\/03\\\/Kugelgelenkhalterung_HA21.webp\",\"contentUrl\":\"https:\\\/\\\/www.sensortherm.de\\\/wp-content\\\/uploads\\\/2021\\\/03\\\/Kugelgelenkhalterung_HA21.webp\",\"width\":800,\"height\":800,\"caption\":\"Schwere Kugelgelenkhalterung\"},{\"@type\":\"BreadcrumbList\",\"@id\":\"https:\\\/\\\/www.sensortherm.de\\\/en\\\/product\\\/ball-and-socket-mounting-ha21-00\\\/#breadcrumb\",\"itemListElement\":[{\"@type\":\"ListItem\",\"position\":1,\"name\":\"Home\",\"item\":\"https:\\\/\\\/www.sensortherm.de\\\/en\\\/\"},{\"@type\":\"ListItem\",\"position\":2,\"name\":\"Pyrometer \\\/ Infrarotschalter\",\"item\":\"https:\\\/\\\/www.sensortherm.de\\\/en\\\/pyrometers-infrared-switches\\\/\"},{\"@type\":\"ListItem\",\"position\":3,\"name\":\"Kugelgelenkhalterung\"}]},{\"@type\":\"WebSite\",\"@id\":\"https:\\\/\\\/www.sensortherm.de\\\/de\\\/#website\",\"url\":\"https:\\\/\\\/www.sensortherm.de\\\/de\\\/\",\"name\":\"Sensortherm\",\"description\":\"Schnelle Infrarotmessger\u00e4te zur ber\u00fchrungslosen Temperaturmessung\",\"publisher\":{\"@id\":\"https:\\\/\\\/www.sensortherm.de\\\/de\\\/#organization\"},\"potentialAction\":[{\"@type\":\"SearchAction\",\"target\":{\"@type\":\"EntryPoint\",\"urlTemplate\":\"https:\\\/\\\/www.sensortherm.de\\\/de\\\/?s={search_term_string}\"},\"query-input\":{\"@type\":\"PropertyValueSpecification\",\"valueRequired\":true,\"valueName\":\"search_term_string\"}}],\"inLanguage\":\"en-US\"},{\"@type\":\"Organization\",\"@id\":\"https:\\\/\\\/www.sensortherm.de\\\/de\\\/#organization\",\"name\":\"Sensortherm GmbH\",\"url\":\"https:\\\/\\\/www.sensortherm.de\\\/de\\\/\",\"logo\":{\"@type\":\"ImageObject\",\"inLanguage\":\"en-US\",\"@id\":\"https:\\\/\\\/www.sensortherm.de\\\/de\\\/#\\\/schema\\\/logo\\\/image\\\/\",\"url\":\"https:\\\/\\\/www.sensortherm.de\\\/wp-content\\\/uploads\\\/2021\\\/10\\\/Logo_Sensortherm_header_transparent.webp\",\"contentUrl\":\"https:\\\/\\\/www.sensortherm.de\\\/wp-content\\\/uploads\\\/2021\\\/10\\\/Logo_Sensortherm_header_transparent.webp\",\"width\":182,\"height\":69,\"caption\":\"Sensortherm GmbH\"},\"image\":{\"@id\":\"https:\\\/\\\/www.sensortherm.de\\\/de\\\/#\\\/schema\\\/logo\\\/image\\\/\"},\"sameAs\":[\"https:\\\/\\\/de.linkedin.com\\\/company\\\/sensortherm-gmbh\"]}]}<\/script>\n<!-- \/ Yoast SEO plugin. -->","yoast_head_json":{"title":"Ball and Socket Mounting - Sensortherm","robots":{"index":"index","follow":"follow","max-snippet":"max-snippet:-1","max-image-preview":"max-image-preview:large","max-video-preview":"max-video-preview:-1"},"canonical":"https:\/\/www.sensortherm.de\/en\/product\/ball-and-socket-mounting-ha21-00\/","og_locale":"en_US","og_type":"article","og_title":"Kugelgelenkhalterung - Sensortherm","og_description":"f\u00fcr GALAXY-Scanner, K\u00fchlgeh\u00e4use KG60, Scan-Adapter SC10, K\u00fchlplatte KG22.   HA21-00","og_url":"https:\/\/www.sensortherm.de\/en\/product\/ball-and-socket-mounting-ha21-00\/","og_site_name":"Sensortherm","article_modified_time":"2024-04-09T11:38:28+00:00","og_image":[{"width":800,"height":800,"url":"https:\/\/www.sensortherm.de\/wp-content\/uploads\/2021\/03\/Kugelgelenkhalterung_HA21.webp","type":"image\/webp"}],"twitter_card":"summary_large_image","twitter_misc":{"Est. reading time":"1 minute"},"schema":{"@context":"https:\/\/schema.org","@graph":[{"@type":"WebPage","@id":"https:\/\/www.sensortherm.de\/en\/product\/ball-and-socket-mounting-ha21-00\/","url":"https:\/\/www.sensortherm.de\/en\/product\/ball-and-socket-mounting-ha21-00\/","name":"Ball and Socket Mounting - Sensortherm","isPartOf":{"@id":"https:\/\/www.sensortherm.de\/de\/#website"},"primaryImageOfPage":{"@id":"https:\/\/www.sensortherm.de\/en\/product\/ball-and-socket-mounting-ha21-00\/#primaryimage"},"image":{"@id":"https:\/\/www.sensortherm.de\/en\/product\/ball-and-socket-mounting-ha21-00\/#primaryimage"},"thumbnailUrl":"https:\/\/www.sensortherm.de\/wp-content\/uploads\/2021\/03\/Kugelgelenkhalterung_HA21.webp","datePublished":"2021-03-25T12:59:20+00:00","dateModified":"2024-04-09T11:38:28+00:00","breadcrumb":{"@id":"https:\/\/www.sensortherm.de\/en\/product\/ball-and-socket-mounting-ha21-00\/#breadcrumb"},"inLanguage":"en-US","potentialAction":[{"@type":"ReadAction","target":["https:\/\/www.sensortherm.de\/en\/product\/ball-and-socket-mounting-ha21-00\/"]}]},{"@type":"ImageObject","inLanguage":"en-US","@id":"https:\/\/www.sensortherm.de\/en\/product\/ball-and-socket-mounting-ha21-00\/#primaryimage","url":"https:\/\/www.sensortherm.de\/wp-content\/uploads\/2021\/03\/Kugelgelenkhalterung_HA21.webp","contentUrl":"https:\/\/www.sensortherm.de\/wp-content\/uploads\/2021\/03\/Kugelgelenkhalterung_HA21.webp","width":800,"height":800,"caption":"Schwere Kugelgelenkhalterung"},{"@type":"BreadcrumbList","@id":"https:\/\/www.sensortherm.de\/en\/product\/ball-and-socket-mounting-ha21-00\/#breadcrumb","itemListElement":[{"@type":"ListItem","position":1,"name":"Home","item":"https:\/\/www.sensortherm.de\/en\/"},{"@type":"ListItem","position":2,"name":"Pyrometer \/ Infrarotschalter","item":"https:\/\/www.sensortherm.de\/en\/pyrometers-infrared-switches\/"},{"@type":"ListItem","position":3,"name":"Kugelgelenkhalterung"}]},{"@type":"WebSite","@id":"https:\/\/www.sensortherm.de\/de\/#website","url":"https:\/\/www.sensortherm.de\/de\/","name":"Sensortherm","description":"Schnelle Infrarotmessger\u00e4te zur ber\u00fchrungslosen Temperaturmessung","publisher":{"@id":"https:\/\/www.sensortherm.de\/de\/#organization"},"potentialAction":[{"@type":"SearchAction","target":{"@type":"EntryPoint","urlTemplate":"https:\/\/www.sensortherm.de\/de\/?s={search_term_string}"},"query-input":{"@type":"PropertyValueSpecification","valueRequired":true,"valueName":"search_term_string"}}],"inLanguage":"en-US"},{"@type":"Organization","@id":"https:\/\/www.sensortherm.de\/de\/#organization","name":"Sensortherm GmbH","url":"https:\/\/www.sensortherm.de\/de\/","logo":{"@type":"ImageObject","inLanguage":"en-US","@id":"https:\/\/www.sensortherm.de\/de\/#\/schema\/logo\/image\/","url":"https:\/\/www.sensortherm.de\/wp-content\/uploads\/2021\/10\/Logo_Sensortherm_header_transparent.webp","contentUrl":"https:\/\/www.sensortherm.de\/wp-content\/uploads\/2021\/10\/Logo_Sensortherm_header_transparent.webp","width":182,"height":69,"caption":"Sensortherm GmbH"},"image":{"@id":"https:\/\/www.sensortherm.de\/de\/#\/schema\/logo\/image\/"},"sameAs":["https:\/\/de.linkedin.com\/company\/sensortherm-gmbh"]}]}},"_links":{"self":[{"href":"https:\/\/www.sensortherm.de\/en\/wp-json\/wp\/v2\/product\/6051","targetHints":{"allow":["GET"]}}],"collection":[{"href":"https:\/\/www.sensortherm.de\/en\/wp-json\/wp\/v2\/product"}],"about":[{"href":"https:\/\/www.sensortherm.de\/en\/wp-json\/wp\/v2\/types\/product"}],"wp:featuredmedia":[{"embeddable":true,"href":"https:\/\/www.sensortherm.de\/en\/wp-json\/wp\/v2\/media\/11258"}],"wp:attachment":[{"href":"https:\/\/www.sensortherm.de\/en\/wp-json\/wp\/v2\/media?parent=6051"}],"wp:term":[{"taxonomy":"product_brand","embeddable":true,"href":"https:\/\/www.sensortherm.de\/en\/wp-json\/wp\/v2\/product_brand?post=6051"},{"taxonomy":"product_cat","embeddable":true,"href":"https:\/\/www.sensortherm.de\/en\/wp-json\/wp\/v2\/product_cat?post=6051"},{"taxonomy":"product_tag","embeddable":true,"href":"https:\/\/www.sensortherm.de\/en\/wp-json\/wp\/v2\/product_tag?post=6051"}],"curies":[{"name":"wp","href":"https:\/\/api.w.org\/{rel}","templated":true}]}}