{"id":5908,"date":"2021-03-22T15:45:49","date_gmt":"2021-03-22T15:45:49","guid":{"rendered":"https:\/\/www.sensortherm.de\/?post_type=product&#038;p=5908"},"modified":"2022-10-19T14:47:05","modified_gmt":"2022-10-19T14:47:05","slug":"flanschsystem-fs10-13-20-23","status":"publish","type":"product","link":"https:\/\/www.sensortherm.de\/en\/product\/flange-system-fs10-13-20-23\/","title":{"rendered":"Flange System"},"content":{"rendered":"<p class=\"translation-block\">The <strong>flange system<\/strong> is a complete unit for the protected installation of a METIS pyrometer in harsh environmental conditions, such as installation on an oven.<\/p>\n<ul>\n<li><strong>FS10<\/strong> Flange system with flange<\/li>\n<li><strong>FS13<\/strong> Flange system with flange (for METIS with video module)<\/li>\n<li><strong>FS20<\/strong> Flange system with swivel mount<\/li>\n<li><strong>FS23<\/strong> Flange system with swivel mount (for METIS with TV connector)<\/li>\n<\/ul>\n<p>Die Flanschsysteme werden wahlweise mit enem Kalziumfluorid- oder Saphir-Fenster ausgestattet.<\/p>\n<p><strong><img loading=\"lazy\" decoding=\"async\" class=\"alignnone size-full wp-image-2092\" src=\"https:\/\/www.sensortherm.de\/wp-content\/uploads\/2020\/08\/pdf-Icon.png\" alt=\"pdf-Icon\" width=\"25\" height=\"24\" \/><a href=\"https:\/\/www.sensortherm.de\/userfiles\/file\/datenblaetter\/de\/Sensortherm-Datenblatt_FS_Flanschsystem.pdf\" target=\"_blank\" rel=\"noopener noreferrer\"> Datenblatt<\/a><\/strong><a href=\"https:\/\/www.sensortherm.de\/userfiles\/file\/datenblaetter\/de\/Sensortherm-Datenblatt_FS_Flanschsystem.pdf\" target=\"_blank\" rel=\"noopener noreferrer\"> (pdf deutsch)<\/a><strong><br \/>\n<img loading=\"lazy\" decoding=\"async\" class=\"alignnone size-full wp-image-2092\" src=\"https:\/\/www.sensortherm.de\/wp-content\/uploads\/2020\/08\/pdf-Icon.png\" alt=\"pdf-Icon\" width=\"25\" height=\"24\" \/><a href=\"https:\/\/www.sensortherm.de\/userfiles\/file\/datenblaetter\/en\/Sensortherm-Datasheet_FS_FlangeSystem.pdf\" target=\"_blank\" rel=\"noopener noreferrer\"> Datasheet<\/a><\/strong><a href=\"https:\/\/www.sensortherm.de\/userfiles\/file\/datenblaetter\/en\/Sensortherm-Datasheet_FS_FlangeSystem.pdf\" target=\"_blank\" rel=\"noopener noreferrer\"> (pdf english)<\/a><\/p>","protected":false},"excerpt":{"rendered":"<p>for METIS pyrometers.<br \/>\n<strong><img loading=\"lazy\" decoding=\"async\" class=\"alignnone size-full wp-image-2092\" src=\"https:\/\/www.sensortherm.de\/wp-content\/uploads\/2020\/08\/pdf-Icon.png\" alt=\"pdf-Icon\" width=\"25\" height=\"24\" \/><a href=\"https:\/\/www.sensortherm.de\/userfiles\/file\/datenblaetter\/de\/Sensortherm-Datenblatt_FS_Flanschsystem.pdf\" target=\"_blank\" rel=\"noopener noreferrer\"> FS10 \/ FS13 \/ FS20 \/ FS23 (de)<\/a><br \/>\n<img loading=\"lazy\" decoding=\"async\" class=\"alignnone size-full wp-image-2092\" src=\"https:\/\/www.sensortherm.de\/wp-content\/uploads\/2020\/08\/pdf-Icon.png\" alt=\"pdf-Icon\" width=\"25\" height=\"24\" \/><a href=\"https:\/\/www.sensortherm.de\/userfiles\/file\/datenblaetter\/en\/Sensortherm-Datasheet_FS_FlangeSystem.pdf\" target=\"_blank\" rel=\"noopener noreferrer\"> FS10 \/ FS13 \/ FS20 \/ FS23 (en)<\/a><\/strong><\/p>\n<hr \/>","protected":false},"featured_media":11270,"template":"","meta":{"_et_pb_use_builder":"off","_et_pb_old_content":"Das K\u00fchlgeh\u00e4use wird eingesetzt, um Pyrometer au\u00dferhalb ihrer zul\u00e4ssigen Umgebungstemperatur bei bis zu 250\u00b0C zu betreiben. Als K\u00fchlmedium kann Wasser oder Luft verwendet werden, wobei die maximale K\u00fchlleistung nur mit Wasser erzielt wird.\r\n\r\n<strong>KG10<\/strong> f\u00fcr METIS-Pyrometer mit 12-poligem Winkelstecker\r\n<strong>KG17<\/strong> f\u00fcr METIS-Pyrometer mit 17-poligem Winkelstecker\r\n<strong>KG13<\/strong> f\u00fcr METIS-M3-Pyrometer mit Kameramodul","_et_gb_content_width":""},"product_brand":[],"product_cat":[186,43],"product_tag":[207],"class_list":{"0":"post-5908","1":"product","2":"type-product","3":"status-publish","4":"has-post-thumbnail","6":"product_cat-zubehoer_mechanisch_m3-h3","7":"product_cat-zubehoer_metis","8":"product_tag-ohnedownloads","10":"first","11":"instock","12":"shipping-taxable","13":"purchasable","14":"product-type-variable"},"yoast_head":"<!-- This site is optimized with the Yoast SEO plugin v27.4 - https:\/\/yoast.com\/product\/yoast-seo-wordpress\/ -->\n<title>Flanschsystem - Sensortherm<\/title>\n<meta name=\"robots\" content=\"index, follow, max-snippet:-1, max-image-preview:large, max-video-preview:-1\" \/>\n<link rel=\"canonical\" href=\"https:\/\/www.sensortherm.de\/en\/product\/flange-system-fs10-13-20-23\/\" \/>\n<meta property=\"og:locale\" content=\"en_US\" \/>\n<meta property=\"og:type\" content=\"article\" \/>\n<meta property=\"og:title\" content=\"Flanschsystem - Sensortherm\" \/>\n<meta property=\"og:description\" content=\"f\u00fcr METIS-Pyrometer.  FS10 \/ FS13 \/ FS20 \/ FS23 (de)  FS10 \/ FS13 \/ FS20 \/ FS23 (en)\" \/>\n<meta property=\"og:url\" content=\"https:\/\/www.sensortherm.de\/en\/product\/flange-system-fs10-13-20-23\/\" \/>\n<meta property=\"og:site_name\" content=\"Sensortherm\" \/>\n<meta property=\"article:modified_time\" content=\"2022-10-19T14:47:05+00:00\" \/>\n<meta property=\"og:image\" content=\"https:\/\/www.sensortherm.de\/wp-content\/uploads\/2021\/03\/Flanschsystem_FS10-13-20-23.webp\" \/>\n\t<meta property=\"og:image:width\" content=\"800\" \/>\n\t<meta property=\"og:image:height\" content=\"800\" \/>\n\t<meta property=\"og:image:type\" content=\"image\/webp\" \/>\n<meta name=\"twitter:card\" content=\"summary_large_image\" \/>\n<meta name=\"twitter:label1\" content=\"Est. reading time\" \/>\n\t<meta name=\"twitter:data1\" content=\"1 minute\" \/>\n<script type=\"application\/ld+json\" class=\"yoast-schema-graph\">{\"@context\":\"https:\\\/\\\/schema.org\",\"@graph\":[{\"@type\":\"WebPage\",\"@id\":\"https:\\\/\\\/www.sensortherm.de\\\/en\\\/product\\\/flange-system-fs10-13-20-23\\\/\",\"url\":\"https:\\\/\\\/www.sensortherm.de\\\/en\\\/product\\\/flange-system-fs10-13-20-23\\\/\",\"name\":\"Flanschsystem - Sensortherm\",\"isPartOf\":{\"@id\":\"https:\\\/\\\/www.sensortherm.de\\\/de\\\/#website\"},\"primaryImageOfPage\":{\"@id\":\"https:\\\/\\\/www.sensortherm.de\\\/en\\\/product\\\/flange-system-fs10-13-20-23\\\/#primaryimage\"},\"image\":{\"@id\":\"https:\\\/\\\/www.sensortherm.de\\\/en\\\/product\\\/flange-system-fs10-13-20-23\\\/#primaryimage\"},\"thumbnailUrl\":\"https:\\\/\\\/www.sensortherm.de\\\/wp-content\\\/uploads\\\/2021\\\/03\\\/Flanschsystem_FS10-13-20-23.webp\",\"datePublished\":\"2021-03-22T15:45:49+00:00\",\"dateModified\":\"2022-10-19T14:47:05+00:00\",\"breadcrumb\":{\"@id\":\"https:\\\/\\\/www.sensortherm.de\\\/en\\\/product\\\/flange-system-fs10-13-20-23\\\/#breadcrumb\"},\"inLanguage\":\"en-US\",\"potentialAction\":[{\"@type\":\"ReadAction\",\"target\":[\"https:\\\/\\\/www.sensortherm.de\\\/en\\\/product\\\/flange-system-fs10-13-20-23\\\/\"]}]},{\"@type\":\"ImageObject\",\"inLanguage\":\"en-US\",\"@id\":\"https:\\\/\\\/www.sensortherm.de\\\/en\\\/product\\\/flange-system-fs10-13-20-23\\\/#primaryimage\",\"url\":\"https:\\\/\\\/www.sensortherm.de\\\/wp-content\\\/uploads\\\/2021\\\/03\\\/Flanschsystem_FS10-13-20-23.webp\",\"contentUrl\":\"https:\\\/\\\/www.sensortherm.de\\\/wp-content\\\/uploads\\\/2021\\\/03\\\/Flanschsystem_FS10-13-20-23.webp\",\"width\":800,\"height\":800,\"caption\":\"Flansch-Schutzsystem f\u00fcr Metis-Pyrometer\"},{\"@type\":\"BreadcrumbList\",\"@id\":\"https:\\\/\\\/www.sensortherm.de\\\/en\\\/product\\\/flange-system-fs10-13-20-23\\\/#breadcrumb\",\"itemListElement\":[{\"@type\":\"ListItem\",\"position\":1,\"name\":\"Home\",\"item\":\"https:\\\/\\\/www.sensortherm.de\\\/en\\\/\"},{\"@type\":\"ListItem\",\"position\":2,\"name\":\"Pyrometer \\\/ Infrarotschalter\",\"item\":\"https:\\\/\\\/www.sensortherm.de\\\/en\\\/pyrometers-infrared-switches\\\/\"},{\"@type\":\"ListItem\",\"position\":3,\"name\":\"Flanschsystem\"}]},{\"@type\":\"WebSite\",\"@id\":\"https:\\\/\\\/www.sensortherm.de\\\/de\\\/#website\",\"url\":\"https:\\\/\\\/www.sensortherm.de\\\/de\\\/\",\"name\":\"Sensortherm\",\"description\":\"Schnelle Infrarotmessger\u00e4te zur ber\u00fchrungslosen Temperaturmessung\",\"publisher\":{\"@id\":\"https:\\\/\\\/www.sensortherm.de\\\/de\\\/#organization\"},\"potentialAction\":[{\"@type\":\"SearchAction\",\"target\":{\"@type\":\"EntryPoint\",\"urlTemplate\":\"https:\\\/\\\/www.sensortherm.de\\\/de\\\/?s={search_term_string}\"},\"query-input\":{\"@type\":\"PropertyValueSpecification\",\"valueRequired\":true,\"valueName\":\"search_term_string\"}}],\"inLanguage\":\"en-US\"},{\"@type\":\"Organization\",\"@id\":\"https:\\\/\\\/www.sensortherm.de\\\/de\\\/#organization\",\"name\":\"Sensortherm GmbH\",\"url\":\"https:\\\/\\\/www.sensortherm.de\\\/de\\\/\",\"logo\":{\"@type\":\"ImageObject\",\"inLanguage\":\"en-US\",\"@id\":\"https:\\\/\\\/www.sensortherm.de\\\/de\\\/#\\\/schema\\\/logo\\\/image\\\/\",\"url\":\"https:\\\/\\\/www.sensortherm.de\\\/wp-content\\\/uploads\\\/2021\\\/10\\\/Logo_Sensortherm_header_transparent.webp\",\"contentUrl\":\"https:\\\/\\\/www.sensortherm.de\\\/wp-content\\\/uploads\\\/2021\\\/10\\\/Logo_Sensortherm_header_transparent.webp\",\"width\":182,\"height\":69,\"caption\":\"Sensortherm GmbH\"},\"image\":{\"@id\":\"https:\\\/\\\/www.sensortherm.de\\\/de\\\/#\\\/schema\\\/logo\\\/image\\\/\"},\"sameAs\":[\"https:\\\/\\\/de.linkedin.com\\\/company\\\/sensortherm-gmbh\"]}]}<\/script>\n<!-- \/ Yoast SEO plugin. -->","yoast_head_json":{"title":"Flange System - Sensortherm","robots":{"index":"index","follow":"follow","max-snippet":"max-snippet:-1","max-image-preview":"max-image-preview:large","max-video-preview":"max-video-preview:-1"},"canonical":"https:\/\/www.sensortherm.de\/en\/product\/flange-system-fs10-13-20-23\/","og_locale":"en_US","og_type":"article","og_title":"Flanschsystem - Sensortherm","og_description":"f\u00fcr METIS-Pyrometer.  FS10 \/ FS13 \/ FS20 \/ FS23 (de)  FS10 \/ FS13 \/ FS20 \/ FS23 (en)","og_url":"https:\/\/www.sensortherm.de\/en\/product\/flange-system-fs10-13-20-23\/","og_site_name":"Sensortherm","article_modified_time":"2022-10-19T14:47:05+00:00","og_image":[{"width":800,"height":800,"url":"https:\/\/www.sensortherm.de\/wp-content\/uploads\/2021\/03\/Flanschsystem_FS10-13-20-23.webp","type":"image\/webp"}],"twitter_card":"summary_large_image","twitter_misc":{"Est. reading time":"1 minute"},"schema":{"@context":"https:\/\/schema.org","@graph":[{"@type":"WebPage","@id":"https:\/\/www.sensortherm.de\/en\/product\/flange-system-fs10-13-20-23\/","url":"https:\/\/www.sensortherm.de\/en\/product\/flange-system-fs10-13-20-23\/","name":"Flange System - Sensortherm","isPartOf":{"@id":"https:\/\/www.sensortherm.de\/de\/#website"},"primaryImageOfPage":{"@id":"https:\/\/www.sensortherm.de\/en\/product\/flange-system-fs10-13-20-23\/#primaryimage"},"image":{"@id":"https:\/\/www.sensortherm.de\/en\/product\/flange-system-fs10-13-20-23\/#primaryimage"},"thumbnailUrl":"https:\/\/www.sensortherm.de\/wp-content\/uploads\/2021\/03\/Flanschsystem_FS10-13-20-23.webp","datePublished":"2021-03-22T15:45:49+00:00","dateModified":"2022-10-19T14:47:05+00:00","breadcrumb":{"@id":"https:\/\/www.sensortherm.de\/en\/product\/flange-system-fs10-13-20-23\/#breadcrumb"},"inLanguage":"en-US","potentialAction":[{"@type":"ReadAction","target":["https:\/\/www.sensortherm.de\/en\/product\/flange-system-fs10-13-20-23\/"]}]},{"@type":"ImageObject","inLanguage":"en-US","@id":"https:\/\/www.sensortherm.de\/en\/product\/flange-system-fs10-13-20-23\/#primaryimage","url":"https:\/\/www.sensortherm.de\/wp-content\/uploads\/2021\/03\/Flanschsystem_FS10-13-20-23.webp","contentUrl":"https:\/\/www.sensortherm.de\/wp-content\/uploads\/2021\/03\/Flanschsystem_FS10-13-20-23.webp","width":800,"height":800,"caption":"Flansch-Schutzsystem f\u00fcr Metis-Pyrometer"},{"@type":"BreadcrumbList","@id":"https:\/\/www.sensortherm.de\/en\/product\/flange-system-fs10-13-20-23\/#breadcrumb","itemListElement":[{"@type":"ListItem","position":1,"name":"Home","item":"https:\/\/www.sensortherm.de\/en\/"},{"@type":"ListItem","position":2,"name":"Pyrometer \/ Infrarotschalter","item":"https:\/\/www.sensortherm.de\/en\/pyrometers-infrared-switches\/"},{"@type":"ListItem","position":3,"name":"Flanschsystem"}]},{"@type":"WebSite","@id":"https:\/\/www.sensortherm.de\/de\/#website","url":"https:\/\/www.sensortherm.de\/de\/","name":"Sensortherm","description":"Schnelle Infrarotmessger\u00e4te zur ber\u00fchrungslosen Temperaturmessung","publisher":{"@id":"https:\/\/www.sensortherm.de\/de\/#organization"},"potentialAction":[{"@type":"SearchAction","target":{"@type":"EntryPoint","urlTemplate":"https:\/\/www.sensortherm.de\/de\/?s={search_term_string}"},"query-input":{"@type":"PropertyValueSpecification","valueRequired":true,"valueName":"search_term_string"}}],"inLanguage":"en-US"},{"@type":"Organization","@id":"https:\/\/www.sensortherm.de\/de\/#organization","name":"Sensortherm GmbH","url":"https:\/\/www.sensortherm.de\/de\/","logo":{"@type":"ImageObject","inLanguage":"en-US","@id":"https:\/\/www.sensortherm.de\/de\/#\/schema\/logo\/image\/","url":"https:\/\/www.sensortherm.de\/wp-content\/uploads\/2021\/10\/Logo_Sensortherm_header_transparent.webp","contentUrl":"https:\/\/www.sensortherm.de\/wp-content\/uploads\/2021\/10\/Logo_Sensortherm_header_transparent.webp","width":182,"height":69,"caption":"Sensortherm GmbH"},"image":{"@id":"https:\/\/www.sensortherm.de\/de\/#\/schema\/logo\/image\/"},"sameAs":["https:\/\/de.linkedin.com\/company\/sensortherm-gmbh"]}]}},"_links":{"self":[{"href":"https:\/\/www.sensortherm.de\/en\/wp-json\/wp\/v2\/product\/5908","targetHints":{"allow":["GET"]}}],"collection":[{"href":"https:\/\/www.sensortherm.de\/en\/wp-json\/wp\/v2\/product"}],"about":[{"href":"https:\/\/www.sensortherm.de\/en\/wp-json\/wp\/v2\/types\/product"}],"wp:featuredmedia":[{"embeddable":true,"href":"https:\/\/www.sensortherm.de\/en\/wp-json\/wp\/v2\/media\/11270"}],"wp:attachment":[{"href":"https:\/\/www.sensortherm.de\/en\/wp-json\/wp\/v2\/media?parent=5908"}],"wp:term":[{"taxonomy":"product_brand","embeddable":true,"href":"https:\/\/www.sensortherm.de\/en\/wp-json\/wp\/v2\/product_brand?post=5908"},{"taxonomy":"product_cat","embeddable":true,"href":"https:\/\/www.sensortherm.de\/en\/wp-json\/wp\/v2\/product_cat?post=5908"},{"taxonomy":"product_tag","embeddable":true,"href":"https:\/\/www.sensortherm.de\/en\/wp-json\/wp\/v2\/product_tag?post=5908"}],"curies":[{"name":"wp","href":"https:\/\/api.w.org\/{rel}","templated":true}]}}