{"id":5390,"date":"2021-02-15T11:29:22","date_gmt":"2021-02-15T11:29:22","guid":{"rendered":"https:\/\/www.sensortherm.de\/?post_type=product&#038;p=5390"},"modified":"2022-10-19T14:44:10","modified_gmt":"2022-10-19T14:44:10","slug":"wasserkuehlgehaeuse-kg13","status":"publish","type":"product","link":"https:\/\/www.sensortherm.de\/en\/product\/water-cooling-jacket-kg13\/","title":{"rendered":"Water Cooling Jacket"},"content":{"rendered":"<p class=\"translation-block\">The <strong>KG13 water cooling housing<\/strong> is used to operate <strong>METIS-M3 pyrometers with camera module<\/strong> and <strong>METIS-Vision thermal imaging cameras MV05 \/ MV09<\/strong> outside their permissible ambient temperature at up to 250\u00b0C. Water or air can be used as the cooling medium, the maximum cooling capacity is only being achieved with water.<\/p>\n<p><strong><img loading=\"lazy\" decoding=\"async\" class=\"alignnone size-full wp-image-2092\" src=\"https:\/\/www.sensortherm.de\/wp-content\/uploads\/2020\/08\/pdf-Icon.png\" alt=\"pdf-Icon\" width=\"25\" height=\"24\" \/><a href=\"https:\/\/www.sensortherm.de\/userfiles\/file\/datenblaetter\/de\/Sensortherm-Datenblatt_KG10_KG13_KG17_Kuehlgehaeuse.pdf\" target=\"_blank\" rel=\"noopener noreferrer\"> Datenblatt<\/a><\/strong><a href=\"https:\/\/www.sensortherm.de\/userfiles\/file\/datenblaetter\/de\/Sensortherm-Datenblatt_KG10_KG13_KG17_Kuehlgehaeuse.pdf\" target=\"_blank\" rel=\"noopener noreferrer\"> (pdf deutsch)<\/a><strong><br \/>\n<img loading=\"lazy\" decoding=\"async\" class=\"alignnone size-full wp-image-2092\" src=\"https:\/\/www.sensortherm.de\/wp-content\/uploads\/2020\/08\/pdf-Icon.png\" alt=\"pdf-Icon\" width=\"25\" height=\"24\" \/><a href=\"https:\/\/www.sensortherm.de\/userfiles\/file\/datenblaetter\/en\/Sensortherm-Datasheet_KG10_KG13_KG17_CoolingJacket.pdf\" target=\"_blank\" rel=\"noopener noreferrer\"> Datasheet<\/a><\/strong><a href=\"https:\/\/www.sensortherm.de\/userfiles\/file\/datenblaetter\/en\/Sensortherm-Datasheet_KG10_KG13_KG17_CoolingJacket.pdf\" target=\"_blank\" rel=\"noopener noreferrer\"> (pdf english)<\/a><\/p>","protected":false},"excerpt":{"rendered":"<p>f\u00fcr METIS-Vision-Thermovisionskameras.<br \/>\n<strong><img loading=\"lazy\" decoding=\"async\" class=\"alignnone size-full wp-image-2092\" src=\"https:\/\/www.sensortherm.de\/wp-content\/uploads\/2020\/08\/pdf-Icon.png\" alt=\"pdf-Icon\" width=\"25\" height=\"24\" \/><a href=\"https:\/\/www.sensortherm.de\/userfiles\/file\/datenblaetter\/de\/Sensortherm-Datenblatt_KG10_KG13_KG17_Kuehlgehaeuse.pdf\" target=\"_blank\" rel=\"noopener noreferrer\"> KG13-00 (de)<\/a><br \/>\n<img loading=\"lazy\" decoding=\"async\" class=\"alignnone size-full wp-image-2092\" src=\"https:\/\/www.sensortherm.de\/wp-content\/uploads\/2020\/08\/pdf-Icon.png\" alt=\"pdf-Icon\" width=\"25\" height=\"24\" \/><a href=\"https:\/\/www.sensortherm.de\/userfiles\/file\/datenblaetter\/en\/Sensortherm-Datasheet_KG10_KG13_KG17_CoolingJacket.pdf\" target=\"_blank\" rel=\"noopener noreferrer\"> KG13-00 (en)<\/a><\/strong><\/p>\n<hr \/>","protected":false},"featured_media":11265,"template":"","meta":{"_et_pb_use_builder":"off","_et_pb_old_content":"f\u00fcr METIS-M3-Pyrometer mit Kameramodul sowie METIS-Vision-Thermovisionskameras MV05 \/ MV09.\r\n\r\nDas K\u00fchlgeh\u00e4use wird eingesetzt, um Pyrometer au\u00dferhalb ihrer zul\u00e4ssigen Umgebungstemperatur bei bis zu 250\u00b0C zu betreiben. Als K\u00fchlmedium kann Wasser oder Luft verwendet werden, wobei die maximale K\u00fchlleistung nur mit Wasser erzielt wird.","_et_gb_content_width":""},"product_brand":[],"product_cat":[162],"product_tag":[206],"class_list":{"0":"post-5390","1":"product","2":"type-product","3":"status-publish","4":"has-post-thumbnail","6":"product_cat-zubehoer_metisvision","7":"product_tag-mitdownloads","9":"first","10":"instock","11":"shipping-taxable","12":"purchasable","13":"product-type-simple"},"yoast_head":"<!-- This site is optimized with the Yoast SEO plugin v27.3 - https:\/\/yoast.com\/product\/yoast-seo-wordpress\/ -->\n<title>Wasserk\u00fchlgeh\u00e4use - Sensortherm<\/title>\n<meta name=\"robots\" content=\"index, follow, max-snippet:-1, max-image-preview:large, max-video-preview:-1\" \/>\n<link rel=\"canonical\" href=\"https:\/\/www.sensortherm.de\/en\/product\/water-cooling-jacket-kg13\/\" \/>\n<meta property=\"og:locale\" content=\"en_US\" \/>\n<meta property=\"og:type\" content=\"article\" \/>\n<meta property=\"og:title\" content=\"Wasserk\u00fchlgeh\u00e4use - Sensortherm\" \/>\n<meta property=\"og:description\" content=\"f\u00fcr METIS-Vision-Thermovisionskameras.  KG13-00 (de)  KG13-00 (en)\" \/>\n<meta property=\"og:url\" content=\"https:\/\/www.sensortherm.de\/en\/product\/water-cooling-jacket-kg13\/\" \/>\n<meta property=\"og:site_name\" content=\"Sensortherm\" \/>\n<meta property=\"article:modified_time\" content=\"2022-10-19T14:44:10+00:00\" \/>\n<meta property=\"og:image\" content=\"https:\/\/www.sensortherm.de\/wp-content\/uploads\/2021\/02\/Kuelgehause_KG10.webp\" \/>\n\t<meta property=\"og:image:width\" content=\"800\" \/>\n\t<meta property=\"og:image:height\" content=\"800\" \/>\n\t<meta property=\"og:image:type\" content=\"image\/webp\" \/>\n<meta name=\"twitter:card\" content=\"summary_large_image\" \/>\n<meta name=\"twitter:label1\" content=\"Est. reading time\" \/>\n\t<meta name=\"twitter:data1\" content=\"1 minute\" \/>\n<script type=\"application\/ld+json\" class=\"yoast-schema-graph\">{\"@context\":\"https:\\\/\\\/schema.org\",\"@graph\":[{\"@type\":\"WebPage\",\"@id\":\"https:\\\/\\\/www.sensortherm.de\\\/de\\\/product\\\/wasserkuehlgehaeuse-kg13\\\/\",\"url\":\"https:\\\/\\\/www.sensortherm.de\\\/de\\\/product\\\/wasserkuehlgehaeuse-kg13\\\/\",\"name\":\"Wasserk\u00fchlgeh\u00e4use - Sensortherm\",\"isPartOf\":{\"@id\":\"https:\\\/\\\/www.sensortherm.de\\\/de\\\/#website\"},\"primaryImageOfPage\":{\"@id\":\"https:\\\/\\\/www.sensortherm.de\\\/de\\\/product\\\/wasserkuehlgehaeuse-kg13\\\/#primaryimage\"},\"image\":{\"@id\":\"https:\\\/\\\/www.sensortherm.de\\\/de\\\/product\\\/wasserkuehlgehaeuse-kg13\\\/#primaryimage\"},\"thumbnailUrl\":\"https:\\\/\\\/www.sensortherm.de\\\/wp-content\\\/uploads\\\/2021\\\/02\\\/Kuelgehause_KG10.webp\",\"datePublished\":\"2021-02-15T11:29:22+00:00\",\"dateModified\":\"2022-10-19T14:44:10+00:00\",\"breadcrumb\":{\"@id\":\"https:\\\/\\\/www.sensortherm.de\\\/de\\\/product\\\/wasserkuehlgehaeuse-kg13\\\/#breadcrumb\"},\"inLanguage\":\"en-US\",\"potentialAction\":[{\"@type\":\"ReadAction\",\"target\":[\"https:\\\/\\\/www.sensortherm.de\\\/de\\\/product\\\/wasserkuehlgehaeuse-kg13\\\/\"]}]},{\"@type\":\"ImageObject\",\"inLanguage\":\"en-US\",\"@id\":\"https:\\\/\\\/www.sensortherm.de\\\/de\\\/product\\\/wasserkuehlgehaeuse-kg13\\\/#primaryimage\",\"url\":\"https:\\\/\\\/www.sensortherm.de\\\/wp-content\\\/uploads\\\/2021\\\/02\\\/Kuelgehause_KG10.webp\",\"contentUrl\":\"https:\\\/\\\/www.sensortherm.de\\\/wp-content\\\/uploads\\\/2021\\\/02\\\/Kuelgehause_KG10.webp\",\"width\":800,\"height\":800,\"caption\":\"Wasserk\u00fchlgeh\u00e4use\"},{\"@type\":\"BreadcrumbList\",\"@id\":\"https:\\\/\\\/www.sensortherm.de\\\/de\\\/product\\\/wasserkuehlgehaeuse-kg13\\\/#breadcrumb\",\"itemListElement\":[{\"@type\":\"ListItem\",\"position\":1,\"name\":\"Home\",\"item\":\"https:\\\/\\\/www.sensortherm.de\\\/en\\\/\"},{\"@type\":\"ListItem\",\"position\":2,\"name\":\"Pyrometer \\\/ Infrarotschalter\",\"item\":\"https:\\\/\\\/www.sensortherm.de\\\/en\\\/pyrometers-infrared-switches\\\/\"},{\"@type\":\"ListItem\",\"position\":3,\"name\":\"Wasserk\u00fchlgeh\u00e4use\"}]},{\"@type\":\"WebSite\",\"@id\":\"https:\\\/\\\/www.sensortherm.de\\\/de\\\/#website\",\"url\":\"https:\\\/\\\/www.sensortherm.de\\\/de\\\/\",\"name\":\"Sensortherm\",\"description\":\"Schnelle Infrarotmessger\u00e4te zur ber\u00fchrungslosen Temperaturmessung\",\"publisher\":{\"@id\":\"https:\\\/\\\/www.sensortherm.de\\\/de\\\/#organization\"},\"potentialAction\":[{\"@type\":\"SearchAction\",\"target\":{\"@type\":\"EntryPoint\",\"urlTemplate\":\"https:\\\/\\\/www.sensortherm.de\\\/de\\\/?s={search_term_string}\"},\"query-input\":{\"@type\":\"PropertyValueSpecification\",\"valueRequired\":true,\"valueName\":\"search_term_string\"}}],\"inLanguage\":\"en-US\"},{\"@type\":\"Organization\",\"@id\":\"https:\\\/\\\/www.sensortherm.de\\\/de\\\/#organization\",\"name\":\"Sensortherm GmbH\",\"url\":\"https:\\\/\\\/www.sensortherm.de\\\/de\\\/\",\"logo\":{\"@type\":\"ImageObject\",\"inLanguage\":\"en-US\",\"@id\":\"https:\\\/\\\/www.sensortherm.de\\\/de\\\/#\\\/schema\\\/logo\\\/image\\\/\",\"url\":\"https:\\\/\\\/www.sensortherm.de\\\/wp-content\\\/uploads\\\/2021\\\/10\\\/Logo_Sensortherm_header_transparent.webp\",\"contentUrl\":\"https:\\\/\\\/www.sensortherm.de\\\/wp-content\\\/uploads\\\/2021\\\/10\\\/Logo_Sensortherm_header_transparent.webp\",\"width\":182,\"height\":69,\"caption\":\"Sensortherm GmbH\"},\"image\":{\"@id\":\"https:\\\/\\\/www.sensortherm.de\\\/de\\\/#\\\/schema\\\/logo\\\/image\\\/\"},\"sameAs\":[\"https:\\\/\\\/de.linkedin.com\\\/company\\\/sensortherm-gmbh\"]}]}<\/script>\n<!-- \/ Yoast SEO plugin. -->","yoast_head_json":{"title":"Water Cooling Jacket - Sensortherm","robots":{"index":"index","follow":"follow","max-snippet":"max-snippet:-1","max-image-preview":"max-image-preview:large","max-video-preview":"max-video-preview:-1"},"canonical":"https:\/\/www.sensortherm.de\/en\/product\/water-cooling-jacket-kg13\/","og_locale":"en_US","og_type":"article","og_title":"Wasserk\u00fchlgeh\u00e4use - Sensortherm","og_description":"f\u00fcr METIS-Vision-Thermovisionskameras.  KG13-00 (de)  KG13-00 (en)","og_url":"https:\/\/www.sensortherm.de\/en\/product\/water-cooling-jacket-kg13\/","og_site_name":"Sensortherm","article_modified_time":"2022-10-19T14:44:10+00:00","og_image":[{"width":800,"height":800,"url":"https:\/\/www.sensortherm.de\/wp-content\/uploads\/2021\/02\/Kuelgehause_KG10.webp","type":"image\/webp"}],"twitter_card":"summary_large_image","twitter_misc":{"Est. reading time":"1 minute"},"schema":{"@context":"https:\/\/schema.org","@graph":[{"@type":"WebPage","@id":"https:\/\/www.sensortherm.de\/de\/product\/wasserkuehlgehaeuse-kg13\/","url":"https:\/\/www.sensortherm.de\/de\/product\/wasserkuehlgehaeuse-kg13\/","name":"Water Cooling Jacket - Sensortherm","isPartOf":{"@id":"https:\/\/www.sensortherm.de\/de\/#website"},"primaryImageOfPage":{"@id":"https:\/\/www.sensortherm.de\/de\/product\/wasserkuehlgehaeuse-kg13\/#primaryimage"},"image":{"@id":"https:\/\/www.sensortherm.de\/de\/product\/wasserkuehlgehaeuse-kg13\/#primaryimage"},"thumbnailUrl":"https:\/\/www.sensortherm.de\/wp-content\/uploads\/2021\/02\/Kuelgehause_KG10.webp","datePublished":"2021-02-15T11:29:22+00:00","dateModified":"2022-10-19T14:44:10+00:00","breadcrumb":{"@id":"https:\/\/www.sensortherm.de\/de\/product\/wasserkuehlgehaeuse-kg13\/#breadcrumb"},"inLanguage":"en-US","potentialAction":[{"@type":"ReadAction","target":["https:\/\/www.sensortherm.de\/de\/product\/wasserkuehlgehaeuse-kg13\/"]}]},{"@type":"ImageObject","inLanguage":"en-US","@id":"https:\/\/www.sensortherm.de\/de\/product\/wasserkuehlgehaeuse-kg13\/#primaryimage","url":"https:\/\/www.sensortherm.de\/wp-content\/uploads\/2021\/02\/Kuelgehause_KG10.webp","contentUrl":"https:\/\/www.sensortherm.de\/wp-content\/uploads\/2021\/02\/Kuelgehause_KG10.webp","width":800,"height":800,"caption":"Wasserk\u00fchlgeh\u00e4use"},{"@type":"BreadcrumbList","@id":"https:\/\/www.sensortherm.de\/de\/product\/wasserkuehlgehaeuse-kg13\/#breadcrumb","itemListElement":[{"@type":"ListItem","position":1,"name":"Home","item":"https:\/\/www.sensortherm.de\/en\/"},{"@type":"ListItem","position":2,"name":"Pyrometer \/ Infrarotschalter","item":"https:\/\/www.sensortherm.de\/en\/pyrometers-infrared-switches\/"},{"@type":"ListItem","position":3,"name":"Wasserk\u00fchlgeh\u00e4use"}]},{"@type":"WebSite","@id":"https:\/\/www.sensortherm.de\/de\/#website","url":"https:\/\/www.sensortherm.de\/de\/","name":"Sensortherm","description":"Schnelle Infrarotmessger\u00e4te zur ber\u00fchrungslosen Temperaturmessung","publisher":{"@id":"https:\/\/www.sensortherm.de\/de\/#organization"},"potentialAction":[{"@type":"SearchAction","target":{"@type":"EntryPoint","urlTemplate":"https:\/\/www.sensortherm.de\/de\/?s={search_term_string}"},"query-input":{"@type":"PropertyValueSpecification","valueRequired":true,"valueName":"search_term_string"}}],"inLanguage":"en-US"},{"@type":"Organization","@id":"https:\/\/www.sensortherm.de\/de\/#organization","name":"Sensortherm GmbH","url":"https:\/\/www.sensortherm.de\/de\/","logo":{"@type":"ImageObject","inLanguage":"en-US","@id":"https:\/\/www.sensortherm.de\/de\/#\/schema\/logo\/image\/","url":"https:\/\/www.sensortherm.de\/wp-content\/uploads\/2021\/10\/Logo_Sensortherm_header_transparent.webp","contentUrl":"https:\/\/www.sensortherm.de\/wp-content\/uploads\/2021\/10\/Logo_Sensortherm_header_transparent.webp","width":182,"height":69,"caption":"Sensortherm GmbH"},"image":{"@id":"https:\/\/www.sensortherm.de\/de\/#\/schema\/logo\/image\/"},"sameAs":["https:\/\/de.linkedin.com\/company\/sensortherm-gmbh"]}]}},"_links":{"self":[{"href":"https:\/\/www.sensortherm.de\/en\/wp-json\/wp\/v2\/product\/5390","targetHints":{"allow":["GET"]}}],"collection":[{"href":"https:\/\/www.sensortherm.de\/en\/wp-json\/wp\/v2\/product"}],"about":[{"href":"https:\/\/www.sensortherm.de\/en\/wp-json\/wp\/v2\/types\/product"}],"wp:featuredmedia":[{"embeddable":true,"href":"https:\/\/www.sensortherm.de\/en\/wp-json\/wp\/v2\/media\/11265"}],"wp:attachment":[{"href":"https:\/\/www.sensortherm.de\/en\/wp-json\/wp\/v2\/media?parent=5390"}],"wp:term":[{"taxonomy":"product_brand","embeddable":true,"href":"https:\/\/www.sensortherm.de\/en\/wp-json\/wp\/v2\/product_brand?post=5390"},{"taxonomy":"product_cat","embeddable":true,"href":"https:\/\/www.sensortherm.de\/en\/wp-json\/wp\/v2\/product_cat?post=5390"},{"taxonomy":"product_tag","embeddable":true,"href":"https:\/\/www.sensortherm.de\/en\/wp-json\/wp\/v2\/product_tag?post=5390"}],"curies":[{"name":"wp","href":"https:\/\/api.w.org\/{rel}","templated":true}]}}