{"id":4973,"date":"2021-02-01T15:35:17","date_gmt":"2021-02-01T15:35:17","guid":{"rendered":"https:\/\/www.sensortherm.de\/?page_id=4973"},"modified":"2023-10-06T13:46:52","modified_gmt":"2023-10-06T13:46:52","slug":"impressum","status":"publish","type":"page","link":"https:\/\/www.sensortherm.de\/en\/impressum\/","title":{"rendered":"Company Information"},"content":{"rendered":"<p>[et_pb_section fb_built=&#8220;1&#8243; _builder_version=&#8220;4.16&#8243; _module_preset=&#8220;default&#8220; background_color=&#8220;#F3F4F4&#8243; locked=&#8220;off&#8220; global_colors_info=&#8220;{}&#8220;][et_pb_row _builder_version=&#8220;4.16&#8243; _module_preset=&#8220;default&#8220; width=&#8220;100%&#8220; global_colors_info=&#8220;{}&#8220;][et_pb_column type=&#8220;4_4&#8243; _builder_version=&#8220;4.16&#8243; _module_preset=&#8220;default&#8220; global_colors_info=&#8220;{}&#8220;][et_pb_text admin_label=&#8220;Datenschutzerkl\u00e4rung&#8220; _builder_version=&#8220;4.16&#8243; _module_preset=&#8220;default&#8220; background_color=&#8220;#FFFFFF&#8220; custom_margin=&#8220;1vw||1vw||true|false&#8220; custom_padding=&#8220;8px|1vw||1vw|false|true&#8220; custom_css_main_element=&#8220;width: max-content;&#8220; border_width_top=&#8220;5px&#8220; border_color_top=&#8220;#0B3172&#8243; border_width_left=&#8220;5px&#8220; border_color_left=&#8220;#0B3172&#8243; global_colors_info=&#8220;{}&#8220;]<\/p>\n<h1>Company Information<\/h1>\n<p>[\/et_pb_text][\/et_pb_column][\/et_pb_row][\/et_pb_section][et_pb_section fb_built=&#8220;1&#8243; _builder_version=&#8220;4.16&#8243; _module_preset=&#8220;default&#8220; custom_padding=&#8220;1vw||1vw||true|false&#8220; border_color_top=&#8220;#0B3172&#8243; global_colors_info=&#8220;{}&#8220;][et_pb_row _builder_version=&#8220;4.16&#8243; _module_preset=&#8220;default&#8220; width=&#8220;96%&#8220; global_colors_info=&#8220;{}&#8220;][et_pb_column type=&#8220;4_4&#8243; _builder_version=&#8220;4.16&#8243; _module_preset=&#8220;default&#8220; global_colors_info=&#8220;{}&#8220;][et_pb_text _builder_version=&#8220;4.21.0&#8243; _module_preset=&#8220;default&#8220; hover_enabled=&#8220;0&#8243; global_colors_info=&#8220;{}&#8220; sticky_enabled=&#8220;0&#8243;]<\/p>\n<table>\n<tbody>\n<tr>\n<td><b>Postal address<\/b><\/td>\n<td>\n<p><strong>Sensortherm GmbH <\/strong><\/p>\n<div>Wei\u00dfkirchener Stra\u00dfe 2-6<\/div>\n<div>61449 Steinbach<\/div>\n<\/td>\n<\/tr>\n<tr class=\"alt\">\n<td><b>Phone<\/b><\/td>\n<td><a href=\"tel:+4961718870980\">+49 6171 887098-0<\/a><\/td>\n<\/tr>\n<tr>\n<td><b>Fax:<\/b><\/td>\n<td>+49 6171 887098-989<\/td>\n<\/tr>\n<tr class=\"alt\">\n<td><b>E-mail:<\/b><\/td>\n<td><a class=\"linkification-ext\" title=\"Linkification: mailto:info@sensortherm.de\" href=\"mailto:info@sensortherm.de\">info@sensortherm.de<\/a><\/td>\n<\/tr>\n<tr>\n<td><b>Gesch\u00e4ftsf\u00fchrer:<\/b><\/td>\n<td>Philipp Bastians<\/td>\n<\/tr>\n<tr class=\"alt\">\n<td><b>Sensortherm GmbH, Sitz:<\/b><\/td>\n<td>Steinbach \/Ts.<\/td>\n<\/tr>\n<tr>\n<td><b>Register court:<\/b><\/td>\n<td>District Court Bad Homburg v. d. H\u00f6he<\/td>\n<\/tr>\n<tr class=\"alt\">\n<td><b>company registration number:<\/b><\/td>\n<td>HRB 15368<\/td>\n<\/tr>\n<tr>\n<td><b>VAT No.:\u00a0\u00a0\u00a0\u00a0\u00a0<\/b><\/td>\n<td>DE217325386<\/td>\n<\/tr>\n<\/tbody>\n<\/table>\n<p>&nbsp;<\/p>\n<p>[\/et_pb_text][et_pb_text _builder_version=&#8220;4.16&#8243; _module_preset=&#8220;default&#8220; global_colors_info=&#8220;{}&#8220;]<\/p>\n<h2><strong>Legal statement on the content of this site<\/strong><\/h2>\n<p>Sensortherm GmbH assumes no liability for the content published here. We try to keep the content as current and correct as possible, but this does not mean 100% certainty. No claims can be made.<\/p>\n<p><strong>Notice:<\/strong><br \/>The content published on this site is subject to copyright laws and reproduction, publishing or modification of the content without the express permission of SensorTherm GmbH is prohibited.<\/p>\n<p>[\/et_pb_text][\/et_pb_column][\/et_pb_row][\/et_pb_section]<\/p>","protected":false},"excerpt":{"rendered":"<p>Impressum Postanschrift: Sensortherm GmbH Wei\u00dfkirchener Stra\u00dfe 2-6 61449 Steinbach Telefon: +49 6171 887098-0 Telefax: +49 6171 887098-989 E-Mail: info@sensortherm.de Gesch\u00e4ftsf\u00fchrer: Philipp Bastians Sensortherm GmbH, Sitz: Steinbach \/Ts. Registergericht: Amtsgericht Bad Homburg v. d. H\u00f6he Handelsregisternummer: HRB 15368 Umsatzsteueridentifikationsnummer:\u00a0\u00a0\u00a0\u00a0\u00a0 DE217325386 &nbsp;Rechtliches zum Inhalt Die Firma Sensortherm GmbH \u00fcbernimmt keinerlei Haftung f\u00fcr die hier ver\u00f6ffentlichten Inhalte. Wir [&hellip;]<\/p>","protected":false},"author":1,"featured_media":0,"parent":0,"menu_order":160,"comment_status":"closed","ping_status":"closed","template":"","meta":{"_et_pb_use_builder":"on","_et_pb_old_content":"","_et_gb_content_width":"","footnotes":""},"class_list":["post-4973","page","type-page","status-publish","hentry"],"yoast_head":"<!-- This site is optimized with the Yoast SEO plugin v27.3 - https:\/\/yoast.com\/product\/yoast-seo-wordpress\/ -->\n<title>Impressum - Sensortherm<\/title>\n<meta name=\"robots\" content=\"index, follow, max-snippet:-1, max-image-preview:large, max-video-preview:-1\" \/>\n<link rel=\"canonical\" href=\"https:\/\/www.sensortherm.de\/en\/impressum\/\" \/>\n<meta property=\"og:locale\" content=\"en_US\" \/>\n<meta property=\"og:type\" content=\"article\" \/>\n<meta property=\"og:title\" content=\"Impressum - Sensortherm\" \/>\n<meta property=\"og:description\" content=\"Impressum Postanschrift: Sensortherm GmbH Wei\u00dfkirchener Stra\u00dfe 2-6 61449 Steinbach Telefon: +49 6171 887098-0 Telefax: +49 6171 887098-989 E-Mail: info@sensortherm.de Gesch\u00e4ftsf\u00fchrer: Philipp Bastians Sensortherm GmbH, Sitz: Steinbach \/Ts. Registergericht: Amtsgericht Bad Homburg v. d. H\u00f6he Handelsregisternummer: HRB 15368 Umsatzsteueridentifikationsnummer:\u00a0\u00a0\u00a0\u00a0\u00a0 DE217325386 &nbsp;Rechtliches zum Inhalt Die Firma Sensortherm GmbH \u00fcbernimmt keinerlei Haftung f\u00fcr die hier ver\u00f6ffentlichten Inhalte. Wir [&hellip;]\" \/>\n<meta property=\"og:url\" content=\"https:\/\/www.sensortherm.de\/en\/impressum\/\" \/>\n<meta property=\"og:site_name\" content=\"Sensortherm\" \/>\n<meta property=\"article:modified_time\" content=\"2023-10-06T13:46:52+00:00\" \/>\n<meta name=\"twitter:card\" content=\"summary_large_image\" \/>\n<meta name=\"twitter:label1\" content=\"Est. reading time\" \/>\n\t<meta name=\"twitter:data1\" content=\"2 minutes\" \/>\n<script type=\"application\/ld+json\" class=\"yoast-schema-graph\">{\"@context\":\"https:\\\/\\\/schema.org\",\"@graph\":[{\"@type\":\"WebPage\",\"@id\":\"https:\\\/\\\/www.sensortherm.de\\\/de\\\/impressum\\\/\",\"url\":\"https:\\\/\\\/www.sensortherm.de\\\/de\\\/impressum\\\/\",\"name\":\"Impressum - Sensortherm\",\"isPartOf\":{\"@id\":\"https:\\\/\\\/www.sensortherm.de\\\/de\\\/#website\"},\"datePublished\":\"2021-02-01T15:35:17+00:00\",\"dateModified\":\"2023-10-06T13:46:52+00:00\",\"breadcrumb\":{\"@id\":\"https:\\\/\\\/www.sensortherm.de\\\/de\\\/impressum\\\/#breadcrumb\"},\"inLanguage\":\"en-US\",\"potentialAction\":[{\"@type\":\"ReadAction\",\"target\":[\"https:\\\/\\\/www.sensortherm.de\\\/de\\\/impressum\\\/\"]}]},{\"@type\":\"BreadcrumbList\",\"@id\":\"https:\\\/\\\/www.sensortherm.de\\\/de\\\/impressum\\\/#breadcrumb\",\"itemListElement\":[{\"@type\":\"ListItem\",\"position\":1,\"name\":\"Home\",\"item\":\"https:\\\/\\\/www.sensortherm.de\\\/en\\\/\"},{\"@type\":\"ListItem\",\"position\":2,\"name\":\"Impressum\"}]},{\"@type\":\"WebSite\",\"@id\":\"https:\\\/\\\/www.sensortherm.de\\\/de\\\/#website\",\"url\":\"https:\\\/\\\/www.sensortherm.de\\\/de\\\/\",\"name\":\"Sensortherm\",\"description\":\"Schnelle Infrarotmessger\u00e4te zur ber\u00fchrungslosen Temperaturmessung\",\"publisher\":{\"@id\":\"https:\\\/\\\/www.sensortherm.de\\\/de\\\/#organization\"},\"potentialAction\":[{\"@type\":\"SearchAction\",\"target\":{\"@type\":\"EntryPoint\",\"urlTemplate\":\"https:\\\/\\\/www.sensortherm.de\\\/de\\\/?s={search_term_string}\"},\"query-input\":{\"@type\":\"PropertyValueSpecification\",\"valueRequired\":true,\"valueName\":\"search_term_string\"}}],\"inLanguage\":\"en-US\"},{\"@type\":\"Organization\",\"@id\":\"https:\\\/\\\/www.sensortherm.de\\\/de\\\/#organization\",\"name\":\"Sensortherm GmbH\",\"url\":\"https:\\\/\\\/www.sensortherm.de\\\/de\\\/\",\"logo\":{\"@type\":\"ImageObject\",\"inLanguage\":\"en-US\",\"@id\":\"https:\\\/\\\/www.sensortherm.de\\\/de\\\/#\\\/schema\\\/logo\\\/image\\\/\",\"url\":\"https:\\\/\\\/www.sensortherm.de\\\/wp-content\\\/uploads\\\/2021\\\/10\\\/Logo_Sensortherm_header_transparent.webp\",\"contentUrl\":\"https:\\\/\\\/www.sensortherm.de\\\/wp-content\\\/uploads\\\/2021\\\/10\\\/Logo_Sensortherm_header_transparent.webp\",\"width\":182,\"height\":69,\"caption\":\"Sensortherm GmbH\"},\"image\":{\"@id\":\"https:\\\/\\\/www.sensortherm.de\\\/de\\\/#\\\/schema\\\/logo\\\/image\\\/\"},\"sameAs\":[\"https:\\\/\\\/de.linkedin.com\\\/company\\\/sensortherm-gmbh\"]}]}<\/script>\n<!-- \/ Yoast SEO plugin. -->","yoast_head_json":{"title":"Impressum - Sensortherm","robots":{"index":"index","follow":"follow","max-snippet":"max-snippet:-1","max-image-preview":"max-image-preview:large","max-video-preview":"max-video-preview:-1"},"canonical":"https:\/\/www.sensortherm.de\/en\/impressum\/","og_locale":"en_US","og_type":"article","og_title":"Impressum - Sensortherm","og_description":"Impressum Postanschrift: Sensortherm GmbH Wei\u00dfkirchener Stra\u00dfe 2-6 61449 Steinbach Telefon: +49 6171 887098-0 Telefax: +49 6171 887098-989 E-Mail: info@sensortherm.de Gesch\u00e4ftsf\u00fchrer: Philipp Bastians Sensortherm GmbH, Sitz: Steinbach \/Ts. Registergericht: Amtsgericht Bad Homburg v. d. H\u00f6he Handelsregisternummer: HRB 15368 Umsatzsteueridentifikationsnummer:\u00a0\u00a0\u00a0\u00a0\u00a0 DE217325386 &nbsp;Rechtliches zum Inhalt Die Firma Sensortherm GmbH \u00fcbernimmt keinerlei Haftung f\u00fcr die hier ver\u00f6ffentlichten Inhalte. Wir [&hellip;]","og_url":"https:\/\/www.sensortherm.de\/en\/impressum\/","og_site_name":"Sensortherm","article_modified_time":"2023-10-06T13:46:52+00:00","twitter_card":"summary_large_image","twitter_misc":{"Est. reading time":"2 minutes"},"schema":{"@context":"https:\/\/schema.org","@graph":[{"@type":"WebPage","@id":"https:\/\/www.sensortherm.de\/de\/impressum\/","url":"https:\/\/www.sensortherm.de\/de\/impressum\/","name":"Impressum - Sensortherm","isPartOf":{"@id":"https:\/\/www.sensortherm.de\/de\/#website"},"datePublished":"2021-02-01T15:35:17+00:00","dateModified":"2023-10-06T13:46:52+00:00","breadcrumb":{"@id":"https:\/\/www.sensortherm.de\/de\/impressum\/#breadcrumb"},"inLanguage":"en-US","potentialAction":[{"@type":"ReadAction","target":["https:\/\/www.sensortherm.de\/de\/impressum\/"]}]},{"@type":"BreadcrumbList","@id":"https:\/\/www.sensortherm.de\/de\/impressum\/#breadcrumb","itemListElement":[{"@type":"ListItem","position":1,"name":"Home","item":"https:\/\/www.sensortherm.de\/en\/"},{"@type":"ListItem","position":2,"name":"Impressum"}]},{"@type":"WebSite","@id":"https:\/\/www.sensortherm.de\/de\/#website","url":"https:\/\/www.sensortherm.de\/de\/","name":"Sensortherm","description":"Schnelle Infrarotmessger\u00e4te zur ber\u00fchrungslosen Temperaturmessung","publisher":{"@id":"https:\/\/www.sensortherm.de\/de\/#organization"},"potentialAction":[{"@type":"SearchAction","target":{"@type":"EntryPoint","urlTemplate":"https:\/\/www.sensortherm.de\/de\/?s={search_term_string}"},"query-input":{"@type":"PropertyValueSpecification","valueRequired":true,"valueName":"search_term_string"}}],"inLanguage":"en-US"},{"@type":"Organization","@id":"https:\/\/www.sensortherm.de\/de\/#organization","name":"Sensortherm GmbH","url":"https:\/\/www.sensortherm.de\/de\/","logo":{"@type":"ImageObject","inLanguage":"en-US","@id":"https:\/\/www.sensortherm.de\/de\/#\/schema\/logo\/image\/","url":"https:\/\/www.sensortherm.de\/wp-content\/uploads\/2021\/10\/Logo_Sensortherm_header_transparent.webp","contentUrl":"https:\/\/www.sensortherm.de\/wp-content\/uploads\/2021\/10\/Logo_Sensortherm_header_transparent.webp","width":182,"height":69,"caption":"Sensortherm GmbH"},"image":{"@id":"https:\/\/www.sensortherm.de\/de\/#\/schema\/logo\/image\/"},"sameAs":["https:\/\/de.linkedin.com\/company\/sensortherm-gmbh"]}]}},"_links":{"self":[{"href":"https:\/\/www.sensortherm.de\/en\/wp-json\/wp\/v2\/pages\/4973","targetHints":{"allow":["GET"]}}],"collection":[{"href":"https:\/\/www.sensortherm.de\/en\/wp-json\/wp\/v2\/pages"}],"about":[{"href":"https:\/\/www.sensortherm.de\/en\/wp-json\/wp\/v2\/types\/page"}],"author":[{"embeddable":true,"href":"https:\/\/www.sensortherm.de\/en\/wp-json\/wp\/v2\/users\/1"}],"replies":[{"embeddable":true,"href":"https:\/\/www.sensortherm.de\/en\/wp-json\/wp\/v2\/comments?post=4973"}],"version-history":[{"count":0,"href":"https:\/\/www.sensortherm.de\/en\/wp-json\/wp\/v2\/pages\/4973\/revisions"}],"wp:attachment":[{"href":"https:\/\/www.sensortherm.de\/en\/wp-json\/wp\/v2\/media?parent=4973"}],"curies":[{"name":"wp","href":"https:\/\/api.w.org\/{rel}","templated":true}]}}