{"id":4351,"date":"2020-12-18T13:49:13","date_gmt":"2020-12-18T13:49:13","guid":{"rendered":"https:\/\/www.sensortherm.de\/?page_id=4351"},"modified":"2025-06-27T11:35:08","modified_gmt":"2025-06-27T11:35:08","slug":"kalibrierservice","status":"publish","type":"page","link":"https:\/\/www.sensortherm.de\/en\/calibration-service\/","title":{"rendered":"Calibration service"},"content":{"rendered":"<p>[et_pb_section fb_built=&#8220;1&#8243; _builder_version=&#8220;4.16&#8243; _module_preset=&#8220;default&#8220; background_color=&#8220;#F3F4F4&#8243; locked=&#8220;off&#8220; global_colors_info=&#8220;{}&#8220;][et_pb_row _builder_version=&#8220;4.16&#8243; _module_preset=&#8220;default&#8220; width=&#8220;100%&#8220; global_colors_info=&#8220;{}&#8220;][et_pb_column type=&#8220;4_4&#8243; _builder_version=&#8220;4.16&#8243; _module_preset=&#8220;default&#8220; global_colors_info=&#8220;{}&#8220;][et_pb_image src=&#8220;https:\/\/www.sensortherm.de\/wp-content\/uploads\/2021\/10\/headerbild_kalibrierlabor.webp&#8220; alt=&#8220;Kalibrierlabor von Sensortherm&#8220; title_text=&#8220;headerbild_kalibrierlabor&#8220; _builder_version=&#8220;4.16&#8243; _module_preset=&#8220;default&#8220; global_colors_info=&#8220;{}&#8220;][\/et_pb_image][\/et_pb_column][\/et_pb_row][\/et_pb_section][et_pb_section fb_built=&#8220;1&#8243; _builder_version=&#8220;4.16&#8243; _module_preset=&#8220;default&#8220; custom_padding=&#8220;||2vw||false|false&#8220; global_colors_info=&#8220;{}&#8220;][et_pb_row make_equal=&#8220;on&#8220; _builder_version=&#8220;4.16&#8243; _module_preset=&#8220;default&#8220; width=&#8220;96%&#8220; width_tablet=&#8220;96%&#8220; width_phone=&#8220;98%&#8220; width_last_edited=&#8220;on|tablet&#8220; global_colors_info=&#8220;{}&#8220;][et_pb_column type=&#8220;4_4&#8243; _builder_version=&#8220;4.16&#8243; _module_preset=&#8220;default&#8220; global_colors_info=&#8220;{}&#8220;][et_pb_text _builder_version=&#8220;4.16&#8243; _module_preset=&#8220;default&#8220; background_color=&#8220;#FFFFFF&#8220; vertical_offset=&#8220;1vw&#8220; horizontal_offset=&#8220;1vw&#8220; width=&#8220;100%&#8220; custom_margin=&#8220;1vw||1vw||true|false&#8220; custom_padding=&#8220;8px|1vw||1vw|false|true&#8220; header_font_size_tablet=&#8220;&#8220; header_font_size_phone=&#8220;18px&#8220; header_font_size_last_edited=&#8220;on|phone&#8220; custom_css_main_element=&#8220;width: max-content;&#8220; border_width_top=&#8220;5px&#8220; border_color_top=&#8220;#0B3172&#8243; border_width_left=&#8220;5px&#8220; border_color_left=&#8220;#0B3172&#8243; locked=&#8220;off&#8220; global_colors_info=&#8220;{}&#8220;]<\/p>\n<h1>Calibration and Adjustment Service<\/h1>\n<p>[\/et_pb_text][et_pb_text _builder_version=&#8220;4.23.1&#8243; _module_preset=&#8220;default&#8220; global_colors_info=&#8220;{}&#8220;]<\/p>\n<h2>Our Range of Services<\/h2>\n<ul>\n<li>Calibration certificates according to IEC 17025<\/li>\n<li>Regular pyrometer maintenance \/ calibration<\/li>\n<li>Creation of factory certificates indicating the measurement deviation<\/li>\n<li>Device readjustment at measured value deviations; including factory certificate.<\/li>\n<li>Creation of factory certificates at standard temperature measuring points or with self-defined or additional measuring points<\/li>\n<li>Advice to measurement problems, if necessary on-site<\/li>\n<li>Support at commissioning<\/li>\n<li>Quick repairs<\/li>\n<\/ul>\n<p>As an ISO 9001 certified company, all our inspection equipment is subject to inspection equipment monitoring and is traceable and monitored by DAkkS or PTB calibration chain.<\/p>\n<p class=\"translation-block\">We recommend <strong>verifying<\/strong> your infrared measuring devices <strong>at least every 2 years<\/strong>, with <strong>readjustment if necessary<\/strong>, in order to maintain the high level continuously.<\/p>\n<p class=\"translation-block\">Send us your devices after requesting a <strong><a href=\"https:\/\/divi.sensortherm.de\/en\/repair-service\/\" target=\"_self\">RMA number<\/a><\/strong>, we will check it out as soon as possible.<\/p>\n<p>[\/et_pb_text][et_pb_text _builder_version=&#8220;4.27.4&#8243; _module_preset=&#8220;default&#8220; custom_padding=&#8220;3vw||||false|false&#8220; hover_enabled=&#8220;0&#8243; global_colors_info=&#8220;{}&#8220; sticky_enabled=&#8220;0&#8243;]<\/p>\n<h2>Calibration Sources for your Laboratory<\/h2>\n<p>If you want to calibrate yourself, we also offer modern <a href=\"https:\/\/www.sensortherm.de\/en\/calibration-sources-transfer-standard-pyrometers\/\">calibration systems.<\/a> an.<br \/>Calibration source 50 to 1500\u00b0C: <a href=\"https:\/\/www.sensortherm.de\/en\/product\/calibration-source-cs1500\/\">CS1500N<\/a><\/p>\n<p>[\/et_pb_text][\/et_pb_column][\/et_pb_row][\/et_pb_section]<\/p>","protected":false},"excerpt":{"rendered":"<p>\u200bKalibrier- und JustierserviceUnser Service\u00adangebot DAkkS-Kali\u00adbrier\u00adscheine nach DIN EN ISO\/IEC 17025 \/ DakkS Regelm\u00e4\u00dfige Pyrometer\u00adwartung \/ Kalibrierung Erstellung von Werkspr\u00fcfscheinen zur Angabe der Messwert\u00adabweichung Ger\u00e4te-Neujustierung bei Messwertabweichungen; inkl. Werkszertifikat Erstellung von Werkszertifikaten bei Standard-Temperaturmesspunkten oder mit selbst definierten bzw. zus\u00e4tzlichen Messpunkten Beratung zu Messproblemen, wenn n\u00f6tig vor Ort Unterst\u00fctzung bei der Inbetriebnahme Schnelle Reparaturen Alle unsere [&hellip;]<\/p>","protected":false},"author":1,"featured_media":0,"parent":0,"menu_order":80,"comment_status":"closed","ping_status":"closed","template":"","meta":{"_et_pb_use_builder":"on","_et_pb_old_content":"","_et_gb_content_width":"","footnotes":""},"class_list":["post-4351","page","type-page","status-publish","hentry"],"yoast_head":"<!-- This site is optimized with the Yoast SEO plugin v27.3 - https:\/\/yoast.com\/product\/yoast-seo-wordpress\/ -->\n<title>Kalibrierservice - Sensortherm<\/title>\n<meta name=\"description\" content=\"Kalibrieren und bei Notwendigkeit Justieren von Pyrometern inklusive Werkszertifikat oder mit IEC 17025-Zertifikat\" \/>\n<meta name=\"robots\" content=\"index, follow, max-snippet:-1, max-image-preview:large, max-video-preview:-1\" \/>\n<link rel=\"canonical\" href=\"https:\/\/www.sensortherm.de\/en\/calibration-service\/\" \/>\n<meta property=\"og:locale\" content=\"en_US\" \/>\n<meta property=\"og:type\" content=\"article\" \/>\n<meta property=\"og:title\" content=\"Kalibrierservice - Sensortherm\" \/>\n<meta property=\"og:description\" content=\"Kalibrieren und bei Notwendigkeit Justieren von Pyrometern inklusive Werkszertifikat oder mit IEC 17025-Zertifikat\" \/>\n<meta property=\"og:url\" content=\"https:\/\/www.sensortherm.de\/en\/calibration-service\/\" \/>\n<meta property=\"og:site_name\" content=\"Sensortherm\" \/>\n<meta property=\"article:modified_time\" content=\"2025-06-27T11:35:08+00:00\" \/>\n<meta name=\"twitter:card\" content=\"summary_large_image\" \/>\n<meta name=\"twitter:label1\" content=\"Est. reading time\" \/>\n\t<meta name=\"twitter:data1\" content=\"2 minutes\" \/>\n<script type=\"application\/ld+json\" class=\"yoast-schema-graph\">{\"@context\":\"https:\\\/\\\/schema.org\",\"@graph\":[{\"@type\":\"WebPage\",\"@id\":\"https:\\\/\\\/www.sensortherm.de\\\/de\\\/kalibrierservice\\\/\",\"url\":\"https:\\\/\\\/www.sensortherm.de\\\/de\\\/kalibrierservice\\\/\",\"name\":\"Kalibrierservice - Sensortherm\",\"isPartOf\":{\"@id\":\"https:\\\/\\\/www.sensortherm.de\\\/de\\\/#website\"},\"datePublished\":\"2020-12-18T13:49:13+00:00\",\"dateModified\":\"2025-06-27T11:35:08+00:00\",\"description\":\"Kalibrieren und bei Notwendigkeit Justieren von Pyrometern inklusive Werkszertifikat oder mit IEC 17025-Zertifikat\",\"breadcrumb\":{\"@id\":\"https:\\\/\\\/www.sensortherm.de\\\/de\\\/kalibrierservice\\\/#breadcrumb\"},\"inLanguage\":\"en-US\",\"potentialAction\":[{\"@type\":\"ReadAction\",\"target\":[\"https:\\\/\\\/www.sensortherm.de\\\/de\\\/kalibrierservice\\\/\"]}]},{\"@type\":\"BreadcrumbList\",\"@id\":\"https:\\\/\\\/www.sensortherm.de\\\/de\\\/kalibrierservice\\\/#breadcrumb\",\"itemListElement\":[{\"@type\":\"ListItem\",\"position\":1,\"name\":\"Home\",\"item\":\"https:\\\/\\\/www.sensortherm.de\\\/en\\\/\"},{\"@type\":\"ListItem\",\"position\":2,\"name\":\"Kalibrierservice\"}]},{\"@type\":\"WebSite\",\"@id\":\"https:\\\/\\\/www.sensortherm.de\\\/de\\\/#website\",\"url\":\"https:\\\/\\\/www.sensortherm.de\\\/de\\\/\",\"name\":\"Sensortherm\",\"description\":\"Schnelle Infrarotmessger\u00e4te zur ber\u00fchrungslosen Temperaturmessung\",\"publisher\":{\"@id\":\"https:\\\/\\\/www.sensortherm.de\\\/de\\\/#organization\"},\"potentialAction\":[{\"@type\":\"SearchAction\",\"target\":{\"@type\":\"EntryPoint\",\"urlTemplate\":\"https:\\\/\\\/www.sensortherm.de\\\/de\\\/?s={search_term_string}\"},\"query-input\":{\"@type\":\"PropertyValueSpecification\",\"valueRequired\":true,\"valueName\":\"search_term_string\"}}],\"inLanguage\":\"en-US\"},{\"@type\":\"Organization\",\"@id\":\"https:\\\/\\\/www.sensortherm.de\\\/de\\\/#organization\",\"name\":\"Sensortherm GmbH\",\"url\":\"https:\\\/\\\/www.sensortherm.de\\\/de\\\/\",\"logo\":{\"@type\":\"ImageObject\",\"inLanguage\":\"en-US\",\"@id\":\"https:\\\/\\\/www.sensortherm.de\\\/de\\\/#\\\/schema\\\/logo\\\/image\\\/\",\"url\":\"https:\\\/\\\/www.sensortherm.de\\\/wp-content\\\/uploads\\\/2021\\\/10\\\/Logo_Sensortherm_header_transparent.webp\",\"contentUrl\":\"https:\\\/\\\/www.sensortherm.de\\\/wp-content\\\/uploads\\\/2021\\\/10\\\/Logo_Sensortherm_header_transparent.webp\",\"width\":182,\"height\":69,\"caption\":\"Sensortherm GmbH\"},\"image\":{\"@id\":\"https:\\\/\\\/www.sensortherm.de\\\/de\\\/#\\\/schema\\\/logo\\\/image\\\/\"},\"sameAs\":[\"https:\\\/\\\/de.linkedin.com\\\/company\\\/sensortherm-gmbh\"]}]}<\/script>\n<!-- \/ Yoast SEO plugin. -->","yoast_head_json":{"title":"Kalibrierservice - Sensortherm","description":"Calibration and, if necessary, adjustment of pyrometers including works certificate or with IEC 17025 certificate","robots":{"index":"index","follow":"follow","max-snippet":"max-snippet:-1","max-image-preview":"max-image-preview:large","max-video-preview":"max-video-preview:-1"},"canonical":"https:\/\/www.sensortherm.de\/en\/calibration-service\/","og_locale":"en_US","og_type":"article","og_title":"Kalibrierservice - Sensortherm","og_description":"Kalibrieren und bei Notwendigkeit Justieren von Pyrometern inklusive Werkszertifikat oder mit IEC 17025-Zertifikat","og_url":"https:\/\/www.sensortherm.de\/en\/calibration-service\/","og_site_name":"Sensortherm","article_modified_time":"2025-06-27T11:35:08+00:00","twitter_card":"summary_large_image","twitter_misc":{"Est. reading time":"2 minutes"},"schema":{"@context":"https:\/\/schema.org","@graph":[{"@type":"WebPage","@id":"https:\/\/www.sensortherm.de\/de\/kalibrierservice\/","url":"https:\/\/www.sensortherm.de\/de\/kalibrierservice\/","name":"Kalibrierservice - Sensortherm","isPartOf":{"@id":"https:\/\/www.sensortherm.de\/de\/#website"},"datePublished":"2020-12-18T13:49:13+00:00","dateModified":"2025-06-27T11:35:08+00:00","description":"Calibration and, if necessary, adjustment of pyrometers including works certificate or with IEC 17025 certificate","breadcrumb":{"@id":"https:\/\/www.sensortherm.de\/de\/kalibrierservice\/#breadcrumb"},"inLanguage":"en-US","potentialAction":[{"@type":"ReadAction","target":["https:\/\/www.sensortherm.de\/de\/kalibrierservice\/"]}]},{"@type":"BreadcrumbList","@id":"https:\/\/www.sensortherm.de\/de\/kalibrierservice\/#breadcrumb","itemListElement":[{"@type":"ListItem","position":1,"name":"Home","item":"https:\/\/www.sensortherm.de\/en\/"},{"@type":"ListItem","position":2,"name":"Kalibrierservice"}]},{"@type":"WebSite","@id":"https:\/\/www.sensortherm.de\/de\/#website","url":"https:\/\/www.sensortherm.de\/de\/","name":"Sensortherm","description":"Schnelle Infrarotmessger\u00e4te zur ber\u00fchrungslosen Temperaturmessung","publisher":{"@id":"https:\/\/www.sensortherm.de\/de\/#organization"},"potentialAction":[{"@type":"SearchAction","target":{"@type":"EntryPoint","urlTemplate":"https:\/\/www.sensortherm.de\/de\/?s={search_term_string}"},"query-input":{"@type":"PropertyValueSpecification","valueRequired":true,"valueName":"search_term_string"}}],"inLanguage":"en-US"},{"@type":"Organization","@id":"https:\/\/www.sensortherm.de\/de\/#organization","name":"Sensortherm GmbH","url":"https:\/\/www.sensortherm.de\/de\/","logo":{"@type":"ImageObject","inLanguage":"en-US","@id":"https:\/\/www.sensortherm.de\/de\/#\/schema\/logo\/image\/","url":"https:\/\/www.sensortherm.de\/wp-content\/uploads\/2021\/10\/Logo_Sensortherm_header_transparent.webp","contentUrl":"https:\/\/www.sensortherm.de\/wp-content\/uploads\/2021\/10\/Logo_Sensortherm_header_transparent.webp","width":182,"height":69,"caption":"Sensortherm GmbH"},"image":{"@id":"https:\/\/www.sensortherm.de\/de\/#\/schema\/logo\/image\/"},"sameAs":["https:\/\/de.linkedin.com\/company\/sensortherm-gmbh"]}]}},"_links":{"self":[{"href":"https:\/\/www.sensortherm.de\/en\/wp-json\/wp\/v2\/pages\/4351","targetHints":{"allow":["GET"]}}],"collection":[{"href":"https:\/\/www.sensortherm.de\/en\/wp-json\/wp\/v2\/pages"}],"about":[{"href":"https:\/\/www.sensortherm.de\/en\/wp-json\/wp\/v2\/types\/page"}],"author":[{"embeddable":true,"href":"https:\/\/www.sensortherm.de\/en\/wp-json\/wp\/v2\/users\/1"}],"replies":[{"embeddable":true,"href":"https:\/\/www.sensortherm.de\/en\/wp-json\/wp\/v2\/comments?post=4351"}],"version-history":[{"count":1,"href":"https:\/\/www.sensortherm.de\/en\/wp-json\/wp\/v2\/pages\/4351\/revisions"}],"predecessor-version":[{"id":12775,"href":"https:\/\/www.sensortherm.de\/en\/wp-json\/wp\/v2\/pages\/4351\/revisions\/12775"}],"wp:attachment":[{"href":"https:\/\/www.sensortherm.de\/en\/wp-json\/wp\/v2\/media?parent=4351"}],"curies":[{"name":"wp","href":"https:\/\/api.w.org\/{rel}","templated":true}]}}