{"id":3184,"date":"2020-11-30T08:16:19","date_gmt":"2020-11-30T08:16:19","guid":{"rendered":"https:\/\/www.sensortherm.de\/?page_id=3184"},"modified":"2025-06-27T11:26:44","modified_gmt":"2025-06-27T11:26:44","slug":"pc-software","status":"publish","type":"page","link":"https:\/\/www.sensortherm.de\/en\/pc-software\/","title":{"rendered":"PC Software"},"content":{"rendered":"<p>[et_pb_section fb_built=&#8220;1&#8243; _builder_version=&#8220;4.16&#8243; _module_preset=&#8220;default&#8220; background_color=&#8220;#F3F4F4&#8243; locked=&#8220;off&#8220; global_colors_info=&#8220;{}&#8220;][et_pb_row _builder_version=&#8220;4.16&#8243; _module_preset=&#8220;default&#8220; width=&#8220;100%&#8220; global_colors_info=&#8220;{}&#8220;][et_pb_column type=&#8220;4_4&#8243; _builder_version=&#8220;4.16&#8243; _module_preset=&#8220;default&#8220; global_colors_info=&#8220;{}&#8220;][et_pb_image src=&#8220;https:\/\/www.sensortherm.de\/wp-content\/uploads\/2021\/10\/headerbild_software.webp&#8220; alt=&#8220;Monitorausschnitt mit Softwarescreenshot&#8220; title_text=&#8220;headerbild_software&#8220; admin_label=&#8220;Header image&#8220; _builder_version=&#8220;4.16&#8243; _module_preset=&#8220;default&#8220; global_colors_info=&#8220;{}&#8220;][\/et_pb_image][\/et_pb_column][\/et_pb_row][\/et_pb_section][et_pb_section fb_built=&#8220;1&#8243; _builder_version=&#8220;4.16&#8243; _module_preset=&#8220;default&#8220; background_enable_color=&#8220;off&#8220; custom_padding=&#8220;||2vw||false|false&#8220; global_colors_info=&#8220;{}&#8220;][et_pb_row _builder_version=&#8220;4.16&#8243; _module_preset=&#8220;default&#8220; width=&#8220;100%&#8220; width_tablet=&#8220;96%&#8220; width_phone=&#8220;98%&#8220; width_last_edited=&#8220;on|phone&#8220; custom_padding=&#8220;||||false|false&#8220; global_colors_info=&#8220;{}&#8220;][et_pb_column type=&#8220;4_4&#8243; _builder_version=&#8220;4.16&#8243; _module_preset=&#8220;default&#8220; global_colors_info=&#8220;{}&#8220;][et_pb_text _builder_version=&#8220;4.16&#8243; _module_preset=&#8220;default&#8220; background_enable_color=&#8220;off&#8220; vertical_offset=&#8220;1vw&#8220; horizontal_offset=&#8220;1vw&#8220; width=&#8220;100%&#8220; custom_margin=&#8220;1vw||1vw||true|false&#8220; custom_padding=&#8220;8px|1vw||1vw|false|true&#8220; header_font_size_tablet=&#8220;&#8220; header_font_size_phone=&#8220;18px&#8220; header_font_size_last_edited=&#8220;on|phone&#8220; custom_css_main_element=&#8220;width: max-content;&#8220; border_width_top=&#8220;5px&#8220; border_color_top=&#8220;#0B3172&#8243; border_width_left=&#8220;5px&#8220; border_color_left=&#8220;#0B3172&#8243; locked=&#8220;off&#8220; global_colors_info=&#8220;{}&#8220;]<\/p>\n<h1>PC Software<\/h1>\n<p>[\/et_pb_text][et_pb_text _builder_version=&#8220;4.16&#8243; _module_preset=&#8220;default&#8220; custom_margin=&#8220;||1vw||false|false&#8220; global_colors_info=&#8220;{}&#8220;]<\/p>\n<p>For communication with pyrometers, scanners, controllers, displays and calibration sources, we provide specially tailored software that extends the functionality of the devices and helps to solve the challenges of special measurement tasks.<\/p>\n<p>All programs are continuously updated and can be permanently downloaded free of charge for customers.<\/p>\n<p>[\/et_pb_text][\/et_pb_column][\/et_pb_row][et_pb_row use_custom_gutter=&#8220;on&#8220; gutter_width=&#8220;2&#8243; make_equal=&#8220;on&#8220; module_class=&#8220;custom_row&#8220; _builder_version=&#8220;4.16&#8243; _module_preset=&#8220;default&#8220; background_color=&#8220;#F3F4F4&#8243; width=&#8220;100%&#8220; width_tablet=&#8220;96%&#8220; width_phone=&#8220;98%&#8220; width_last_edited=&#8220;on|tablet&#8220; custom_margin=&#8220;||1vw||false|false&#8220; custom_padding=&#8220;1vw|1vw||1vw|false|true&#8220; global_colors_info=&#8220;{}&#8220;][et_pb_column type=&#8220;4_4&#8243; module_class=&#8220;second-on-mobile&#8220; _builder_version=&#8220;4.16&#8243; _module_preset=&#8220;default&#8220; global_colors_info=&#8220;{}&#8220;][et_pb_image src=&#8220;https:\/\/www.sensortherm.de\/wp-content\/uploads\/2021\/11\/SensorTools-Screenshot_Geraete.webp&#8220; alt=&#8220;SensorTools-Screenshot mit Bildern der unterst\u00fctzten Ger\u00e4te&#8220; title_text=&#8220;SensorTools-Screenshot_Geraete&#8220; _builder_version=&#8220;4.16&#8243; _module_preset=&#8220;default&#8220; background_enable_color=&#8220;off&#8220; custom_padding=&#8220;5px|5px||5px|false|true&#8220; custom_css_main_element=&#8220;float: right;&#8220; global_colors_info=&#8220;{}&#8220;][\/et_pb_image][et_pb_text module_id=&#8220;sensortools&#8220; _builder_version=&#8220;4.16&#8243; _module_preset=&#8220;default&#8220; global_colors_info=&#8220;{}&#8220;]<\/p>\n<h2><strong><em>SensorTools<\/em><\/strong><\/h2>\n<p><strong>Included in the scope of delivery of all pyrometers, scanners, controllers, displays and calibration sources:<\/strong> <em><\/em><strong><em><\/em><\/strong>very extensive adjustment, communication and analysis software.<\/p>\n<p><strong>Datasheet<\/strong> <a href=\"https:\/\/www.sensortherm.de\/userfiles\/file\/datenblaetter\/de\/Sensortherm-Datenblatt_SensorTools-Software.pdf\" target=\"_blank\" rel=\"noreferrer noopener\" aria-label=\"SensorTools (opens in a new tab)\"><img decoding=\"async\" loading=\"lazy\" src=\"https:\/\/www.sensortherm.de\/wp-content\/uploads\/2020\/08\/pdf-Icon.png\" alt=\"pdf-Icon\" class=\"wp-image-2092 alignnone size-full\" width=\"25\" height=\"24\" \/> <strong>SensorTools<\/strong><\/a><\/p>\n<p>[\/et_pb_text][et_pb_text _builder_version=&#8220;4.16&#8243; _module_preset=&#8220;default&#8220; custom_margin=&#8220;||||false|false&#8220; custom_padding=&#8220;||1vw||false|false&#8220; global_colors_info=&#8220;{}&#8220;]<\/p>\n<p class=\"translation-block\">You can find the <strong>software download<\/strong> <a href=\"https:\/\/www.sensortherm.de\/en\/downloads#anleitungen_firmware\" target=\"_self\">here on the download page<\/a>. You have to enter the model and serial number for this.<\/p>\n<p>[\/et_pb_text][\/et_pb_column][\/et_pb_row][et_pb_row _builder_version=&#8220;4.16&#8243; _module_preset=&#8220;default&#8220; width=&#8220;100%&#8220; width_tablet=&#8220;96%&#8220; width_phone=&#8220;98%&#8220; width_last_edited=&#8220;on|phone&#8220; global_colors_info=&#8220;{}&#8220;][et_pb_column type=&#8220;4_4&#8243; _builder_version=&#8220;4.16&#8243; _module_preset=&#8220;default&#8220; global_colors_info=&#8220;{}&#8220;][et_pb_text module_id=&#8220;sensortools&#8220; _builder_version=&#8220;4.16&#8243; _module_preset=&#8220;default&#8220; global_colors_info=&#8220;{}&#8220;]<\/p>\n<ul>\n<li>Perform all measurement and device settings, assign inputs \/ outputs, activate targeting light, configure the camera or set the focus distance for motorized focus optics.<\/li>\n<li>Display measuring temperatures numerically and graphically, from up to 4 devices simultaneously.<\/li>\n<li>Record measurement curves, including measurement parameters and recording time.<\/li>\n<li class=\"translation-block\">Use special recording settings: start and stop recording externally via pyrometer\u2019s digital input or retrospectively or extended from buffered data records. Recording intervals from 50 \u00b5s for pyrometers with 921.6 kBd, e.g. for <a href=\"https:\/\/divi.sensortherm.de\/en\/highspeedpyrometers\/\" target=\"_self\">high-speed pyrometers<\/a>.<\/li>\n<li>Save pyrometer settings, print them, transfer them to other devices or export them to csv files.<\/li>\n<li>Perform single-point pyrometer adjustment to adapt to a typical measurement temperature, e.g. for automatic compensation of optical losses when measuring through windows or lenses with an unknown transmittance.<\/li>\n<\/ul>\n<ul>\n<li><img loading=\"lazy\" decoding=\"async\" src=\"https:\/\/www.sensortherm.de\/wp-content\/uploads\/2021\/10\/PID-Icon.png\" alt=\"\" class=\"wp-image-9954 alignright size-full\" width=\"48\" height=\"48\" srcset=\"https:\/\/www.sensortherm.de\/wp-content\/uploads\/2021\/10\/PID-Icon.png 48w, https:\/\/www.sensortherm.de\/wp-content\/uploads\/2021\/10\/PID-Icon-12x12.png 12w\" sizes=\"(max-width: 48px) 100vw, 48px\" \/>METIS 3 pyrometers with an integrated PID controller simultaneously display the setpoint and actual value and thus enable quick detection whether the control parameters are still causing temperature fluctuations.<\/li>\n<li class=\"translation-block\">With the pyrometer-optimized <a href=\"https:\/\/divi.sensortherm.de\/en\/system-components\/#regulus\" data-et-has-event-already=\"true\" target=\"_self\">PID program controllers REGULUS<\/a>, complex control processes are programmed in several steps. The graphic display then shows all programmed setpoints on the time axis, so that the planned control process can be checked visually for each step.<\/li>\n<li>Both control pyrometers and program controllers offer the possibility of automatic PI control parameter determination, so that thereafter only optimizations are necessary.<\/li>\n<li class=\"translation-block\">If <a href=\"https:\/\/divi.sensortherm.de\/en\/calibration-sources-transfer-standard-pyrometers\/\" target=\"_self\">calibration sources<\/a> are connected to <em>SensorTools<\/em>, the setpoint can be entered, the actual value can be read and the measured temperature of a connected pyrometer can be read out.<\/li>\n<\/ul>\n<p>[\/et_pb_text][\/et_pb_column][\/et_pb_row][et_pb_row admin_label=&#8220;Zeile&#8220; _builder_version=&#8220;4.16&#8243; _module_preset=&#8220;default&#8220; width=&#8220;100%&#8220; width_tablet=&#8220;96%&#8220; width_phone=&#8220;&#8220; width_last_edited=&#8220;on|tablet&#8220; global_colors_info=&#8220;{}&#8220;][et_pb_column type=&#8220;4_4&#8243; _builder_version=&#8220;4.16&#8243; _module_preset=&#8220;default&#8220; global_colors_info=&#8220;{}&#8220;][et_pb_image src=&#8220;https:\/\/www.sensortherm.de\/wp-content\/uploads\/2021\/11\/Software_SensorTools-Viewer.webp&#8220; alt=&#8220;Screenshot der SensorTools-Viewer-Software&#8220; title_text=&#8220;Software_SensorTools-Viewer&#8220; admin_label=&#8220;Image SensorTools-Viewer&#8220; _builder_version=&#8220;4.16&#8243; _module_preset=&#8220;default&#8220; custom_css_main_element=&#8220;float: right;&#8220; global_colors_info=&#8220;{}&#8220;][\/et_pb_image][et_pb_text admin_label=&#8220;Text SensorTools-Viewer&#8220; module_id=&#8220;sensortools&#8220; _builder_version=&#8220;4.16&#8243; _module_preset=&#8220;default&#8220; custom_margin=&#8220;||1vw||false|false&#8220; global_colors_info=&#8220;{}&#8220;]<\/p>\n<h2 class=\"translation-block\"><strong><em>SensorTools<\/em> Viewer<\/strong><\/h2>\n<p class=\"translation-block\">In the program package with <em>SensorTools<\/em> for displaying recorded measurement data.<\/p>\n<ul>\n<li>Display, analyze and compare up to 4 measurement data files at the same time.<\/li>\n<li>Duplicate measurement data, select, save, export.<\/li>\n<li>Save current view of individual or all graphs.<\/li>\n<li>Show measurement data details from the position of the mouse cursor.<\/li>\n<li>Display device model, measurement parameters and date \/ time of recording.<\/li>\n<\/ul>\n<p>[\/et_pb_text][\/et_pb_column][\/et_pb_row][et_pb_row _builder_version=&#8220;4.16&#8243; _module_preset=&#8220;default&#8220; background_color=&#8220;#F3F4F4&#8243; width=&#8220;100%&#8220; width_tablet=&#8220;96%&#8220; width_phone=&#8220;98%&#8220; width_last_edited=&#8220;on|phone&#8220; custom_margin=&#8220;||1vw||false|false&#8220; custom_padding=&#8220;1vw|1vw|3px|1vw|false|true&#8220; global_colors_info=&#8220;{}&#8220;][et_pb_column type=&#8220;4_4&#8243; _builder_version=&#8220;4.16&#8243; _module_preset=&#8220;default&#8220; global_colors_info=&#8220;{}&#8220;][et_pb_image src=&#8220;https:\/\/www.sensortherm.de\/wp-content\/uploads\/2021\/11\/SensorCal3-Screenshot_unterstuetzte-Kalibrierstrahler.webp&#8220; alt=&#8220;Screenshot der SensorCal3-Software mit unterst\u00fctzten Kalibrierstrahlern&#8220; title_text=&#8220;SensorCal3-Screenshot_unterstuetzte-Kalibrierstrahler&#8220; admin_label=&#8220;SensorCal3 image&#8220; _builder_version=&#8220;4.16&#8243; _module_preset=&#8220;default&#8220; custom_margin=&#8220;|||5px|false|false&#8220; custom_css_main_element=&#8220;float: right;&#8220; global_colors_info=&#8220;{}&#8220;][\/et_pb_image][et_pb_text admin_label=&#8220;Text SensorCal3&#8243; module_id=&#8220;sensorcal3&#8243; _builder_version=&#8220;4.27.4&#8243; _module_preset=&#8220;default&#8220; custom_padding=&#8220;||1vw||false|false&#8220; hover_enabled=&#8220;0&#8243; global_colors_info=&#8220;{}&#8220; sticky_enabled=&#8220;0&#8243;]<\/p>\n<h2 id=\"sensorcal3-software\"><strong><em>SensorCal3<\/em><\/strong><\/h2>\n<p><strong>Included in delivery of all calibration sources:<\/strong> Software for accuracy checking and readjustment of <a href=\"https:\/\/www.sensortherm.de\/en\/calibration-sources-transfer-standard-pyrometers\/\">calibration sources<\/a>.<br \/><strong>Datasheet<\/strong>\u00a0<a rel=\"noopener noreferrer\" aria-label=\"\ufffc SensorCal3 (\u00f6ffnet in neuem Tab)\" href=\"https:\/\/www.sensortherm.de\/userfiles\/file\/datenblaetter\/en\/Sensortherm-Datasheet_CS500N_CS1500N_SensorCal3-software.pdf\" target=\"_blank\"><img loading=\"lazy\" decoding=\"async\" src=\"https:\/\/www.sensortherm.de\/wp-content\/uploads\/2020\/08\/pdf-Icon.png\" alt=\"pdf-Icon\" class=\"wp-image-2092 alignnone size-full\" width=\"25\" height=\"24\" \/> <strong><em>SensorCal3<\/em><\/strong><\/a><em> <\/em>+ CS1500<\/p>\n<p class=\"translation-block\">You can find the <strong>software download<\/strong> <a href=\"https:\/\/www.sensortherm.de\/en\/downloads#anleitungen_firmware\" target=\"_self\">here on the download page<\/a>. You have to enter the model and serial number for this.<\/p>\n<p>[\/et_pb_text][\/et_pb_column][\/et_pb_row][et_pb_row _builder_version=&#8220;4.16&#8243; _module_preset=&#8220;default&#8220; width=&#8220;100%&#8220; width_tablet=&#8220;96%&#8220; width_phone=&#8220;98%&#8220; width_last_edited=&#8220;on|tablet&#8220; global_colors_info=&#8220;{}&#8220;][et_pb_column type=&#8220;4_4&#8243; _builder_version=&#8220;4.16&#8243; _module_preset=&#8220;default&#8220; global_colors_info=&#8220;{}&#8220;][et_pb_text admin_label=&#8220;Text SensorCal3&#8243; module_id=&#8220;sensorcal3&#8243; _builder_version=&#8220;4.27.4&#8243; _module_preset=&#8220;default&#8220; custom_padding=&#8220;||||false|false&#8220; hover_enabled=&#8220;0&#8243; global_colors_info=&#8220;{}&#8220; sticky_enabled=&#8220;0&#8243;]<\/p>\n<ul>\n<li>The calibration source <a href=\"https:\/\/www.sensortherm.de\/en\/product\/calibration-source-cs1500\/\">CS1500N<\/a> or the previous model CS1500 can be readjusted pyrometrically fully automatically using a <a href=\"https:\/\/www.sensortherm.de\/en\/product\/diadem-di16-transfer-standard-pyrometer\/\">DIADEM<\/a>Transfer Standard Pyrometer<\/li>\n<li><strong>Additionally expandable for accuracy testing and readjustment of pyrometers:<\/strong> The pyrometer series METIS M3 and old models MS \/ MI \/ MB \/ MP can be checked on the  CS1500N automatically or by taking over the temperature values of any calibration source, thermocouple or reference pyrometer and readjusted if necessary.<\/li>\n<\/ul>\n<p>[\/et_pb_text][\/et_pb_column][\/et_pb_row][\/et_pb_section]<\/p>","protected":false},"excerpt":{"rendered":"<p>PC-SoftwareZur Kommunikation mit Pyrometern, Scannern, Reglern, Anzeigen und Kalibrierstrahlern stellen wir speziell abgestimmte Software zur Verf\u00fcgung, die den Funktionsumfang der Ger\u00e4te erweitert und hilft, auch Herausforderungen spezieller Messaufgaben zu l\u00f6sen. Alle Programme werden kontinuierlich aktualisiert und k\u00f6nnen f\u00fcr Kunden dauerhaft kostenlos heruntergeladen werden.SensorTools im Lieferumfang aller Pyrometer, Scanner, Regler, Anzeigen und Kalibrierstrahler: sehr umfangreiche Einstell-, [&hellip;]<\/p>","protected":false},"author":1,"featured_media":0,"parent":0,"menu_order":60,"comment_status":"closed","ping_status":"closed","template":"","meta":{"_et_pb_use_builder":"on","_et_pb_old_content":"","_et_gb_content_width":"","footnotes":""},"class_list":["post-3184","page","type-page","status-publish","hentry"],"yoast_head":"<!-- This site is optimized with the Yoast SEO plugin v27.3 - https:\/\/yoast.com\/product\/yoast-seo-wordpress\/ -->\n<title>PC-Software - Sensortherm<\/title>\n<meta name=\"description\" content=\"\u00dcbersicht \u00fcber die Software SensorTools, die allen Ger\u00e4ten beigelegt wird sowie SensorCal3 zur Kalibrierstrahlernachjustierung\" \/>\n<meta name=\"robots\" content=\"index, follow, max-snippet:-1, max-image-preview:large, max-video-preview:-1\" \/>\n<link rel=\"canonical\" href=\"https:\/\/www.sensortherm.de\/en\/pc-software\/\" \/>\n<meta property=\"og:locale\" content=\"en_US\" \/>\n<meta property=\"og:type\" content=\"article\" \/>\n<meta property=\"og:title\" content=\"PC-Software - Sensortherm\" \/>\n<meta property=\"og:description\" content=\"\u00dcbersicht \u00fcber die Software SensorTools, die allen Ger\u00e4ten beigelegt wird sowie SensorCal3 zur Kalibrierstrahlernachjustierung\" \/>\n<meta property=\"og:url\" content=\"https:\/\/www.sensortherm.de\/en\/pc-software\/\" \/>\n<meta property=\"og:site_name\" content=\"Sensortherm\" \/>\n<meta property=\"article:modified_time\" content=\"2025-06-27T11:26:44+00:00\" \/>\n<meta property=\"og:image\" content=\"https:\/\/www.sensortherm.de\/wp-content\/uploads\/2020\/08\/pdf-Icon.png\" \/>\n<meta name=\"twitter:card\" content=\"summary_large_image\" \/>\n<meta name=\"twitter:label1\" content=\"Est. reading time\" \/>\n\t<meta name=\"twitter:data1\" content=\"5 minutes\" \/>\n<script type=\"application\/ld+json\" class=\"yoast-schema-graph\">{\"@context\":\"https:\\\/\\\/schema.org\",\"@graph\":[{\"@type\":\"WebPage\",\"@id\":\"https:\\\/\\\/www.sensortherm.de\\\/en\\\/pc-software\\\/\",\"url\":\"https:\\\/\\\/www.sensortherm.de\\\/en\\\/pc-software\\\/\",\"name\":\"PC-Software - Sensortherm\",\"isPartOf\":{\"@id\":\"https:\\\/\\\/www.sensortherm.de\\\/de\\\/#website\"},\"primaryImageOfPage\":{\"@id\":\"https:\\\/\\\/www.sensortherm.de\\\/en\\\/pc-software\\\/#primaryimage\"},\"image\":{\"@id\":\"https:\\\/\\\/www.sensortherm.de\\\/en\\\/pc-software\\\/#primaryimage\"},\"thumbnailUrl\":\"https:\\\/\\\/www.sensortherm.de\\\/wp-content\\\/uploads\\\/2020\\\/08\\\/pdf-Icon.png\",\"datePublished\":\"2020-11-30T08:16:19+00:00\",\"dateModified\":\"2025-06-27T11:26:44+00:00\",\"description\":\"\u00dcbersicht \u00fcber die Software SensorTools, die allen Ger\u00e4ten beigelegt wird sowie SensorCal3 zur Kalibrierstrahlernachjustierung\",\"breadcrumb\":{\"@id\":\"https:\\\/\\\/www.sensortherm.de\\\/en\\\/pc-software\\\/#breadcrumb\"},\"inLanguage\":\"en-US\",\"potentialAction\":[{\"@type\":\"ReadAction\",\"target\":[\"https:\\\/\\\/www.sensortherm.de\\\/en\\\/pc-software\\\/\"]}]},{\"@type\":\"ImageObject\",\"inLanguage\":\"en-US\",\"@id\":\"https:\\\/\\\/www.sensortherm.de\\\/en\\\/pc-software\\\/#primaryimage\",\"url\":\"https:\\\/\\\/www.sensortherm.de\\\/wp-content\\\/uploads\\\/2020\\\/08\\\/pdf-Icon.png\",\"contentUrl\":\"https:\\\/\\\/www.sensortherm.de\\\/wp-content\\\/uploads\\\/2020\\\/08\\\/pdf-Icon.png\"},{\"@type\":\"BreadcrumbList\",\"@id\":\"https:\\\/\\\/www.sensortherm.de\\\/en\\\/pc-software\\\/#breadcrumb\",\"itemListElement\":[{\"@type\":\"ListItem\",\"position\":1,\"name\":\"Home\",\"item\":\"https:\\\/\\\/www.sensortherm.de\\\/en\\\/\"},{\"@type\":\"ListItem\",\"position\":2,\"name\":\"PC-Software\"}]},{\"@type\":\"WebSite\",\"@id\":\"https:\\\/\\\/www.sensortherm.de\\\/de\\\/#website\",\"url\":\"https:\\\/\\\/www.sensortherm.de\\\/de\\\/\",\"name\":\"Sensortherm\",\"description\":\"Schnelle Infrarotmessger\u00e4te zur ber\u00fchrungslosen Temperaturmessung\",\"publisher\":{\"@id\":\"https:\\\/\\\/www.sensortherm.de\\\/de\\\/#organization\"},\"potentialAction\":[{\"@type\":\"SearchAction\",\"target\":{\"@type\":\"EntryPoint\",\"urlTemplate\":\"https:\\\/\\\/www.sensortherm.de\\\/de\\\/?s={search_term_string}\"},\"query-input\":{\"@type\":\"PropertyValueSpecification\",\"valueRequired\":true,\"valueName\":\"search_term_string\"}}],\"inLanguage\":\"en-US\"},{\"@type\":\"Organization\",\"@id\":\"https:\\\/\\\/www.sensortherm.de\\\/de\\\/#organization\",\"name\":\"Sensortherm GmbH\",\"url\":\"https:\\\/\\\/www.sensortherm.de\\\/de\\\/\",\"logo\":{\"@type\":\"ImageObject\",\"inLanguage\":\"en-US\",\"@id\":\"https:\\\/\\\/www.sensortherm.de\\\/de\\\/#\\\/schema\\\/logo\\\/image\\\/\",\"url\":\"https:\\\/\\\/www.sensortherm.de\\\/wp-content\\\/uploads\\\/2021\\\/10\\\/Logo_Sensortherm_header_transparent.webp\",\"contentUrl\":\"https:\\\/\\\/www.sensortherm.de\\\/wp-content\\\/uploads\\\/2021\\\/10\\\/Logo_Sensortherm_header_transparent.webp\",\"width\":182,\"height\":69,\"caption\":\"Sensortherm GmbH\"},\"image\":{\"@id\":\"https:\\\/\\\/www.sensortherm.de\\\/de\\\/#\\\/schema\\\/logo\\\/image\\\/\"},\"sameAs\":[\"https:\\\/\\\/de.linkedin.com\\\/company\\\/sensortherm-gmbh\"]}]}<\/script>\n<!-- \/ Yoast SEO plugin. -->","yoast_head_json":{"title":"PC-Software - Sensortherm","description":"Overview of the SensorTools software, which is enclosed with all devices, as well as SensorCal3 for readjusting the calibration source","robots":{"index":"index","follow":"follow","max-snippet":"max-snippet:-1","max-image-preview":"max-image-preview:large","max-video-preview":"max-video-preview:-1"},"canonical":"https:\/\/www.sensortherm.de\/en\/pc-software\/","og_locale":"en_US","og_type":"article","og_title":"PC-Software - Sensortherm","og_description":"\u00dcbersicht \u00fcber die Software SensorTools, die allen Ger\u00e4ten beigelegt wird sowie SensorCal3 zur Kalibrierstrahlernachjustierung","og_url":"https:\/\/www.sensortherm.de\/en\/pc-software\/","og_site_name":"Sensortherm","article_modified_time":"2025-06-27T11:26:44+00:00","og_image":[{"url":"https:\/\/www.sensortherm.de\/wp-content\/uploads\/2020\/08\/pdf-Icon.png","type":"","width":"","height":""}],"twitter_card":"summary_large_image","twitter_misc":{"Est. reading time":"5 minutes"},"schema":{"@context":"https:\/\/schema.org","@graph":[{"@type":"WebPage","@id":"https:\/\/www.sensortherm.de\/en\/pc-software\/","url":"https:\/\/www.sensortherm.de\/en\/pc-software\/","name":"PC-Software - Sensortherm","isPartOf":{"@id":"https:\/\/www.sensortherm.de\/de\/#website"},"primaryImageOfPage":{"@id":"https:\/\/www.sensortherm.de\/en\/pc-software\/#primaryimage"},"image":{"@id":"https:\/\/www.sensortherm.de\/en\/pc-software\/#primaryimage"},"thumbnailUrl":"https:\/\/www.sensortherm.de\/wp-content\/uploads\/2020\/08\/pdf-Icon.png","datePublished":"2020-11-30T08:16:19+00:00","dateModified":"2025-06-27T11:26:44+00:00","description":"Overview of the SensorTools software, which is enclosed with all devices, as well as SensorCal3 for readjusting the calibration source","breadcrumb":{"@id":"https:\/\/www.sensortherm.de\/en\/pc-software\/#breadcrumb"},"inLanguage":"en-US","potentialAction":[{"@type":"ReadAction","target":["https:\/\/www.sensortherm.de\/en\/pc-software\/"]}]},{"@type":"ImageObject","inLanguage":"en-US","@id":"https:\/\/www.sensortherm.de\/en\/pc-software\/#primaryimage","url":"https:\/\/www.sensortherm.de\/wp-content\/uploads\/2020\/08\/pdf-Icon.png","contentUrl":"https:\/\/www.sensortherm.de\/wp-content\/uploads\/2020\/08\/pdf-Icon.png"},{"@type":"BreadcrumbList","@id":"https:\/\/www.sensortherm.de\/en\/pc-software\/#breadcrumb","itemListElement":[{"@type":"ListItem","position":1,"name":"Home","item":"https:\/\/www.sensortherm.de\/en\/"},{"@type":"ListItem","position":2,"name":"PC-Software"}]},{"@type":"WebSite","@id":"https:\/\/www.sensortherm.de\/de\/#website","url":"https:\/\/www.sensortherm.de\/de\/","name":"Sensortherm","description":"Schnelle Infrarotmessger\u00e4te zur ber\u00fchrungslosen Temperaturmessung","publisher":{"@id":"https:\/\/www.sensortherm.de\/de\/#organization"},"potentialAction":[{"@type":"SearchAction","target":{"@type":"EntryPoint","urlTemplate":"https:\/\/www.sensortherm.de\/de\/?s={search_term_string}"},"query-input":{"@type":"PropertyValueSpecification","valueRequired":true,"valueName":"search_term_string"}}],"inLanguage":"en-US"},{"@type":"Organization","@id":"https:\/\/www.sensortherm.de\/de\/#organization","name":"Sensortherm GmbH","url":"https:\/\/www.sensortherm.de\/de\/","logo":{"@type":"ImageObject","inLanguage":"en-US","@id":"https:\/\/www.sensortherm.de\/de\/#\/schema\/logo\/image\/","url":"https:\/\/www.sensortherm.de\/wp-content\/uploads\/2021\/10\/Logo_Sensortherm_header_transparent.webp","contentUrl":"https:\/\/www.sensortherm.de\/wp-content\/uploads\/2021\/10\/Logo_Sensortherm_header_transparent.webp","width":182,"height":69,"caption":"Sensortherm GmbH"},"image":{"@id":"https:\/\/www.sensortherm.de\/de\/#\/schema\/logo\/image\/"},"sameAs":["https:\/\/de.linkedin.com\/company\/sensortherm-gmbh"]}]}},"_links":{"self":[{"href":"https:\/\/www.sensortherm.de\/en\/wp-json\/wp\/v2\/pages\/3184","targetHints":{"allow":["GET"]}}],"collection":[{"href":"https:\/\/www.sensortherm.de\/en\/wp-json\/wp\/v2\/pages"}],"about":[{"href":"https:\/\/www.sensortherm.de\/en\/wp-json\/wp\/v2\/types\/page"}],"author":[{"embeddable":true,"href":"https:\/\/www.sensortherm.de\/en\/wp-json\/wp\/v2\/users\/1"}],"replies":[{"embeddable":true,"href":"https:\/\/www.sensortherm.de\/en\/wp-json\/wp\/v2\/comments?post=3184"}],"version-history":[{"count":1,"href":"https:\/\/www.sensortherm.de\/en\/wp-json\/wp\/v2\/pages\/3184\/revisions"}],"predecessor-version":[{"id":12773,"href":"https:\/\/www.sensortherm.de\/en\/wp-json\/wp\/v2\/pages\/3184\/revisions\/12773"}],"wp:attachment":[{"href":"https:\/\/www.sensortherm.de\/en\/wp-json\/wp\/v2\/media?parent=3184"}],"curies":[{"name":"wp","href":"https:\/\/api.w.org\/{rel}","templated":true}]}}