{"id":12687,"date":"2025-06-25T11:51:34","date_gmt":"2025-06-25T11:51:34","guid":{"rendered":"https:\/\/www.sensortherm.de\/?page_id=12687"},"modified":"2025-07-09T07:54:49","modified_gmt":"2025-07-09T07:54:49","slug":"temperaturueberwachung-in-strangussanlagen-und-walzwerken","status":"publish","type":"page","link":"https:\/\/www.sensortherm.de\/en\/temperature-monitoring-in-continuous-casting-plants-and-rolling-mills\/","title":{"rendered":"Temperatur\u00fcberwachung in Strangussanlagen und Walzwerken"},"content":{"rendered":"[et_pb_section fb_built=&#8220;1&#8243; _builder_version=&#8220;4.27.4&#8243; _module_preset=&#8220;default&#8220; background_color=&#8220;#F3F4F4&#8243; global_colors_info=&#8220;{}&#8220;][et_pb_row _builder_version=&#8220;4.27.4&#8243; _module_preset=&#8220;default&#8220; global_colors_info=&#8220;{}&#8220;][et_pb_column type=&#8220;4_4&#8243; _builder_version=&#8220;4.27.4&#8243; _module_preset=&#8220;default&#8220; global_colors_info=&#8220;{}&#8220;][et_pb_image src=&#8220;https:\/\/www.sensortherm.de\/wp-content\/uploads\/2025\/06\/headerbild_Stranggussanlagen.webp&#8220; alt=&#8220;Zwei Str\u00e4nge eines Strangussvorgangs&#8220; title_text=&#8220;headerbild_Stranggussanlagen&#8220; _builder_version=&#8220;4.27.4&#8243; _module_preset=&#8220;default&#8220; global_colors_info=&#8220;{}&#8220;][\/et_pb_image][\/et_pb_column][\/et_pb_row][\/et_pb_section][et_pb_section fb_built=&#8220;1&#8243; _builder_version=&#8220;4.27.4&#8243; _module_preset=&#8220;default&#8220; global_colors_info=&#8220;{}&#8220;][et_pb_row _builder_version=&#8220;4.27.4&#8243; _module_preset=&#8220;default&#8220; width=&#8220;98%&#8220; custom_margin=&#8220;||||false|false&#8220; global_colors_info=&#8220;{}&#8220;][et_pb_column type=&#8220;4_4&#8243; _builder_version=&#8220;4.27.4&#8243; _module_preset=&#8220;default&#8220; global_colors_info=&#8220;{}&#8220;][et_pb_text admin_label=&#8220;\u00dcberschrift&#8220; _builder_version=&#8220;4.27.4&#8243; _module_preset=&#8220;default&#8220; background_color=&#8220;#FFFFFF&#8220; vertical_offset=&#8220;1vw&#8220; horizontal_offset=&#8220;1vw&#8220; width=&#8220;100%&#8220; custom_margin=&#8220;1vw||1vw||true|false&#8220; custom_padding=&#8220;8px|1vw||1vw|false|true&#8220; hover_enabled=&#8220;0&#8243; header_font_size_tablet=&#8220;&#8220; header_font_size_phone=&#8220;18px&#8220; header_font_size_last_edited=&#8220;on|phone&#8220; custom_css_main_element=&#8220;width: max-content;&#8220; border_width_top=&#8220;5px&#8220; border_color_top=&#8220;#0B3172&#8243; border_width_left=&#8220;5px&#8220; border_color_left=&#8220;#0B3172&#8243; locked=&#8220;off&#8220; global_colors_info=&#8220;{}&#8220; sticky_enabled=&#8220;0&#8243;]<h1>Temperature monitoring in continuous casting plants and rolling mills<\/h1>[\/et_pb_text][et_pb_text _builder_version=&#8220;4.27.4&#8243; _module_preset=&#8220;default&#8220; custom_css_main_element=&#8220;column-count: 2;&#8220; global_colors_info=&#8220;{}&#8220;]<p>Temperature monitoring in a <strong>continuous casting plant<\/strong> is crucial for the quality and efficiency of the process. Two-color pyrometers such as the <a href=\"https:\/\/www.sensortherm.de\/en\/product\/metis-m311-2-color-pyrometer\/\">METIS M311<\/a> are preferred for temperature measurement, as they provide reliable results even in the presence of contamination. When used in combination with the <a href=\"https:\/\/www.sensortherm.de\/en\/product\/galaxy-scanner-sc7-sc8\/\">GALAXY SC8<\/a> in the protective housing, <a href=\"https:\/\/www.sensortherm.de\/en\/product\/ball-and-socket-mounting-ha21-00\/\">KG28<\/a> protective housing, multiple strands can be monitored simultaneously.<\/p>[\/et_pb_text][et_pb_text _builder_version=&#8220;4.27.4&#8243; _module_preset=&#8220;default&#8220; custom_margin=&#8220;1vw||||false|false&#8220; hover_enabled=&#8220;0&#8243; global_colors_info=&#8220;{}&#8220; sticky_enabled=&#8220;0&#8243;]<h2>Process-relevant measuring points:<\/h2>[\/et_pb_text][\/et_pb_column][\/et_pb_row][et_pb_row _builder_version=&#8220;4.27.4&#8243; _module_preset=&#8220;default&#8220; width=&#8220;98%&#8220; global_colors_info=&#8220;{}&#8220;][et_pb_column type=&#8220;4_4&#8243; _builder_version=&#8220;4.27.4&#8243; _module_preset=&#8220;default&#8220; global_colors_info=&#8220;{}&#8220;][et_pb_image src=&#8220;https:\/\/www.sensortherm.de\/wp-content\/uploads\/2025\/06\/Stranggusswerk.webp&#8220; alt=&#8220;Komplette gezeichnete 3D-Stranggussanlage mit Pyrometern und Scannern an wichtigen Messpunkten&#8220; title_text=&#8220;Stranggusswerk&#8220; admin_label=&#8220;Bild Strangussanlage&#8220; _builder_version=&#8220;4.27.4&#8243; _module_preset=&#8220;default&#8220; global_colors_info=&#8220;{}&#8220;][\/et_pb_image][\/et_pb_column][\/et_pb_row][et_pb_row column_structure=&#8220;1_4,1_4,1_4,1_4&#8243; use_custom_gutter=&#8220;on&#8220; gutter_width=&#8220;2&#8243; make_equal=&#8220;on&#8220; _builder_version=&#8220;4.27.4&#8243; _module_preset=&#8220;default&#8220; width=&#8220;98%&#8220; width_tablet=&#8220;98%&#8220; width_phone=&#8220;98%&#8220; width_last_edited=&#8220;on|tablet&#8220; custom_margin=&#8220;1vw||1vw||true|false&#8220; custom_margin_tablet=&#8220;2vw||1vw||false|false&#8220; custom_margin_phone=&#8220;2vw||1vw||false|false&#8220; custom_margin_last_edited=&#8220;on|tablet&#8220; global_colors_info=&#8220;{}&#8220;][et_pb_column type=&#8220;1_4&#8243; _builder_version=&#8220;4.27.4&#8243; _module_preset=&#8220;default&#8220; custom_padding=&#8220;||||false|false&#8220; custom_padding_tablet=&#8220;||2vw||false|false&#8220; custom_padding_phone=&#8220;||2vw||false|false&#8220; custom_padding_last_edited=&#8220;on|tablet&#8220; global_colors_info=&#8220;{}&#8220;][et_pb_blurb title=&#8220;1: Messungen am Auslauf der Stahlgie\u00dfpfanne&#8220; image=&#8220;https:\/\/www.sensortherm.de\/wp-content\/uploads\/2025\/06\/messung_auslauf_pfanne.webp&#8220; alt=&#8220;Pyrometer im Stahlwerk ist auf die Pfanne am Anfang vom Strangguss ausgerichtet.&#8220; module_class=&#8220;zoom-blurb&#8220; _builder_version=&#8220;4.27.4&#8243; _module_preset=&#8220;default&#8220; hover_enabled=&#8220;0&#8243; custom_css_blurb_image=&#8220;margin-bottom: 5px!important;&#8220; global_colors_info=&#8220;{}&#8220; sticky_enabled=&#8220;0&#8243;]<p>can be carried out with a pyrometer in the cooling housing from a safe distance of up to 10 meters with a spot size of only 51 mm at this distance.<\/p>[\/et_pb_blurb][\/et_pb_column][et_pb_column type=&#8220;1_4&#8243; _builder_version=&#8220;4.27.4&#8243; _module_preset=&#8220;default&#8220; custom_padding_tablet=&#8220;||2vw||false|false&#8220; custom_padding_phone=&#8220;||2vw||false|false&#8220; custom_padding_last_edited=&#8220;on|tablet&#8220; global_colors_info=&#8220;{}&#8220;][et_pb_blurb title=&#8220;2: Messungen am Auslauf des Verteilers&#8220; image=&#8220;https:\/\/www.sensortherm.de\/wp-content\/uploads\/2025\/06\/Stranggusswerk_Nahaufnahme_METIS-im-kuehlgehaeuse_Verteilermessung.webp&#8220; alt=&#8220;Pyrometer im K\u00fchlgeh\u00e4use, dass die Temperatur eines Stranges am Verteiler einer Stranggussanlage misst.&#8220; module_class=&#8220;zoom-blurb&#8220; _builder_version=&#8220;4.27.4&#8243; _module_preset=&#8220;default&#8220; custom_css_blurb_image=&#8220;margin-bottom: 5px!important;&#8220; global_colors_info=&#8220;{}&#8220;]geben Aufschluss, welche Temperatur der Strang direkt am Anfang hat. Durch weitere Messungen weiter unten am Strang kann die Temperatur&shy;ver\u00e4nderung im Verlauf beobachtet werden.[\/et_pb_blurb][\/et_pb_column][et_pb_column type=&#8220;1_4&#8243; _builder_version=&#8220;4.27.4&#8243; _module_preset=&#8220;default&#8220; custom_padding_tablet=&#8220;||2vw||false|false&#8220; custom_padding_phone=&#8220;||2vw||false|false&#8220; custom_padding_last_edited=&#8220;on|tablet&#8220; global_colors_info=&#8220;{}&#8220;][et_pb_blurb title=&#8220;3: Scannen von Str\u00e4ngen &#8220; image=&#8220;https:\/\/www.sensortherm.de\/wp-content\/uploads\/2025\/06\/Galaxy-Tempertaurscanner_Stahlbrammenmessung.webp&#8220; alt=&#8220;Temperatur-Linienscanner montiert \u00fcber Stahlbrammen in Stahlwerk&#8220; module_class=&#8220;zoom-blurb&#8220; _builder_version=&#8220;4.27.4&#8243; _module_preset=&#8220;default&#8220; custom_css_blurb_image=&#8220;margin-bottom: 5px!important;&#8220; global_colors_info=&#8220;{}&#8220;]<p>generates temperature profiles of all strands, which can be analyzed using software. A maximum temperature value for each strand allows for easy evaluation.<\/p>[\/et_pb_blurb][\/et_pb_column][et_pb_column type=&#8220;1_4&#8243; _builder_version=&#8220;4.27.4&#8243; _module_preset=&#8220;default&#8220; custom_padding_tablet=&#8220;||2vw||false|false&#8220; custom_padding_phone=&#8220;||2vw||false|false&#8220; custom_padding_last_edited=&#8220;on|tablet&#8220; global_colors_info=&#8220;{}&#8220;][et_pb_blurb title=&#8220;4: Zwischenmessungen an beliebiger Stelle&#8220; image=&#8220;https:\/\/www.sensortherm.de\/wp-content\/uploads\/2025\/06\/Strangussmessung_Capella-Handpyrometer.webp&#8220; alt=&#8220;Handpyrometer Capella misst ein Stranggussprofil&#8220; module_class=&#8220;zoom-blurb&#8220; _builder_version=&#8220;4.27.4&#8243; _module_preset=&#8220;default&#8220; custom_css_blurb_image=&#8220;margin-bottom: 5px!important;&#8220; global_colors_info=&#8220;{}&#8220;]<p>can be performed with the CAPELLA handheld pyrometer. Even at a distance of 10 m, it has a spot size diameter of only 51 mm.<\/p>[\/et_pb_blurb][\/et_pb_column][\/et_pb_row][et_pb_row _builder_version=&#8220;4.27.4&#8243; _module_preset=&#8220;default&#8220; width=&#8220;98%&#8220; custom_margin=&#8220;2vw||1vw||false|false&#8220; global_colors_info=&#8220;{}&#8220;][et_pb_column type=&#8220;4_4&#8243; _builder_version=&#8220;4.27.4&#8243; _module_preset=&#8220;default&#8220; global_colors_info=&#8220;{}&#8220;][et_pb_text _builder_version=&#8220;4.27.4&#8243; _module_preset=&#8220;default&#8220; custom_margin=&#8220;0vw||||false|false&#8220; global_colors_info=&#8220;{}&#8220;]<p>Non-contact temperature measurement of the moving strand can be performed effectively, even from large distances, using a short-wavelength two-color pyrometer. Since all METIS series pyrometers can be integrated into the <a href=\"https:\/\/www.sensortherm.de\/en\/product\/galaxy-scanner-sc7-sc8\/\"><strong>GALAXY<\/strong><\/a>line scanner, it can be individually adapted to the measurement process. Even if a <strong><a href=\"https:\/\/www.sensortherm.de\/en\/product\/metis-m311-2-color-pyrometer\/\">METIS M311<\/a><\/strong> with a response time of 1 ms isn't fast enough, the <a href=\"https:\/\/www.sensortherm.de\/en\/product\/metis-h311-highspeed-2-color-pyrometer\/\"><strong>high-speed H311 devices<\/strong><\/a> can also be installed, for example, to perform very fast measurements of wires in a rolling mill.<\/p>[\/et_pb_text][et_pb_text _builder_version=&#8220;4.27.4&#8243; _module_preset=&#8220;default&#8220; custom_margin=&#8220;2vw||||false|false&#8220; custom_css_main_element=&#8220;column-count: 2;&#8220; global_colors_info=&#8220;{}&#8220;]<p>Temperature monitoring in a <strong>rolling mill<\/strong> is also crucial for the quality and efficiency of the process. Depending on the measuring field coverage, standard METIS M3 pyrometers or two-color pyrometers are used. When used in combination with the <a href=\"https:\/\/www.sensortherm.de\/en\/product\/galaxy-scanner-sc7-sc8\/\">GALAXY SC8<\/a> in the protective housing, <a href=\"https:\/\/www.sensortherm.de\/en\/product\/ball-and-socket-mounting-ha21-00\/\">KG28<\/a> multiple regions can be defined that can provide multiple temperatures.<\/p>[\/et_pb_text][et_pb_text _builder_version=&#8220;4.27.4&#8243; _module_preset=&#8220;default&#8220; custom_margin=&#8220;1vw||||false|false&#8220; hover_enabled=&#8220;0&#8243; global_colors_info=&#8220;{}&#8220; sticky_enabled=&#8220;0&#8243;]<h2>Process-relevant measuring points:<\/h2>[\/et_pb_text][et_pb_image src=&#8220;https:\/\/www.sensortherm.de\/wp-content\/uploads\/2025\/07\/Walzwerk.webp&#8220; alt=&#8220;Gezeichnetes 3D-Walzwerk mit Pyrometern und Scannern an wichtigen Messpunkten&#8220; title_text=&#8220;Walzwerk&#8220; _builder_version=&#8220;4.27.4&#8243; _module_preset=&#8220;default&#8220; custom_margin=&#8220;||||false|false&#8220; global_colors_info=&#8220;{}&#8220;][\/et_pb_image][\/et_pb_column][\/et_pb_row][et_pb_row column_structure=&#8220;1_3,1_3,1_3&#8243; use_custom_gutter=&#8220;on&#8220; gutter_width=&#8220;2&#8243; _builder_version=&#8220;4.27.4&#8243; _module_preset=&#8220;default&#8220; global_colors_info=&#8220;{}&#8220;][et_pb_column type=&#8220;1_3&#8243; _builder_version=&#8220;4.27.4&#8243; _module_preset=&#8220;default&#8220; global_colors_info=&#8220;{}&#8220;][et_pb_text _builder_version=&#8220;4.27.4&#8243; _module_preset=&#8220;default&#8220; hover_enabled=&#8220;0&#8243; global_colors_info=&#8220;{}&#8220; sticky_enabled=&#8220;0&#8243;]<h4>1. Measurements at several points in the rolling process<\/h4>[\/et_pb_text][\/et_pb_column][et_pb_column type=&#8220;1_3&#8243; _builder_version=&#8220;4.27.4&#8243; _module_preset=&#8220;default&#8220; global_colors_info=&#8220;{}&#8220;][et_pb_text _builder_version=&#8220;4.27.4&#8243; _module_preset=&#8220;default&#8220; global_colors_info=&#8220;{}&#8220;]<h4>2. Measurements directly on the laying head<\/h4>[\/et_pb_text][\/et_pb_column][et_pb_column type=&#8220;1_3&#8243; _builder_version=&#8220;4.27.4&#8243; _module_preset=&#8220;default&#8220; global_colors_info=&#8220;{}&#8220;][et_pb_text _builder_version=&#8220;4.27.4&#8243; _module_preset=&#8220;default&#8220; global_colors_info=&#8220;{}&#8220;]<h4>3. Measurements with GALAXY scanner at relevant points on the cooling conveyor\u00a0<\/h4>[\/et_pb_text][\/et_pb_column][\/et_pb_row][\/et_pb_section]","protected":false},"excerpt":{"rendered":"<p>Temperatur\u00fcberwachung in Stranggussanlagen und WalzwerkenDie Temperatur\u00fcberwachung in einer Stranggussanlage ist entscheidend f\u00fcr die Qualit\u00e4t und Effizienz des Prozesses. Dabei werden bevorzugt Quotientenpyrometer wie das METIS M311 zur Temperaturmessung eingesetzt, da sie auch bei Verschmutzungen zuverl\u00e4ssige Ergebnisse liefern. Werden diese in Kombination mit dem Linienscanner GALAXY SC8 im Schutzgeh\u00e4use KG28 eingesetzt, lassen sich mehrere Str\u00e4nge gleichzeitig [&hellip;]<\/p>","protected":false},"author":1,"featured_media":0,"parent":0,"menu_order":0,"comment_status":"closed","ping_status":"closed","template":"","meta":{"_et_pb_use_builder":"on","_et_pb_old_content":"","_et_gb_content_width":"","footnotes":""},"class_list":["post-12687","page","type-page","status-publish","hentry"],"yoast_head":"<!-- This site is optimized with the Yoast SEO plugin v27.3 - https:\/\/yoast.com\/product\/yoast-seo-wordpress\/ -->\n<title>Temperatur\u00fcberwachung in Strangussanlagen und Walzwerken - Sensortherm<\/title>\n<meta name=\"description\" content=\"Zur Temperatur\u00fcberwachung in Stranggussanlagen und Walzwerken werden bevorzugt Quotientenpyrometer, eingebaut in Linienscanner eingesetzt.\" \/>\n<meta name=\"robots\" content=\"index, follow, max-snippet:-1, max-image-preview:large, max-video-preview:-1\" \/>\n<link rel=\"canonical\" href=\"https:\/\/www.sensortherm.de\/en\/temperature-monitoring-in-continuous-casting-plants-and-rolling-mills\/\" \/>\n<meta property=\"og:locale\" content=\"en_US\" \/>\n<meta property=\"og:type\" content=\"article\" \/>\n<meta property=\"og:title\" content=\"Temperatur\u00fcberwachung in Strangussanlagen und Walzwerken - Sensortherm\" \/>\n<meta property=\"og:description\" content=\"Zur Temperatur\u00fcberwachung in Stranggussanlagen und Walzwerken werden bevorzugt Quotientenpyrometer, eingebaut in Linienscanner eingesetzt.\" \/>\n<meta property=\"og:url\" content=\"https:\/\/www.sensortherm.de\/en\/temperature-monitoring-in-continuous-casting-plants-and-rolling-mills\/\" \/>\n<meta property=\"og:site_name\" content=\"Sensortherm\" \/>\n<meta property=\"article:modified_time\" content=\"2025-07-09T07:54:49+00:00\" \/>\n<meta name=\"twitter:card\" content=\"summary_large_image\" \/>\n<meta name=\"twitter:label1\" content=\"Est. reading time\" \/>\n\t<meta name=\"twitter:data1\" content=\"4 minutes\" \/>\n<script type=\"application\/ld+json\" class=\"yoast-schema-graph\">{\"@context\":\"https:\\\/\\\/schema.org\",\"@graph\":[{\"@type\":\"WebPage\",\"@id\":\"https:\\\/\\\/www.sensortherm.de\\\/de\\\/temperaturueberwachung-in-strangussanlagen-und-walzwerken\\\/\",\"url\":\"https:\\\/\\\/www.sensortherm.de\\\/de\\\/temperaturueberwachung-in-strangussanlagen-und-walzwerken\\\/\",\"name\":\"Temperatur\u00fcberwachung in Strangussanlagen und Walzwerken - Sensortherm\",\"isPartOf\":{\"@id\":\"https:\\\/\\\/www.sensortherm.de\\\/de\\\/#website\"},\"datePublished\":\"2025-06-25T11:51:34+00:00\",\"dateModified\":\"2025-07-09T07:54:49+00:00\",\"description\":\"Zur Temperatur\u00fcberwachung in Stranggussanlagen und Walzwerken werden bevorzugt Quotientenpyrometer, eingebaut in Linienscanner eingesetzt.\",\"breadcrumb\":{\"@id\":\"https:\\\/\\\/www.sensortherm.de\\\/de\\\/temperaturueberwachung-in-strangussanlagen-und-walzwerken\\\/#breadcrumb\"},\"inLanguage\":\"en-US\",\"potentialAction\":[{\"@type\":\"ReadAction\",\"target\":[\"https:\\\/\\\/www.sensortherm.de\\\/de\\\/temperaturueberwachung-in-strangussanlagen-und-walzwerken\\\/\"]}]},{\"@type\":\"BreadcrumbList\",\"@id\":\"https:\\\/\\\/www.sensortherm.de\\\/de\\\/temperaturueberwachung-in-strangussanlagen-und-walzwerken\\\/#breadcrumb\",\"itemListElement\":[{\"@type\":\"ListItem\",\"position\":1,\"name\":\"Home\",\"item\":\"https:\\\/\\\/www.sensortherm.de\\\/en\\\/\"},{\"@type\":\"ListItem\",\"position\":2,\"name\":\"Temperatur\u00fcberwachung in Strangussanlagen und Walzwerken\"}]},{\"@type\":\"WebSite\",\"@id\":\"https:\\\/\\\/www.sensortherm.de\\\/de\\\/#website\",\"url\":\"https:\\\/\\\/www.sensortherm.de\\\/de\\\/\",\"name\":\"Sensortherm\",\"description\":\"Schnelle Infrarotmessger\u00e4te zur ber\u00fchrungslosen Temperaturmessung\",\"publisher\":{\"@id\":\"https:\\\/\\\/www.sensortherm.de\\\/de\\\/#organization\"},\"potentialAction\":[{\"@type\":\"SearchAction\",\"target\":{\"@type\":\"EntryPoint\",\"urlTemplate\":\"https:\\\/\\\/www.sensortherm.de\\\/de\\\/?s={search_term_string}\"},\"query-input\":{\"@type\":\"PropertyValueSpecification\",\"valueRequired\":true,\"valueName\":\"search_term_string\"}}],\"inLanguage\":\"en-US\"},{\"@type\":\"Organization\",\"@id\":\"https:\\\/\\\/www.sensortherm.de\\\/de\\\/#organization\",\"name\":\"Sensortherm GmbH\",\"url\":\"https:\\\/\\\/www.sensortherm.de\\\/de\\\/\",\"logo\":{\"@type\":\"ImageObject\",\"inLanguage\":\"en-US\",\"@id\":\"https:\\\/\\\/www.sensortherm.de\\\/de\\\/#\\\/schema\\\/logo\\\/image\\\/\",\"url\":\"https:\\\/\\\/www.sensortherm.de\\\/wp-content\\\/uploads\\\/2021\\\/10\\\/Logo_Sensortherm_header_transparent.webp\",\"contentUrl\":\"https:\\\/\\\/www.sensortherm.de\\\/wp-content\\\/uploads\\\/2021\\\/10\\\/Logo_Sensortherm_header_transparent.webp\",\"width\":182,\"height\":69,\"caption\":\"Sensortherm GmbH\"},\"image\":{\"@id\":\"https:\\\/\\\/www.sensortherm.de\\\/de\\\/#\\\/schema\\\/logo\\\/image\\\/\"},\"sameAs\":[\"https:\\\/\\\/de.linkedin.com\\\/company\\\/sensortherm-gmbh\"]}]}<\/script>\n<!-- \/ Yoast SEO plugin. -->","yoast_head_json":{"title":"Temperature monitoring in continuous casting plants and rolling mills - Sensortherm","description":"For temperature monitoring in continuous casting plants and rolling mills, ratio pyrometers installed in line scanners are preferred.","robots":{"index":"index","follow":"follow","max-snippet":"max-snippet:-1","max-image-preview":"max-image-preview:large","max-video-preview":"max-video-preview:-1"},"canonical":"https:\/\/www.sensortherm.de\/en\/temperature-monitoring-in-continuous-casting-plants-and-rolling-mills\/","og_locale":"en_US","og_type":"article","og_title":"Temperatur\u00fcberwachung in Strangussanlagen und Walzwerken - Sensortherm","og_description":"Zur Temperatur\u00fcberwachung in Stranggussanlagen und Walzwerken werden bevorzugt Quotientenpyrometer, eingebaut in Linienscanner eingesetzt.","og_url":"https:\/\/www.sensortherm.de\/en\/temperature-monitoring-in-continuous-casting-plants-and-rolling-mills\/","og_site_name":"Sensortherm","article_modified_time":"2025-07-09T07:54:49+00:00","twitter_card":"summary_large_image","twitter_misc":{"Est. reading time":"4 minutes"},"schema":{"@context":"https:\/\/schema.org","@graph":[{"@type":"WebPage","@id":"https:\/\/www.sensortherm.de\/de\/temperaturueberwachung-in-strangussanlagen-und-walzwerken\/","url":"https:\/\/www.sensortherm.de\/de\/temperaturueberwachung-in-strangussanlagen-und-walzwerken\/","name":"Temperature monitoring in continuous casting plants and rolling mills - Sensortherm","isPartOf":{"@id":"https:\/\/www.sensortherm.de\/de\/#website"},"datePublished":"2025-06-25T11:51:34+00:00","dateModified":"2025-07-09T07:54:49+00:00","description":"For temperature monitoring in continuous casting plants and rolling mills, ratio pyrometers installed in line scanners are preferred.","breadcrumb":{"@id":"https:\/\/www.sensortherm.de\/de\/temperaturueberwachung-in-strangussanlagen-und-walzwerken\/#breadcrumb"},"inLanguage":"en-US","potentialAction":[{"@type":"ReadAction","target":["https:\/\/www.sensortherm.de\/de\/temperaturueberwachung-in-strangussanlagen-und-walzwerken\/"]}]},{"@type":"BreadcrumbList","@id":"https:\/\/www.sensortherm.de\/de\/temperaturueberwachung-in-strangussanlagen-und-walzwerken\/#breadcrumb","itemListElement":[{"@type":"ListItem","position":1,"name":"Home","item":"https:\/\/www.sensortherm.de\/en\/"},{"@type":"ListItem","position":2,"name":"Temperatur\u00fcberwachung in Strangussanlagen und Walzwerken"}]},{"@type":"WebSite","@id":"https:\/\/www.sensortherm.de\/de\/#website","url":"https:\/\/www.sensortherm.de\/de\/","name":"Sensortherm","description":"Schnelle Infrarotmessger\u00e4te zur ber\u00fchrungslosen Temperaturmessung","publisher":{"@id":"https:\/\/www.sensortherm.de\/de\/#organization"},"potentialAction":[{"@type":"SearchAction","target":{"@type":"EntryPoint","urlTemplate":"https:\/\/www.sensortherm.de\/de\/?s={search_term_string}"},"query-input":{"@type":"PropertyValueSpecification","valueRequired":true,"valueName":"search_term_string"}}],"inLanguage":"en-US"},{"@type":"Organization","@id":"https:\/\/www.sensortherm.de\/de\/#organization","name":"Sensortherm GmbH","url":"https:\/\/www.sensortherm.de\/de\/","logo":{"@type":"ImageObject","inLanguage":"en-US","@id":"https:\/\/www.sensortherm.de\/de\/#\/schema\/logo\/image\/","url":"https:\/\/www.sensortherm.de\/wp-content\/uploads\/2021\/10\/Logo_Sensortherm_header_transparent.webp","contentUrl":"https:\/\/www.sensortherm.de\/wp-content\/uploads\/2021\/10\/Logo_Sensortherm_header_transparent.webp","width":182,"height":69,"caption":"Sensortherm GmbH"},"image":{"@id":"https:\/\/www.sensortherm.de\/de\/#\/schema\/logo\/image\/"},"sameAs":["https:\/\/de.linkedin.com\/company\/sensortherm-gmbh"]}]}},"_links":{"self":[{"href":"https:\/\/www.sensortherm.de\/en\/wp-json\/wp\/v2\/pages\/12687","targetHints":{"allow":["GET"]}}],"collection":[{"href":"https:\/\/www.sensortherm.de\/en\/wp-json\/wp\/v2\/pages"}],"about":[{"href":"https:\/\/www.sensortherm.de\/en\/wp-json\/wp\/v2\/types\/page"}],"author":[{"embeddable":true,"href":"https:\/\/www.sensortherm.de\/en\/wp-json\/wp\/v2\/users\/1"}],"replies":[{"embeddable":true,"href":"https:\/\/www.sensortherm.de\/en\/wp-json\/wp\/v2\/comments?post=12687"}],"version-history":[{"count":37,"href":"https:\/\/www.sensortherm.de\/en\/wp-json\/wp\/v2\/pages\/12687\/revisions"}],"predecessor-version":[{"id":12805,"href":"https:\/\/www.sensortherm.de\/en\/wp-json\/wp\/v2\/pages\/12687\/revisions\/12805"}],"wp:attachment":[{"href":"https:\/\/www.sensortherm.de\/en\/wp-json\/wp\/v2\/media?parent=12687"}],"curies":[{"name":"wp","href":"https:\/\/api.w.org\/{rel}","templated":true}]}}