{"id":6066,"date":"2021-03-26T13:02:33","date_gmt":"2021-03-26T13:02:33","guid":{"rendered":"https:\/\/www.sensortherm.de\/?post_type=product&#038;p=6066"},"modified":"2025-05-08T06:54:26","modified_gmt":"2025-05-08T06:54:26","slug":"profinet-converter","status":"publish","type":"product","link":"https:\/\/www.sensortherm.de\/de\/product\/profinet-converter\/","title":{"rendered":"Profinet-Converter"},"content":{"rendered":"<div class=\"et_pb_tab_content\">\n<div class=\"et_pb_module et_pb_wc_description et_pb_wc_description_0_tb_body et_pb_bg_layout_light et_pb_text_align_left\">\n<div class=\"et_pb_module_inner\">Mit dem <strong>Profinet-Converter PN10<\/strong> (universelles Feldbus-Gateway) lassen sich Ger\u00e4te mit serieller RS232- oder RS485-Schnittstelle \u00fcber Profinet ansprechen und Messwertdaten \u00fcbertragen.<\/div>\n<div><\/div>\n<ul>\n<li class=\"et_pb_module_inner\">Bei Benutzung der <strong>RS485<\/strong> zum Endger\u00e4t k\u00f6nnen bis zu <strong>5 Ger\u00e4te<\/strong> mit dem Profinet verbunden werden<\/li>\n<li>Bei Benutzung der <strong>RS232<\/strong> zum Endger\u00e4t kann <strong>ein Ger\u00e4t<\/strong> mit dem Profinet verbunden werden<\/li>\n<\/ul>\n<\/div>\n<\/div>\n","protected":false},"excerpt":{"rendered":"<p>zur Verbindung von Ger\u00e4ten mit RS232- oder RS485-Schnittstelle \u00fcber Profinet<\/p>\n<p><strong>PN10<\/strong><\/p>\n<hr \/>\n","protected":false},"featured_media":11253,"template":"","meta":[],"product_brand":[],"product_cat":[177,174,175,176,160,179],"product_tag":[214],"class_list":{"0":"post-6066","1":"product","2":"type-product","3":"status-publish","4":"has-post-thumbnail","6":"product_cat-zubehoer_elektrisch_galaxy","7":"product_cat-zubehoer_elektrisch_m3_h3","8":"product_cat-zubehoer_elektrisch_m323","9":"product_cat-zubehoer_elektrisch_metis_sirius","10":"product_cat-zubehoer_elektrisch_regulus","11":"product_cat-zubehoer_elektrisch_sc10_polaris","12":"product_tag-converter","14":"first","15":"instock","16":"shipping-taxable","17":"purchasable","18":"product-type-simple"},"yoast_head":"<!-- This site is optimized with the Yoast SEO plugin v27.5 - https:\/\/yoast.com\/product\/yoast-seo-wordpress\/ -->\n<title>Profinet-Converter - Sensortherm<\/title>\n<meta name=\"robots\" content=\"index, follow, max-snippet:-1, max-image-preview:large, max-video-preview:-1\" \/>\n<link rel=\"canonical\" href=\"https:\/\/www.sensortherm.de\/de\/product\/profinet-converter\/\" \/>\n<meta property=\"og:locale\" content=\"de_DE\" \/>\n<meta property=\"og:type\" content=\"article\" \/>\n<meta property=\"og:title\" content=\"Profinet-Converter - Sensortherm\" \/>\n<meta property=\"og:description\" content=\"zur Verbindung von Ger\u00e4ten mit RS232- oder RS485-Schnittstelle \u00fcber Profinet  PN10\" \/>\n<meta property=\"og:url\" content=\"https:\/\/www.sensortherm.de\/de\/product\/profinet-converter\/\" \/>\n<meta property=\"og:site_name\" content=\"Sensortherm\" \/>\n<meta property=\"article:modified_time\" content=\"2025-05-08T06:54:26+00:00\" \/>\n<meta property=\"og:image\" content=\"https:\/\/www.sensortherm.de\/wp-content\/uploads\/2021\/03\/Profinetconverter_PN10.webp\" \/>\n\t<meta property=\"og:image:width\" content=\"800\" \/>\n\t<meta property=\"og:image:height\" content=\"800\" \/>\n\t<meta property=\"og:image:type\" content=\"image\/webp\" \/>\n<meta name=\"twitter:card\" content=\"summary_large_image\" \/>\n<script type=\"application\/ld+json\" class=\"yoast-schema-graph\">{\"@context\":\"https:\\\/\\\/schema.org\",\"@graph\":[{\"@type\":\"WebPage\",\"@id\":\"https:\\\/\\\/www.sensortherm.de\\\/de\\\/product\\\/profinet-converter\\\/\",\"url\":\"https:\\\/\\\/www.sensortherm.de\\\/de\\\/product\\\/profinet-converter\\\/\",\"name\":\"Profinet-Converter - Sensortherm\",\"isPartOf\":{\"@id\":\"https:\\\/\\\/www.sensortherm.de\\\/en\\\/#website\"},\"primaryImageOfPage\":{\"@id\":\"https:\\\/\\\/www.sensortherm.de\\\/de\\\/product\\\/profinet-converter\\\/#primaryimage\"},\"image\":{\"@id\":\"https:\\\/\\\/www.sensortherm.de\\\/de\\\/product\\\/profinet-converter\\\/#primaryimage\"},\"thumbnailUrl\":\"https:\\\/\\\/www.sensortherm.de\\\/wp-content\\\/uploads\\\/2021\\\/03\\\/Profinetconverter_PN10.webp\",\"datePublished\":\"2021-03-26T13:02:33+00:00\",\"dateModified\":\"2025-05-08T06:54:26+00:00\",\"breadcrumb\":{\"@id\":\"https:\\\/\\\/www.sensortherm.de\\\/de\\\/product\\\/profinet-converter\\\/#breadcrumb\"},\"inLanguage\":\"de\",\"potentialAction\":[{\"@type\":\"ReadAction\",\"target\":[\"https:\\\/\\\/www.sensortherm.de\\\/de\\\/product\\\/profinet-converter\\\/\"]}]},{\"@type\":\"ImageObject\",\"inLanguage\":\"de\",\"@id\":\"https:\\\/\\\/www.sensortherm.de\\\/de\\\/product\\\/profinet-converter\\\/#primaryimage\",\"url\":\"https:\\\/\\\/www.sensortherm.de\\\/wp-content\\\/uploads\\\/2021\\\/03\\\/Profinetconverter_PN10.webp\",\"contentUrl\":\"https:\\\/\\\/www.sensortherm.de\\\/wp-content\\\/uploads\\\/2021\\\/03\\\/Profinetconverter_PN10.webp\",\"width\":800,\"height\":800,\"caption\":\"Profinet-Converter zur CZ-Schienenmontage zur Verbindung von Ger\u00e4ten mit RS232- oder RS485-Schnittstelle \u00fcber Profinet\"},{\"@type\":\"BreadcrumbList\",\"@id\":\"https:\\\/\\\/www.sensortherm.de\\\/de\\\/product\\\/profinet-converter\\\/#breadcrumb\",\"itemListElement\":[{\"@type\":\"ListItem\",\"position\":1,\"name\":\"Home\",\"item\":\"https:\\\/\\\/www.sensortherm.de\\\/\"},{\"@type\":\"ListItem\",\"position\":2,\"name\":\"Pyrometer \\\/ Infrarotschalter\",\"item\":\"https:\\\/\\\/www.sensortherm.de\\\/pyrometer-infrarotschalter\\\/\"},{\"@type\":\"ListItem\",\"position\":3,\"name\":\"Profinet-Converter\"}]},{\"@type\":\"WebSite\",\"@id\":\"https:\\\/\\\/www.sensortherm.de\\\/en\\\/#website\",\"url\":\"https:\\\/\\\/www.sensortherm.de\\\/en\\\/\",\"name\":\"Sensortherm\",\"description\":\"Schnelle Infrarotmessger\u00e4te zur ber\u00fchrungslosen Temperaturmessung\",\"publisher\":{\"@id\":\"https:\\\/\\\/www.sensortherm.de\\\/en\\\/#organization\"},\"potentialAction\":[{\"@type\":\"SearchAction\",\"target\":{\"@type\":\"EntryPoint\",\"urlTemplate\":\"https:\\\/\\\/www.sensortherm.de\\\/en\\\/?s={search_term_string}\"},\"query-input\":{\"@type\":\"PropertyValueSpecification\",\"valueRequired\":true,\"valueName\":\"search_term_string\"}}],\"inLanguage\":\"de\"},{\"@type\":\"Organization\",\"@id\":\"https:\\\/\\\/www.sensortherm.de\\\/en\\\/#organization\",\"name\":\"Sensortherm GmbH\",\"url\":\"https:\\\/\\\/www.sensortherm.de\\\/en\\\/\",\"logo\":{\"@type\":\"ImageObject\",\"inLanguage\":\"de\",\"@id\":\"https:\\\/\\\/www.sensortherm.de\\\/en\\\/#\\\/schema\\\/logo\\\/image\\\/\",\"url\":\"https:\\\/\\\/www.sensortherm.de\\\/wp-content\\\/uploads\\\/2021\\\/10\\\/Logo_Sensortherm_header_transparent.webp\",\"contentUrl\":\"https:\\\/\\\/www.sensortherm.de\\\/wp-content\\\/uploads\\\/2021\\\/10\\\/Logo_Sensortherm_header_transparent.webp\",\"width\":182,\"height\":69,\"caption\":\"Sensortherm GmbH\"},\"image\":{\"@id\":\"https:\\\/\\\/www.sensortherm.de\\\/en\\\/#\\\/schema\\\/logo\\\/image\\\/\"},\"sameAs\":[\"https:\\\/\\\/de.linkedin.com\\\/company\\\/sensortherm-gmbh\"]}]}<\/script>\n<!-- \/ Yoast SEO plugin. -->","yoast_head_json":{"title":"Profinet-Converter - Sensortherm","robots":{"index":"index","follow":"follow","max-snippet":"max-snippet:-1","max-image-preview":"max-image-preview:large","max-video-preview":"max-video-preview:-1"},"canonical":"https:\/\/www.sensortherm.de\/de\/product\/profinet-converter\/","og_locale":"de_DE","og_type":"article","og_title":"Profinet-Converter - Sensortherm","og_description":"zur Verbindung von Ger\u00e4ten mit RS232- oder RS485-Schnittstelle \u00fcber Profinet  PN10","og_url":"https:\/\/www.sensortherm.de\/de\/product\/profinet-converter\/","og_site_name":"Sensortherm","article_modified_time":"2025-05-08T06:54:26+00:00","og_image":[{"width":800,"height":800,"url":"https:\/\/www.sensortherm.de\/wp-content\/uploads\/2021\/03\/Profinetconverter_PN10.webp","type":"image\/webp"}],"twitter_card":"summary_large_image","schema":{"@context":"https:\/\/schema.org","@graph":[{"@type":"WebPage","@id":"https:\/\/www.sensortherm.de\/de\/product\/profinet-converter\/","url":"https:\/\/www.sensortherm.de\/de\/product\/profinet-converter\/","name":"Profinet-Converter - Sensortherm","isPartOf":{"@id":"https:\/\/www.sensortherm.de\/en\/#website"},"primaryImageOfPage":{"@id":"https:\/\/www.sensortherm.de\/de\/product\/profinet-converter\/#primaryimage"},"image":{"@id":"https:\/\/www.sensortherm.de\/de\/product\/profinet-converter\/#primaryimage"},"thumbnailUrl":"https:\/\/www.sensortherm.de\/wp-content\/uploads\/2021\/03\/Profinetconverter_PN10.webp","datePublished":"2021-03-26T13:02:33+00:00","dateModified":"2025-05-08T06:54:26+00:00","breadcrumb":{"@id":"https:\/\/www.sensortherm.de\/de\/product\/profinet-converter\/#breadcrumb"},"inLanguage":"de","potentialAction":[{"@type":"ReadAction","target":["https:\/\/www.sensortherm.de\/de\/product\/profinet-converter\/"]}]},{"@type":"ImageObject","inLanguage":"de","@id":"https:\/\/www.sensortherm.de\/de\/product\/profinet-converter\/#primaryimage","url":"https:\/\/www.sensortherm.de\/wp-content\/uploads\/2021\/03\/Profinetconverter_PN10.webp","contentUrl":"https:\/\/www.sensortherm.de\/wp-content\/uploads\/2021\/03\/Profinetconverter_PN10.webp","width":800,"height":800,"caption":"Profinet-Converter zur CZ-Schienenmontage zur Verbindung von Ger\u00e4ten mit RS232- oder RS485-Schnittstelle \u00fcber Profinet"},{"@type":"BreadcrumbList","@id":"https:\/\/www.sensortherm.de\/de\/product\/profinet-converter\/#breadcrumb","itemListElement":[{"@type":"ListItem","position":1,"name":"Home","item":"https:\/\/www.sensortherm.de\/"},{"@type":"ListItem","position":2,"name":"Pyrometer \/ Infrarotschalter","item":"https:\/\/www.sensortherm.de\/pyrometer-infrarotschalter\/"},{"@type":"ListItem","position":3,"name":"Profinet-Converter"}]},{"@type":"WebSite","@id":"https:\/\/www.sensortherm.de\/en\/#website","url":"https:\/\/www.sensortherm.de\/en\/","name":"Sensortherm","description":"Schnelle Infrarotmessger\u00e4te zur ber\u00fchrungslosen Temperaturmessung","publisher":{"@id":"https:\/\/www.sensortherm.de\/en\/#organization"},"potentialAction":[{"@type":"SearchAction","target":{"@type":"EntryPoint","urlTemplate":"https:\/\/www.sensortherm.de\/en\/?s={search_term_string}"},"query-input":{"@type":"PropertyValueSpecification","valueRequired":true,"valueName":"search_term_string"}}],"inLanguage":"de"},{"@type":"Organization","@id":"https:\/\/www.sensortherm.de\/en\/#organization","name":"Sensortherm GmbH","url":"https:\/\/www.sensortherm.de\/en\/","logo":{"@type":"ImageObject","inLanguage":"de","@id":"https:\/\/www.sensortherm.de\/en\/#\/schema\/logo\/image\/","url":"https:\/\/www.sensortherm.de\/wp-content\/uploads\/2021\/10\/Logo_Sensortherm_header_transparent.webp","contentUrl":"https:\/\/www.sensortherm.de\/wp-content\/uploads\/2021\/10\/Logo_Sensortherm_header_transparent.webp","width":182,"height":69,"caption":"Sensortherm GmbH"},"image":{"@id":"https:\/\/www.sensortherm.de\/en\/#\/schema\/logo\/image\/"},"sameAs":["https:\/\/de.linkedin.com\/company\/sensortherm-gmbh"]}]}},"_links":{"self":[{"href":"https:\/\/www.sensortherm.de\/de\/wp-json\/wp\/v2\/product\/6066","targetHints":{"allow":["GET"]}}],"collection":[{"href":"https:\/\/www.sensortherm.de\/de\/wp-json\/wp\/v2\/product"}],"about":[{"href":"https:\/\/www.sensortherm.de\/de\/wp-json\/wp\/v2\/types\/product"}],"wp:featuredmedia":[{"embeddable":true,"href":"https:\/\/www.sensortherm.de\/de\/wp-json\/wp\/v2\/media\/11253"}],"wp:attachment":[{"href":"https:\/\/www.sensortherm.de\/de\/wp-json\/wp\/v2\/media?parent=6066"}],"wp:term":[{"taxonomy":"product_brand","embeddable":true,"href":"https:\/\/www.sensortherm.de\/de\/wp-json\/wp\/v2\/product_brand?post=6066"},{"taxonomy":"product_cat","embeddable":true,"href":"https:\/\/www.sensortherm.de\/de\/wp-json\/wp\/v2\/product_cat?post=6066"},{"taxonomy":"product_tag","embeddable":true,"href":"https:\/\/www.sensortherm.de\/de\/wp-json\/wp\/v2\/product_tag?post=6066"}],"curies":[{"name":"wp","href":"https:\/\/api.w.org\/{rel}","templated":true}]}}