{"id":6064,"date":"2021-03-26T11:24:17","date_gmt":"2021-03-26T11:24:17","guid":{"rendered":"https:\/\/www.sensortherm.de\/?post_type=product&#038;p=6064"},"modified":"2025-05-08T06:54:12","modified_gmt":"2025-05-08T06:54:12","slug":"profibus-converter","status":"publish","type":"product","link":"https:\/\/www.sensortherm.de\/de\/product\/profibus-converter\/","title":{"rendered":"Profibus-Converter"},"content":{"rendered":"<div class=\"et_pb_tab_content\">\n<div class=\"et_pb_module et_pb_wc_description et_pb_wc_description_0_tb_body et_pb_bg_layout_light et_pb_text_align_left\">\n<div class=\"et_pb_module_inner\">Mit dem <strong>Profibus-Converter PB10<\/strong> (Unigate CL f\u00fcr Profibus) lassen sich Ger\u00e4te mit serieller RS232- oder RS485-Schnittstelle \u00fcber Profibus ansprechen und Messwertdaten \u00fcbertragen.<\/div>\n<div><\/div>\n<ul>\n<li class=\"et_pb_module_inner\">Bei Benutzung der <strong>RS485<\/strong> zum Endger\u00e4t k\u00f6nnen bis zu <strong>2 Ger\u00e4te<\/strong> mit dem Profibus verbunden werden<\/li>\n<li>Bei Benutzung der <strong>RS232<\/strong> zum Endger\u00e4t kann <strong>ein Ger\u00e4t<\/strong> mit dem Profibus verbunden werden<\/li>\n<\/ul>\n<\/div>\n<\/div>\n","protected":false},"excerpt":{"rendered":"<p>zur Verbindung von Ger\u00e4ten mit RS232- oder RS485-Schnittstelle \u00fcber Profibus<\/p>\n<p><strong>PB10<\/strong><\/p>\n<hr \/>\n","protected":false},"featured_media":11252,"template":"","meta":[],"product_brand":[],"product_cat":[155,177,174,175,176,178,160,179],"product_tag":[214],"class_list":{"0":"post-6064","1":"product","2":"type-product","3":"status-publish","4":"has-post-thumbnail","6":"product_cat-zubehoer_elektrisch","7":"product_cat-zubehoer_elektrisch_galaxy","8":"product_cat-zubehoer_elektrisch_m3_h3","9":"product_cat-zubehoer_elektrisch_m323","10":"product_cat-zubehoer_elektrisch_metis_sirius","11":"product_cat-zubehoer_elektrisch_mv","12":"product_cat-zubehoer_elektrisch_regulus","13":"product_cat-zubehoer_elektrisch_sc10_polaris","14":"product_tag-converter","16":"first","17":"instock","18":"shipping-taxable","19":"purchasable","20":"product-type-simple"},"yoast_head":"<!-- This site is optimized with the Yoast SEO plugin v27.5 - https:\/\/yoast.com\/product\/yoast-seo-wordpress\/ -->\n<title>Profibus-Converter - Sensortherm<\/title>\n<meta name=\"robots\" content=\"index, follow, max-snippet:-1, max-image-preview:large, max-video-preview:-1\" \/>\n<link rel=\"canonical\" href=\"https:\/\/www.sensortherm.de\/de\/product\/profibus-converter\/\" \/>\n<meta property=\"og:locale\" content=\"de_DE\" \/>\n<meta property=\"og:type\" content=\"article\" \/>\n<meta property=\"og:title\" content=\"Profibus-Converter - Sensortherm\" \/>\n<meta property=\"og:description\" content=\"zur Verbindung von Ger\u00e4ten mit RS232- oder RS485-Schnittstelle \u00fcber Profibus  PB10\" \/>\n<meta property=\"og:url\" content=\"https:\/\/www.sensortherm.de\/de\/product\/profibus-converter\/\" \/>\n<meta property=\"og:site_name\" content=\"Sensortherm\" \/>\n<meta property=\"article:modified_time\" content=\"2025-05-08T06:54:12+00:00\" \/>\n<meta property=\"og:image\" content=\"https:\/\/www.sensortherm.de\/wp-content\/uploads\/2021\/03\/Profibusconverter_PB10.webp\" \/>\n\t<meta property=\"og:image:width\" content=\"800\" \/>\n\t<meta property=\"og:image:height\" content=\"800\" \/>\n\t<meta property=\"og:image:type\" content=\"image\/webp\" \/>\n<meta name=\"twitter:card\" content=\"summary_large_image\" \/>\n<script type=\"application\/ld+json\" class=\"yoast-schema-graph\">{\"@context\":\"https:\\\/\\\/schema.org\",\"@graph\":[{\"@type\":\"WebPage\",\"@id\":\"https:\\\/\\\/www.sensortherm.de\\\/en\\\/product\\\/profibus-converter\\\/\",\"url\":\"https:\\\/\\\/www.sensortherm.de\\\/en\\\/product\\\/profibus-converter\\\/\",\"name\":\"Profibus-Converter - Sensortherm\",\"isPartOf\":{\"@id\":\"https:\\\/\\\/www.sensortherm.de\\\/en\\\/#website\"},\"primaryImageOfPage\":{\"@id\":\"https:\\\/\\\/www.sensortherm.de\\\/en\\\/product\\\/profibus-converter\\\/#primaryimage\"},\"image\":{\"@id\":\"https:\\\/\\\/www.sensortherm.de\\\/en\\\/product\\\/profibus-converter\\\/#primaryimage\"},\"thumbnailUrl\":\"https:\\\/\\\/www.sensortherm.de\\\/wp-content\\\/uploads\\\/2021\\\/03\\\/Profibusconverter_PB10.webp\",\"datePublished\":\"2021-03-26T11:24:17+00:00\",\"dateModified\":\"2025-05-08T06:54:12+00:00\",\"breadcrumb\":{\"@id\":\"https:\\\/\\\/www.sensortherm.de\\\/en\\\/product\\\/profibus-converter\\\/#breadcrumb\"},\"inLanguage\":\"de\",\"potentialAction\":[{\"@type\":\"ReadAction\",\"target\":[\"https:\\\/\\\/www.sensortherm.de\\\/en\\\/product\\\/profibus-converter\\\/\"]}]},{\"@type\":\"ImageObject\",\"inLanguage\":\"de\",\"@id\":\"https:\\\/\\\/www.sensortherm.de\\\/en\\\/product\\\/profibus-converter\\\/#primaryimage\",\"url\":\"https:\\\/\\\/www.sensortherm.de\\\/wp-content\\\/uploads\\\/2021\\\/03\\\/Profibusconverter_PB10.webp\",\"contentUrl\":\"https:\\\/\\\/www.sensortherm.de\\\/wp-content\\\/uploads\\\/2021\\\/03\\\/Profibusconverter_PB10.webp\",\"width\":800,\"height\":800,\"caption\":\"Profibus-Converter zur CZ-Schienenmontage zur Verbindung von Ger\u00e4ten mit RS232- oder RS485-Schnittstelle \u00fcber Profibus\"},{\"@type\":\"BreadcrumbList\",\"@id\":\"https:\\\/\\\/www.sensortherm.de\\\/en\\\/product\\\/profibus-converter\\\/#breadcrumb\",\"itemListElement\":[{\"@type\":\"ListItem\",\"position\":1,\"name\":\"Home\",\"item\":\"https:\\\/\\\/www.sensortherm.de\\\/\"},{\"@type\":\"ListItem\",\"position\":2,\"name\":\"Pyrometer \\\/ Infrarotschalter\",\"item\":\"https:\\\/\\\/www.sensortherm.de\\\/pyrometer-infrarotschalter\\\/\"},{\"@type\":\"ListItem\",\"position\":3,\"name\":\"Profibus-Converter\"}]},{\"@type\":\"WebSite\",\"@id\":\"https:\\\/\\\/www.sensortherm.de\\\/en\\\/#website\",\"url\":\"https:\\\/\\\/www.sensortherm.de\\\/en\\\/\",\"name\":\"Sensortherm\",\"description\":\"Schnelle Infrarotmessger\u00e4te zur ber\u00fchrungslosen Temperaturmessung\",\"publisher\":{\"@id\":\"https:\\\/\\\/www.sensortherm.de\\\/en\\\/#organization\"},\"potentialAction\":[{\"@type\":\"SearchAction\",\"target\":{\"@type\":\"EntryPoint\",\"urlTemplate\":\"https:\\\/\\\/www.sensortherm.de\\\/en\\\/?s={search_term_string}\"},\"query-input\":{\"@type\":\"PropertyValueSpecification\",\"valueRequired\":true,\"valueName\":\"search_term_string\"}}],\"inLanguage\":\"de\"},{\"@type\":\"Organization\",\"@id\":\"https:\\\/\\\/www.sensortherm.de\\\/en\\\/#organization\",\"name\":\"Sensortherm GmbH\",\"url\":\"https:\\\/\\\/www.sensortherm.de\\\/en\\\/\",\"logo\":{\"@type\":\"ImageObject\",\"inLanguage\":\"de\",\"@id\":\"https:\\\/\\\/www.sensortherm.de\\\/en\\\/#\\\/schema\\\/logo\\\/image\\\/\",\"url\":\"https:\\\/\\\/www.sensortherm.de\\\/wp-content\\\/uploads\\\/2021\\\/10\\\/Logo_Sensortherm_header_transparent.webp\",\"contentUrl\":\"https:\\\/\\\/www.sensortherm.de\\\/wp-content\\\/uploads\\\/2021\\\/10\\\/Logo_Sensortherm_header_transparent.webp\",\"width\":182,\"height\":69,\"caption\":\"Sensortherm GmbH\"},\"image\":{\"@id\":\"https:\\\/\\\/www.sensortherm.de\\\/en\\\/#\\\/schema\\\/logo\\\/image\\\/\"},\"sameAs\":[\"https:\\\/\\\/de.linkedin.com\\\/company\\\/sensortherm-gmbh\"]}]}<\/script>\n<!-- \/ Yoast SEO plugin. -->","yoast_head_json":{"title":"Profibus-Converter - Sensortherm","robots":{"index":"index","follow":"follow","max-snippet":"max-snippet:-1","max-image-preview":"max-image-preview:large","max-video-preview":"max-video-preview:-1"},"canonical":"https:\/\/www.sensortherm.de\/de\/product\/profibus-converter\/","og_locale":"de_DE","og_type":"article","og_title":"Profibus-Converter - Sensortherm","og_description":"zur Verbindung von Ger\u00e4ten mit RS232- oder RS485-Schnittstelle \u00fcber Profibus  PB10","og_url":"https:\/\/www.sensortherm.de\/de\/product\/profibus-converter\/","og_site_name":"Sensortherm","article_modified_time":"2025-05-08T06:54:12+00:00","og_image":[{"width":800,"height":800,"url":"https:\/\/www.sensortherm.de\/wp-content\/uploads\/2021\/03\/Profibusconverter_PB10.webp","type":"image\/webp"}],"twitter_card":"summary_large_image","schema":{"@context":"https:\/\/schema.org","@graph":[{"@type":"WebPage","@id":"https:\/\/www.sensortherm.de\/en\/product\/profibus-converter\/","url":"https:\/\/www.sensortherm.de\/en\/product\/profibus-converter\/","name":"Profibus-Converter - Sensortherm","isPartOf":{"@id":"https:\/\/www.sensortherm.de\/en\/#website"},"primaryImageOfPage":{"@id":"https:\/\/www.sensortherm.de\/en\/product\/profibus-converter\/#primaryimage"},"image":{"@id":"https:\/\/www.sensortherm.de\/en\/product\/profibus-converter\/#primaryimage"},"thumbnailUrl":"https:\/\/www.sensortherm.de\/wp-content\/uploads\/2021\/03\/Profibusconverter_PB10.webp","datePublished":"2021-03-26T11:24:17+00:00","dateModified":"2025-05-08T06:54:12+00:00","breadcrumb":{"@id":"https:\/\/www.sensortherm.de\/en\/product\/profibus-converter\/#breadcrumb"},"inLanguage":"de","potentialAction":[{"@type":"ReadAction","target":["https:\/\/www.sensortherm.de\/en\/product\/profibus-converter\/"]}]},{"@type":"ImageObject","inLanguage":"de","@id":"https:\/\/www.sensortherm.de\/en\/product\/profibus-converter\/#primaryimage","url":"https:\/\/www.sensortherm.de\/wp-content\/uploads\/2021\/03\/Profibusconverter_PB10.webp","contentUrl":"https:\/\/www.sensortherm.de\/wp-content\/uploads\/2021\/03\/Profibusconverter_PB10.webp","width":800,"height":800,"caption":"Profibus-Converter zur CZ-Schienenmontage zur Verbindung von Ger\u00e4ten mit RS232- oder RS485-Schnittstelle \u00fcber Profibus"},{"@type":"BreadcrumbList","@id":"https:\/\/www.sensortherm.de\/en\/product\/profibus-converter\/#breadcrumb","itemListElement":[{"@type":"ListItem","position":1,"name":"Home","item":"https:\/\/www.sensortherm.de\/"},{"@type":"ListItem","position":2,"name":"Pyrometer \/ Infrarotschalter","item":"https:\/\/www.sensortherm.de\/pyrometer-infrarotschalter\/"},{"@type":"ListItem","position":3,"name":"Profibus-Converter"}]},{"@type":"WebSite","@id":"https:\/\/www.sensortherm.de\/en\/#website","url":"https:\/\/www.sensortherm.de\/en\/","name":"Sensortherm","description":"Schnelle Infrarotmessger\u00e4te zur ber\u00fchrungslosen Temperaturmessung","publisher":{"@id":"https:\/\/www.sensortherm.de\/en\/#organization"},"potentialAction":[{"@type":"SearchAction","target":{"@type":"EntryPoint","urlTemplate":"https:\/\/www.sensortherm.de\/en\/?s={search_term_string}"},"query-input":{"@type":"PropertyValueSpecification","valueRequired":true,"valueName":"search_term_string"}}],"inLanguage":"de"},{"@type":"Organization","@id":"https:\/\/www.sensortherm.de\/en\/#organization","name":"Sensortherm GmbH","url":"https:\/\/www.sensortherm.de\/en\/","logo":{"@type":"ImageObject","inLanguage":"de","@id":"https:\/\/www.sensortherm.de\/en\/#\/schema\/logo\/image\/","url":"https:\/\/www.sensortherm.de\/wp-content\/uploads\/2021\/10\/Logo_Sensortherm_header_transparent.webp","contentUrl":"https:\/\/www.sensortherm.de\/wp-content\/uploads\/2021\/10\/Logo_Sensortherm_header_transparent.webp","width":182,"height":69,"caption":"Sensortherm GmbH"},"image":{"@id":"https:\/\/www.sensortherm.de\/en\/#\/schema\/logo\/image\/"},"sameAs":["https:\/\/de.linkedin.com\/company\/sensortherm-gmbh"]}]}},"_links":{"self":[{"href":"https:\/\/www.sensortherm.de\/de\/wp-json\/wp\/v2\/product\/6064","targetHints":{"allow":["GET"]}}],"collection":[{"href":"https:\/\/www.sensortherm.de\/de\/wp-json\/wp\/v2\/product"}],"about":[{"href":"https:\/\/www.sensortherm.de\/de\/wp-json\/wp\/v2\/types\/product"}],"wp:featuredmedia":[{"embeddable":true,"href":"https:\/\/www.sensortherm.de\/de\/wp-json\/wp\/v2\/media\/11252"}],"wp:attachment":[{"href":"https:\/\/www.sensortherm.de\/de\/wp-json\/wp\/v2\/media?parent=6064"}],"wp:term":[{"taxonomy":"product_brand","embeddable":true,"href":"https:\/\/www.sensortherm.de\/de\/wp-json\/wp\/v2\/product_brand?post=6064"},{"taxonomy":"product_cat","embeddable":true,"href":"https:\/\/www.sensortherm.de\/de\/wp-json\/wp\/v2\/product_cat?post=6064"},{"taxonomy":"product_tag","embeddable":true,"href":"https:\/\/www.sensortherm.de\/de\/wp-json\/wp\/v2\/product_tag?post=6064"}],"curies":[{"name":"wp","href":"https:\/\/api.w.org\/{rel}","templated":true}]}}