{"id":6046,"date":"2021-03-25T11:11:32","date_gmt":"2021-03-25T11:11:32","guid":{"rendered":"https:\/\/www.sensortherm.de\/?post_type=product&#038;p=6046"},"modified":"2024-04-09T10:09:57","modified_gmt":"2024-04-09T10:09:57","slug":"wasserkuehlgehaeuse-kg60-00","status":"publish","type":"product","link":"https:\/\/www.sensortherm.de\/de\/product\/wasserkuehlgehaeuse-kg60-00\/","title":{"rendered":"Wasserk\u00fchlgeh\u00e4use"},"content":{"rendered":"<p>Das <strong>Wasserk\u00fchlgeh\u00e4use KG60-00<\/strong> wird eingesetzt, um POLARIS-IR-Schalter au\u00dferhalb ihrer zul\u00e4ssigen Umgebungstemperatur zu betreiben. Als K\u00fchlmedium kann Wasser oder Luft verwendet werden, wobei die maximale K\u00fchlleistung nur mit Wasser erzielt wird.<\/p>\n<p><strong><img loading=\"lazy\" decoding=\"async\" class=\"alignnone size-full wp-image-2092\" src=\"https:\/\/www.sensortherm.de\/wp-content\/uploads\/2020\/08\/pdf-Icon.png\" alt=\"pdf-Icon\" width=\"25\" height=\"24\" \/><a href=\"https:\/\/www.sensortherm.de\/userfiles\/file\/step_pdf\/KG60-00_(cooling-jacket-for-POLARIS)_ZN011900.pdf\" target=\"_blank\" rel=\"noopener noreferrer\"> Zeichnung \/ drawing<\/a><\/strong><\/p>\n","protected":false},"excerpt":{"rendered":"<p>f\u00fcr SIRIUS-Pyrometer<\/p>\n<p><strong><img loading=\"lazy\" decoding=\"async\" class=\"alignnone size-full wp-image-2092\" src=\"https:\/\/www.sensortherm.de\/wp-content\/uploads\/2020\/08\/pdf-Icon.png\" alt=\"pdf-Icon\" width=\"25\" height=\"24\" \/><a href=\"https:\/\/www.sensortherm.de\/userfiles\/file\/Drawings\/KG60-00.pdf\" target=\"_blank\" rel=\"noopener noreferrer\"> KG60-00<\/a><\/strong><\/p>\n<hr \/>\n","protected":false},"featured_media":11255,"template":"","meta":{"_et_pb_use_builder":"off","_et_pb_old_content":"Das K\u00fchlgeh\u00e4use wird eingesetzt, um Pyrometer au\u00dferhalb ihrer zul\u00e4ssigen Umgebungstemperatur bei bis zu 250\u00b0C zu betreiben. Als K\u00fchlmedium kann Wasser oder Luft verwendet werden, wobei die maximale K\u00fchlleistung nur mit Wasser erzielt wird.\r\n\r\n<strong>KG10<\/strong> f\u00fcr METIS-Pyrometer mit 12-poligem Winkelstecker\r\n<strong>KG17<\/strong> f\u00fcr METIS-Pyrometer mit 17-poligem Winkelstecker\r\n<strong>KG13<\/strong> f\u00fcr METIS-M3-Pyrometer mit Kameramodul","_et_gb_content_width":""},"product_brand":[],"product_cat":[157],"product_tag":[206],"class_list":{"0":"post-6046","1":"product","2":"type-product","3":"status-publish","4":"has-post-thumbnail","6":"product_cat-zubehoer_polaris","7":"product_tag-mitdownloads","9":"first","10":"instock","11":"shipping-taxable","12":"purchasable","13":"product-type-simple"},"yoast_head":"<!-- This site is optimized with the Yoast SEO plugin v27.3 - https:\/\/yoast.com\/product\/yoast-seo-wordpress\/ -->\n<title>Wasserk\u00fchlgeh\u00e4use - Sensortherm<\/title>\n<meta name=\"robots\" content=\"index, follow, max-snippet:-1, max-image-preview:large, max-video-preview:-1\" \/>\n<link rel=\"canonical\" href=\"https:\/\/www.sensortherm.de\/de\/product\/wasserkuehlgehaeuse-kg60-00\/\" \/>\n<meta property=\"og:locale\" content=\"de_DE\" \/>\n<meta property=\"og:type\" content=\"article\" \/>\n<meta property=\"og:title\" content=\"Wasserk\u00fchlgeh\u00e4use - Sensortherm\" \/>\n<meta property=\"og:description\" content=\"f\u00fcr SIRIUS-Pyrometer   KG60-00\" \/>\n<meta property=\"og:url\" content=\"https:\/\/www.sensortherm.de\/de\/product\/wasserkuehlgehaeuse-kg60-00\/\" \/>\n<meta property=\"og:site_name\" content=\"Sensortherm\" \/>\n<meta property=\"article:modified_time\" content=\"2024-04-09T10:09:57+00:00\" \/>\n<meta property=\"og:image\" content=\"https:\/\/www.sensortherm.de\/wp-content\/uploads\/2021\/03\/Kuehlgehaeuse_KG60.webp\" \/>\n\t<meta property=\"og:image:width\" content=\"800\" \/>\n\t<meta property=\"og:image:height\" content=\"800\" \/>\n\t<meta property=\"og:image:type\" content=\"image\/webp\" \/>\n<meta name=\"twitter:card\" content=\"summary_large_image\" \/>\n<meta name=\"twitter:label1\" content=\"Gesch\u00e4tzte Lesezeit\" \/>\n\t<meta name=\"twitter:data1\" content=\"1\u00a0Minute\" \/>\n<script type=\"application\/ld+json\" class=\"yoast-schema-graph\">{\"@context\":\"https:\\\/\\\/schema.org\",\"@graph\":[{\"@type\":\"WebPage\",\"@id\":\"https:\\\/\\\/www.sensortherm.de\\\/de\\\/product\\\/wasserkuehlgehaeuse-kg60-00\\\/\",\"url\":\"https:\\\/\\\/www.sensortherm.de\\\/de\\\/product\\\/wasserkuehlgehaeuse-kg60-00\\\/\",\"name\":\"Wasserk\u00fchlgeh\u00e4use - Sensortherm\",\"isPartOf\":{\"@id\":\"https:\\\/\\\/www.sensortherm.de\\\/de\\\/#website\"},\"primaryImageOfPage\":{\"@id\":\"https:\\\/\\\/www.sensortherm.de\\\/de\\\/product\\\/wasserkuehlgehaeuse-kg60-00\\\/#primaryimage\"},\"image\":{\"@id\":\"https:\\\/\\\/www.sensortherm.de\\\/de\\\/product\\\/wasserkuehlgehaeuse-kg60-00\\\/#primaryimage\"},\"thumbnailUrl\":\"https:\\\/\\\/www.sensortherm.de\\\/wp-content\\\/uploads\\\/2021\\\/03\\\/Kuehlgehaeuse_KG60.webp\",\"datePublished\":\"2021-03-25T11:11:32+00:00\",\"dateModified\":\"2024-04-09T10:09:57+00:00\",\"breadcrumb\":{\"@id\":\"https:\\\/\\\/www.sensortherm.de\\\/de\\\/product\\\/wasserkuehlgehaeuse-kg60-00\\\/#breadcrumb\"},\"inLanguage\":\"de\",\"potentialAction\":[{\"@type\":\"ReadAction\",\"target\":[\"https:\\\/\\\/www.sensortherm.de\\\/de\\\/product\\\/wasserkuehlgehaeuse-kg60-00\\\/\"]}]},{\"@type\":\"ImageObject\",\"inLanguage\":\"de\",\"@id\":\"https:\\\/\\\/www.sensortherm.de\\\/de\\\/product\\\/wasserkuehlgehaeuse-kg60-00\\\/#primaryimage\",\"url\":\"https:\\\/\\\/www.sensortherm.de\\\/wp-content\\\/uploads\\\/2021\\\/03\\\/Kuehlgehaeuse_KG60.webp\",\"contentUrl\":\"https:\\\/\\\/www.sensortherm.de\\\/wp-content\\\/uploads\\\/2021\\\/03\\\/Kuehlgehaeuse_KG60.webp\",\"width\":800,\"height\":800,\"caption\":\"Wasserk\u00fchlgeh\u00e4use f\u00fcr SIRIUS-Pyrometer oder POLARIS-Infrarotschalter\"},{\"@type\":\"BreadcrumbList\",\"@id\":\"https:\\\/\\\/www.sensortherm.de\\\/de\\\/product\\\/wasserkuehlgehaeuse-kg60-00\\\/#breadcrumb\",\"itemListElement\":[{\"@type\":\"ListItem\",\"position\":1,\"name\":\"Home\",\"item\":\"https:\\\/\\\/www.sensortherm.de\\\/en\\\/\"},{\"@type\":\"ListItem\",\"position\":2,\"name\":\"Pyrometer \\\/ Infrarotschalter\",\"item\":\"https:\\\/\\\/www.sensortherm.de\\\/en\\\/pyrometers-infrared-switches\\\/\"},{\"@type\":\"ListItem\",\"position\":3,\"name\":\"Wasserk\u00fchlgeh\u00e4use\"}]},{\"@type\":\"WebSite\",\"@id\":\"https:\\\/\\\/www.sensortherm.de\\\/de\\\/#website\",\"url\":\"https:\\\/\\\/www.sensortherm.de\\\/de\\\/\",\"name\":\"Sensortherm\",\"description\":\"Schnelle Infrarotmessger\u00e4te zur ber\u00fchrungslosen Temperaturmessung\",\"publisher\":{\"@id\":\"https:\\\/\\\/www.sensortherm.de\\\/de\\\/#organization\"},\"potentialAction\":[{\"@type\":\"SearchAction\",\"target\":{\"@type\":\"EntryPoint\",\"urlTemplate\":\"https:\\\/\\\/www.sensortherm.de\\\/de\\\/?s={search_term_string}\"},\"query-input\":{\"@type\":\"PropertyValueSpecification\",\"valueRequired\":true,\"valueName\":\"search_term_string\"}}],\"inLanguage\":\"de\"},{\"@type\":\"Organization\",\"@id\":\"https:\\\/\\\/www.sensortherm.de\\\/de\\\/#organization\",\"name\":\"Sensortherm GmbH\",\"url\":\"https:\\\/\\\/www.sensortherm.de\\\/de\\\/\",\"logo\":{\"@type\":\"ImageObject\",\"inLanguage\":\"de\",\"@id\":\"https:\\\/\\\/www.sensortherm.de\\\/de\\\/#\\\/schema\\\/logo\\\/image\\\/\",\"url\":\"https:\\\/\\\/www.sensortherm.de\\\/wp-content\\\/uploads\\\/2021\\\/10\\\/Logo_Sensortherm_header_transparent.webp\",\"contentUrl\":\"https:\\\/\\\/www.sensortherm.de\\\/wp-content\\\/uploads\\\/2021\\\/10\\\/Logo_Sensortherm_header_transparent.webp\",\"width\":182,\"height\":69,\"caption\":\"Sensortherm GmbH\"},\"image\":{\"@id\":\"https:\\\/\\\/www.sensortherm.de\\\/de\\\/#\\\/schema\\\/logo\\\/image\\\/\"},\"sameAs\":[\"https:\\\/\\\/de.linkedin.com\\\/company\\\/sensortherm-gmbh\"]}]}<\/script>\n<!-- \/ Yoast SEO plugin. -->","yoast_head_json":{"title":"Wasserk\u00fchlgeh\u00e4use - Sensortherm","robots":{"index":"index","follow":"follow","max-snippet":"max-snippet:-1","max-image-preview":"max-image-preview:large","max-video-preview":"max-video-preview:-1"},"canonical":"https:\/\/www.sensortherm.de\/de\/product\/wasserkuehlgehaeuse-kg60-00\/","og_locale":"de_DE","og_type":"article","og_title":"Wasserk\u00fchlgeh\u00e4use - Sensortherm","og_description":"f\u00fcr SIRIUS-Pyrometer   KG60-00","og_url":"https:\/\/www.sensortherm.de\/de\/product\/wasserkuehlgehaeuse-kg60-00\/","og_site_name":"Sensortherm","article_modified_time":"2024-04-09T10:09:57+00:00","og_image":[{"width":800,"height":800,"url":"https:\/\/www.sensortherm.de\/wp-content\/uploads\/2021\/03\/Kuehlgehaeuse_KG60.webp","type":"image\/webp"}],"twitter_card":"summary_large_image","twitter_misc":{"Gesch\u00e4tzte Lesezeit":"1\u00a0Minute"},"schema":{"@context":"https:\/\/schema.org","@graph":[{"@type":"WebPage","@id":"https:\/\/www.sensortherm.de\/de\/product\/wasserkuehlgehaeuse-kg60-00\/","url":"https:\/\/www.sensortherm.de\/de\/product\/wasserkuehlgehaeuse-kg60-00\/","name":"Wasserk\u00fchlgeh\u00e4use - Sensortherm","isPartOf":{"@id":"https:\/\/www.sensortherm.de\/de\/#website"},"primaryImageOfPage":{"@id":"https:\/\/www.sensortherm.de\/de\/product\/wasserkuehlgehaeuse-kg60-00\/#primaryimage"},"image":{"@id":"https:\/\/www.sensortherm.de\/de\/product\/wasserkuehlgehaeuse-kg60-00\/#primaryimage"},"thumbnailUrl":"https:\/\/www.sensortherm.de\/wp-content\/uploads\/2021\/03\/Kuehlgehaeuse_KG60.webp","datePublished":"2021-03-25T11:11:32+00:00","dateModified":"2024-04-09T10:09:57+00:00","breadcrumb":{"@id":"https:\/\/www.sensortherm.de\/de\/product\/wasserkuehlgehaeuse-kg60-00\/#breadcrumb"},"inLanguage":"de","potentialAction":[{"@type":"ReadAction","target":["https:\/\/www.sensortherm.de\/de\/product\/wasserkuehlgehaeuse-kg60-00\/"]}]},{"@type":"ImageObject","inLanguage":"de","@id":"https:\/\/www.sensortherm.de\/de\/product\/wasserkuehlgehaeuse-kg60-00\/#primaryimage","url":"https:\/\/www.sensortherm.de\/wp-content\/uploads\/2021\/03\/Kuehlgehaeuse_KG60.webp","contentUrl":"https:\/\/www.sensortherm.de\/wp-content\/uploads\/2021\/03\/Kuehlgehaeuse_KG60.webp","width":800,"height":800,"caption":"Wasserk\u00fchlgeh\u00e4use f\u00fcr SIRIUS-Pyrometer oder POLARIS-Infrarotschalter"},{"@type":"BreadcrumbList","@id":"https:\/\/www.sensortherm.de\/de\/product\/wasserkuehlgehaeuse-kg60-00\/#breadcrumb","itemListElement":[{"@type":"ListItem","position":1,"name":"Home","item":"https:\/\/www.sensortherm.de\/en\/"},{"@type":"ListItem","position":2,"name":"Pyrometer \/ Infrarotschalter","item":"https:\/\/www.sensortherm.de\/en\/pyrometers-infrared-switches\/"},{"@type":"ListItem","position":3,"name":"Wasserk\u00fchlgeh\u00e4use"}]},{"@type":"WebSite","@id":"https:\/\/www.sensortherm.de\/de\/#website","url":"https:\/\/www.sensortherm.de\/de\/","name":"Sensortherm","description":"Schnelle Infrarotmessger\u00e4te zur ber\u00fchrungslosen Temperaturmessung","publisher":{"@id":"https:\/\/www.sensortherm.de\/de\/#organization"},"potentialAction":[{"@type":"SearchAction","target":{"@type":"EntryPoint","urlTemplate":"https:\/\/www.sensortherm.de\/de\/?s={search_term_string}"},"query-input":{"@type":"PropertyValueSpecification","valueRequired":true,"valueName":"search_term_string"}}],"inLanguage":"de"},{"@type":"Organization","@id":"https:\/\/www.sensortherm.de\/de\/#organization","name":"Sensortherm GmbH","url":"https:\/\/www.sensortherm.de\/de\/","logo":{"@type":"ImageObject","inLanguage":"de","@id":"https:\/\/www.sensortherm.de\/de\/#\/schema\/logo\/image\/","url":"https:\/\/www.sensortherm.de\/wp-content\/uploads\/2021\/10\/Logo_Sensortherm_header_transparent.webp","contentUrl":"https:\/\/www.sensortherm.de\/wp-content\/uploads\/2021\/10\/Logo_Sensortherm_header_transparent.webp","width":182,"height":69,"caption":"Sensortherm GmbH"},"image":{"@id":"https:\/\/www.sensortherm.de\/de\/#\/schema\/logo\/image\/"},"sameAs":["https:\/\/de.linkedin.com\/company\/sensortherm-gmbh"]}]}},"_links":{"self":[{"href":"https:\/\/www.sensortherm.de\/de\/wp-json\/wp\/v2\/product\/6046","targetHints":{"allow":["GET"]}}],"collection":[{"href":"https:\/\/www.sensortherm.de\/de\/wp-json\/wp\/v2\/product"}],"about":[{"href":"https:\/\/www.sensortherm.de\/de\/wp-json\/wp\/v2\/types\/product"}],"wp:featuredmedia":[{"embeddable":true,"href":"https:\/\/www.sensortherm.de\/de\/wp-json\/wp\/v2\/media\/11255"}],"wp:attachment":[{"href":"https:\/\/www.sensortherm.de\/de\/wp-json\/wp\/v2\/media?parent=6046"}],"wp:term":[{"taxonomy":"product_brand","embeddable":true,"href":"https:\/\/www.sensortherm.de\/de\/wp-json\/wp\/v2\/product_brand?post=6046"},{"taxonomy":"product_cat","embeddable":true,"href":"https:\/\/www.sensortherm.de\/de\/wp-json\/wp\/v2\/product_cat?post=6046"},{"taxonomy":"product_tag","embeddable":true,"href":"https:\/\/www.sensortherm.de\/de\/wp-json\/wp\/v2\/product_tag?post=6046"}],"curies":[{"name":"wp","href":"https:\/\/api.w.org\/{rel}","templated":true}]}}