{"id":5812,"date":"2021-03-19T08:26:33","date_gmt":"2021-03-19T08:26:33","guid":{"rendered":"https:\/\/www.sensortherm.de\/?post_type=product&#038;p=5812"},"modified":"2023-03-03T10:42:35","modified_gmt":"2023-03-03T10:42:35","slug":"pid-programmregler-regulus-rd-rf","status":"publish","type":"product","link":"https:\/\/www.sensortherm.de\/de\/product\/pid-programmregler-regulus-rd-rf\/","title":{"rendered":"PID-Programmregler REGULUS"},"content":{"rendered":"<p><strong>REGULUS RF <\/strong>und <strong>RD<\/strong> sind <strong>programmierbare PID-Temperaturregler<\/strong> f\u00fcr den Schalttafeleinbau oder im Tischgeh\u00e4use. Sie sind speziell f\u00fcr die Verwendung mit Sensortherm-Pyrometern entwickelt, um schnelle Temperatur\u00e4nderungen am Objekt zu erfassen und genauso schnell eine kontinuierlich angepasste Stellgr\u00f6\u00dfe auszugeben, beispielsweise zur Steuerung eines Hochfrequenzgenerators (<a href=\"https:\/\/www.sensortherm.de\/de\/kontakt\/\" target=\"_blank\" rel=\"noopener\">lassen Sie sich beraten, falls Sie weitere Unterst\u00fctzung ben\u00f6tigen<\/a>).<\/p>\n<ul>\n<li>Programmmierbar, d.h. es lassen sich Reihe nach verschiedene Sollwerte anfahren<\/li>\n<li>Sinnvolle Anfangswerte f\u00fcr die wichtigsten Regelparameter P und I lassen sich automatisch ermitteln<\/li>\n<li>\u00dcber Software lassen sich Temperaturen, Soll- und Regelparamter visuell mitverfolgen und erlauben so eine optimale Prozessoptimierung<\/li>\n<\/ul>\n<p><a href=\"https:\/\/www.sensortherm.de\/userfiles\/file\/datenblaetter\/de\/Sensortherm-Datenblatt_Regulus_RF_RD.pdf\" target=\"_blank\" rel=\"noopener noreferrer\"><img loading=\"lazy\" decoding=\"async\" class=\"wp-image-2092 alignnone size-full\" src=\"https:\/\/www.sensortherm.de\/wp-content\/uploads\/2020\/08\/pdf-Icon.png\" alt=\"pdf-Icon\" width=\"25\" height=\"24\" \/> <strong>Datenblatt<\/strong> (pdf deutsch)<\/a><br \/>\n<a href=\"https:\/\/www.sensortherm.de\/userfiles\/file\/datenblaetter\/en\/Sensortherm-Datasheet_Regulus_RF_RD.pdf\" target=\"_blank\" rel=\"noopener noreferrer\"><img loading=\"lazy\" decoding=\"async\" class=\"wp-image-2092 alignnone size-full\" src=\"https:\/\/www.sensortherm.de\/wp-content\/uploads\/2020\/08\/pdf-Icon.png\" alt=\"pdf-Icon\" width=\"25\" height=\"24\" \/> <strong>Data sheet<\/strong> (pdf english)<\/a><\/p>\n","protected":false},"excerpt":{"rendered":"<p>Regelschritte programmierbar, optimiert f\u00fcr Pyrometer<br \/>\nDirekte Stellgr\u00f6\u00dfenausgabe<br \/>\nExtrem schnelle Abtastzeit<br \/>\nAutomatische P-I-Parameterbestimmung<\/p>\n<p><strong><img loading=\"lazy\" decoding=\"async\" class=\"alignnone size-full wp-image-2092\" src=\"https:\/\/www.sensortherm.de\/wp-content\/uploads\/2020\/08\/pdf-Icon.png\" alt=\"pdf-Icon\" width=\"25\" height=\"24\" \/><a href=\"https:\/\/www.sensortherm.de\/userfiles\/file\/datenblaetter\/de\/Sensortherm-Datenblatt_Regulus_RF_RD.pdf\" target=\"_blank\" rel=\"noopener noreferrer\"> REGULUS (de)<\/a><br \/>\n<\/strong><strong><img loading=\"lazy\" decoding=\"async\" class=\"alignnone size-full wp-image-2092\" src=\"https:\/\/www.sensortherm.de\/wp-content\/uploads\/2020\/08\/pdf-Icon.png\" alt=\"pdf-Icon\" width=\"25\" height=\"24\" \/><a href=\"https:\/\/www.sensortherm.de\/userfiles\/file\/datenblaetter\/en\/Sensortherm-Datasheet_Regulus_RF_RD.pdf\" target=\"_blank\" rel=\"noopener noreferrer\"> REGULUS (en)<\/a><\/strong><\/p>\n<hr \/>\n","protected":false},"featured_media":11552,"template":"","meta":{"_et_pb_use_builder":"off","_et_pb_old_content":"<div class=\"et_pb_tab_content\">\r\n<div class=\"et_pb_module et_pb_wc_description et_pb_wc_description_0_tb_body et_pb_bg_layout_light et_pb_text_align_left\">\r\n<div class=\"et_pb_module_inner\">\r\n\r\n<strong>Einfarbenpyrometer im kurzwelligen Spektralbereich<\/strong> zur ber\u00fchrungslosen Temperaturmessung an Metallen, Keramik, Graphit und vielen weiteren Materialien (<a href=\"https:\/\/www.sensortherm.de\/kontakt\/\" target=\"_blank\" rel=\"noopener\">lassen Sie sich beraten<\/a>).\r\n<ul>\r\n \t<li>Sehr schnelle Messwerterfassung unter 0,5 s \/ Einstellzeit: < 1 ms<\/li>\r\n \t<li>Verf\u00fcgbare Messbereiche:\r\n550 \u2013 1400\u00b0C bzw. 1022 \u2013 2552\u00b0F\r\n600 \u2013 1600\u00b0C bzw. 1112 \u2013 2912\u00b0F\r\n650 \u2013 1800\u00b0C bzw. 1202 \u2013 3272\u00b0F\r\n750 \u2013 2500\u00b0C bzw. 1382 \u2013 4532\u00b0F\r\n900 \u2013 3000\u00b0C bzw. 1652 \u2013 5432\u00b0F *\r\n1000 \u2013 3300\u00b0C bzw. 1832 \u2013 5972\u00b0F *<\/li>\r\n \t<li>Spektralbereich: 0,7 \u2013 1,1 \u00b5m \/ *0,87 \u00b5m<\/li>\r\n \t<li>kleinstes Messfeld: 0,4 mm<\/li>\r\n<\/ul>\r\n<a href=\"https:\/\/www.sensortherm.de\/userfiles\/file\/datenblaetter\/de\/Sensortherm-Datenblatt_Metis_M309_M316_M318_M323.pdf\" target=\"_blank\" rel=\"noopener noreferrer\"><img class=\"wp-image-2092 alignnone size-full\" src=\"https:\/\/www.sensortherm.de\/wp-content\/uploads\/2020\/08\/pdf-Icon.png\" alt=\"pdf-Icon\" width=\"25\" height=\"24\" \/> <strong>Datenblatt<\/strong> (pdf deutsch)<\/a>\r\n<a href=\"https:\/\/www.sensortherm.de\/userfiles\/file\/datenblaetter\/en\/Sensortherm-Datasheet_Metis_M309_M316_M318_M323.pdf\" target=\"_blank\" rel=\"noopener noreferrer\"><img class=\"wp-image-2092 alignnone size-full\" src=\"https:\/\/www.sensortherm.de\/wp-content\/uploads\/2020\/08\/pdf-Icon.png\" alt=\"pdf-Icon\" width=\"25\" height=\"24\" \/> <strong>Data sheet<\/strong> (pdf english)<\/a>\r\n\r\n<\/div>\r\n<\/div>\r\n<\/div>","_et_gb_content_width":""},"product_brand":[],"product_cat":[94,174,175,176],"product_tag":[206],"class_list":{"0":"post-5812","1":"product","2":"type-product","3":"status-publish","4":"has-post-thumbnail","6":"product_cat-regler","7":"product_cat-zubehoer_elektrisch_m3_h3","8":"product_cat-zubehoer_elektrisch_m323","9":"product_cat-zubehoer_elektrisch_metis_sirius","10":"product_tag-mitdownloads","11":"pa_anwendung-induktive-erwarmung","13":"first","14":"instock","15":"shipping-taxable","16":"purchasable","17":"product-type-variable"},"yoast_head":"<!-- This site is optimized with the Yoast SEO plugin v27.3 - https:\/\/yoast.com\/product\/yoast-seo-wordpress\/ -->\n<title>PID-Programmregler REGULUS - Sensortherm<\/title>\n<meta name=\"robots\" content=\"index, follow, max-snippet:-1, max-image-preview:large, max-video-preview:-1\" \/>\n<link rel=\"canonical\" href=\"https:\/\/www.sensortherm.de\/de\/product\/pid-program-controller-regulus-rd-rf\/\" \/>\n<meta property=\"og:locale\" content=\"de_DE\" \/>\n<meta property=\"og:type\" content=\"article\" \/>\n<meta property=\"og:title\" content=\"PID-Programmregler REGULUS - Sensortherm\" \/>\n<meta property=\"og:description\" content=\"Regelschritte programmierbar, optimiert f\u00fcr Pyrometer Direkte Stellgr\u00f6\u00dfenausgabe Extrem schnelle Abtastzeit Automatische P-I-Parameterbestimmung   REGULUS (de)  REGULUS (en)\" \/>\n<meta property=\"og:url\" content=\"https:\/\/www.sensortherm.de\/de\/product\/pid-program-controller-regulus-rd-rf\/\" \/>\n<meta property=\"og:site_name\" content=\"Sensortherm\" \/>\n<meta property=\"article:modified_time\" content=\"2023-03-03T10:42:35+00:00\" \/>\n<meta property=\"og:image\" content=\"https:\/\/www.sensortherm.de\/wp-content\/uploads\/2021\/03\/PID-Programmregler_Regulus_RD_RF-1.webp\" \/>\n\t<meta property=\"og:image:width\" content=\"800\" \/>\n\t<meta property=\"og:image:height\" content=\"800\" \/>\n\t<meta property=\"og:image:type\" content=\"image\/webp\" \/>\n<meta name=\"twitter:card\" content=\"summary_large_image\" \/>\n<meta name=\"twitter:label1\" content=\"Gesch\u00e4tzte Lesezeit\" \/>\n\t<meta name=\"twitter:data1\" content=\"1\u00a0Minute\" \/>\n<script type=\"application\/ld+json\" class=\"yoast-schema-graph\">{\"@context\":\"https:\\\/\\\/schema.org\",\"@graph\":[{\"@type\":\"WebPage\",\"@id\":\"https:\\\/\\\/www.sensortherm.de\\\/en\\\/product\\\/pid-program-controller-regulus-rd-rf\\\/\",\"url\":\"https:\\\/\\\/www.sensortherm.de\\\/en\\\/product\\\/pid-program-controller-regulus-rd-rf\\\/\",\"name\":\"PID-Programmregler REGULUS - Sensortherm\",\"isPartOf\":{\"@id\":\"https:\\\/\\\/www.sensortherm.de\\\/de\\\/#website\"},\"primaryImageOfPage\":{\"@id\":\"https:\\\/\\\/www.sensortherm.de\\\/en\\\/product\\\/pid-program-controller-regulus-rd-rf\\\/#primaryimage\"},\"image\":{\"@id\":\"https:\\\/\\\/www.sensortherm.de\\\/en\\\/product\\\/pid-program-controller-regulus-rd-rf\\\/#primaryimage\"},\"thumbnailUrl\":\"https:\\\/\\\/www.sensortherm.de\\\/wp-content\\\/uploads\\\/2021\\\/03\\\/PID-Programmregler_Regulus_RD_RF-1.webp\",\"datePublished\":\"2021-03-19T08:26:33+00:00\",\"dateModified\":\"2023-03-03T10:42:35+00:00\",\"breadcrumb\":{\"@id\":\"https:\\\/\\\/www.sensortherm.de\\\/en\\\/product\\\/pid-program-controller-regulus-rd-rf\\\/#breadcrumb\"},\"inLanguage\":\"de\",\"potentialAction\":[{\"@type\":\"ReadAction\",\"target\":[\"https:\\\/\\\/www.sensortherm.de\\\/en\\\/product\\\/pid-program-controller-regulus-rd-rf\\\/\"]}]},{\"@type\":\"ImageObject\",\"inLanguage\":\"de\",\"@id\":\"https:\\\/\\\/www.sensortherm.de\\\/en\\\/product\\\/pid-program-controller-regulus-rd-rf\\\/#primaryimage\",\"url\":\"https:\\\/\\\/www.sensortherm.de\\\/wp-content\\\/uploads\\\/2021\\\/03\\\/PID-Programmregler_Regulus_RD_RF-1.webp\",\"contentUrl\":\"https:\\\/\\\/www.sensortherm.de\\\/wp-content\\\/uploads\\\/2021\\\/03\\\/PID-Programmregler_Regulus_RD_RF-1.webp\",\"width\":800,\"height\":800,\"caption\":\"PID-Programmregler im Tischgeh\u00e4use oder zum Einbauen.\"},{\"@type\":\"BreadcrumbList\",\"@id\":\"https:\\\/\\\/www.sensortherm.de\\\/en\\\/product\\\/pid-program-controller-regulus-rd-rf\\\/#breadcrumb\",\"itemListElement\":[{\"@type\":\"ListItem\",\"position\":1,\"name\":\"Home\",\"item\":\"https:\\\/\\\/www.sensortherm.de\\\/en\\\/\"},{\"@type\":\"ListItem\",\"position\":2,\"name\":\"Pyrometer \\\/ Infrarotschalter\",\"item\":\"https:\\\/\\\/www.sensortherm.de\\\/en\\\/pyrometers-infrared-switches\\\/\"},{\"@type\":\"ListItem\",\"position\":3,\"name\":\"PID-Programmregler REGULUS\"}]},{\"@type\":\"WebSite\",\"@id\":\"https:\\\/\\\/www.sensortherm.de\\\/de\\\/#website\",\"url\":\"https:\\\/\\\/www.sensortherm.de\\\/de\\\/\",\"name\":\"Sensortherm\",\"description\":\"Schnelle Infrarotmessger\u00e4te zur ber\u00fchrungslosen Temperaturmessung\",\"publisher\":{\"@id\":\"https:\\\/\\\/www.sensortherm.de\\\/de\\\/#organization\"},\"potentialAction\":[{\"@type\":\"SearchAction\",\"target\":{\"@type\":\"EntryPoint\",\"urlTemplate\":\"https:\\\/\\\/www.sensortherm.de\\\/de\\\/?s={search_term_string}\"},\"query-input\":{\"@type\":\"PropertyValueSpecification\",\"valueRequired\":true,\"valueName\":\"search_term_string\"}}],\"inLanguage\":\"de\"},{\"@type\":\"Organization\",\"@id\":\"https:\\\/\\\/www.sensortherm.de\\\/de\\\/#organization\",\"name\":\"Sensortherm GmbH\",\"url\":\"https:\\\/\\\/www.sensortherm.de\\\/de\\\/\",\"logo\":{\"@type\":\"ImageObject\",\"inLanguage\":\"de\",\"@id\":\"https:\\\/\\\/www.sensortherm.de\\\/de\\\/#\\\/schema\\\/logo\\\/image\\\/\",\"url\":\"https:\\\/\\\/www.sensortherm.de\\\/wp-content\\\/uploads\\\/2021\\\/10\\\/Logo_Sensortherm_header_transparent.webp\",\"contentUrl\":\"https:\\\/\\\/www.sensortherm.de\\\/wp-content\\\/uploads\\\/2021\\\/10\\\/Logo_Sensortherm_header_transparent.webp\",\"width\":182,\"height\":69,\"caption\":\"Sensortherm GmbH\"},\"image\":{\"@id\":\"https:\\\/\\\/www.sensortherm.de\\\/de\\\/#\\\/schema\\\/logo\\\/image\\\/\"},\"sameAs\":[\"https:\\\/\\\/de.linkedin.com\\\/company\\\/sensortherm-gmbh\"]}]}<\/script>\n<!-- \/ Yoast SEO plugin. -->","yoast_head_json":{"title":"PID-Programmregler REGULUS - Sensortherm","robots":{"index":"index","follow":"follow","max-snippet":"max-snippet:-1","max-image-preview":"max-image-preview:large","max-video-preview":"max-video-preview:-1"},"canonical":"https:\/\/www.sensortherm.de\/de\/product\/pid-program-controller-regulus-rd-rf\/","og_locale":"de_DE","og_type":"article","og_title":"PID-Programmregler REGULUS - Sensortherm","og_description":"Regelschritte programmierbar, optimiert f\u00fcr Pyrometer Direkte Stellgr\u00f6\u00dfenausgabe Extrem schnelle Abtastzeit Automatische P-I-Parameterbestimmung   REGULUS (de)  REGULUS (en)","og_url":"https:\/\/www.sensortherm.de\/de\/product\/pid-program-controller-regulus-rd-rf\/","og_site_name":"Sensortherm","article_modified_time":"2023-03-03T10:42:35+00:00","og_image":[{"width":800,"height":800,"url":"https:\/\/www.sensortherm.de\/wp-content\/uploads\/2021\/03\/PID-Programmregler_Regulus_RD_RF-1.webp","type":"image\/webp"}],"twitter_card":"summary_large_image","twitter_misc":{"Gesch\u00e4tzte Lesezeit":"1\u00a0Minute"},"schema":{"@context":"https:\/\/schema.org","@graph":[{"@type":"WebPage","@id":"https:\/\/www.sensortherm.de\/en\/product\/pid-program-controller-regulus-rd-rf\/","url":"https:\/\/www.sensortherm.de\/en\/product\/pid-program-controller-regulus-rd-rf\/","name":"PID-Programmregler REGULUS - Sensortherm","isPartOf":{"@id":"https:\/\/www.sensortherm.de\/de\/#website"},"primaryImageOfPage":{"@id":"https:\/\/www.sensortherm.de\/en\/product\/pid-program-controller-regulus-rd-rf\/#primaryimage"},"image":{"@id":"https:\/\/www.sensortherm.de\/en\/product\/pid-program-controller-regulus-rd-rf\/#primaryimage"},"thumbnailUrl":"https:\/\/www.sensortherm.de\/wp-content\/uploads\/2021\/03\/PID-Programmregler_Regulus_RD_RF-1.webp","datePublished":"2021-03-19T08:26:33+00:00","dateModified":"2023-03-03T10:42:35+00:00","breadcrumb":{"@id":"https:\/\/www.sensortherm.de\/en\/product\/pid-program-controller-regulus-rd-rf\/#breadcrumb"},"inLanguage":"de","potentialAction":[{"@type":"ReadAction","target":["https:\/\/www.sensortherm.de\/en\/product\/pid-program-controller-regulus-rd-rf\/"]}]},{"@type":"ImageObject","inLanguage":"de","@id":"https:\/\/www.sensortherm.de\/en\/product\/pid-program-controller-regulus-rd-rf\/#primaryimage","url":"https:\/\/www.sensortherm.de\/wp-content\/uploads\/2021\/03\/PID-Programmregler_Regulus_RD_RF-1.webp","contentUrl":"https:\/\/www.sensortherm.de\/wp-content\/uploads\/2021\/03\/PID-Programmregler_Regulus_RD_RF-1.webp","width":800,"height":800,"caption":"PID-Programmregler im Tischgeh\u00e4use oder zum Einbauen."},{"@type":"BreadcrumbList","@id":"https:\/\/www.sensortherm.de\/en\/product\/pid-program-controller-regulus-rd-rf\/#breadcrumb","itemListElement":[{"@type":"ListItem","position":1,"name":"Home","item":"https:\/\/www.sensortherm.de\/en\/"},{"@type":"ListItem","position":2,"name":"Pyrometer \/ Infrarotschalter","item":"https:\/\/www.sensortherm.de\/en\/pyrometers-infrared-switches\/"},{"@type":"ListItem","position":3,"name":"PID-Programmregler REGULUS"}]},{"@type":"WebSite","@id":"https:\/\/www.sensortherm.de\/de\/#website","url":"https:\/\/www.sensortherm.de\/de\/","name":"Sensortherm","description":"Schnelle Infrarotmessger\u00e4te zur ber\u00fchrungslosen Temperaturmessung","publisher":{"@id":"https:\/\/www.sensortherm.de\/de\/#organization"},"potentialAction":[{"@type":"SearchAction","target":{"@type":"EntryPoint","urlTemplate":"https:\/\/www.sensortherm.de\/de\/?s={search_term_string}"},"query-input":{"@type":"PropertyValueSpecification","valueRequired":true,"valueName":"search_term_string"}}],"inLanguage":"de"},{"@type":"Organization","@id":"https:\/\/www.sensortherm.de\/de\/#organization","name":"Sensortherm GmbH","url":"https:\/\/www.sensortherm.de\/de\/","logo":{"@type":"ImageObject","inLanguage":"de","@id":"https:\/\/www.sensortherm.de\/de\/#\/schema\/logo\/image\/","url":"https:\/\/www.sensortherm.de\/wp-content\/uploads\/2021\/10\/Logo_Sensortherm_header_transparent.webp","contentUrl":"https:\/\/www.sensortherm.de\/wp-content\/uploads\/2021\/10\/Logo_Sensortherm_header_transparent.webp","width":182,"height":69,"caption":"Sensortherm GmbH"},"image":{"@id":"https:\/\/www.sensortherm.de\/de\/#\/schema\/logo\/image\/"},"sameAs":["https:\/\/de.linkedin.com\/company\/sensortherm-gmbh"]}]}},"_links":{"self":[{"href":"https:\/\/www.sensortherm.de\/de\/wp-json\/wp\/v2\/product\/5812","targetHints":{"allow":["GET"]}}],"collection":[{"href":"https:\/\/www.sensortherm.de\/de\/wp-json\/wp\/v2\/product"}],"about":[{"href":"https:\/\/www.sensortherm.de\/de\/wp-json\/wp\/v2\/types\/product"}],"wp:featuredmedia":[{"embeddable":true,"href":"https:\/\/www.sensortherm.de\/de\/wp-json\/wp\/v2\/media\/11552"}],"wp:attachment":[{"href":"https:\/\/www.sensortherm.de\/de\/wp-json\/wp\/v2\/media?parent=5812"}],"wp:term":[{"taxonomy":"product_brand","embeddable":true,"href":"https:\/\/www.sensortherm.de\/de\/wp-json\/wp\/v2\/product_brand?post=5812"},{"taxonomy":"product_cat","embeddable":true,"href":"https:\/\/www.sensortherm.de\/de\/wp-json\/wp\/v2\/product_cat?post=5812"},{"taxonomy":"product_tag","embeddable":true,"href":"https:\/\/www.sensortherm.de\/de\/wp-json\/wp\/v2\/product_tag?post=5812"}],"curies":[{"name":"wp","href":"https:\/\/api.w.org\/{rel}","templated":true}]}}