{"id":5783,"date":"2021-03-18T07:59:41","date_gmt":"2021-03-18T07:59:41","guid":{"rendered":"https:\/\/www.sensortherm.de\/?post_type=product&#038;p=5783"},"modified":"2025-03-05T10:32:18","modified_gmt":"2025-03-05T10:32:18","slug":"galaxy-scanner-sc7-sc8","status":"publish","type":"product","link":"https:\/\/www.sensortherm.de\/de\/product\/galaxy-scanner-sc7-sc8\/","title":{"rendered":"GALAXY-Scanner SC7 \/ SC8"},"content":{"rendered":"<p><strong>GALAXY-Linienscanner<\/strong> bewegen das Messfeld eines Pyrometers kontinuierlich \u00fcber Objekte und erfassen in gleichm\u00e4\u00dfigen Winkelabst\u00e4nden Temperaturen. Bei einem einstellbaren Messwinkel zwischen 0,56 und 90\u00b0 lassen sich so 10 bis 1600 Messwerte aufnehmen und auswerten (<a href=\"https:\/\/www.sensortherm.de\/de\/kontakt\/\" target=\"_blank\" rel=\"noopener\">lassen Sie sich beraten<\/a>).<\/p>\n<ul>\n<li>Verwendbar mit Einkanal- und Quotientenpyrometern der Serien METIS<\/li>\n<li>16 separat auswertbare Messregionen<\/li>\n<li>Digitale Ein- und Ausg\u00e4nge zur externen Aktivierung oder Schaltsignalausgabe bei Temperaturereignissen<\/li>\n<\/ul>\n<p><a href=\"https:\/\/www.sensortherm.de\/userfiles\/file\/datenblaetter\/de\/Sensortherm-Datenblatt_Galaxy_SC71_SC72_SC73_SC75_SC81_SC82_SC83_SC85.pdf\" target=\"_blank\" rel=\"noopener noreferrer\"><img loading=\"lazy\" decoding=\"async\" class=\"wp-image-2092 alignnone size-full\" src=\"https:\/\/www.sensortherm.de\/wp-content\/uploads\/2020\/08\/pdf-Icon.png\" alt=\"pdf-Icon\" width=\"25\" height=\"24\" \/> <strong>Datenblatt<\/strong> (pdf deutsch)<\/a><br \/>\n<a href=\"https:\/\/www.sensortherm.de\/userfiles\/file\/datenblaetter\/en\/Sensortherm-Datasheet_Galaxy_SC71_SC72_SC73_SC75_SC81_SC82_SC83_SC85.pdf\" target=\"_blank\" rel=\"noopener noreferrer\"><img loading=\"lazy\" decoding=\"async\" class=\"wp-image-2092 alignnone size-full\" src=\"https:\/\/www.sensortherm.de\/wp-content\/uploads\/2020\/08\/pdf-Icon.png\" alt=\"pdf-Icon\" width=\"25\" height=\"24\" \/> <strong>Data sheet<\/strong> (pdf english)<\/a><\/p>\n","protected":false},"excerpt":{"rendered":"<p>Verwendbar mit Einkanal- und Quotientenpyrometern<br \/>\n16 separat auswertbare Messregionen<br \/>\nDigitale Ein- und Ausg\u00e4nge zur externen Aktivierung oder Schaltsignalausgabe bei Temperaturereignissen<\/p>\n","protected":false},"featured_media":12562,"template":"","meta":[],"product_brand":[],"product_cat":[36],"product_tag":[117,206],"class_list":{"0":"post-5783","1":"product","2":"type-product","3":"status-publish","4":"has-post-thumbnail","6":"product_cat-scanner","7":"product_tag-metis","8":"product_tag-mitdownloads","9":"pa_anwendung-nichtmetalle","10":"pa_anwendung-walzwerk-strangguss","12":"first","13":"instock","14":"shipping-taxable","15":"purchasable","16":"product-type-variable"},"yoast_head":"<!-- This site is optimized with the Yoast SEO plugin v27.5 - https:\/\/yoast.com\/product\/yoast-seo-wordpress\/ -->\n<title>GALAXY-Scanner SC7 \/ SC8 - Sensortherm<\/title>\n<meta name=\"robots\" content=\"index, follow, max-snippet:-1, max-image-preview:large, max-video-preview:-1\" \/>\n<link rel=\"canonical\" href=\"https:\/\/www.sensortherm.de\/de\/product\/galaxy-scanner-sc7-sc8\/\" \/>\n<meta property=\"og:locale\" content=\"de_DE\" \/>\n<meta property=\"og:type\" content=\"article\" \/>\n<meta property=\"og:title\" content=\"GALAXY-Scanner SC7 \/ SC8 - Sensortherm\" \/>\n<meta property=\"og:description\" content=\"Verwendbar mit Einkanal- und Quotientenpyrometern 16 separat auswertbare Messregionen Digitale Ein- und Ausg\u00e4nge zur externen Aktivierung oder Schaltsignalausgabe bei Temperaturereignissen\" \/>\n<meta property=\"og:url\" content=\"https:\/\/www.sensortherm.de\/de\/product\/galaxy-scanner-sc7-sc8\/\" \/>\n<meta property=\"og:site_name\" content=\"Sensortherm\" \/>\n<meta property=\"article:modified_time\" content=\"2025-03-05T10:32:18+00:00\" \/>\n<meta property=\"og:image\" content=\"https:\/\/www.sensortherm.de\/wp-content\/uploads\/2021\/03\/Galaxy_SC7-line-scanner.webp\" \/>\n\t<meta property=\"og:image:width\" content=\"800\" \/>\n\t<meta property=\"og:image:height\" content=\"800\" \/>\n\t<meta property=\"og:image:type\" content=\"image\/webp\" \/>\n<meta name=\"twitter:card\" content=\"summary_large_image\" \/>\n<meta name=\"twitter:label1\" content=\"Gesch\u00e4tzte Lesezeit\" \/>\n\t<meta name=\"twitter:data1\" content=\"1\u00a0Minute\" \/>\n<script type=\"application\/ld+json\" class=\"yoast-schema-graph\">{\"@context\":\"https:\\\/\\\/schema.org\",\"@graph\":[{\"@type\":\"WebPage\",\"@id\":\"https:\\\/\\\/www.sensortherm.de\\\/de\\\/product\\\/galaxy-scanner-sc7-sc8\\\/\",\"url\":\"https:\\\/\\\/www.sensortherm.de\\\/de\\\/product\\\/galaxy-scanner-sc7-sc8\\\/\",\"name\":\"GALAXY-Scanner SC7 \\\/ SC8 - Sensortherm\",\"isPartOf\":{\"@id\":\"https:\\\/\\\/www.sensortherm.de\\\/de\\\/#website\"},\"primaryImageOfPage\":{\"@id\":\"https:\\\/\\\/www.sensortherm.de\\\/de\\\/product\\\/galaxy-scanner-sc7-sc8\\\/#primaryimage\"},\"image\":{\"@id\":\"https:\\\/\\\/www.sensortherm.de\\\/de\\\/product\\\/galaxy-scanner-sc7-sc8\\\/#primaryimage\"},\"thumbnailUrl\":\"https:\\\/\\\/www.sensortherm.de\\\/wp-content\\\/uploads\\\/2021\\\/03\\\/Galaxy_SC7-line-scanner.webp\",\"datePublished\":\"2021-03-18T07:59:41+00:00\",\"dateModified\":\"2025-03-05T10:32:18+00:00\",\"breadcrumb\":{\"@id\":\"https:\\\/\\\/www.sensortherm.de\\\/de\\\/product\\\/galaxy-scanner-sc7-sc8\\\/#breadcrumb\"},\"inLanguage\":\"de\",\"potentialAction\":[{\"@type\":\"ReadAction\",\"target\":[\"https:\\\/\\\/www.sensortherm.de\\\/de\\\/product\\\/galaxy-scanner-sc7-sc8\\\/\"]}]},{\"@type\":\"ImageObject\",\"inLanguage\":\"de\",\"@id\":\"https:\\\/\\\/www.sensortherm.de\\\/de\\\/product\\\/galaxy-scanner-sc7-sc8\\\/#primaryimage\",\"url\":\"https:\\\/\\\/www.sensortherm.de\\\/wp-content\\\/uploads\\\/2021\\\/03\\\/Galaxy_SC7-line-scanner.webp\",\"contentUrl\":\"https:\\\/\\\/www.sensortherm.de\\\/wp-content\\\/uploads\\\/2021\\\/03\\\/Galaxy_SC7-line-scanner.webp\",\"width\":800,\"height\":800,\"caption\":\"Linienscanner mit Pyrometer f\u00fcr Messwinkel zwischen 0,56 und 90\u00b0\"},{\"@type\":\"BreadcrumbList\",\"@id\":\"https:\\\/\\\/www.sensortherm.de\\\/de\\\/product\\\/galaxy-scanner-sc7-sc8\\\/#breadcrumb\",\"itemListElement\":[{\"@type\":\"ListItem\",\"position\":1,\"name\":\"Home\",\"item\":\"https:\\\/\\\/www.sensortherm.de\\\/de\\\/\"},{\"@type\":\"ListItem\",\"position\":2,\"name\":\"Pyrometer \\\/ Infrarotschalter\",\"item\":\"https:\\\/\\\/www.sensortherm.de\\\/de\\\/pyrometer-infrarotschalter\\\/\"},{\"@type\":\"ListItem\",\"position\":3,\"name\":\"GALAXY-Scanner SC7 \\\/ SC8\"}]},{\"@type\":\"WebSite\",\"@id\":\"https:\\\/\\\/www.sensortherm.de\\\/de\\\/#website\",\"url\":\"https:\\\/\\\/www.sensortherm.de\\\/de\\\/\",\"name\":\"Sensortherm\",\"description\":\"Schnelle Infrarotmessger\u00e4te zur ber\u00fchrungslosen Temperaturmessung\",\"publisher\":{\"@id\":\"https:\\\/\\\/www.sensortherm.de\\\/de\\\/#organization\"},\"potentialAction\":[{\"@type\":\"SearchAction\",\"target\":{\"@type\":\"EntryPoint\",\"urlTemplate\":\"https:\\\/\\\/www.sensortherm.de\\\/de\\\/?s={search_term_string}\"},\"query-input\":{\"@type\":\"PropertyValueSpecification\",\"valueRequired\":true,\"valueName\":\"search_term_string\"}}],\"inLanguage\":\"de\"},{\"@type\":\"Organization\",\"@id\":\"https:\\\/\\\/www.sensortherm.de\\\/de\\\/#organization\",\"name\":\"Sensortherm GmbH\",\"url\":\"https:\\\/\\\/www.sensortherm.de\\\/de\\\/\",\"logo\":{\"@type\":\"ImageObject\",\"inLanguage\":\"de\",\"@id\":\"https:\\\/\\\/www.sensortherm.de\\\/de\\\/#\\\/schema\\\/logo\\\/image\\\/\",\"url\":\"https:\\\/\\\/www.sensortherm.de\\\/wp-content\\\/uploads\\\/2021\\\/10\\\/Logo_Sensortherm_header_transparent.webp\",\"contentUrl\":\"https:\\\/\\\/www.sensortherm.de\\\/wp-content\\\/uploads\\\/2021\\\/10\\\/Logo_Sensortherm_header_transparent.webp\",\"width\":182,\"height\":69,\"caption\":\"Sensortherm GmbH\"},\"image\":{\"@id\":\"https:\\\/\\\/www.sensortherm.de\\\/de\\\/#\\\/schema\\\/logo\\\/image\\\/\"},\"sameAs\":[\"https:\\\/\\\/de.linkedin.com\\\/company\\\/sensortherm-gmbh\"]}]}<\/script>\n<!-- \/ Yoast SEO plugin. -->","yoast_head_json":{"title":"GALAXY-Scanner SC7 \/ SC8 - Sensortherm","robots":{"index":"index","follow":"follow","max-snippet":"max-snippet:-1","max-image-preview":"max-image-preview:large","max-video-preview":"max-video-preview:-1"},"canonical":"https:\/\/www.sensortherm.de\/de\/product\/galaxy-scanner-sc7-sc8\/","og_locale":"de_DE","og_type":"article","og_title":"GALAXY-Scanner SC7 \/ SC8 - Sensortherm","og_description":"Verwendbar mit Einkanal- und Quotientenpyrometern 16 separat auswertbare Messregionen Digitale Ein- und Ausg\u00e4nge zur externen Aktivierung oder Schaltsignalausgabe bei Temperaturereignissen","og_url":"https:\/\/www.sensortherm.de\/de\/product\/galaxy-scanner-sc7-sc8\/","og_site_name":"Sensortherm","article_modified_time":"2025-03-05T10:32:18+00:00","og_image":[{"width":800,"height":800,"url":"https:\/\/www.sensortherm.de\/wp-content\/uploads\/2021\/03\/Galaxy_SC7-line-scanner.webp","type":"image\/webp"}],"twitter_card":"summary_large_image","twitter_misc":{"Gesch\u00e4tzte Lesezeit":"1\u00a0Minute"},"schema":{"@context":"https:\/\/schema.org","@graph":[{"@type":"WebPage","@id":"https:\/\/www.sensortherm.de\/de\/product\/galaxy-scanner-sc7-sc8\/","url":"https:\/\/www.sensortherm.de\/de\/product\/galaxy-scanner-sc7-sc8\/","name":"GALAXY-Scanner SC7 \/ SC8 - Sensortherm","isPartOf":{"@id":"https:\/\/www.sensortherm.de\/de\/#website"},"primaryImageOfPage":{"@id":"https:\/\/www.sensortherm.de\/de\/product\/galaxy-scanner-sc7-sc8\/#primaryimage"},"image":{"@id":"https:\/\/www.sensortherm.de\/de\/product\/galaxy-scanner-sc7-sc8\/#primaryimage"},"thumbnailUrl":"https:\/\/www.sensortherm.de\/wp-content\/uploads\/2021\/03\/Galaxy_SC7-line-scanner.webp","datePublished":"2021-03-18T07:59:41+00:00","dateModified":"2025-03-05T10:32:18+00:00","breadcrumb":{"@id":"https:\/\/www.sensortherm.de\/de\/product\/galaxy-scanner-sc7-sc8\/#breadcrumb"},"inLanguage":"de","potentialAction":[{"@type":"ReadAction","target":["https:\/\/www.sensortherm.de\/de\/product\/galaxy-scanner-sc7-sc8\/"]}]},{"@type":"ImageObject","inLanguage":"de","@id":"https:\/\/www.sensortherm.de\/de\/product\/galaxy-scanner-sc7-sc8\/#primaryimage","url":"https:\/\/www.sensortherm.de\/wp-content\/uploads\/2021\/03\/Galaxy_SC7-line-scanner.webp","contentUrl":"https:\/\/www.sensortherm.de\/wp-content\/uploads\/2021\/03\/Galaxy_SC7-line-scanner.webp","width":800,"height":800,"caption":"Linienscanner mit Pyrometer f\u00fcr Messwinkel zwischen 0,56 und 90\u00b0"},{"@type":"BreadcrumbList","@id":"https:\/\/www.sensortherm.de\/de\/product\/galaxy-scanner-sc7-sc8\/#breadcrumb","itemListElement":[{"@type":"ListItem","position":1,"name":"Home","item":"https:\/\/www.sensortherm.de\/de\/"},{"@type":"ListItem","position":2,"name":"Pyrometer \/ Infrarotschalter","item":"https:\/\/www.sensortherm.de\/de\/pyrometer-infrarotschalter\/"},{"@type":"ListItem","position":3,"name":"GALAXY-Scanner SC7 \/ SC8"}]},{"@type":"WebSite","@id":"https:\/\/www.sensortherm.de\/de\/#website","url":"https:\/\/www.sensortherm.de\/de\/","name":"Sensortherm","description":"Schnelle Infrarotmessger\u00e4te zur ber\u00fchrungslosen Temperaturmessung","publisher":{"@id":"https:\/\/www.sensortherm.de\/de\/#organization"},"potentialAction":[{"@type":"SearchAction","target":{"@type":"EntryPoint","urlTemplate":"https:\/\/www.sensortherm.de\/de\/?s={search_term_string}"},"query-input":{"@type":"PropertyValueSpecification","valueRequired":true,"valueName":"search_term_string"}}],"inLanguage":"de"},{"@type":"Organization","@id":"https:\/\/www.sensortherm.de\/de\/#organization","name":"Sensortherm GmbH","url":"https:\/\/www.sensortherm.de\/de\/","logo":{"@type":"ImageObject","inLanguage":"de","@id":"https:\/\/www.sensortherm.de\/de\/#\/schema\/logo\/image\/","url":"https:\/\/www.sensortherm.de\/wp-content\/uploads\/2021\/10\/Logo_Sensortherm_header_transparent.webp","contentUrl":"https:\/\/www.sensortherm.de\/wp-content\/uploads\/2021\/10\/Logo_Sensortherm_header_transparent.webp","width":182,"height":69,"caption":"Sensortherm GmbH"},"image":{"@id":"https:\/\/www.sensortherm.de\/de\/#\/schema\/logo\/image\/"},"sameAs":["https:\/\/de.linkedin.com\/company\/sensortherm-gmbh"]}]}},"_links":{"self":[{"href":"https:\/\/www.sensortherm.de\/de\/wp-json\/wp\/v2\/product\/5783","targetHints":{"allow":["GET"]}}],"collection":[{"href":"https:\/\/www.sensortherm.de\/de\/wp-json\/wp\/v2\/product"}],"about":[{"href":"https:\/\/www.sensortherm.de\/de\/wp-json\/wp\/v2\/types\/product"}],"wp:featuredmedia":[{"embeddable":true,"href":"https:\/\/www.sensortherm.de\/de\/wp-json\/wp\/v2\/media\/12562"}],"wp:attachment":[{"href":"https:\/\/www.sensortherm.de\/de\/wp-json\/wp\/v2\/media?parent=5783"}],"wp:term":[{"taxonomy":"product_brand","embeddable":true,"href":"https:\/\/www.sensortherm.de\/de\/wp-json\/wp\/v2\/product_brand?post=5783"},{"taxonomy":"product_cat","embeddable":true,"href":"https:\/\/www.sensortherm.de\/de\/wp-json\/wp\/v2\/product_cat?post=5783"},{"taxonomy":"product_tag","embeddable":true,"href":"https:\/\/www.sensortherm.de\/de\/wp-json\/wp\/v2\/product_tag?post=5783"}],"curies":[{"name":"wp","href":"https:\/\/api.w.org\/{rel}","templated":true}]}}