{"id":5753,"date":"2021-03-17T11:30:06","date_gmt":"2021-03-17T11:30:06","guid":{"rendered":"https:\/\/www.sensortherm.de\/?post_type=product&#038;p=5753"},"modified":"2022-10-17T14:00:15","modified_gmt":"2022-10-17T14:00:15","slug":"diadem-di16-transfer-standard-pyrometer","status":"publish","type":"product","link":"https:\/\/www.sensortherm.de\/de\/product\/diadem-di16-transfer-standard-pyrometer\/","title":{"rendered":"DIADEM DI16 (Transfer-Standard-Pyrometer)"},"content":{"rendered":"<div class=\"et_pb_tab_content\">\n<div class=\"et_pb_module et_pb_wc_description et_pb_wc_description_0_tb_body et_pb_bg_layout_light et_pb_text_align_left\">\n<div class=\"et_pb_module_inner\">\n<p><strong>Hochgenaue Transfer-Standard-Pyrometer<\/strong> werden zur \u00dcberpr\u00fcfung von Kalibrierstrahlern sowie der Messwert\u00fcbertragung auf Kalibrierstrahler und Pyrometer verwendet.<\/p>\n<ul>\n<li>Anzeigeaufl\u00f6sung 0,01\u00b0<\/li>\n<li>Messunsicherheit nur 0,15% vom Messwert +1K<\/li>\n<li>Verf\u00fcgbare Messbereiche:<br \/>\n250 \u2013 1400\u00b0C<br \/>\n300 \u2013 1500\u00b0C<\/li>\n<li>Spektralbereich: 1,45 \u2013 1,8 \u00b5m<\/li>\n<\/ul>\n<p><a href=\"https:\/\/www.sensortherm.de\/userfiles\/file\/datenblaetter\/de\/Sensortherm-Datenblatt_Diadem_DS06_DS09_DI13_DI16.pdf\" target=\"_blank\" rel=\"noopener noreferrer\"><img loading=\"lazy\" decoding=\"async\" class=\"wp-image-2092 alignnone size-full\" src=\"https:\/\/www.sensortherm.de\/wp-content\/uploads\/2020\/08\/pdf-Icon.png\" alt=\"pdf-Icon\" width=\"25\" height=\"24\" \/> <strong>Datenblatt<\/strong> (pdf deutsch)<\/a><br \/>\n<a href=\"https:\/\/www.sensortherm.de\/userfiles\/file\/datenblaetter\/en\/Sensortherm-Datasheet_Diadem_DS06_DS09_DI13_DI16.pdf\" target=\"_blank\" rel=\"noopener noreferrer\"><img loading=\"lazy\" decoding=\"async\" class=\"wp-image-2092 alignnone size-full\" src=\"https:\/\/www.sensortherm.de\/wp-content\/uploads\/2020\/08\/pdf-Icon.png\" alt=\"pdf-Icon\" width=\"25\" height=\"24\" \/> <strong>Data sheet<\/strong> (pdf english)<\/a><\/p>\n<\/div>\n<\/div>\n<\/div>\n","protected":false},"excerpt":{"rendered":"<p style=\"text-align: left;\">zur \u00dcberpr\u00fcfung und pyrometrischen Nachjustierung vom CS1500<br \/>\n2 Messbereiche zw. 250 und 1500\u00b0C<br \/>\nSpektralbereich 1,45 \u2013 1,8 \u00b5m; 5 ms schnell<br \/>\nDisplay<\/p>\n","protected":false},"featured_media":11239,"template":"","meta":[],"product_brand":[],"product_cat":[92,116,192],"product_tag":[118,206],"class_list":{"0":"post-5753","1":"product","2":"type-product","3":"status-publish","4":"has-post-thumbnail","6":"product_cat-einfarbenpyrometer","7":"product_cat-transferstandardpyrometer","8":"product_cat-zubehoer_elektrisch_cs1500","9":"product_tag-diadem","10":"product_tag-mitdownloads","11":"pa_anwendung-kalibrierstrahlerueberpruefung","12":"pa_visiereinrichtung-durchblickvisier-2","13":"pa_visiereinrichtung-laserpilotlicht","15":"first","16":"instock","17":"shipping-taxable","18":"purchasable","19":"product-type-variable"},"yoast_head":"<!-- This site is optimized with the Yoast SEO plugin v27.5 - https:\/\/yoast.com\/product\/yoast-seo-wordpress\/ -->\n<title>DIADEM DI16 (Transfer-Standard-Pyrometer) - Sensortherm<\/title>\n<meta name=\"robots\" content=\"index, follow, max-snippet:-1, max-image-preview:large, max-video-preview:-1\" \/>\n<link rel=\"canonical\" href=\"https:\/\/www.sensortherm.de\/de\/product\/diadem-di16-transfer-standard-pyrometer\/\" \/>\n<meta property=\"og:locale\" content=\"de_DE\" \/>\n<meta property=\"og:type\" content=\"article\" \/>\n<meta property=\"og:title\" content=\"DIADEM DI16 (Transfer-Standard-Pyrometer) - Sensortherm\" \/>\n<meta property=\"og:description\" content=\"zur \u00dcberpr\u00fcfung und pyrometrischen Nachjustierung vom CS1500 2 Messbereiche zw. 250 und 1500\u00b0C Spektralbereich 1,45 \u2013 1,8 \u00b5m; 5 ms schnell Display\" \/>\n<meta property=\"og:url\" content=\"https:\/\/www.sensortherm.de\/de\/product\/diadem-di16-transfer-standard-pyrometer\/\" \/>\n<meta property=\"og:site_name\" content=\"Sensortherm\" \/>\n<meta property=\"article:modified_time\" content=\"2022-10-17T14:00:15+00:00\" \/>\n<meta property=\"og:image\" content=\"https:\/\/www.sensortherm.de\/wp-content\/uploads\/2021\/03\/Diadem_Transfer-Standard-Pyrometer.webp\" \/>\n\t<meta property=\"og:image:width\" content=\"800\" \/>\n\t<meta property=\"og:image:height\" content=\"800\" \/>\n\t<meta property=\"og:image:type\" content=\"image\/webp\" \/>\n<meta name=\"twitter:card\" content=\"summary_large_image\" \/>\n<meta name=\"twitter:label1\" content=\"Gesch\u00e4tzte Lesezeit\" \/>\n\t<meta name=\"twitter:data1\" content=\"1\u00a0Minute\" \/>\n<script type=\"application\/ld+json\" class=\"yoast-schema-graph\">{\"@context\":\"https:\\\/\\\/schema.org\",\"@graph\":[{\"@type\":\"WebPage\",\"@id\":\"https:\\\/\\\/www.sensortherm.de\\\/de\\\/product\\\/diadem-di16-transfer-standard-pyrometer\\\/\",\"url\":\"https:\\\/\\\/www.sensortherm.de\\\/de\\\/product\\\/diadem-di16-transfer-standard-pyrometer\\\/\",\"name\":\"DIADEM DI16 (Transfer-Standard-Pyrometer) - Sensortherm\",\"isPartOf\":{\"@id\":\"https:\\\/\\\/www.sensortherm.de\\\/en\\\/#website\"},\"primaryImageOfPage\":{\"@id\":\"https:\\\/\\\/www.sensortherm.de\\\/de\\\/product\\\/diadem-di16-transfer-standard-pyrometer\\\/#primaryimage\"},\"image\":{\"@id\":\"https:\\\/\\\/www.sensortherm.de\\\/de\\\/product\\\/diadem-di16-transfer-standard-pyrometer\\\/#primaryimage\"},\"thumbnailUrl\":\"https:\\\/\\\/www.sensortherm.de\\\/wp-content\\\/uploads\\\/2021\\\/03\\\/Diadem_Transfer-Standard-Pyrometer.webp\",\"datePublished\":\"2021-03-17T11:30:06+00:00\",\"dateModified\":\"2022-10-17T14:00:15+00:00\",\"breadcrumb\":{\"@id\":\"https:\\\/\\\/www.sensortherm.de\\\/de\\\/product\\\/diadem-di16-transfer-standard-pyrometer\\\/#breadcrumb\"},\"inLanguage\":\"de\",\"potentialAction\":[{\"@type\":\"ReadAction\",\"target\":[\"https:\\\/\\\/www.sensortherm.de\\\/de\\\/product\\\/diadem-di16-transfer-standard-pyrometer\\\/\"]}]},{\"@type\":\"ImageObject\",\"inLanguage\":\"de\",\"@id\":\"https:\\\/\\\/www.sensortherm.de\\\/de\\\/product\\\/diadem-di16-transfer-standard-pyrometer\\\/#primaryimage\",\"url\":\"https:\\\/\\\/www.sensortherm.de\\\/wp-content\\\/uploads\\\/2021\\\/03\\\/Diadem_Transfer-Standard-Pyrometer.webp\",\"contentUrl\":\"https:\\\/\\\/www.sensortherm.de\\\/wp-content\\\/uploads\\\/2021\\\/03\\\/Diadem_Transfer-Standard-Pyrometer.webp\",\"width\":800,\"height\":800,\"caption\":\"Hochgenaues Transfer-Standard-Pyrometer zur \u00dcberpr\u00fcfung von Kalibrierstrahlern\"},{\"@type\":\"BreadcrumbList\",\"@id\":\"https:\\\/\\\/www.sensortherm.de\\\/de\\\/product\\\/diadem-di16-transfer-standard-pyrometer\\\/#breadcrumb\",\"itemListElement\":[{\"@type\":\"ListItem\",\"position\":1,\"name\":\"Home\",\"item\":\"https:\\\/\\\/www.sensortherm.de\\\/\"},{\"@type\":\"ListItem\",\"position\":2,\"name\":\"Pyrometer \\\/ Infrarotschalter\",\"item\":\"https:\\\/\\\/www.sensortherm.de\\\/pyrometer-infrarotschalter\\\/\"},{\"@type\":\"ListItem\",\"position\":3,\"name\":\"DIADEM DI16 (Transfer-Standard-Pyrometer)\"}]},{\"@type\":\"WebSite\",\"@id\":\"https:\\\/\\\/www.sensortherm.de\\\/en\\\/#website\",\"url\":\"https:\\\/\\\/www.sensortherm.de\\\/en\\\/\",\"name\":\"Sensortherm\",\"description\":\"Schnelle Infrarotmessger\u00e4te zur ber\u00fchrungslosen Temperaturmessung\",\"publisher\":{\"@id\":\"https:\\\/\\\/www.sensortherm.de\\\/en\\\/#organization\"},\"potentialAction\":[{\"@type\":\"SearchAction\",\"target\":{\"@type\":\"EntryPoint\",\"urlTemplate\":\"https:\\\/\\\/www.sensortherm.de\\\/en\\\/?s={search_term_string}\"},\"query-input\":{\"@type\":\"PropertyValueSpecification\",\"valueRequired\":true,\"valueName\":\"search_term_string\"}}],\"inLanguage\":\"de\"},{\"@type\":\"Organization\",\"@id\":\"https:\\\/\\\/www.sensortherm.de\\\/en\\\/#organization\",\"name\":\"Sensortherm GmbH\",\"url\":\"https:\\\/\\\/www.sensortherm.de\\\/en\\\/\",\"logo\":{\"@type\":\"ImageObject\",\"inLanguage\":\"de\",\"@id\":\"https:\\\/\\\/www.sensortherm.de\\\/en\\\/#\\\/schema\\\/logo\\\/image\\\/\",\"url\":\"https:\\\/\\\/www.sensortherm.de\\\/wp-content\\\/uploads\\\/2021\\\/10\\\/Logo_Sensortherm_header_transparent.webp\",\"contentUrl\":\"https:\\\/\\\/www.sensortherm.de\\\/wp-content\\\/uploads\\\/2021\\\/10\\\/Logo_Sensortherm_header_transparent.webp\",\"width\":182,\"height\":69,\"caption\":\"Sensortherm GmbH\"},\"image\":{\"@id\":\"https:\\\/\\\/www.sensortherm.de\\\/en\\\/#\\\/schema\\\/logo\\\/image\\\/\"},\"sameAs\":[\"https:\\\/\\\/de.linkedin.com\\\/company\\\/sensortherm-gmbh\"]}]}<\/script>\n<!-- \/ Yoast SEO plugin. -->","yoast_head_json":{"title":"DIADEM DI16 (Transfer-Standard-Pyrometer) - Sensortherm","robots":{"index":"index","follow":"follow","max-snippet":"max-snippet:-1","max-image-preview":"max-image-preview:large","max-video-preview":"max-video-preview:-1"},"canonical":"https:\/\/www.sensortherm.de\/de\/product\/diadem-di16-transfer-standard-pyrometer\/","og_locale":"de_DE","og_type":"article","og_title":"DIADEM DI16 (Transfer-Standard-Pyrometer) - Sensortherm","og_description":"zur \u00dcberpr\u00fcfung und pyrometrischen Nachjustierung vom CS1500 2 Messbereiche zw. 250 und 1500\u00b0C Spektralbereich 1,45 \u2013 1,8 \u00b5m; 5 ms schnell Display","og_url":"https:\/\/www.sensortherm.de\/de\/product\/diadem-di16-transfer-standard-pyrometer\/","og_site_name":"Sensortherm","article_modified_time":"2022-10-17T14:00:15+00:00","og_image":[{"width":800,"height":800,"url":"https:\/\/www.sensortherm.de\/wp-content\/uploads\/2021\/03\/Diadem_Transfer-Standard-Pyrometer.webp","type":"image\/webp"}],"twitter_card":"summary_large_image","twitter_misc":{"Gesch\u00e4tzte Lesezeit":"1\u00a0Minute"},"schema":{"@context":"https:\/\/schema.org","@graph":[{"@type":"WebPage","@id":"https:\/\/www.sensortherm.de\/de\/product\/diadem-di16-transfer-standard-pyrometer\/","url":"https:\/\/www.sensortherm.de\/de\/product\/diadem-di16-transfer-standard-pyrometer\/","name":"DIADEM DI16 (Transfer-Standard-Pyrometer) - Sensortherm","isPartOf":{"@id":"https:\/\/www.sensortherm.de\/en\/#website"},"primaryImageOfPage":{"@id":"https:\/\/www.sensortherm.de\/de\/product\/diadem-di16-transfer-standard-pyrometer\/#primaryimage"},"image":{"@id":"https:\/\/www.sensortherm.de\/de\/product\/diadem-di16-transfer-standard-pyrometer\/#primaryimage"},"thumbnailUrl":"https:\/\/www.sensortherm.de\/wp-content\/uploads\/2021\/03\/Diadem_Transfer-Standard-Pyrometer.webp","datePublished":"2021-03-17T11:30:06+00:00","dateModified":"2022-10-17T14:00:15+00:00","breadcrumb":{"@id":"https:\/\/www.sensortherm.de\/de\/product\/diadem-di16-transfer-standard-pyrometer\/#breadcrumb"},"inLanguage":"de","potentialAction":[{"@type":"ReadAction","target":["https:\/\/www.sensortherm.de\/de\/product\/diadem-di16-transfer-standard-pyrometer\/"]}]},{"@type":"ImageObject","inLanguage":"de","@id":"https:\/\/www.sensortherm.de\/de\/product\/diadem-di16-transfer-standard-pyrometer\/#primaryimage","url":"https:\/\/www.sensortherm.de\/wp-content\/uploads\/2021\/03\/Diadem_Transfer-Standard-Pyrometer.webp","contentUrl":"https:\/\/www.sensortherm.de\/wp-content\/uploads\/2021\/03\/Diadem_Transfer-Standard-Pyrometer.webp","width":800,"height":800,"caption":"Hochgenaues Transfer-Standard-Pyrometer zur \u00dcberpr\u00fcfung von Kalibrierstrahlern"},{"@type":"BreadcrumbList","@id":"https:\/\/www.sensortherm.de\/de\/product\/diadem-di16-transfer-standard-pyrometer\/#breadcrumb","itemListElement":[{"@type":"ListItem","position":1,"name":"Home","item":"https:\/\/www.sensortherm.de\/"},{"@type":"ListItem","position":2,"name":"Pyrometer \/ Infrarotschalter","item":"https:\/\/www.sensortherm.de\/pyrometer-infrarotschalter\/"},{"@type":"ListItem","position":3,"name":"DIADEM DI16 (Transfer-Standard-Pyrometer)"}]},{"@type":"WebSite","@id":"https:\/\/www.sensortherm.de\/en\/#website","url":"https:\/\/www.sensortherm.de\/en\/","name":"Sensortherm","description":"Schnelle Infrarotmessger\u00e4te zur ber\u00fchrungslosen Temperaturmessung","publisher":{"@id":"https:\/\/www.sensortherm.de\/en\/#organization"},"potentialAction":[{"@type":"SearchAction","target":{"@type":"EntryPoint","urlTemplate":"https:\/\/www.sensortherm.de\/en\/?s={search_term_string}"},"query-input":{"@type":"PropertyValueSpecification","valueRequired":true,"valueName":"search_term_string"}}],"inLanguage":"de"},{"@type":"Organization","@id":"https:\/\/www.sensortherm.de\/en\/#organization","name":"Sensortherm GmbH","url":"https:\/\/www.sensortherm.de\/en\/","logo":{"@type":"ImageObject","inLanguage":"de","@id":"https:\/\/www.sensortherm.de\/en\/#\/schema\/logo\/image\/","url":"https:\/\/www.sensortherm.de\/wp-content\/uploads\/2021\/10\/Logo_Sensortherm_header_transparent.webp","contentUrl":"https:\/\/www.sensortherm.de\/wp-content\/uploads\/2021\/10\/Logo_Sensortherm_header_transparent.webp","width":182,"height":69,"caption":"Sensortherm GmbH"},"image":{"@id":"https:\/\/www.sensortherm.de\/en\/#\/schema\/logo\/image\/"},"sameAs":["https:\/\/de.linkedin.com\/company\/sensortherm-gmbh"]}]}},"_links":{"self":[{"href":"https:\/\/www.sensortherm.de\/de\/wp-json\/wp\/v2\/product\/5753","targetHints":{"allow":["GET"]}}],"collection":[{"href":"https:\/\/www.sensortherm.de\/de\/wp-json\/wp\/v2\/product"}],"about":[{"href":"https:\/\/www.sensortherm.de\/de\/wp-json\/wp\/v2\/types\/product"}],"wp:featuredmedia":[{"embeddable":true,"href":"https:\/\/www.sensortherm.de\/de\/wp-json\/wp\/v2\/media\/11239"}],"wp:attachment":[{"href":"https:\/\/www.sensortherm.de\/de\/wp-json\/wp\/v2\/media?parent=5753"}],"wp:term":[{"taxonomy":"product_brand","embeddable":true,"href":"https:\/\/www.sensortherm.de\/de\/wp-json\/wp\/v2\/product_brand?post=5753"},{"taxonomy":"product_cat","embeddable":true,"href":"https:\/\/www.sensortherm.de\/de\/wp-json\/wp\/v2\/product_cat?post=5753"},{"taxonomy":"product_tag","embeddable":true,"href":"https:\/\/www.sensortherm.de\/de\/wp-json\/wp\/v2\/product_tag?post=5753"}],"curies":[{"name":"wp","href":"https:\/\/api.w.org\/{rel}","templated":true}]}}