{"id":5624,"date":"2021-03-01T09:00:33","date_gmt":"2021-03-01T09:00:33","guid":{"rendered":"https:\/\/www.sensortherm.de\/?post_type=product&#038;p=5624"},"modified":"2023-04-28T12:36:53","modified_gmt":"2023-04-28T12:36:53","slug":"heavy-duty-messsystem","status":"publish","type":"product","link":"https:\/\/www.sensortherm.de\/de\/product\/heavy-duty-messsystem\/","title":{"rendered":"Heavy-Duty-Messsystem f\u00fcr METIS-M3- oder H3-Pyrometer"},"content":{"rendered":"<div class=\"et_pb_tab_content\">\n<div class=\"et_pb_module et_pb_wc_description et_pb_wc_description_0_tb_body et_pb_bg_layout_light et_pb_text_align_left\">\n<div class=\"et_pb_module_inner\">\n<p>Das <strong>Pyrometer-Messsystem in schwerer Edelstahlausf\u00fchrung<\/strong> kann mit Pyrometern der Serien METIS M3 und der Highspeedvariante H3 verwendet werden und wird damit zur ber\u00fchrungslosen Temperaturmessung von Metallen, Keramik, Graphit und vielen weiteren Materialien verwendet (<a href=\"https:\/\/www.sensortherm.de\/de\/kontakt\/\" target=\"_blank\" rel=\"noopener\">lassen Sie sich beraten<\/a>).<\/p>\n<p>Das Heavy-Duty-Messsystem in schwerer Edelstahlausf\u00fchrung ist f\u00fcr die Einsatzbedingungen in der Stahlindustrie optimal angepasst. Das Objektivsystem ist f\u00fcr bis zu 250\u00b0C ausgelegt, die Sp\u00fclluft sorgt zus\u00e4tzlich f\u00fcr K\u00fchlung und h\u00e4lt das Objektivrohr und damit das Pyrometer-Sichtfeld frei von Verunreinigungen. Die Elektronik des Messsystems wird in bis zu 30 m Entfernung in einer gesch\u00fctzten Position montiert.<\/p>\n<p><a href=\"https:\/\/www.sensortherm.de\/userfiles\/file\/datenblaetter\/de\/Sensortherm-Datenblatt_HD_Heavy-Duty-Messsystem_Metis_M3.pdf\" target=\"_blank\" rel=\"noopener noreferrer\"><img loading=\"lazy\" decoding=\"async\" class=\"wp-image-2092 alignnone size-full\" src=\"https:\/\/www.sensortherm.de\/wp-content\/uploads\/2020\/08\/pdf-Icon.png\" alt=\"pdf-Icon\" width=\"25\" height=\"24\" \/><strong> Datenblatt Heavy-Duty-Messsystem<\/strong> (pdf deutsch)<\/a><br \/>\n<a href=\"https:\/\/www.sensortherm.de\/userfiles\/file\/datenblaetter\/en\/Sensortherm-Datasheet_HD_Heavy-Duty_MeasuringSystem_Metis_M3.pdf\" target=\"_blank\" rel=\"noopener noreferrer\"><img loading=\"lazy\" decoding=\"async\" class=\"wp-image-2092 alignnone size-full\" src=\"https:\/\/www.sensortherm.de\/wp-content\/uploads\/2020\/08\/pdf-Icon.png\" alt=\"pdf-Icon\" width=\"25\" height=\"24\" \/><strong> Datasheet Heavy-Duty Measuring System<\/strong> (pdf english)<\/a><\/p>\n<p><a href=\"https:\/\/www.sensortherm.de\/userfiles\/file\/datenblaetter\/application\/Sensortherm-Anwendung_Stahlindustrie.pdf\" target=\"_blank\" rel=\"noopener noreferrer\"><img loading=\"lazy\" decoding=\"async\" class=\"wp-image-2092 alignnone size-full\" src=\"https:\/\/www.sensortherm.de\/wp-content\/uploads\/2020\/08\/pdf-Icon.png\" alt=\"pdf-Icon\" width=\"25\" height=\"24\" \/><strong> Temperatur\u00fcberwachung in der Stahlindustrie<\/strong> (pdf deutsch)<\/a><br \/>\n<a href=\"https:\/\/www.sensortherm.de\/userfiles\/file\/datenblaetter\/application\/Sensortherm-Application_Steel-Industry.pdf\" target=\"_blank\" rel=\"noopener noreferrer\"><img loading=\"lazy\" decoding=\"async\" class=\"wp-image-2092 alignnone size-full\" src=\"https:\/\/www.sensortherm.de\/wp-content\/uploads\/2020\/08\/pdf-Icon.png\" alt=\"pdf-Icon\" width=\"25\" height=\"24\" \/><strong> Steel Industry Temperature Monitoring<\/strong> (pdf english)<\/a><\/p>\n<\/div>\n<\/div>\n<\/div>\n","protected":false},"excerpt":{"rendered":"<p>Fokusabstand bis zu 4,5 m<br \/>\nEinsatz bis zu 250\u00b0C am Messkopf<br \/>\nEdelstahl-Gewebeschlauch in L\u00e4ngen bis zu 30 m<br \/>\nFreiblasvorrichtung f\u00fcr das Objektivsystem<\/p>\n","protected":false},"featured_media":11233,"template":"","meta":{"_et_pb_use_builder":"off","_et_pb_old_content":"<div class=\"et_pb_tab_content\">\r\n<div class=\"et_pb_module et_pb_wc_description et_pb_wc_description_0_tb_body et_pb_bg_layout_light et_pb_text_align_left\">\r\n<div class=\"et_pb_module_inner\">\r\n\r\n<strong>Einfarbenpyrometer im kurzwelligen Spektralbereich<\/strong> zur ber\u00fchrungslosen Temperaturmessung an Metallen, Keramik, Graphit und vielen weiteren Materialien (<a href=\"https:\/\/www.sensortherm.de\/kontakt\/\" target=\"_blank\" rel=\"noopener\">lassen Sie sich beraten<\/a>).\r\n<ul>\r\n \t<li>Sehr schnelle Messwerterfassung unter 0,5 s \/ Einstellzeit: < 1 ms<\/li>\r\n \t<li>Verf\u00fcgbare Messbereiche:\r\n550 \u2013 1400\u00b0C bzw. 1022 \u2013 2552\u00b0F\r\n600 \u2013 1600\u00b0C bzw. 1112 \u2013 2912\u00b0F\r\n650 \u2013 1800\u00b0C bzw. 1202 \u2013 3272\u00b0F\r\n750 \u2013 2500\u00b0C bzw. 1382 \u2013 4532\u00b0F\r\n900 \u2013 3000\u00b0C bzw. 1652 \u2013 5432\u00b0F *\r\n1000 \u2013 3300\u00b0C bzw. 1832 \u2013 5972\u00b0F *<\/li>\r\n \t<li>Spektralbereich: 0,7 \u2013 1,1 \u00b5m \/ *0,87 \u00b5m<\/li>\r\n \t<li>kleinstes Messfeld: 0,4 mm<\/li>\r\n<\/ul>\r\n<a href=\"https:\/\/www.sensortherm.de\/userfiles\/file\/datenblaetter\/de\/Sensortherm-Datenblatt_Metis_M309_M316_M318_M323.pdf\" target=\"_blank\" rel=\"noopener noreferrer\"><img class=\"wp-image-2092 alignnone size-full\" src=\"https:\/\/www.sensortherm.de\/wp-content\/uploads\/2020\/08\/pdf-Icon.png\" alt=\"pdf-Icon\" width=\"25\" height=\"24\" \/> <strong>Datenblatt<\/strong> (pdf deutsch)<\/a>\r\n<a href=\"https:\/\/www.sensortherm.de\/userfiles\/file\/datenblaetter\/en\/Sensortherm-Datasheet_Metis_M309_M316_M318_M323.pdf\" target=\"_blank\" rel=\"noopener noreferrer\"><img class=\"wp-image-2092 alignnone size-full\" src=\"https:\/\/www.sensortherm.de\/wp-content\/uploads\/2020\/08\/pdf-Icon.png\" alt=\"pdf-Icon\" width=\"25\" height=\"24\" \/> <strong>Data sheet<\/strong> (pdf english)<\/a>\r\n\r\n<\/div>\r\n<\/div>\r\n<\/div>","_et_gb_content_width":""},"product_brand":[],"product_cat":[92,113,93],"product_tag":[117,206],"class_list":{"0":"post-5624","1":"product","2":"type-product","3":"status-publish","4":"has-post-thumbnail","6":"product_cat-einfarbenpyrometer","7":"product_cat-highspeedpyrometer","8":"product_cat-quotientenpyrometer","9":"product_tag-metis","10":"product_tag-mitdownloads","11":"pa_anwendung-giesstrahl-metallschmelze","12":"pa_anwendung-walzwerk-strangguss","14":"first","15":"instock","16":"shipping-taxable","17":"purchasable","18":"product-type-variable"},"yoast_head":"<!-- This site is optimized with the Yoast SEO plugin v27.3 - https:\/\/yoast.com\/product\/yoast-seo-wordpress\/ -->\n<title>Heavy-Duty-Messsystem f\u00fcr METIS-M3- oder H3-Pyrometer - Sensortherm<\/title>\n<meta name=\"robots\" content=\"index, follow, max-snippet:-1, max-image-preview:large, max-video-preview:-1\" \/>\n<link rel=\"canonical\" href=\"https:\/\/www.sensortherm.de\/de\/product\/heavy-duty-messsystem\/\" \/>\n<meta property=\"og:locale\" content=\"de_DE\" \/>\n<meta property=\"og:type\" content=\"article\" \/>\n<meta property=\"og:title\" content=\"Heavy-Duty-Messsystem f\u00fcr METIS-M3- oder H3-Pyrometer - Sensortherm\" \/>\n<meta property=\"og:description\" content=\"Fokusabstand bis zu 4,5 m Einsatz bis zu 250\u00b0C am Messkopf Edelstahl-Gewebeschlauch in L\u00e4ngen bis zu 30 m Freiblasvorrichtung f\u00fcr das Objektivsystem\" \/>\n<meta property=\"og:url\" content=\"https:\/\/www.sensortherm.de\/de\/product\/heavy-duty-messsystem\/\" \/>\n<meta property=\"og:site_name\" content=\"Sensortherm\" \/>\n<meta property=\"article:modified_time\" content=\"2023-04-28T12:36:53+00:00\" \/>\n<meta property=\"og:image\" content=\"https:\/\/www.sensortherm.de\/wp-content\/uploads\/2021\/03\/Heavy-Duty-Messsystem.webp\" \/>\n\t<meta property=\"og:image:width\" content=\"800\" \/>\n\t<meta property=\"og:image:height\" content=\"800\" \/>\n\t<meta property=\"og:image:type\" content=\"image\/webp\" \/>\n<meta name=\"twitter:card\" content=\"summary_large_image\" \/>\n<meta name=\"twitter:label1\" content=\"Gesch\u00e4tzte Lesezeit\" \/>\n\t<meta name=\"twitter:data1\" content=\"2\u00a0Minuten\" \/>\n<script type=\"application\/ld+json\" class=\"yoast-schema-graph\">{\"@context\":\"https:\\\/\\\/schema.org\",\"@graph\":[{\"@type\":\"WebPage\",\"@id\":\"https:\\\/\\\/www.sensortherm.de\\\/de\\\/product\\\/heavy-duty-messsystem\\\/\",\"url\":\"https:\\\/\\\/www.sensortherm.de\\\/de\\\/product\\\/heavy-duty-messsystem\\\/\",\"name\":\"Heavy-Duty-Messsystem f\u00fcr METIS-M3- oder H3-Pyrometer - Sensortherm\",\"isPartOf\":{\"@id\":\"https:\\\/\\\/www.sensortherm.de\\\/de\\\/#website\"},\"primaryImageOfPage\":{\"@id\":\"https:\\\/\\\/www.sensortherm.de\\\/de\\\/product\\\/heavy-duty-messsystem\\\/#primaryimage\"},\"image\":{\"@id\":\"https:\\\/\\\/www.sensortherm.de\\\/de\\\/product\\\/heavy-duty-messsystem\\\/#primaryimage\"},\"thumbnailUrl\":\"https:\\\/\\\/www.sensortherm.de\\\/wp-content\\\/uploads\\\/2021\\\/03\\\/Heavy-Duty-Messsystem.webp\",\"datePublished\":\"2021-03-01T09:00:33+00:00\",\"dateModified\":\"2023-04-28T12:36:53+00:00\",\"breadcrumb\":{\"@id\":\"https:\\\/\\\/www.sensortherm.de\\\/de\\\/product\\\/heavy-duty-messsystem\\\/#breadcrumb\"},\"inLanguage\":\"de\",\"potentialAction\":[{\"@type\":\"ReadAction\",\"target\":[\"https:\\\/\\\/www.sensortherm.de\\\/de\\\/product\\\/heavy-duty-messsystem\\\/\"]}]},{\"@type\":\"ImageObject\",\"inLanguage\":\"de\",\"@id\":\"https:\\\/\\\/www.sensortherm.de\\\/de\\\/product\\\/heavy-duty-messsystem\\\/#primaryimage\",\"url\":\"https:\\\/\\\/www.sensortherm.de\\\/wp-content\\\/uploads\\\/2021\\\/03\\\/Heavy-Duty-Messsystem.webp\",\"contentUrl\":\"https:\\\/\\\/www.sensortherm.de\\\/wp-content\\\/uploads\\\/2021\\\/03\\\/Heavy-Duty-Messsystem.webp\",\"width\":800,\"height\":800,\"caption\":\"Heavy-Duty-Pyrometer-Messsystem f\u00fcr den Einsatz in rauen Umgebungs\u00adbedingun\u00adgen\"},{\"@type\":\"BreadcrumbList\",\"@id\":\"https:\\\/\\\/www.sensortherm.de\\\/de\\\/product\\\/heavy-duty-messsystem\\\/#breadcrumb\",\"itemListElement\":[{\"@type\":\"ListItem\",\"position\":1,\"name\":\"Home\",\"item\":\"https:\\\/\\\/www.sensortherm.de\\\/en\\\/\"},{\"@type\":\"ListItem\",\"position\":2,\"name\":\"Pyrometer \\\/ Infrarotschalter\",\"item\":\"https:\\\/\\\/www.sensortherm.de\\\/en\\\/pyrometers-infrared-switches\\\/\"},{\"@type\":\"ListItem\",\"position\":3,\"name\":\"Heavy-Duty-Messsystem f\u00fcr METIS-M3- oder H3-Pyrometer\"}]},{\"@type\":\"WebSite\",\"@id\":\"https:\\\/\\\/www.sensortherm.de\\\/de\\\/#website\",\"url\":\"https:\\\/\\\/www.sensortherm.de\\\/de\\\/\",\"name\":\"Sensortherm\",\"description\":\"Schnelle Infrarotmessger\u00e4te zur ber\u00fchrungslosen Temperaturmessung\",\"publisher\":{\"@id\":\"https:\\\/\\\/www.sensortherm.de\\\/de\\\/#organization\"},\"potentialAction\":[{\"@type\":\"SearchAction\",\"target\":{\"@type\":\"EntryPoint\",\"urlTemplate\":\"https:\\\/\\\/www.sensortherm.de\\\/de\\\/?s={search_term_string}\"},\"query-input\":{\"@type\":\"PropertyValueSpecification\",\"valueRequired\":true,\"valueName\":\"search_term_string\"}}],\"inLanguage\":\"de\"},{\"@type\":\"Organization\",\"@id\":\"https:\\\/\\\/www.sensortherm.de\\\/de\\\/#organization\",\"name\":\"Sensortherm GmbH\",\"url\":\"https:\\\/\\\/www.sensortherm.de\\\/de\\\/\",\"logo\":{\"@type\":\"ImageObject\",\"inLanguage\":\"de\",\"@id\":\"https:\\\/\\\/www.sensortherm.de\\\/de\\\/#\\\/schema\\\/logo\\\/image\\\/\",\"url\":\"https:\\\/\\\/www.sensortherm.de\\\/wp-content\\\/uploads\\\/2021\\\/10\\\/Logo_Sensortherm_header_transparent.webp\",\"contentUrl\":\"https:\\\/\\\/www.sensortherm.de\\\/wp-content\\\/uploads\\\/2021\\\/10\\\/Logo_Sensortherm_header_transparent.webp\",\"width\":182,\"height\":69,\"caption\":\"Sensortherm GmbH\"},\"image\":{\"@id\":\"https:\\\/\\\/www.sensortherm.de\\\/de\\\/#\\\/schema\\\/logo\\\/image\\\/\"},\"sameAs\":[\"https:\\\/\\\/de.linkedin.com\\\/company\\\/sensortherm-gmbh\"]}]}<\/script>\n<!-- \/ Yoast SEO plugin. -->","yoast_head_json":{"title":"Heavy-Duty-Messsystem f\u00fcr METIS-M3- oder H3-Pyrometer - Sensortherm","robots":{"index":"index","follow":"follow","max-snippet":"max-snippet:-1","max-image-preview":"max-image-preview:large","max-video-preview":"max-video-preview:-1"},"canonical":"https:\/\/www.sensortherm.de\/de\/product\/heavy-duty-messsystem\/","og_locale":"de_DE","og_type":"article","og_title":"Heavy-Duty-Messsystem f\u00fcr METIS-M3- oder H3-Pyrometer - Sensortherm","og_description":"Fokusabstand bis zu 4,5 m Einsatz bis zu 250\u00b0C am Messkopf Edelstahl-Gewebeschlauch in L\u00e4ngen bis zu 30 m Freiblasvorrichtung f\u00fcr das Objektivsystem","og_url":"https:\/\/www.sensortherm.de\/de\/product\/heavy-duty-messsystem\/","og_site_name":"Sensortherm","article_modified_time":"2023-04-28T12:36:53+00:00","og_image":[{"width":800,"height":800,"url":"https:\/\/www.sensortherm.de\/wp-content\/uploads\/2021\/03\/Heavy-Duty-Messsystem.webp","type":"image\/webp"}],"twitter_card":"summary_large_image","twitter_misc":{"Gesch\u00e4tzte Lesezeit":"2\u00a0Minuten"},"schema":{"@context":"https:\/\/schema.org","@graph":[{"@type":"WebPage","@id":"https:\/\/www.sensortherm.de\/de\/product\/heavy-duty-messsystem\/","url":"https:\/\/www.sensortherm.de\/de\/product\/heavy-duty-messsystem\/","name":"Heavy-Duty-Messsystem f\u00fcr METIS-M3- oder H3-Pyrometer - Sensortherm","isPartOf":{"@id":"https:\/\/www.sensortherm.de\/de\/#website"},"primaryImageOfPage":{"@id":"https:\/\/www.sensortherm.de\/de\/product\/heavy-duty-messsystem\/#primaryimage"},"image":{"@id":"https:\/\/www.sensortherm.de\/de\/product\/heavy-duty-messsystem\/#primaryimage"},"thumbnailUrl":"https:\/\/www.sensortherm.de\/wp-content\/uploads\/2021\/03\/Heavy-Duty-Messsystem.webp","datePublished":"2021-03-01T09:00:33+00:00","dateModified":"2023-04-28T12:36:53+00:00","breadcrumb":{"@id":"https:\/\/www.sensortherm.de\/de\/product\/heavy-duty-messsystem\/#breadcrumb"},"inLanguage":"de","potentialAction":[{"@type":"ReadAction","target":["https:\/\/www.sensortherm.de\/de\/product\/heavy-duty-messsystem\/"]}]},{"@type":"ImageObject","inLanguage":"de","@id":"https:\/\/www.sensortherm.de\/de\/product\/heavy-duty-messsystem\/#primaryimage","url":"https:\/\/www.sensortherm.de\/wp-content\/uploads\/2021\/03\/Heavy-Duty-Messsystem.webp","contentUrl":"https:\/\/www.sensortherm.de\/wp-content\/uploads\/2021\/03\/Heavy-Duty-Messsystem.webp","width":800,"height":800,"caption":"Heavy-Duty-Pyrometer-Messsystem f\u00fcr den Einsatz in rauen Umgebungs\u00adbedingun\u00adgen"},{"@type":"BreadcrumbList","@id":"https:\/\/www.sensortherm.de\/de\/product\/heavy-duty-messsystem\/#breadcrumb","itemListElement":[{"@type":"ListItem","position":1,"name":"Home","item":"https:\/\/www.sensortherm.de\/en\/"},{"@type":"ListItem","position":2,"name":"Pyrometer \/ Infrarotschalter","item":"https:\/\/www.sensortherm.de\/en\/pyrometers-infrared-switches\/"},{"@type":"ListItem","position":3,"name":"Heavy-Duty-Messsystem f\u00fcr METIS-M3- oder H3-Pyrometer"}]},{"@type":"WebSite","@id":"https:\/\/www.sensortherm.de\/de\/#website","url":"https:\/\/www.sensortherm.de\/de\/","name":"Sensortherm","description":"Schnelle Infrarotmessger\u00e4te zur ber\u00fchrungslosen Temperaturmessung","publisher":{"@id":"https:\/\/www.sensortherm.de\/de\/#organization"},"potentialAction":[{"@type":"SearchAction","target":{"@type":"EntryPoint","urlTemplate":"https:\/\/www.sensortherm.de\/de\/?s={search_term_string}"},"query-input":{"@type":"PropertyValueSpecification","valueRequired":true,"valueName":"search_term_string"}}],"inLanguage":"de"},{"@type":"Organization","@id":"https:\/\/www.sensortherm.de\/de\/#organization","name":"Sensortherm GmbH","url":"https:\/\/www.sensortherm.de\/de\/","logo":{"@type":"ImageObject","inLanguage":"de","@id":"https:\/\/www.sensortherm.de\/de\/#\/schema\/logo\/image\/","url":"https:\/\/www.sensortherm.de\/wp-content\/uploads\/2021\/10\/Logo_Sensortherm_header_transparent.webp","contentUrl":"https:\/\/www.sensortherm.de\/wp-content\/uploads\/2021\/10\/Logo_Sensortherm_header_transparent.webp","width":182,"height":69,"caption":"Sensortherm GmbH"},"image":{"@id":"https:\/\/www.sensortherm.de\/de\/#\/schema\/logo\/image\/"},"sameAs":["https:\/\/de.linkedin.com\/company\/sensortherm-gmbh"]}]}},"_links":{"self":[{"href":"https:\/\/www.sensortherm.de\/de\/wp-json\/wp\/v2\/product\/5624","targetHints":{"allow":["GET"]}}],"collection":[{"href":"https:\/\/www.sensortherm.de\/de\/wp-json\/wp\/v2\/product"}],"about":[{"href":"https:\/\/www.sensortherm.de\/de\/wp-json\/wp\/v2\/types\/product"}],"wp:featuredmedia":[{"embeddable":true,"href":"https:\/\/www.sensortherm.de\/de\/wp-json\/wp\/v2\/media\/11233"}],"wp:attachment":[{"href":"https:\/\/www.sensortherm.de\/de\/wp-json\/wp\/v2\/media?parent=5624"}],"wp:term":[{"taxonomy":"product_brand","embeddable":true,"href":"https:\/\/www.sensortherm.de\/de\/wp-json\/wp\/v2\/product_brand?post=5624"},{"taxonomy":"product_cat","embeddable":true,"href":"https:\/\/www.sensortherm.de\/de\/wp-json\/wp\/v2\/product_cat?post=5624"},{"taxonomy":"product_tag","embeddable":true,"href":"https:\/\/www.sensortherm.de\/de\/wp-json\/wp\/v2\/product_tag?post=5624"}],"curies":[{"name":"wp","href":"https:\/\/api.w.org\/{rel}","templated":true}]}}