{"id":5078,"date":"2021-02-04T13:01:25","date_gmt":"2021-02-04T13:01:25","guid":{"rendered":"https:\/\/www.sensortherm.de\/?post_type=product&#038;p=5078"},"modified":"2025-06-30T12:50:12","modified_gmt":"2025-06-30T12:50:12","slug":"kalibrierstrahler-cs1500","status":"publish","type":"product","link":"https:\/\/www.sensortherm.de\/de\/product\/kalibrierstrahler-cs1500\/","title":{"rendered":"CS1500N (Kalibrierstrahler)"},"content":{"rendered":"<p><strong>Kalibrierstrahler<\/strong> zur \u00dcberpr\u00fcfung und Nachjustierung von Infrarotmessger\u00e4ten nach ITS-90.<\/p>\n<ul>\n<li>Temperaturbereich zw. 50 und 1500\u00b0C \/ 122 und 2732\u00b0F<\/li>\n<li>Apertur: 40 mm<\/li>\n<li>Emissionsgrad der Kavit\u00e4t: &gt;0,99 bei 1300\u00b0C und 0,9 \/ 1,6 \u03bcm<\/li>\n<\/ul>\n<p>CS-Kalibrierstrahler bilden ein komplettes <strong>Kalibriersystem<\/strong>:<\/p>\n<ul>\n<li>Anschl\u00fcsse f\u00fcr Pyrometer, Pyrometer-Analogausgang und PC<\/li>\n<li><a href=\"https:\/\/www.sensortherm.de\/de\/product\/pid-programmregler-regulus-rd-rf\/\">Selbst entwickelter Regler<\/a> f\u00fcr optimale Regelparameter, einfache Sollwertvorgaben sowie den Datenaustausch zwischen Kalibrierstrahler, Pyrometer und Software<\/li>\n<li>Inklusive Software <a href=\"https:\/\/www.sensortherm.de\/de\/pc-software#sensorcal3\"><em>SensorCal3<\/em><\/a>:<br \/>\n&#8211; zum Erstellen von Pyrometer-Kalibrierzertifikaten<br \/>\n&#8211; Zur Einpunktjustierung von Pyrometern<br \/>\n&#8211; Zur automatischen Nachjustierung des Kalibrierstrahlers (ben\u00f6tigt <a href=\"https:\/\/www.sensortherm.de\/de\/product\/diadem-di16-transfer-standard-pyrometer\/\">Transfer-Standard-Pyrometer DIADEM DI16<\/a>)<br \/>\n&#8211; Zur manuellen Nachjustierung des Kalibrierstrahlers mit einem beliebigen Referenzpyrometer<br \/>\n&#8211; Bezahlversion zur Pyrometer-Volljustage verf\u00fcgbar<\/li>\n<\/ul>\n<p><a href=\"https:\/\/www.sensortherm.de\/userfiles\/file\/datenblaetter\/de\/Sensortherm-Datenblatt_CS1500N_SensorCal3-software.pdf\" target=\"_blank\" rel=\"noopener noreferrer\"><img loading=\"lazy\" decoding=\"async\" class=\"wp-image-2092 alignnone size-full\" src=\"https:\/\/www.sensortherm.de\/wp-content\/uploads\/2020\/08\/pdf-Icon.png\" alt=\"pdf-Icon\" width=\"25\" height=\"24\" \/> <strong>Datenblatt<\/strong> (pdf deutsch)<\/a><br \/>\n<a href=\"https:\/\/www.sensortherm.de\/userfiles\/file\/datenblaetter\/en\/Sensortherm-Datasheet_CS1500N_SensorCal3-software.pdf\" target=\"_blank\" rel=\"noopener noreferrer\"><img loading=\"lazy\" decoding=\"async\" class=\"wp-image-2092 alignnone size-full\" src=\"https:\/\/www.sensortherm.de\/wp-content\/uploads\/2020\/08\/pdf-Icon.png\" alt=\"pdf-Icon\" width=\"25\" height=\"24\" \/> <strong>Data sheet<\/strong> (pdf english)<\/a><\/p>\n","protected":false},"excerpt":{"rendered":"<p>Temperaturbereich zw. 50 und 1500\u00b0C \/ 122 und 2732\u00b0F<br \/>\nApertur: 40 mm<br \/>\nEmissionsgrad Kavit\u00e4t: &gt;0,99 bei 1300\u00b0C und 0,9 \/ 1,6 \u03bcm<\/p>\n","protected":false},"featured_media":11964,"template":"","meta":{"_et_pb_use_builder":"off","_et_pb_old_content":"Typische Anwendung: \u00dcberpr\u00fcfung und Nachjustierung von Pyrometern.\r\n<ul>\r\n \t<li>Temperaturbereich zw. 250 und 1500\u00b0C \/ 482 und 2732\u00b0F<\/li>\r\n \t<li>Messfl\u00e4che: 20 mm, Apertur: 40 mm<\/li>\r\n \t<li>Emissionsbereich: 0,993<\/li>\r\n \t<li>Spektralbereich 0,5\u20133,5 \u00b5m<\/li>\r\n<\/ul>","_et_gb_content_width":""},"product_brand":[],"product_cat":[38],"product_tag":[206],"class_list":{"0":"post-5078","1":"product","2":"type-product","3":"status-publish","4":"has-post-thumbnail","6":"product_cat-kalibrierstrahler","7":"product_tag-mitdownloads","9":"first","10":"instock","11":"shipping-taxable","12":"purchasable","13":"product-type-simple"},"yoast_head":"<!-- This site is optimized with the Yoast SEO plugin v27.3 - https:\/\/yoast.com\/product\/yoast-seo-wordpress\/ -->\n<title>CS1500N (Kalibrierstrahler) - Sensortherm<\/title>\n<meta name=\"robots\" content=\"index, follow, max-snippet:-1, max-image-preview:large, max-video-preview:-1\" \/>\n<link rel=\"canonical\" href=\"https:\/\/www.sensortherm.de\/de\/product\/calibration-source-cs1500\/\" \/>\n<meta property=\"og:locale\" content=\"de_DE\" \/>\n<meta property=\"og:type\" content=\"article\" \/>\n<meta property=\"og:title\" content=\"CS1500N (Kalibrierstrahler) - Sensortherm\" \/>\n<meta property=\"og:description\" content=\"Temperaturbereich zw. 50 und 1500\u00b0C \/ 122 und 2732\u00b0F Apertur: 40 mm Emissionsgrad Kavit\u00e4t: &gt;0,99 bei 1300\u00b0C und 0,9 \/ 1,6 \u03bcm\" \/>\n<meta property=\"og:url\" content=\"https:\/\/www.sensortherm.de\/de\/product\/calibration-source-cs1500\/\" \/>\n<meta property=\"og:site_name\" content=\"Sensortherm\" \/>\n<meta property=\"article:modified_time\" content=\"2025-06-30T12:50:12+00:00\" \/>\n<meta property=\"og:image\" content=\"https:\/\/www.sensortherm.de\/wp-content\/uploads\/2021\/02\/Kalibrierstrahler_CS1500N.webp\" \/>\n\t<meta property=\"og:image:width\" content=\"800\" \/>\n\t<meta property=\"og:image:height\" content=\"800\" \/>\n\t<meta property=\"og:image:type\" content=\"image\/webp\" \/>\n<meta name=\"twitter:card\" content=\"summary_large_image\" \/>\n<meta name=\"twitter:label1\" content=\"Gesch\u00e4tzte Lesezeit\" \/>\n\t<meta name=\"twitter:data1\" content=\"2\u00a0Minuten\" \/>\n<script type=\"application\/ld+json\" class=\"yoast-schema-graph\">{\"@context\":\"https:\\\/\\\/schema.org\",\"@graph\":[{\"@type\":\"WebPage\",\"@id\":\"https:\\\/\\\/www.sensortherm.de\\\/en\\\/product\\\/calibration-source-cs1500\\\/\",\"url\":\"https:\\\/\\\/www.sensortherm.de\\\/en\\\/product\\\/calibration-source-cs1500\\\/\",\"name\":\"CS1500N (Kalibrierstrahler) - Sensortherm\",\"isPartOf\":{\"@id\":\"https:\\\/\\\/www.sensortherm.de\\\/de\\\/#website\"},\"primaryImageOfPage\":{\"@id\":\"https:\\\/\\\/www.sensortherm.de\\\/en\\\/product\\\/calibration-source-cs1500\\\/#primaryimage\"},\"image\":{\"@id\":\"https:\\\/\\\/www.sensortherm.de\\\/en\\\/product\\\/calibration-source-cs1500\\\/#primaryimage\"},\"thumbnailUrl\":\"https:\\\/\\\/www.sensortherm.de\\\/wp-content\\\/uploads\\\/2021\\\/02\\\/Kalibrierstrahler_CS1500N.webp\",\"datePublished\":\"2021-02-04T13:01:25+00:00\",\"dateModified\":\"2025-06-30T12:50:12+00:00\",\"breadcrumb\":{\"@id\":\"https:\\\/\\\/www.sensortherm.de\\\/en\\\/product\\\/calibration-source-cs1500\\\/#breadcrumb\"},\"inLanguage\":\"de\",\"potentialAction\":[{\"@type\":\"ReadAction\",\"target\":[\"https:\\\/\\\/www.sensortherm.de\\\/en\\\/product\\\/calibration-source-cs1500\\\/\"]}]},{\"@type\":\"ImageObject\",\"inLanguage\":\"de\",\"@id\":\"https:\\\/\\\/www.sensortherm.de\\\/en\\\/product\\\/calibration-source-cs1500\\\/#primaryimage\",\"url\":\"https:\\\/\\\/www.sensortherm.de\\\/wp-content\\\/uploads\\\/2021\\\/02\\\/Kalibrierstrahler_CS1500N.webp\",\"contentUrl\":\"https:\\\/\\\/www.sensortherm.de\\\/wp-content\\\/uploads\\\/2021\\\/02\\\/Kalibrierstrahler_CS1500N.webp\",\"width\":800,\"height\":800,\"caption\":\"Kalibrierstrahlermodell CS1500N\"},{\"@type\":\"BreadcrumbList\",\"@id\":\"https:\\\/\\\/www.sensortherm.de\\\/en\\\/product\\\/calibration-source-cs1500\\\/#breadcrumb\",\"itemListElement\":[{\"@type\":\"ListItem\",\"position\":1,\"name\":\"Home\",\"item\":\"https:\\\/\\\/www.sensortherm.de\\\/en\\\/\"},{\"@type\":\"ListItem\",\"position\":2,\"name\":\"Pyrometer \\\/ Infrarotschalter\",\"item\":\"https:\\\/\\\/www.sensortherm.de\\\/en\\\/pyrometers-infrared-switches\\\/\"},{\"@type\":\"ListItem\",\"position\":3,\"name\":\"CS1500N (Kalibrierstrahler)\"}]},{\"@type\":\"WebSite\",\"@id\":\"https:\\\/\\\/www.sensortherm.de\\\/de\\\/#website\",\"url\":\"https:\\\/\\\/www.sensortherm.de\\\/de\\\/\",\"name\":\"Sensortherm\",\"description\":\"Schnelle Infrarotmessger\u00e4te zur ber\u00fchrungslosen Temperaturmessung\",\"publisher\":{\"@id\":\"https:\\\/\\\/www.sensortherm.de\\\/de\\\/#organization\"},\"potentialAction\":[{\"@type\":\"SearchAction\",\"target\":{\"@type\":\"EntryPoint\",\"urlTemplate\":\"https:\\\/\\\/www.sensortherm.de\\\/de\\\/?s={search_term_string}\"},\"query-input\":{\"@type\":\"PropertyValueSpecification\",\"valueRequired\":true,\"valueName\":\"search_term_string\"}}],\"inLanguage\":\"de\"},{\"@type\":\"Organization\",\"@id\":\"https:\\\/\\\/www.sensortherm.de\\\/de\\\/#organization\",\"name\":\"Sensortherm GmbH\",\"url\":\"https:\\\/\\\/www.sensortherm.de\\\/de\\\/\",\"logo\":{\"@type\":\"ImageObject\",\"inLanguage\":\"de\",\"@id\":\"https:\\\/\\\/www.sensortherm.de\\\/de\\\/#\\\/schema\\\/logo\\\/image\\\/\",\"url\":\"https:\\\/\\\/www.sensortherm.de\\\/wp-content\\\/uploads\\\/2021\\\/10\\\/Logo_Sensortherm_header_transparent.webp\",\"contentUrl\":\"https:\\\/\\\/www.sensortherm.de\\\/wp-content\\\/uploads\\\/2021\\\/10\\\/Logo_Sensortherm_header_transparent.webp\",\"width\":182,\"height\":69,\"caption\":\"Sensortherm GmbH\"},\"image\":{\"@id\":\"https:\\\/\\\/www.sensortherm.de\\\/de\\\/#\\\/schema\\\/logo\\\/image\\\/\"},\"sameAs\":[\"https:\\\/\\\/de.linkedin.com\\\/company\\\/sensortherm-gmbh\"]}]}<\/script>\n<!-- \/ Yoast SEO plugin. -->","yoast_head_json":{"title":"CS1500N (Kalibrierstrahler) - Sensortherm","robots":{"index":"index","follow":"follow","max-snippet":"max-snippet:-1","max-image-preview":"max-image-preview:large","max-video-preview":"max-video-preview:-1"},"canonical":"https:\/\/www.sensortherm.de\/de\/product\/calibration-source-cs1500\/","og_locale":"de_DE","og_type":"article","og_title":"CS1500N (Kalibrierstrahler) - Sensortherm","og_description":"Temperaturbereich zw. 50 und 1500\u00b0C \/ 122 und 2732\u00b0F Apertur: 40 mm Emissionsgrad Kavit\u00e4t: &gt;0,99 bei 1300\u00b0C und 0,9 \/ 1,6 \u03bcm","og_url":"https:\/\/www.sensortherm.de\/de\/product\/calibration-source-cs1500\/","og_site_name":"Sensortherm","article_modified_time":"2025-06-30T12:50:12+00:00","og_image":[{"width":800,"height":800,"url":"https:\/\/www.sensortherm.de\/wp-content\/uploads\/2021\/02\/Kalibrierstrahler_CS1500N.webp","type":"image\/webp"}],"twitter_card":"summary_large_image","twitter_misc":{"Gesch\u00e4tzte Lesezeit":"2\u00a0Minuten"},"schema":{"@context":"https:\/\/schema.org","@graph":[{"@type":"WebPage","@id":"https:\/\/www.sensortherm.de\/en\/product\/calibration-source-cs1500\/","url":"https:\/\/www.sensortherm.de\/en\/product\/calibration-source-cs1500\/","name":"CS1500N (Kalibrierstrahler) - Sensortherm","isPartOf":{"@id":"https:\/\/www.sensortherm.de\/de\/#website"},"primaryImageOfPage":{"@id":"https:\/\/www.sensortherm.de\/en\/product\/calibration-source-cs1500\/#primaryimage"},"image":{"@id":"https:\/\/www.sensortherm.de\/en\/product\/calibration-source-cs1500\/#primaryimage"},"thumbnailUrl":"https:\/\/www.sensortherm.de\/wp-content\/uploads\/2021\/02\/Kalibrierstrahler_CS1500N.webp","datePublished":"2021-02-04T13:01:25+00:00","dateModified":"2025-06-30T12:50:12+00:00","breadcrumb":{"@id":"https:\/\/www.sensortherm.de\/en\/product\/calibration-source-cs1500\/#breadcrumb"},"inLanguage":"de","potentialAction":[{"@type":"ReadAction","target":["https:\/\/www.sensortherm.de\/en\/product\/calibration-source-cs1500\/"]}]},{"@type":"ImageObject","inLanguage":"de","@id":"https:\/\/www.sensortherm.de\/en\/product\/calibration-source-cs1500\/#primaryimage","url":"https:\/\/www.sensortherm.de\/wp-content\/uploads\/2021\/02\/Kalibrierstrahler_CS1500N.webp","contentUrl":"https:\/\/www.sensortherm.de\/wp-content\/uploads\/2021\/02\/Kalibrierstrahler_CS1500N.webp","width":800,"height":800,"caption":"Kalibrierstrahlermodell CS1500N"},{"@type":"BreadcrumbList","@id":"https:\/\/www.sensortherm.de\/en\/product\/calibration-source-cs1500\/#breadcrumb","itemListElement":[{"@type":"ListItem","position":1,"name":"Home","item":"https:\/\/www.sensortherm.de\/en\/"},{"@type":"ListItem","position":2,"name":"Pyrometer \/ Infrarotschalter","item":"https:\/\/www.sensortherm.de\/en\/pyrometers-infrared-switches\/"},{"@type":"ListItem","position":3,"name":"CS1500N (Kalibrierstrahler)"}]},{"@type":"WebSite","@id":"https:\/\/www.sensortherm.de\/de\/#website","url":"https:\/\/www.sensortherm.de\/de\/","name":"Sensortherm","description":"Schnelle Infrarotmessger\u00e4te zur ber\u00fchrungslosen Temperaturmessung","publisher":{"@id":"https:\/\/www.sensortherm.de\/de\/#organization"},"potentialAction":[{"@type":"SearchAction","target":{"@type":"EntryPoint","urlTemplate":"https:\/\/www.sensortherm.de\/de\/?s={search_term_string}"},"query-input":{"@type":"PropertyValueSpecification","valueRequired":true,"valueName":"search_term_string"}}],"inLanguage":"de"},{"@type":"Organization","@id":"https:\/\/www.sensortherm.de\/de\/#organization","name":"Sensortherm GmbH","url":"https:\/\/www.sensortherm.de\/de\/","logo":{"@type":"ImageObject","inLanguage":"de","@id":"https:\/\/www.sensortherm.de\/de\/#\/schema\/logo\/image\/","url":"https:\/\/www.sensortherm.de\/wp-content\/uploads\/2021\/10\/Logo_Sensortherm_header_transparent.webp","contentUrl":"https:\/\/www.sensortherm.de\/wp-content\/uploads\/2021\/10\/Logo_Sensortherm_header_transparent.webp","width":182,"height":69,"caption":"Sensortherm GmbH"},"image":{"@id":"https:\/\/www.sensortherm.de\/de\/#\/schema\/logo\/image\/"},"sameAs":["https:\/\/de.linkedin.com\/company\/sensortherm-gmbh"]}]}},"_links":{"self":[{"href":"https:\/\/www.sensortherm.de\/de\/wp-json\/wp\/v2\/product\/5078","targetHints":{"allow":["GET"]}}],"collection":[{"href":"https:\/\/www.sensortherm.de\/de\/wp-json\/wp\/v2\/product"}],"about":[{"href":"https:\/\/www.sensortherm.de\/de\/wp-json\/wp\/v2\/types\/product"}],"wp:featuredmedia":[{"embeddable":true,"href":"https:\/\/www.sensortherm.de\/de\/wp-json\/wp\/v2\/media\/11964"}],"wp:attachment":[{"href":"https:\/\/www.sensortherm.de\/de\/wp-json\/wp\/v2\/media?parent=5078"}],"wp:term":[{"taxonomy":"product_brand","embeddable":true,"href":"https:\/\/www.sensortherm.de\/de\/wp-json\/wp\/v2\/product_brand?post=5078"},{"taxonomy":"product_cat","embeddable":true,"href":"https:\/\/www.sensortherm.de\/de\/wp-json\/wp\/v2\/product_cat?post=5078"},{"taxonomy":"product_tag","embeddable":true,"href":"https:\/\/www.sensortherm.de\/de\/wp-json\/wp\/v2\/product_tag?post=5078"}],"curies":[{"name":"wp","href":"https:\/\/api.w.org\/{rel}","templated":true}]}}