{"id":12620,"date":"2025-05-08T07:47:47","date_gmt":"2025-05-08T07:47:47","guid":{"rendered":"https:\/\/www.sensortherm.de\/?post_type=product&#038;p=12620"},"modified":"2025-05-13T13:03:30","modified_gmt":"2025-05-13T13:03:30","slug":"helios-h433-highspeed-quotientenpyrometer","status":"publish","type":"product","link":"https:\/\/www.sensortherm.de\/de\/product\/helios-h433-highspeed-quotientenpyrometer\/","title":{"rendered":"HELIOS H433 (Highspeed-Quotientenpyrometer)"},"content":{"rendered":"<p><strong>Highspeed-Lichtleiter-Quotientenpyrometer<\/strong> mit PID-Regler f\u00fcr sehr schnelle ber\u00fchrungslose Temperaturmessung und Prozessregelung.<\/p>\n<p>Die Highspeed-Quotientenpyrometer der Serie HELIOS H4 sind Ger\u00e4te zur ber\u00fchrungslosen Infrarot-Temperatur\u00admessung und der M\u00f6glichkeit, \u00fcber den integrierten PID-Regler eine Regelgr\u00f6\u00dfe f\u00fcr einen bestimmten Sollwert auszugeben.\u00a0Haupteinsatzgebiet ist die Messung und Regelung eines Leistungslasers bei Laseranwendungen wie der additiven Fertigung, LPBF (Laser Powder Bed Fusion) oder beim Laserh\u00e4rten. Es eignet sich aber auch f\u00fcr alle Zwecke, bei denen eine besonders schnelle Temperaturmessung ben\u00f6tigt wird. Die Spektralbereiche der Ger\u00e4te sind bestens f\u00fcr Messungen von Metallen mit Temperaturbereichen zwischen 700 und 2300\u00b0C geeignet\u00a0(<a href=\"https:\/\/www.sensortherm.de\/de\/kontakt\/\" target=\"_blank\" rel=\"noopener\">lassen Sie sich beraten<\/a>).<\/p>\n<ul>\n<li>Extrem schnelle Messwerterfassung unter 25 \u00b5s \/ Einstellzeit: &lt; 50 \u00b5s<\/li>\n<li>Verf\u00fcgbarer Messbereich: 700 \u2013 2300\u00b0C bzw. 1292 \u2013 4172\u00b0F<\/li>\n<li>Spektralbereich: 1,6 \u2013 1,85 \/ 1,85 \u20132,1 \u00b5m<\/li>\n<li>kleinstes Messfeld: 0,8 mm<\/li>\n<\/ul>\n<p><a href=\"https:\/\/www.sensortherm.de\/userfiles\/file\/datenblaetter\/de\/Sensortherm-Datenblatt_Helios_H422_H433_Lichtleiter-Motorobjektiv.pdf\" target=\"_blank\" rel=\"noopener noreferrer\"><img loading=\"lazy\" decoding=\"async\" class=\"wp-image-2092 alignnone size-full\" src=\"https:\/\/www.sensortherm.de\/wp-content\/uploads\/2020\/08\/pdf-Icon.png\" alt=\"pdf-Icon\" width=\"25\" height=\"24\" \/> <strong>Datenblatt<\/strong> (pdf deutsch)<\/a><br \/>\n<a href=\"https:\/\/www.sensortherm.de\/userfiles\/file\/datenblaetter\/en\/Sensortherm-Datasheet_Helios_H422_H433_motorized-optics.pdf\" target=\"_blank\" rel=\"noopener noreferrer\"><img loading=\"lazy\" decoding=\"async\" class=\"wp-image-2092 alignnone size-full\" src=\"https:\/\/www.sensortherm.de\/wp-content\/uploads\/2020\/08\/pdf-Icon.png\" alt=\"pdf-Icon\" width=\"25\" height=\"24\" \/> <strong>Data sheet<\/strong> (pdf english)<\/a><\/p>\n","protected":false},"excerpt":{"rendered":"<p style=\"text-align: left;\">Messbereich 700 \u2013 2300\u00b0C \/ 1292 \u2013 4172\u00b0F<br \/>\nSpektralbereich 1,6 \u2013 2,1 \u00b5m; &lt; 50 \u00b5s schnell<br \/>\nkleinstes Messfeld 0,8 mm<br \/>\nEthernet, Schalt-Ein- \/ Ausg\u00e4nge<\/p>\n","protected":false},"featured_media":12618,"template":"","meta":{"_et_pb_use_builder":"off","_et_pb_old_content":"<div class=\"et_pb_tab_content\">\r\n<div class=\"et_pb_module et_pb_wc_description et_pb_wc_description_0_tb_body et_pb_bg_layout_light et_pb_text_align_left\">\r\n<div class=\"et_pb_module_inner\">\r\n\r\n<strong>Einfarbenpyrometer im kurzwelligen Spektralbereich<\/strong> zur ber\u00fchrungslosen Temperaturmessung an Metallen, Keramik, Graphit und vielen weiteren Materialien (<a href=\"https:\/\/www.sensortherm.de\/kontakt\/\" target=\"_blank\" rel=\"noopener\">lassen Sie sich beraten<\/a>).\r\n<ul>\r\n \t<li>Sehr schnelle Messwerterfassung unter 0,5 s \/ Einstellzeit: < 1 ms<\/li>\r\n \t<li>Verf\u00fcgbare Messbereiche:\r\n550 \u2013 1400\u00b0C bzw. 1022 \u2013 2552\u00b0F\r\n600 \u2013 1600\u00b0C bzw. 1112 \u2013 2912\u00b0F\r\n650 \u2013 1800\u00b0C bzw. 1202 \u2013 3272\u00b0F\r\n750 \u2013 2500\u00b0C bzw. 1382 \u2013 4532\u00b0F\r\n900 \u2013 3000\u00b0C bzw. 1652 \u2013 5432\u00b0F *\r\n1000 \u2013 3300\u00b0C bzw. 1832 \u2013 5972\u00b0F *<\/li>\r\n \t<li>Spektralbereich: 0,7 \u2013 1,1 \u00b5m \/ *0,87 \u00b5m<\/li>\r\n \t<li>kleinstes Messfeld: 0,4 mm<\/li>\r\n<\/ul>\r\n<a href=\"https:\/\/www.sensortherm.de\/userfiles\/file\/datenblaetter\/de\/Sensortherm-Datenblatt_Metis_M309_M316_M318_M323.pdf\" target=\"_blank\" rel=\"noopener noreferrer\"><img class=\"wp-image-2092 alignnone size-full\" src=\"https:\/\/www.sensortherm.de\/wp-content\/uploads\/2020\/08\/pdf-Icon.png\" alt=\"pdf-Icon\" width=\"25\" height=\"24\" \/> <strong>Datenblatt<\/strong> (pdf deutsch)<\/a>\r\n<a href=\"https:\/\/www.sensortherm.de\/userfiles\/file\/datenblaetter\/en\/Sensortherm-Datasheet_Metis_M309_M316_M318_M323.pdf\" target=\"_blank\" rel=\"noopener noreferrer\"><img class=\"wp-image-2092 alignnone size-full\" src=\"https:\/\/www.sensortherm.de\/wp-content\/uploads\/2020\/08\/pdf-Icon.png\" alt=\"pdf-Icon\" width=\"25\" height=\"24\" \/> <strong>Data sheet<\/strong> (pdf english)<\/a>\r\n\r\n<\/div>\r\n<\/div>\r\n<\/div>","_et_gb_content_width":""},"product_brand":[],"product_cat":[113,93],"product_tag":[213,206],"class_list":{"0":"post-12620","1":"product","2":"type-product","3":"status-publish","4":"has-post-thumbnail","6":"product_cat-highspeedpyrometer","7":"product_cat-quotientenpyrometer","8":"product_tag-helios","9":"product_tag-mitdownloads","10":"pa_anwendung-laserprozesskontrolle","12":"first","13":"instock","14":"shipping-taxable","15":"purchasable","16":"product-type-variable"},"yoast_head":"<!-- This site is optimized with the Yoast SEO plugin v27.3 - https:\/\/yoast.com\/product\/yoast-seo-wordpress\/ -->\n<title>HELIOS H433 (Highspeed-Quotientenpyrometer) - Sensortherm<\/title>\n<meta name=\"robots\" content=\"index, follow, max-snippet:-1, max-image-preview:large, max-video-preview:-1\" \/>\n<link rel=\"canonical\" href=\"https:\/\/www.sensortherm.de\/de\/product\/helios-h433-highspeed-quotientenpyrometer\/\" \/>\n<meta property=\"og:locale\" content=\"de_DE\" \/>\n<meta property=\"og:type\" content=\"article\" \/>\n<meta property=\"og:title\" content=\"HELIOS H433 (Highspeed-Quotientenpyrometer) - Sensortherm\" \/>\n<meta property=\"og:description\" content=\"Messbereich 700 \u2013 2300\u00b0C \/ 1292 \u2013 4172\u00b0F Spektralbereich 1,6 \u2013 2,1 \u00b5m; &lt; 50 \u00b5s schnell kleinstes Messfeld 0,8 mm Ethernet, Schalt-Ein- \/ Ausg\u00e4nge\" \/>\n<meta property=\"og:url\" content=\"https:\/\/www.sensortherm.de\/de\/product\/helios-h433-highspeed-quotientenpyrometer\/\" \/>\n<meta property=\"og:site_name\" content=\"Sensortherm\" \/>\n<meta property=\"article:modified_time\" content=\"2025-05-13T13:03:30+00:00\" \/>\n<meta property=\"og:image\" content=\"https:\/\/www.sensortherm.de\/wp-content\/uploads\/2025\/05\/Helios_H4-Highspeed-Pyrometerserie.webp\" \/>\n\t<meta property=\"og:image:width\" content=\"800\" \/>\n\t<meta property=\"og:image:height\" content=\"800\" \/>\n\t<meta property=\"og:image:type\" content=\"image\/webp\" \/>\n<meta name=\"twitter:card\" content=\"summary_large_image\" \/>\n<meta name=\"twitter:label1\" content=\"Gesch\u00e4tzte Lesezeit\" \/>\n\t<meta name=\"twitter:data1\" content=\"2\u00a0Minuten\" \/>\n<script type=\"application\/ld+json\" class=\"yoast-schema-graph\">{\"@context\":\"https:\\\/\\\/schema.org\",\"@graph\":[{\"@type\":\"WebPage\",\"@id\":\"https:\\\/\\\/www.sensortherm.de\\\/de\\\/product\\\/helios-h433-highspeed-quotientenpyrometer\\\/\",\"url\":\"https:\\\/\\\/www.sensortherm.de\\\/de\\\/product\\\/helios-h433-highspeed-quotientenpyrometer\\\/\",\"name\":\"HELIOS H433 (Highspeed-Quotientenpyrometer) - Sensortherm\",\"isPartOf\":{\"@id\":\"https:\\\/\\\/www.sensortherm.de\\\/de\\\/#website\"},\"primaryImageOfPage\":{\"@id\":\"https:\\\/\\\/www.sensortherm.de\\\/de\\\/product\\\/helios-h433-highspeed-quotientenpyrometer\\\/#primaryimage\"},\"image\":{\"@id\":\"https:\\\/\\\/www.sensortherm.de\\\/de\\\/product\\\/helios-h433-highspeed-quotientenpyrometer\\\/#primaryimage\"},\"thumbnailUrl\":\"https:\\\/\\\/www.sensortherm.de\\\/wp-content\\\/uploads\\\/2025\\\/05\\\/Helios_H4-Highspeed-Pyrometerserie.webp\",\"datePublished\":\"2025-05-08T07:47:47+00:00\",\"dateModified\":\"2025-05-13T13:03:30+00:00\",\"breadcrumb\":{\"@id\":\"https:\\\/\\\/www.sensortherm.de\\\/de\\\/product\\\/helios-h433-highspeed-quotientenpyrometer\\\/#breadcrumb\"},\"inLanguage\":\"de\",\"potentialAction\":[{\"@type\":\"ReadAction\",\"target\":[\"https:\\\/\\\/www.sensortherm.de\\\/de\\\/product\\\/helios-h433-highspeed-quotientenpyrometer\\\/\"]}]},{\"@type\":\"ImageObject\",\"inLanguage\":\"de\",\"@id\":\"https:\\\/\\\/www.sensortherm.de\\\/de\\\/product\\\/helios-h433-highspeed-quotientenpyrometer\\\/#primaryimage\",\"url\":\"https:\\\/\\\/www.sensortherm.de\\\/wp-content\\\/uploads\\\/2025\\\/05\\\/Helios_H4-Highspeed-Pyrometerserie.webp\",\"contentUrl\":\"https:\\\/\\\/www.sensortherm.de\\\/wp-content\\\/uploads\\\/2025\\\/05\\\/Helios_H4-Highspeed-Pyrometerserie.webp\",\"width\":800,\"height\":800,\"caption\":\"Quotienten-Highspeedpyrometer mit PID-Regler f\u00fcr sehr schnelle ber\u00fchrungslose Temperaturmessung und Prozessregelung.\"},{\"@type\":\"BreadcrumbList\",\"@id\":\"https:\\\/\\\/www.sensortherm.de\\\/de\\\/product\\\/helios-h433-highspeed-quotientenpyrometer\\\/#breadcrumb\",\"itemListElement\":[{\"@type\":\"ListItem\",\"position\":1,\"name\":\"Home\",\"item\":\"https:\\\/\\\/www.sensortherm.de\\\/en\\\/\"},{\"@type\":\"ListItem\",\"position\":2,\"name\":\"Pyrometer \\\/ Infrarotschalter\",\"item\":\"https:\\\/\\\/www.sensortherm.de\\\/en\\\/pyrometers-infrared-switches\\\/\"},{\"@type\":\"ListItem\",\"position\":3,\"name\":\"HELIOS H433 (Highspeed-Quotientenpyrometer)\"}]},{\"@type\":\"WebSite\",\"@id\":\"https:\\\/\\\/www.sensortherm.de\\\/de\\\/#website\",\"url\":\"https:\\\/\\\/www.sensortherm.de\\\/de\\\/\",\"name\":\"Sensortherm\",\"description\":\"Schnelle Infrarotmessger\u00e4te zur ber\u00fchrungslosen Temperaturmessung\",\"publisher\":{\"@id\":\"https:\\\/\\\/www.sensortherm.de\\\/de\\\/#organization\"},\"potentialAction\":[{\"@type\":\"SearchAction\",\"target\":{\"@type\":\"EntryPoint\",\"urlTemplate\":\"https:\\\/\\\/www.sensortherm.de\\\/de\\\/?s={search_term_string}\"},\"query-input\":{\"@type\":\"PropertyValueSpecification\",\"valueRequired\":true,\"valueName\":\"search_term_string\"}}],\"inLanguage\":\"de\"},{\"@type\":\"Organization\",\"@id\":\"https:\\\/\\\/www.sensortherm.de\\\/de\\\/#organization\",\"name\":\"Sensortherm GmbH\",\"url\":\"https:\\\/\\\/www.sensortherm.de\\\/de\\\/\",\"logo\":{\"@type\":\"ImageObject\",\"inLanguage\":\"de\",\"@id\":\"https:\\\/\\\/www.sensortherm.de\\\/de\\\/#\\\/schema\\\/logo\\\/image\\\/\",\"url\":\"https:\\\/\\\/www.sensortherm.de\\\/wp-content\\\/uploads\\\/2021\\\/10\\\/Logo_Sensortherm_header_transparent.webp\",\"contentUrl\":\"https:\\\/\\\/www.sensortherm.de\\\/wp-content\\\/uploads\\\/2021\\\/10\\\/Logo_Sensortherm_header_transparent.webp\",\"width\":182,\"height\":69,\"caption\":\"Sensortherm GmbH\"},\"image\":{\"@id\":\"https:\\\/\\\/www.sensortherm.de\\\/de\\\/#\\\/schema\\\/logo\\\/image\\\/\"},\"sameAs\":[\"https:\\\/\\\/de.linkedin.com\\\/company\\\/sensortherm-gmbh\"]}]}<\/script>\n<!-- \/ Yoast SEO plugin. -->","yoast_head_json":{"title":"HELIOS H433 (Highspeed-Quotientenpyrometer) - Sensortherm","robots":{"index":"index","follow":"follow","max-snippet":"max-snippet:-1","max-image-preview":"max-image-preview:large","max-video-preview":"max-video-preview:-1"},"canonical":"https:\/\/www.sensortherm.de\/de\/product\/helios-h433-highspeed-quotientenpyrometer\/","og_locale":"de_DE","og_type":"article","og_title":"HELIOS H433 (Highspeed-Quotientenpyrometer) - Sensortherm","og_description":"Messbereich 700 \u2013 2300\u00b0C \/ 1292 \u2013 4172\u00b0F Spektralbereich 1,6 \u2013 2,1 \u00b5m; &lt; 50 \u00b5s schnell kleinstes Messfeld 0,8 mm Ethernet, Schalt-Ein- \/ Ausg\u00e4nge","og_url":"https:\/\/www.sensortherm.de\/de\/product\/helios-h433-highspeed-quotientenpyrometer\/","og_site_name":"Sensortherm","article_modified_time":"2025-05-13T13:03:30+00:00","og_image":[{"width":800,"height":800,"url":"https:\/\/www.sensortherm.de\/wp-content\/uploads\/2025\/05\/Helios_H4-Highspeed-Pyrometerserie.webp","type":"image\/webp"}],"twitter_card":"summary_large_image","twitter_misc":{"Gesch\u00e4tzte Lesezeit":"2\u00a0Minuten"},"schema":{"@context":"https:\/\/schema.org","@graph":[{"@type":"WebPage","@id":"https:\/\/www.sensortherm.de\/de\/product\/helios-h433-highspeed-quotientenpyrometer\/","url":"https:\/\/www.sensortherm.de\/de\/product\/helios-h433-highspeed-quotientenpyrometer\/","name":"HELIOS H433 (Highspeed-Quotientenpyrometer) - Sensortherm","isPartOf":{"@id":"https:\/\/www.sensortherm.de\/de\/#website"},"primaryImageOfPage":{"@id":"https:\/\/www.sensortherm.de\/de\/product\/helios-h433-highspeed-quotientenpyrometer\/#primaryimage"},"image":{"@id":"https:\/\/www.sensortherm.de\/de\/product\/helios-h433-highspeed-quotientenpyrometer\/#primaryimage"},"thumbnailUrl":"https:\/\/www.sensortherm.de\/wp-content\/uploads\/2025\/05\/Helios_H4-Highspeed-Pyrometerserie.webp","datePublished":"2025-05-08T07:47:47+00:00","dateModified":"2025-05-13T13:03:30+00:00","breadcrumb":{"@id":"https:\/\/www.sensortherm.de\/de\/product\/helios-h433-highspeed-quotientenpyrometer\/#breadcrumb"},"inLanguage":"de","potentialAction":[{"@type":"ReadAction","target":["https:\/\/www.sensortherm.de\/de\/product\/helios-h433-highspeed-quotientenpyrometer\/"]}]},{"@type":"ImageObject","inLanguage":"de","@id":"https:\/\/www.sensortherm.de\/de\/product\/helios-h433-highspeed-quotientenpyrometer\/#primaryimage","url":"https:\/\/www.sensortherm.de\/wp-content\/uploads\/2025\/05\/Helios_H4-Highspeed-Pyrometerserie.webp","contentUrl":"https:\/\/www.sensortherm.de\/wp-content\/uploads\/2025\/05\/Helios_H4-Highspeed-Pyrometerserie.webp","width":800,"height":800,"caption":"Quotienten-Highspeedpyrometer mit PID-Regler f\u00fcr sehr schnelle ber\u00fchrungslose Temperaturmessung und Prozessregelung."},{"@type":"BreadcrumbList","@id":"https:\/\/www.sensortherm.de\/de\/product\/helios-h433-highspeed-quotientenpyrometer\/#breadcrumb","itemListElement":[{"@type":"ListItem","position":1,"name":"Home","item":"https:\/\/www.sensortherm.de\/en\/"},{"@type":"ListItem","position":2,"name":"Pyrometer \/ Infrarotschalter","item":"https:\/\/www.sensortherm.de\/en\/pyrometers-infrared-switches\/"},{"@type":"ListItem","position":3,"name":"HELIOS H433 (Highspeed-Quotientenpyrometer)"}]},{"@type":"WebSite","@id":"https:\/\/www.sensortherm.de\/de\/#website","url":"https:\/\/www.sensortherm.de\/de\/","name":"Sensortherm","description":"Schnelle Infrarotmessger\u00e4te zur ber\u00fchrungslosen Temperaturmessung","publisher":{"@id":"https:\/\/www.sensortherm.de\/de\/#organization"},"potentialAction":[{"@type":"SearchAction","target":{"@type":"EntryPoint","urlTemplate":"https:\/\/www.sensortherm.de\/de\/?s={search_term_string}"},"query-input":{"@type":"PropertyValueSpecification","valueRequired":true,"valueName":"search_term_string"}}],"inLanguage":"de"},{"@type":"Organization","@id":"https:\/\/www.sensortherm.de\/de\/#organization","name":"Sensortherm GmbH","url":"https:\/\/www.sensortherm.de\/de\/","logo":{"@type":"ImageObject","inLanguage":"de","@id":"https:\/\/www.sensortherm.de\/de\/#\/schema\/logo\/image\/","url":"https:\/\/www.sensortherm.de\/wp-content\/uploads\/2021\/10\/Logo_Sensortherm_header_transparent.webp","contentUrl":"https:\/\/www.sensortherm.de\/wp-content\/uploads\/2021\/10\/Logo_Sensortherm_header_transparent.webp","width":182,"height":69,"caption":"Sensortherm GmbH"},"image":{"@id":"https:\/\/www.sensortherm.de\/de\/#\/schema\/logo\/image\/"},"sameAs":["https:\/\/de.linkedin.com\/company\/sensortherm-gmbh"]}]}},"_links":{"self":[{"href":"https:\/\/www.sensortherm.de\/de\/wp-json\/wp\/v2\/product\/12620","targetHints":{"allow":["GET"]}}],"collection":[{"href":"https:\/\/www.sensortherm.de\/de\/wp-json\/wp\/v2\/product"}],"about":[{"href":"https:\/\/www.sensortherm.de\/de\/wp-json\/wp\/v2\/types\/product"}],"wp:featuredmedia":[{"embeddable":true,"href":"https:\/\/www.sensortherm.de\/de\/wp-json\/wp\/v2\/media\/12618"}],"wp:attachment":[{"href":"https:\/\/www.sensortherm.de\/de\/wp-json\/wp\/v2\/media?parent=12620"}],"wp:term":[{"taxonomy":"product_brand","embeddable":true,"href":"https:\/\/www.sensortherm.de\/de\/wp-json\/wp\/v2\/product_brand?post=12620"},{"taxonomy":"product_cat","embeddable":true,"href":"https:\/\/www.sensortherm.de\/de\/wp-json\/wp\/v2\/product_cat?post=12620"},{"taxonomy":"product_tag","embeddable":true,"href":"https:\/\/www.sensortherm.de\/de\/wp-json\/wp\/v2\/product_tag?post=12620"}],"curies":[{"name":"wp","href":"https:\/\/api.w.org\/{rel}","templated":true}]}}