{"id":12569,"date":"2025-03-05T13:23:06","date_gmt":"2025-03-05T13:23:06","guid":{"rendered":"https:\/\/www.sensortherm.de\/?post_type=product&#038;p=12569"},"modified":"2025-03-05T13:44:35","modified_gmt":"2025-03-05T13:44:35","slug":"schutzgehaeuse-kuehlplatte","status":"publish","type":"product","link":"https:\/\/www.sensortherm.de\/de\/product\/schutzgehaeuse-kuehlplatte\/","title":{"rendered":"Schutzgeh\u00e4use mit K\u00fchlplatte"},"content":{"rendered":"<p>Das\u00a0<strong>Schutzgeh\u00e4use mit K\u00fchlplatte mit Luftsp\u00fcleinheit KG 28<\/strong> oder <strong>ohne Luftsp\u00fcleinheit KG27<\/strong> k\u00f6nnen verwendet werden, um die Lienienscanner GALAXY SC7x \/ SC8x vor Umgebungseinfl\u00fcssen zu sch\u00fctzen.<\/p>\n<p><strong><img loading=\"lazy\" decoding=\"async\" class=\"alignnone size-full wp-image-2092\" src=\"https:\/\/www.sensortherm.de\/wp-content\/uploads\/2020\/08\/pdf-Icon.png\" alt=\"pdf-Icon\" width=\"25\" height=\"24\" \/><a href=\"https:\/\/www.sensortherm.de\/userfiles\/file\/step_pdf\/KG28-00-(protective-housing-with-air-purge-unit-for-GALAXY-SC7-8-scanners)_ZN038503.pdf\" target=\"_blank\" rel=\"noopener noreferrer\"> Zeichnung \/ drawing<\/a><\/strong><\/p>\n","protected":false},"excerpt":{"rendered":"<p>f\u00fcr GALAXY-Scanner SC7x \/ SC8x<\/p>\n<p><strong><img loading=\"lazy\" decoding=\"async\" class=\"alignnone size-full wp-image-2092\" src=\"https:\/\/www.sensortherm.de\/wp-content\/uploads\/2020\/08\/pdf-Icon.png\" alt=\"pdf-Icon\" width=\"25\" height=\"24\" \/><a href=\"https:\/\/www.sensortherm.de\/userfiles\/file\/step_pdf\/KG28-00-(protective-housing-with-air-purge-unit-for-GALAXY-SC7-8-scanners)_ZN038503.pdf\" target=\"_blank\" rel=\"noopener noreferrer\"> KG28-00<\/a><\/strong><\/p>\n<hr \/>\n","protected":false},"featured_media":12570,"template":"","meta":{"_et_pb_use_builder":"off","_et_pb_old_content":"Die Schwere Kugelgelenkhalterung wird f\u00fcr das K\u00fchlgeh\u00e4use KG10 verwendet. Einfaches L\u00f6sen der Klemmarretierung erlaubt die Ausrichtung der Kugelgelenkhalterung in alle Richtungen, ein Werkzeug wird nicht ben\u00f6tigt. Durch Festklemmen der Arretierung ist das Kugelgelenk wieder fest.","_et_gb_content_width":""},"product_brand":[],"product_cat":[159],"product_tag":[207],"class_list":{"0":"post-12569","1":"product","2":"type-product","3":"status-publish","4":"has-post-thumbnail","6":"product_cat-zubehoer_galaxy","7":"product_tag-ohnedownloads","9":"first","10":"instock","11":"shipping-taxable","12":"purchasable","13":"product-type-simple"},"yoast_head":"<!-- This site is optimized with the Yoast SEO plugin v27.4 - https:\/\/yoast.com\/product\/yoast-seo-wordpress\/ -->\n<title>Schutzgeh\u00e4use mit K\u00fchlplatte - Sensortherm<\/title>\n<meta name=\"robots\" content=\"index, follow, max-snippet:-1, max-image-preview:large, max-video-preview:-1\" \/>\n<link rel=\"canonical\" href=\"https:\/\/www.sensortherm.de\/de\/product\/schutzgehaeuse-kuehlplatte\/\" \/>\n<meta property=\"og:locale\" content=\"de_DE\" \/>\n<meta property=\"og:type\" content=\"article\" \/>\n<meta property=\"og:title\" content=\"Schutzgeh\u00e4use mit K\u00fchlplatte - Sensortherm\" \/>\n<meta property=\"og:description\" content=\"f\u00fcr GALAXY-Scanner SC7x \/ SC8x   KG28-00\" \/>\n<meta property=\"og:url\" content=\"https:\/\/www.sensortherm.de\/de\/product\/schutzgehaeuse-kuehlplatte\/\" \/>\n<meta property=\"og:site_name\" content=\"Sensortherm\" \/>\n<meta property=\"article:modified_time\" content=\"2025-03-05T13:44:35+00:00\" \/>\n<meta property=\"og:image\" content=\"https:\/\/www.sensortherm.de\/wp-content\/uploads\/2025\/03\/Schutzgehaeuse_Kuehlplatte-_KG28.webp\" \/>\n\t<meta property=\"og:image:width\" content=\"800\" \/>\n\t<meta property=\"og:image:height\" content=\"800\" \/>\n\t<meta property=\"og:image:type\" content=\"image\/webp\" \/>\n<meta name=\"twitter:card\" content=\"summary_large_image\" \/>\n<meta name=\"twitter:label1\" content=\"Gesch\u00e4tzte Lesezeit\" \/>\n\t<meta name=\"twitter:data1\" content=\"1\u00a0Minute\" \/>\n<script type=\"application\/ld+json\" class=\"yoast-schema-graph\">{\"@context\":\"https:\\\/\\\/schema.org\",\"@graph\":[{\"@type\":\"WebPage\",\"@id\":\"https:\\\/\\\/www.sensortherm.de\\\/de\\\/product\\\/schutzgehaeuse-kuehlplatte\\\/\",\"url\":\"https:\\\/\\\/www.sensortherm.de\\\/de\\\/product\\\/schutzgehaeuse-kuehlplatte\\\/\",\"name\":\"Schutzgeh\u00e4use mit K\u00fchlplatte - Sensortherm\",\"isPartOf\":{\"@id\":\"https:\\\/\\\/www.sensortherm.de\\\/de\\\/#website\"},\"primaryImageOfPage\":{\"@id\":\"https:\\\/\\\/www.sensortherm.de\\\/de\\\/product\\\/schutzgehaeuse-kuehlplatte\\\/#primaryimage\"},\"image\":{\"@id\":\"https:\\\/\\\/www.sensortherm.de\\\/de\\\/product\\\/schutzgehaeuse-kuehlplatte\\\/#primaryimage\"},\"thumbnailUrl\":\"https:\\\/\\\/www.sensortherm.de\\\/wp-content\\\/uploads\\\/2025\\\/03\\\/Schutzgehaeuse_Kuehlplatte-_KG28.webp\",\"datePublished\":\"2025-03-05T13:23:06+00:00\",\"dateModified\":\"2025-03-05T13:44:35+00:00\",\"breadcrumb\":{\"@id\":\"https:\\\/\\\/www.sensortherm.de\\\/de\\\/product\\\/schutzgehaeuse-kuehlplatte\\\/#breadcrumb\"},\"inLanguage\":\"de\",\"potentialAction\":[{\"@type\":\"ReadAction\",\"target\":[\"https:\\\/\\\/www.sensortherm.de\\\/de\\\/product\\\/schutzgehaeuse-kuehlplatte\\\/\"]}]},{\"@type\":\"ImageObject\",\"inLanguage\":\"de\",\"@id\":\"https:\\\/\\\/www.sensortherm.de\\\/de\\\/product\\\/schutzgehaeuse-kuehlplatte\\\/#primaryimage\",\"url\":\"https:\\\/\\\/www.sensortherm.de\\\/wp-content\\\/uploads\\\/2025\\\/03\\\/Schutzgehaeuse_Kuehlplatte-_KG28.webp\",\"contentUrl\":\"https:\\\/\\\/www.sensortherm.de\\\/wp-content\\\/uploads\\\/2025\\\/03\\\/Schutzgehaeuse_Kuehlplatte-_KG28.webp\",\"width\":800,\"height\":800,\"caption\":\"Schutzgeh\u00e4use mit K\u00fchlplatte f\u00fcr GALAXY-Linenscanner\"},{\"@type\":\"BreadcrumbList\",\"@id\":\"https:\\\/\\\/www.sensortherm.de\\\/de\\\/product\\\/schutzgehaeuse-kuehlplatte\\\/#breadcrumb\",\"itemListElement\":[{\"@type\":\"ListItem\",\"position\":1,\"name\":\"Home\",\"item\":\"https:\\\/\\\/www.sensortherm.de\\\/en\\\/\"},{\"@type\":\"ListItem\",\"position\":2,\"name\":\"Pyrometer \\\/ Infrarotschalter\",\"item\":\"https:\\\/\\\/www.sensortherm.de\\\/en\\\/pyrometers-infrared-switches\\\/\"},{\"@type\":\"ListItem\",\"position\":3,\"name\":\"Schutzgeh\u00e4use mit K\u00fchlplatte\"}]},{\"@type\":\"WebSite\",\"@id\":\"https:\\\/\\\/www.sensortherm.de\\\/de\\\/#website\",\"url\":\"https:\\\/\\\/www.sensortherm.de\\\/de\\\/\",\"name\":\"Sensortherm\",\"description\":\"Schnelle Infrarotmessger\u00e4te zur ber\u00fchrungslosen Temperaturmessung\",\"publisher\":{\"@id\":\"https:\\\/\\\/www.sensortherm.de\\\/de\\\/#organization\"},\"potentialAction\":[{\"@type\":\"SearchAction\",\"target\":{\"@type\":\"EntryPoint\",\"urlTemplate\":\"https:\\\/\\\/www.sensortherm.de\\\/de\\\/?s={search_term_string}\"},\"query-input\":{\"@type\":\"PropertyValueSpecification\",\"valueRequired\":true,\"valueName\":\"search_term_string\"}}],\"inLanguage\":\"de\"},{\"@type\":\"Organization\",\"@id\":\"https:\\\/\\\/www.sensortherm.de\\\/de\\\/#organization\",\"name\":\"Sensortherm GmbH\",\"url\":\"https:\\\/\\\/www.sensortherm.de\\\/de\\\/\",\"logo\":{\"@type\":\"ImageObject\",\"inLanguage\":\"de\",\"@id\":\"https:\\\/\\\/www.sensortherm.de\\\/de\\\/#\\\/schema\\\/logo\\\/image\\\/\",\"url\":\"https:\\\/\\\/www.sensortherm.de\\\/wp-content\\\/uploads\\\/2021\\\/10\\\/Logo_Sensortherm_header_transparent.webp\",\"contentUrl\":\"https:\\\/\\\/www.sensortherm.de\\\/wp-content\\\/uploads\\\/2021\\\/10\\\/Logo_Sensortherm_header_transparent.webp\",\"width\":182,\"height\":69,\"caption\":\"Sensortherm GmbH\"},\"image\":{\"@id\":\"https:\\\/\\\/www.sensortherm.de\\\/de\\\/#\\\/schema\\\/logo\\\/image\\\/\"},\"sameAs\":[\"https:\\\/\\\/de.linkedin.com\\\/company\\\/sensortherm-gmbh\"]}]}<\/script>\n<!-- \/ Yoast SEO plugin. -->","yoast_head_json":{"title":"Schutzgeh\u00e4use mit K\u00fchlplatte - Sensortherm","robots":{"index":"index","follow":"follow","max-snippet":"max-snippet:-1","max-image-preview":"max-image-preview:large","max-video-preview":"max-video-preview:-1"},"canonical":"https:\/\/www.sensortherm.de\/de\/product\/schutzgehaeuse-kuehlplatte\/","og_locale":"de_DE","og_type":"article","og_title":"Schutzgeh\u00e4use mit K\u00fchlplatte - Sensortherm","og_description":"f\u00fcr GALAXY-Scanner SC7x \/ SC8x   KG28-00","og_url":"https:\/\/www.sensortherm.de\/de\/product\/schutzgehaeuse-kuehlplatte\/","og_site_name":"Sensortherm","article_modified_time":"2025-03-05T13:44:35+00:00","og_image":[{"width":800,"height":800,"url":"https:\/\/www.sensortherm.de\/wp-content\/uploads\/2025\/03\/Schutzgehaeuse_Kuehlplatte-_KG28.webp","type":"image\/webp"}],"twitter_card":"summary_large_image","twitter_misc":{"Gesch\u00e4tzte Lesezeit":"1\u00a0Minute"},"schema":{"@context":"https:\/\/schema.org","@graph":[{"@type":"WebPage","@id":"https:\/\/www.sensortherm.de\/de\/product\/schutzgehaeuse-kuehlplatte\/","url":"https:\/\/www.sensortherm.de\/de\/product\/schutzgehaeuse-kuehlplatte\/","name":"Schutzgeh\u00e4use mit K\u00fchlplatte - Sensortherm","isPartOf":{"@id":"https:\/\/www.sensortherm.de\/de\/#website"},"primaryImageOfPage":{"@id":"https:\/\/www.sensortherm.de\/de\/product\/schutzgehaeuse-kuehlplatte\/#primaryimage"},"image":{"@id":"https:\/\/www.sensortherm.de\/de\/product\/schutzgehaeuse-kuehlplatte\/#primaryimage"},"thumbnailUrl":"https:\/\/www.sensortherm.de\/wp-content\/uploads\/2025\/03\/Schutzgehaeuse_Kuehlplatte-_KG28.webp","datePublished":"2025-03-05T13:23:06+00:00","dateModified":"2025-03-05T13:44:35+00:00","breadcrumb":{"@id":"https:\/\/www.sensortherm.de\/de\/product\/schutzgehaeuse-kuehlplatte\/#breadcrumb"},"inLanguage":"de","potentialAction":[{"@type":"ReadAction","target":["https:\/\/www.sensortherm.de\/de\/product\/schutzgehaeuse-kuehlplatte\/"]}]},{"@type":"ImageObject","inLanguage":"de","@id":"https:\/\/www.sensortherm.de\/de\/product\/schutzgehaeuse-kuehlplatte\/#primaryimage","url":"https:\/\/www.sensortherm.de\/wp-content\/uploads\/2025\/03\/Schutzgehaeuse_Kuehlplatte-_KG28.webp","contentUrl":"https:\/\/www.sensortherm.de\/wp-content\/uploads\/2025\/03\/Schutzgehaeuse_Kuehlplatte-_KG28.webp","width":800,"height":800,"caption":"Schutzgeh\u00e4use mit K\u00fchlplatte f\u00fcr GALAXY-Linenscanner"},{"@type":"BreadcrumbList","@id":"https:\/\/www.sensortherm.de\/de\/product\/schutzgehaeuse-kuehlplatte\/#breadcrumb","itemListElement":[{"@type":"ListItem","position":1,"name":"Home","item":"https:\/\/www.sensortherm.de\/en\/"},{"@type":"ListItem","position":2,"name":"Pyrometer \/ Infrarotschalter","item":"https:\/\/www.sensortherm.de\/en\/pyrometers-infrared-switches\/"},{"@type":"ListItem","position":3,"name":"Schutzgeh\u00e4use mit K\u00fchlplatte"}]},{"@type":"WebSite","@id":"https:\/\/www.sensortherm.de\/de\/#website","url":"https:\/\/www.sensortherm.de\/de\/","name":"Sensortherm","description":"Schnelle Infrarotmessger\u00e4te zur ber\u00fchrungslosen Temperaturmessung","publisher":{"@id":"https:\/\/www.sensortherm.de\/de\/#organization"},"potentialAction":[{"@type":"SearchAction","target":{"@type":"EntryPoint","urlTemplate":"https:\/\/www.sensortherm.de\/de\/?s={search_term_string}"},"query-input":{"@type":"PropertyValueSpecification","valueRequired":true,"valueName":"search_term_string"}}],"inLanguage":"de"},{"@type":"Organization","@id":"https:\/\/www.sensortherm.de\/de\/#organization","name":"Sensortherm GmbH","url":"https:\/\/www.sensortherm.de\/de\/","logo":{"@type":"ImageObject","inLanguage":"de","@id":"https:\/\/www.sensortherm.de\/de\/#\/schema\/logo\/image\/","url":"https:\/\/www.sensortherm.de\/wp-content\/uploads\/2021\/10\/Logo_Sensortherm_header_transparent.webp","contentUrl":"https:\/\/www.sensortherm.de\/wp-content\/uploads\/2021\/10\/Logo_Sensortherm_header_transparent.webp","width":182,"height":69,"caption":"Sensortherm GmbH"},"image":{"@id":"https:\/\/www.sensortherm.de\/de\/#\/schema\/logo\/image\/"},"sameAs":["https:\/\/de.linkedin.com\/company\/sensortherm-gmbh"]}]}},"_links":{"self":[{"href":"https:\/\/www.sensortherm.de\/de\/wp-json\/wp\/v2\/product\/12569","targetHints":{"allow":["GET"]}}],"collection":[{"href":"https:\/\/www.sensortherm.de\/de\/wp-json\/wp\/v2\/product"}],"about":[{"href":"https:\/\/www.sensortherm.de\/de\/wp-json\/wp\/v2\/types\/product"}],"wp:featuredmedia":[{"embeddable":true,"href":"https:\/\/www.sensortherm.de\/de\/wp-json\/wp\/v2\/media\/12570"}],"wp:attachment":[{"href":"https:\/\/www.sensortherm.de\/de\/wp-json\/wp\/v2\/media?parent=12569"}],"wp:term":[{"taxonomy":"product_brand","embeddable":true,"href":"https:\/\/www.sensortherm.de\/de\/wp-json\/wp\/v2\/product_brand?post=12569"},{"taxonomy":"product_cat","embeddable":true,"href":"https:\/\/www.sensortherm.de\/de\/wp-json\/wp\/v2\/product_cat?post=12569"},{"taxonomy":"product_tag","embeddable":true,"href":"https:\/\/www.sensortherm.de\/de\/wp-json\/wp\/v2\/product_tag?post=12569"}],"curies":[{"name":"wp","href":"https:\/\/api.w.org\/{rel}","templated":true}]}}