{"id":7700,"date":"2021-05-28T09:59:45","date_gmt":"2021-05-28T09:59:45","guid":{"rendered":"https:\/\/www.sensortherm.de\/?page_id=7700"},"modified":"2026-03-02T08:10:59","modified_gmt":"2026-03-02T08:10:59","slug":"reparaturservice","status":"publish","type":"page","link":"https:\/\/www.sensortherm.de\/de\/reparaturservice\/","title":{"rendered":"Reparaturservice"},"content":{"rendered":"<p>[et_pb_section fb_built=&#8220;1&#8243; _builder_version=&#8220;4.16&#8243; _module_preset=&#8220;default&#8220; background_color=&#8220;#F3F4F4&#8243; locked=&#8220;off&#8220; global_colors_info=&#8220;{}&#8220;][et_pb_row make_equal=&#8220;on&#8220; _builder_version=&#8220;4.16&#8243; _module_preset=&#8220;default&#8220; background_enable_color=&#8220;off&#8220; background_enable_image=&#8220;off&#8220; background_size=&#8220;initial&#8220; background_position=&#8220;center_right&#8220; width=&#8220;100%&#8220; width_tablet=&#8220;96%&#8220; width_phone=&#8220;&#8220; width_last_edited=&#8220;on|tablet&#8220; custom_padding=&#8220;||||false|false&#8220; global_colors_info=&#8220;{}&#8220;][et_pb_column type=&#8220;4_4&#8243; _builder_version=&#8220;4.16&#8243; _module_preset=&#8220;default&#8220; global_colors_info=&#8220;{}&#8220;][et_pb_image src=&#8220;https:\/\/www.sensortherm.de\/wp-content\/uploads\/2021\/10\/headerbild_reparaturservice.webp&#8220; alt=&#8220;offenes Pyrometer&#8220; title_text=&#8220;headerbild_reparaturservice&#8220; _builder_version=&#8220;4.16&#8243; _module_preset=&#8220;default&#8220; global_colors_info=&#8220;{}&#8220;][\/et_pb_image][\/et_pb_column][\/et_pb_row][\/et_pb_section][et_pb_section fb_built=&#8220;1&#8243; _builder_version=&#8220;4.16&#8243; _module_preset=&#8220;default&#8220; global_colors_info=&#8220;{}&#8220;][et_pb_row _builder_version=&#8220;4.16&#8243; _module_preset=&#8220;default&#8220; width=&#8220;96%&#8220; width_tablet=&#8220;&#8220; width_phone=&#8220;98%&#8220; width_last_edited=&#8220;on|phone&#8220; custom_padding=&#8220;1vw||1vw||true|false&#8220; global_colors_info=&#8220;{}&#8220;][et_pb_column type=&#8220;4_4&#8243; _builder_version=&#8220;4.16&#8243; _module_preset=&#8220;default&#8220; global_colors_info=&#8220;{}&#8220;][et_pb_text admin_label=&#8220;Downloads&#8220; _builder_version=&#8220;4.16&#8243; _module_preset=&#8220;default&#8220; background_color=&#8220;#FFFFFF&#8220; width=&#8220;100%&#8220; module_alignment=&#8220;left&#8220; custom_margin=&#8220;||2vw||false|false&#8220; custom_padding=&#8220;8px|1vw||1vw|false|true&#8220; header_font_size_tablet=&#8220;&#8220; header_font_size_phone=&#8220;18px&#8220; header_font_size_last_edited=&#8220;on|phone&#8220; custom_css_main_element=&#8220;width: max-content;&#8220; border_width_top=&#8220;5px&#8220; border_color_top=&#8220;#0B3172&#8243; border_width_left=&#8220;5px&#8220; border_color_left=&#8220;#0B3172&#8243; locked=&#8220;off&#8220; global_colors_info=&#8220;{}&#8220;]<\/p>\n<h1>Reparaturservice \/ RMA-Antrag<\/h1>\n<p>[\/et_pb_text][et_pb_text _builder_version=&#8220;4.16&#8243; _module_preset=&#8220;default&#8220; global_colors_info=&#8220;{}&#8220;]<\/p>\n<p><strong>Unser Reparaturservice umfasst<\/strong><\/p>\n<ul>\n<li>Instandsetzen defekter Ger\u00e4te<\/li>\n<li><a href=\"https:\/\/www.sensortherm.de\/de\/kalibrierservice\/\">Kalibrier- und Justierservice<\/a> bei Messabweichungen<\/li>\n<\/ul>\n<ul><\/ul>\n<p>[\/et_pb_text][et_pb_text _builder_version=&#8220;4.27.4&#8243; _module_preset=&#8220;default&#8220; hover_enabled=&#8220;0&#8243; global_colors_info=&#8220;{}&#8220; sticky_enabled=&#8220;0&#8243;]<\/p>\n<p><strong>Wir bitten zu beachten, dass wir zum 31.12.2023 den Support und Service <\/strong>f\u00fcr die<strong> veralteten Produkte <\/strong>METIS MQ, MF11, MS, MI, MP, HQ, HL, HI, MY, SIRIUS bis zur Seriennummer 2499 sowie POLARIS bis zur Seriennummer 2499 <strong>eingestellt haben<\/strong>, d.h. es werden keine Reparaturen, Kalibrierungen und Justierungen mehr durchgef\u00fchrt. Zum 1.3.2026 haben wir au\u00dferdem die Ger\u00e4te MB35 und MB 39 abgek\u00fcndigt. Eine komplette Liste inklusive der verf\u00fcgbaren Austauschger\u00e4te finden Sie auf der Seite <a href=\"https:\/\/www.sensortherm.de\/de\/end-of-service-life\/\">Abgek\u00fcndigte Produkte<\/a>.<\/p>\n<ul><\/ul>\n<p>[\/et_pb_text][et_pb_text _builder_version=&#8220;4.27.4&#8243; _module_preset=&#8220;default&#8220; global_colors_info=&#8220;{}&#8220;]<strong>Weiter bitten wir zu beachten,\u00a0dass wir den Support und Service f\u00fcr DIADEM-Pyrometer eingestellt haben, die vor der Seriennummer 6782 (Juli 2014) gebaut wurden<\/strong>, d.h. es werden keine Reparaturen, Kalibrierungen und Justierungen mehr durchgef\u00fchrt. Sprechen Sie uns an, ob in Einzelf\u00e4llen eine Ausnahme gemacht werden kann. [\/et_pb_text][et_pb_text _builder_version=&#8220;4.27.4&#8243; _module_preset=&#8220;default&#8220; custom_margin=&#8220;2vw||||false|false&#8220; custom_padding=&#8220;||1vw||false|false&#8220; global_colors_info=&#8220;{}&#8220;]<\/p>\n<h2>Ger\u00e4te einschicken<\/h2>\n<p>Vorgehensweise:<\/p>\n<ul>\n<li>F\u00fcllen Sie f\u00fcr jedes einzuschickende Ger\u00e4t den untenstehenden RMA-Antrag aus (Alternativ Sie k\u00f6nnen uns auch direkt kontaktieren und erhalten dann ein RMA-Formblatt).<br \/>Anhand der Seriennummer \u00fcberpr\u00fcfen wir den Gew\u00e4hrleistungsstatus.<\/li>\n<li><span class=\"caldera-forms-conditional-field\" role=\"region\" aria-live=\"polite\" id=\"conditional_fld_8364528_1\" data-field-id=\"fld_8364528_1\">Akzeptieren Sie die Datenschutzerkl\u00e4rung und dr\u00fccken &#8222;Abschicken&#8220;.<\/span><\/li>\n<li>Sie erhalten im Anschluss eine Antwort-E-Mail mit Ihren Daten und der zus\u00e4tzlich beigef\u00fcgten RMA-Nummer. Drucken Sie die E-Mail aus und legen Sie sie der Sendung bei.<\/li>\n<\/ul>\n<p>[\/et_pb_text][\/et_pb_column][\/et_pb_row][et_pb_row _builder_version=&#8220;4.27.0&#8243; _module_preset=&#8220;default&#8220; width=&#8220;96%&#8220; width_tablet=&#8220;96%&#8220; width_phone=&#8220;96%&#8220; width_last_edited=&#8220;on|phone&#8220; custom_margin=&#8220;||10px||false|false&#8220; custom_padding=&#8220;||||false|true&#8220; locked=&#8220;off&#8220; global_colors_info=&#8220;{}&#8220;][et_pb_column type=&#8220;4_4&#8243; _builder_version=&#8220;4.27.0&#8243; _module_preset=&#8220;default&#8220; global_colors_info=&#8220;{}&#8220;][et_pb_text _builder_version=&#8220;4.27.0&#8243; _module_preset=&#8220;default&#8220; background_color=&#8220;#F3F4F4&#8243; custom_margin=&#8220;5px||||false|false&#8220; custom_padding=&#8220;5px|5px|5px|5px|true|true&#8220; global_colors_info=&#8220;{}&#8220;]<\/p>\n<h3>RMA-Antrag<\/h3>\n<p>\n<div class=\"wpcf7 no-js\" id=\"wpcf7-f12376-o1\" lang=\"en-US\" dir=\"ltr\" data-wpcf7-id=\"12376\">\n<div class=\"screen-reader-response\"><p role=\"status\" aria-live=\"polite\" aria-atomic=\"true\"><\/p> <ul><\/ul><\/div>\n<form action=\"\/de\/wp-json\/wp\/v2\/pages\/7700#wpcf7-f12376-o1\" method=\"post\" class=\"wpcf7-form init\" aria-label=\"Contact form\" novalidate=\"novalidate\" data-status=\"init\">\n<fieldset class=\"hidden-fields-container\"><input type=\"hidden\" name=\"_wpcf7\" value=\"12376\" \/><input type=\"hidden\" name=\"_wpcf7_version\" value=\"6.1.5\" \/><input type=\"hidden\" name=\"_wpcf7_locale\" value=\"en_US\" \/><input type=\"hidden\" name=\"_wpcf7_unit_tag\" value=\"wpcf7-f12376-o1\" \/><input type=\"hidden\" name=\"_wpcf7_container_post\" value=\"0\" \/><input type=\"hidden\" name=\"_wpcf7_posted_data_hash\" value=\"\" \/><input type=\"hidden\" name=\"_wpcf7cf_hidden_group_fields\" value=\"[]\" \/><input type=\"hidden\" name=\"_wpcf7cf_hidden_groups\" value=\"[]\" \/><input type=\"hidden\" name=\"_wpcf7cf_visible_groups\" value=\"[]\" \/><input type=\"hidden\" name=\"_wpcf7cf_repeaters\" value=\"[]\" \/><input type=\"hidden\" name=\"_wpcf7cf_steps\" value=\"{}\" \/><input type=\"hidden\" name=\"_wpcf7cf_options\" value=\"{&quot;form_id&quot;:12376,&quot;conditions&quot;:[{&quot;then_field&quot;:&quot;weitere-hinweise-1&quot;,&quot;and_rules&quot;:[{&quot;if_field&quot;:&quot;grund-der-einsendung&quot;,&quot;operator&quot;:&quot;equals&quot;,&quot;if_value&quot;:&quot;Kalibrierung (auf Messwertabweichungen \\u00fcberpr\\u00fcfen und Werkszertifikat mit min. 3 Messpunkten erstellen)&quot;}]},{&quot;then_field&quot;:&quot;weitere-hinweise-2&quot;,&quot;and_rules&quot;:[{&quot;if_field&quot;:&quot;grund-der-einsendung&quot;,&quot;operator&quot;:&quot;equals&quot;,&quot;if_value&quot;:&quot;Kalibrierung und bei Messwertabweichungen Nachjustieren und Werkszertifikat erstellen&quot;}]},{&quot;then_field&quot;:&quot;weitere-hinweise-3&quot;,&quot;and_rules&quot;:[{&quot;if_field&quot;:&quot;grund-der-einsendung&quot;,&quot;operator&quot;:&quot;equals&quot;,&quot;if_value&quot;:&quot;Kalibrierung mit DAkkS-Zertifikat (min. 3 Messpunkte, max. 10)&quot;}]},{&quot;then_field&quot;:&quot;anz-dakks-messpunkte&quot;,&quot;and_rules&quot;:[{&quot;if_field&quot;:&quot;grund-der-einsendung&quot;,&quot;operator&quot;:&quot;equals&quot;,&quot;if_value&quot;:&quot;Kalibrierung mit DAkkS-Zertifikat (min. 3 Messpunkte, max. 10)&quot;}]},{&quot;then_field&quot;:&quot;fehlerbeschreibung&quot;,&quot;and_rules&quot;:[{&quot;if_field&quot;:&quot;grund-der-einsendung&quot;,&quot;operator&quot;:&quot;equals&quot;,&quot;if_value&quot;:&quot;Reparatur&quot;}]}],&quot;settings&quot;:{&quot;animation&quot;:&quot;yes&quot;,&quot;animation_intime&quot;:200,&quot;animation_outtime&quot;:200,&quot;conditions_ui&quot;:&quot;normal&quot;,&quot;notice_dismissed&quot;:false}}\" \/>\n<\/fieldset>\n\t\t\t\t<style>\n\t\t\t\t\t.uacf7-uacf7style-12376 label {\n\t\t\t\t\t\tfont-style: normal;font-weight: normal;\t\t\t\t\t}\n\n\t\t\t\t\t.uacf7-uacf7style-12376 input[type=\"email\"],\n\t\t\t\t\t.uacf7-uacf7style-12376 input[type=\"number\"],\n\t\t\t\t\t.uacf7-uacf7style-12376 input[type=\"password\"],\n\t\t\t\t\t.uacf7-uacf7style-12376 input[type=\"search\"],\n\t\t\t\t\t.uacf7-uacf7style-12376 input[type=\"tel\"],\n\t\t\t\t\t.uacf7-uacf7style-12376 input[type=\"text\"],\n\t\t\t\t\t.uacf7-uacf7style-12376 input[type=\"url\"],\n\t\t\t\t\t.uacf7-uacf7style-12376 input[type=\"date\"],\n\t\t\t\t\t.uacf7-uacf7style-12376 input[type=\"radio\"],\n\t\t\t\t\t.uacf7-uacf7style-12376 input[type=\"checkbox\"],\n\t\t\t\t\t.uacf7-uacf7style-12376 select,\n\t\t\t\t\t.uacf7-uacf7style-12376 textarea {\n\t\t\t\t\t\tfont-style: normal;font-weight: normal;border-style: solid!important;padding-top: 5px;padding-right: 5px;padding-bottom: 5px;padding-left: 5px;margin-bottom: 5px;\t\t\t\t\t}\n\n\t\t\t\t\t.uacf7-uacf7style-12376 .wpcf7-radio span,\n\t\t\t\t\t.uacf7-uacf7style-12376 .wpcf7-checkbox span {\n\t\t\t\t\t\tfont-style: normal;font-weight: normal;\t\t\t\t\t}\n\n\t\t\t\t\t.uacf7-uacf7style-12376 textarea {\n\t\t\t\t\t\t\t\t\t\t\t}\n\n\t\t\t\t\t.wpcf7-form-control-wrap select {\n\t\t\t\t\t\twidth: 100%;\n\t\t\t\t\t}\n\n\t\t\t\t\t.uacf7-uacf7style-12376 input[type=\"submit\"] {\n\t\t\t\t\t\tcolor: #ffffff;background-color: #4889c8;font-size: 16px;font-style: normal;font-weight: normal;border-style: none;padding-top: 10px;padding-right: 10px;padding-bottom: 10px;padding-left: 10px;margin-top: 10px;\t\t\t\t\t}\n\n\t\t\t\t\t.uacf7-uacf7style-12376 input[type=\"submit\"]:hover {\n\t\t\t\t\t\t\t\t\t\t\t}\n\n\t\t\t\t\t\t\t\t\t<\/style>\n\n\t\t\t\t<div class=\"uacf7-uacf7style uacf7-uacf7style-12376\"><div class=\"uacf7-form-wrapper-container uacf7-form-12376  uacf7-uacf7style uacf7-uacf7style-12376\">Grund der Einsendung *\n<span class=\"wpcf7-form-control-wrap\" data-name=\"grund-der-einsendung\"><span class=\"wpcf7-form-control wpcf7-radio\"><span class=\"wpcf7-list-item first\"><input type=\"radio\" name=\"grund-der-einsendung\" value=\"Kalibrierung (auf Messwertabweichungen \u00fcberpr\u00fcfen und Werkszertifikat mit min. 3 Messpunkten erstellen)\" checked=\"checked\" \/><span class=\"wpcf7-list-item-label\">Kalibrierung (auf Messwertabweichungen \u00fcberpr\u00fcfen und Werkszertifikat mit min. 3 Messpunkten erstellen)<\/span><\/span><span class=\"wpcf7-list-item\"><input type=\"radio\" name=\"grund-der-einsendung\" value=\"Kalibrierung mit DAkkS-Zertifikat (min. 3 Messpunkte, max. 10)\" \/><span class=\"wpcf7-list-item-label\">Kalibrierung mit DAkkS-Zertifikat (min. 3 Messpunkte, max. 10)<\/span><\/span><span class=\"wpcf7-list-item\"><input type=\"radio\" name=\"grund-der-einsendung\" value=\"Kalibrierung und bei Messwertabweichungen Nachjustieren und Werkszertifikat erstellen\" \/><span class=\"wpcf7-list-item-label\">Kalibrierung und bei Messwertabweichungen Nachjustieren und Werkszertifikat erstellen<\/span><\/span><span class=\"wpcf7-list-item last\"><input type=\"radio\" name=\"grund-der-einsendung\" value=\"Reparatur\" \/><span class=\"wpcf7-list-item-label\">Reparatur<\/span><\/span><\/span><\/span>\n\n<div data-id=\"anz-dakks-messpunkte\" data-orig_data_id=\"anz-dakks-messpunkte\"  class=\"\" data-class=\"wpcf7cf_group\">\nAnzahl DAkkS-Messpunkte:\n    <span class=\"wpcf7-form-control-wrap\" data-name=\"number-anz-dakks-messpunkte\"><input class=\"wpcf7-form-control wpcf7-number wpcf7-validates-as-number\" min=\"3\" max=\"10\" aria-invalid=\"false\" placeholder=\"min. 3, max. 10\" value=\"\" type=\"number\" name=\"number-anz-dakks-messpunkte\" \/><\/span><\/div>\n\n<div class=\"uacf7-row\"><div class=\"uacf7-col-6\">\n    Firma\n    <span class=\"wpcf7-form-control-wrap\" data-name=\"firma\"><input size=\"40\" maxlength=\"400\" class=\"wpcf7-form-control wpcf7-text\" aria-invalid=\"false\" value=\"\" type=\"text\" name=\"firma\" \/><\/span>\n    <\/div><div class=\"uacf7-col-6\">\n    Adresse\n    <span class=\"wpcf7-form-control-wrap\" data-name=\"Adresse\"><input size=\"40\" maxlength=\"400\" class=\"wpcf7-form-control wpcf7-text\" aria-invalid=\"false\" value=\"\" type=\"text\" name=\"Adresse\" \/><\/span>\n<\/div><\/div>\n\n<div class=\"uacf7-row\"><div class=\"uacf7-col-4\">\n    Name *\n    <span class=\"wpcf7-form-control-wrap\" data-name=\"your-name\"><input size=\"40\" maxlength=\"400\" class=\"wpcf7-form-control wpcf7-text wpcf7-validates-as-required\" autocomplete=\"name\" aria-required=\"true\" aria-invalid=\"false\" value=\"\" type=\"text\" name=\"your-name\" \/><\/span>\n    <\/div>\n    <div class=\"uacf7-col-4\">\n    E-Mail-Adresse *\n    <span class=\"wpcf7-form-control-wrap\" data-name=\"your-email\"><input size=\"40\" maxlength=\"400\" class=\"wpcf7-form-control wpcf7-email wpcf7-validates-as-required wpcf7-text wpcf7-validates-as-email\" autocomplete=\"email\" aria-required=\"true\" aria-invalid=\"false\" value=\"\" type=\"email\" name=\"your-email\" \/><\/span>\n    <\/div>\n    <div class=\"uacf7-col-4\">\n    Telefonnummer\n    <span class=\"wpcf7-form-control-wrap\" data-name=\"tel-nr\"><input size=\"40\" maxlength=\"400\" class=\"wpcf7-form-control wpcf7-tel wpcf7-text wpcf7-validates-as-tel\" aria-invalid=\"false\" value=\"\" type=\"tel\" name=\"tel-nr\" \/><\/span>\n    <\/div><\/div>\n\n<div class=\"uacf7-row\"><div class=\"uacf7-col-6\">\n    Ger\u00e4tebestellnummer *\n    <span class=\"wpcf7-form-control-wrap\" data-name=\"geraetebestellnummer\"><input size=\"40\" maxlength=\"400\" class=\"wpcf7-form-control wpcf7-text wpcf7-validates-as-required\" aria-required=\"true\" aria-invalid=\"false\" value=\"\" type=\"text\" name=\"geraetebestellnummer\" \/><\/span>\n    <\/div><div class=\"uacf7-col-6\">\n    Seriennummer *\n    <span class=\"wpcf7-form-control-wrap\" data-name=\"serialnumber\"><input class=\"wpcf7-form-control wpcf7-number wpcf7-validates-as-required wpcf7-validates-as-number\" min=\"1\" max=\"99999999\" aria-required=\"true\" aria-invalid=\"false\" value=\"\" type=\"number\" name=\"serialnumber\" \/><\/span>\n<\/div><\/div>\n\n<div data-id=\"weitere-hinweise-1\" data-orig_data_id=\"weitere-hinweise-1\"  class=\"\" data-class=\"wpcf7cf_group\">\nHinweise\n    <span class=\"wpcf7-form-control-wrap\" data-name=\"hinweise-1\"><textarea cols=\"40\" rows=\"4\" maxlength=\"2000\" class=\"wpcf7-form-control wpcf7-textarea\" aria-invalid=\"false\" placeholder=\"Hier k\u00f6nnen Sie bei Bedarf noch weitere Hinweise eintragen.\" name=\"hinweise-1\"><\/textarea><\/span><\/div>\n<div data-id=\"weitere-hinweise-2\" data-orig_data_id=\"weitere-hinweise-2\"  class=\"\" data-class=\"wpcf7cf_group\">\nHinweise\n    <span class=\"wpcf7-form-control-wrap\" data-name=\"hinweise-2\"><textarea cols=\"40\" rows=\"4\" maxlength=\"2000\" class=\"wpcf7-form-control wpcf7-textarea\" aria-invalid=\"false\" placeholder=\"Hier k\u00f6nnen Sie bei Bedarf noch weitere Hinweise eintragen.\" name=\"hinweise-2\"><\/textarea><\/span><\/div>\n<div data-id=\"weitere-hinweise-3\" data-orig_data_id=\"weitere-hinweise-3\"  class=\"\" data-class=\"wpcf7cf_group\">\nHinweise\n    <span class=\"wpcf7-form-control-wrap\" data-name=\"hinweise-3\"><textarea cols=\"40\" rows=\"3\" maxlength=\"2000\" class=\"wpcf7-form-control wpcf7-textarea\" aria-invalid=\"false\" placeholder=\"Hier k\u00f6nnen Sie bei Bedarf noch weitere Hinweise eintragen.\" name=\"hinweise-3\"><\/textarea><\/span><\/div>\n\n<div data-id=\"fehlerbeschreibung\" data-orig_data_id=\"fehlerbeschreibung\"  class=\"\" data-class=\"wpcf7cf_group\">\nFehlerbeschreibung\n    <span class=\"wpcf7-form-control-wrap\" data-name=\"Fehlerbeschreibung\"><textarea cols=\"40\" rows=\"4\" maxlength=\"2000\" class=\"wpcf7-form-control wpcf7-textarea\" aria-invalid=\"false\" placeholder=\"Beschreiben Sie den Fehler so genau wie m\u00f6glich!\" name=\"Fehlerbeschreibung\"><\/textarea><\/span><\/div>\n\n<span class=\"wpcf7-form-control-wrap\" data-name=\"acceptance-gdpr\"><span class=\"wpcf7-form-control wpcf7-acceptance\"><span class=\"wpcf7-list-item\"><label><input type=\"checkbox\" name=\"acceptance-gdpr\" value=\"1\" aria-invalid=\"false\" \/><span class=\"wpcf7-list-item-label\">* Ich habe die <a href=\"https:\/\/www.sensortherm.de\/de\/datenschutzerklaerung\/\">Datenschutzerkl\u00e4rung<\/a> zur Kenntnis genommen und stimme zu, dass die von mir \u00fcbermittelten Daten zur Kontaktaufnahme und f\u00fcr R\u00fcckfragen gespeichert werden, bis sie nicht mehr notwendig sind.<\/span><\/label><\/span><\/span><\/span>\n\n<p>\n<input class=\"wpcf7-form-control wpcf7-submit has-spinner\" type=\"submit\" value=\"Absenden\" \/><\/p><\/div><\/div><div class=\"wpcf7-response-output\" aria-hidden=\"true\"><\/div>\n<\/form>\n<\/div>\n<\/p>\n<p>[\/et_pb_text][\/et_pb_column][\/et_pb_row][\/et_pb_section]<\/p>\n","protected":false},"excerpt":{"rendered":"<p>Reparaturservice \/ RMA-AntragUnser Reparaturservice umfasst Instandsetzen defekter Ger\u00e4te Kalibrier- und Justierservice bei Messabweichungen Wir bitten zu beachten, dass wir zum 31.12.2023 den Support und Service f\u00fcr die veralteten Produkte METIS MQ, MF11, MS, MI, MP, HQ, HL, HI, MY, SIRIUS bis zur Seriennummer 2499 sowie POLARIS bis zur Seriennummer 2499 eingestellt haben, d.h. es werden [&hellip;]<\/p>\n","protected":false},"author":1,"featured_media":0,"parent":0,"menu_order":110,"comment_status":"closed","ping_status":"closed","template":"","meta":{"_et_pb_use_builder":"on","_et_pb_old_content":"","_et_gb_content_width":"","footnotes":""},"class_list":["post-7700","page","type-page","status-publish","hentry"],"yoast_head":"<!-- This site is optimized with the Yoast SEO plugin v27.3 - https:\/\/yoast.com\/product\/yoast-seo-wordpress\/ -->\n<title>Reparaturservice - Sensortherm<\/title>\n<meta name=\"robots\" content=\"index, follow, max-snippet:-1, max-image-preview:large, max-video-preview:-1\" \/>\n<link rel=\"canonical\" href=\"https:\/\/www.sensortherm.de\/de\/repair-service\/\" \/>\n<meta property=\"og:locale\" content=\"de_DE\" \/>\n<meta property=\"og:type\" content=\"article\" \/>\n<meta property=\"og:title\" content=\"Reparaturservice - Sensortherm\" \/>\n<meta property=\"og:description\" content=\"Reparaturservice \/ RMA-AntragUnser Reparaturservice umfasst Instandsetzen defekter Ger\u00e4te Kalibrier- und Justierservice bei Messabweichungen Wir bitten zu beachten, dass wir zum 31.12.2023 den Support und Service f\u00fcr die veralteten Produkte METIS MQ, MF11, MS, MI, MP, HQ, HL, HI, MY, SIRIUS bis zur Seriennummer 2499 sowie POLARIS bis zur Seriennummer 2499 eingestellt haben, d.h. es werden [&hellip;]\" \/>\n<meta property=\"og:url\" content=\"https:\/\/www.sensortherm.de\/de\/repair-service\/\" \/>\n<meta property=\"og:site_name\" content=\"Sensortherm\" \/>\n<meta property=\"article:modified_time\" content=\"2026-03-02T08:10:59+00:00\" \/>\n<meta name=\"twitter:card\" content=\"summary_large_image\" \/>\n<meta name=\"twitter:label1\" content=\"Gesch\u00e4tzte Lesezeit\" \/>\n\t<meta name=\"twitter:data1\" content=\"3\u00a0Minuten\" \/>\n<script type=\"application\/ld+json\" class=\"yoast-schema-graph\">{\"@context\":\"https:\\\/\\\/schema.org\",\"@graph\":[{\"@type\":\"WebPage\",\"@id\":\"https:\\\/\\\/www.sensortherm.de\\\/en\\\/repair-service\\\/\",\"url\":\"https:\\\/\\\/www.sensortherm.de\\\/en\\\/repair-service\\\/\",\"name\":\"Reparaturservice - Sensortherm\",\"isPartOf\":{\"@id\":\"https:\\\/\\\/www.sensortherm.de\\\/de\\\/#website\"},\"datePublished\":\"2021-05-28T09:59:45+00:00\",\"dateModified\":\"2026-03-02T08:10:59+00:00\",\"breadcrumb\":{\"@id\":\"https:\\\/\\\/www.sensortherm.de\\\/en\\\/repair-service\\\/#breadcrumb\"},\"inLanguage\":\"de\",\"potentialAction\":[{\"@type\":\"ReadAction\",\"target\":[\"https:\\\/\\\/www.sensortherm.de\\\/en\\\/repair-service\\\/\"]}]},{\"@type\":\"BreadcrumbList\",\"@id\":\"https:\\\/\\\/www.sensortherm.de\\\/en\\\/repair-service\\\/#breadcrumb\",\"itemListElement\":[{\"@type\":\"ListItem\",\"position\":1,\"name\":\"Home\",\"item\":\"https:\\\/\\\/www.sensortherm.de\\\/en\\\/\"},{\"@type\":\"ListItem\",\"position\":2,\"name\":\"Reparaturservice\"}]},{\"@type\":\"WebSite\",\"@id\":\"https:\\\/\\\/www.sensortherm.de\\\/de\\\/#website\",\"url\":\"https:\\\/\\\/www.sensortherm.de\\\/de\\\/\",\"name\":\"Sensortherm\",\"description\":\"Schnelle Infrarotmessger\u00e4te zur ber\u00fchrungslosen Temperaturmessung\",\"publisher\":{\"@id\":\"https:\\\/\\\/www.sensortherm.de\\\/de\\\/#organization\"},\"potentialAction\":[{\"@type\":\"SearchAction\",\"target\":{\"@type\":\"EntryPoint\",\"urlTemplate\":\"https:\\\/\\\/www.sensortherm.de\\\/de\\\/?s={search_term_string}\"},\"query-input\":{\"@type\":\"PropertyValueSpecification\",\"valueRequired\":true,\"valueName\":\"search_term_string\"}}],\"inLanguage\":\"de\"},{\"@type\":\"Organization\",\"@id\":\"https:\\\/\\\/www.sensortherm.de\\\/de\\\/#organization\",\"name\":\"Sensortherm GmbH\",\"url\":\"https:\\\/\\\/www.sensortherm.de\\\/de\\\/\",\"logo\":{\"@type\":\"ImageObject\",\"inLanguage\":\"de\",\"@id\":\"https:\\\/\\\/www.sensortherm.de\\\/de\\\/#\\\/schema\\\/logo\\\/image\\\/\",\"url\":\"https:\\\/\\\/www.sensortherm.de\\\/wp-content\\\/uploads\\\/2021\\\/10\\\/Logo_Sensortherm_header_transparent.webp\",\"contentUrl\":\"https:\\\/\\\/www.sensortherm.de\\\/wp-content\\\/uploads\\\/2021\\\/10\\\/Logo_Sensortherm_header_transparent.webp\",\"width\":182,\"height\":69,\"caption\":\"Sensortherm GmbH\"},\"image\":{\"@id\":\"https:\\\/\\\/www.sensortherm.de\\\/de\\\/#\\\/schema\\\/logo\\\/image\\\/\"},\"sameAs\":[\"https:\\\/\\\/de.linkedin.com\\\/company\\\/sensortherm-gmbh\"]}]}<\/script>\n<!-- \/ Yoast SEO plugin. -->","yoast_head_json":{"title":"Reparaturservice - Sensortherm","robots":{"index":"index","follow":"follow","max-snippet":"max-snippet:-1","max-image-preview":"max-image-preview:large","max-video-preview":"max-video-preview:-1"},"canonical":"https:\/\/www.sensortherm.de\/de\/repair-service\/","og_locale":"de_DE","og_type":"article","og_title":"Reparaturservice - Sensortherm","og_description":"Reparaturservice \/ RMA-AntragUnser Reparaturservice umfasst Instandsetzen defekter Ger\u00e4te Kalibrier- und Justierservice bei Messabweichungen Wir bitten zu beachten, dass wir zum 31.12.2023 den Support und Service f\u00fcr die veralteten Produkte METIS MQ, MF11, MS, MI, MP, HQ, HL, HI, MY, SIRIUS bis zur Seriennummer 2499 sowie POLARIS bis zur Seriennummer 2499 eingestellt haben, d.h. es werden [&hellip;]","og_url":"https:\/\/www.sensortherm.de\/de\/repair-service\/","og_site_name":"Sensortherm","article_modified_time":"2026-03-02T08:10:59+00:00","twitter_card":"summary_large_image","twitter_misc":{"Gesch\u00e4tzte Lesezeit":"3\u00a0Minuten"},"schema":{"@context":"https:\/\/schema.org","@graph":[{"@type":"WebPage","@id":"https:\/\/www.sensortherm.de\/en\/repair-service\/","url":"https:\/\/www.sensortherm.de\/en\/repair-service\/","name":"Reparaturservice - Sensortherm","isPartOf":{"@id":"https:\/\/www.sensortherm.de\/de\/#website"},"datePublished":"2021-05-28T09:59:45+00:00","dateModified":"2026-03-02T08:10:59+00:00","breadcrumb":{"@id":"https:\/\/www.sensortherm.de\/en\/repair-service\/#breadcrumb"},"inLanguage":"de","potentialAction":[{"@type":"ReadAction","target":["https:\/\/www.sensortherm.de\/en\/repair-service\/"]}]},{"@type":"BreadcrumbList","@id":"https:\/\/www.sensortherm.de\/en\/repair-service\/#breadcrumb","itemListElement":[{"@type":"ListItem","position":1,"name":"Home","item":"https:\/\/www.sensortherm.de\/en\/"},{"@type":"ListItem","position":2,"name":"Reparaturservice"}]},{"@type":"WebSite","@id":"https:\/\/www.sensortherm.de\/de\/#website","url":"https:\/\/www.sensortherm.de\/de\/","name":"Sensortherm","description":"Schnelle Infrarotmessger\u00e4te zur ber\u00fchrungslosen Temperaturmessung","publisher":{"@id":"https:\/\/www.sensortherm.de\/de\/#organization"},"potentialAction":[{"@type":"SearchAction","target":{"@type":"EntryPoint","urlTemplate":"https:\/\/www.sensortherm.de\/de\/?s={search_term_string}"},"query-input":{"@type":"PropertyValueSpecification","valueRequired":true,"valueName":"search_term_string"}}],"inLanguage":"de"},{"@type":"Organization","@id":"https:\/\/www.sensortherm.de\/de\/#organization","name":"Sensortherm GmbH","url":"https:\/\/www.sensortherm.de\/de\/","logo":{"@type":"ImageObject","inLanguage":"de","@id":"https:\/\/www.sensortherm.de\/de\/#\/schema\/logo\/image\/","url":"https:\/\/www.sensortherm.de\/wp-content\/uploads\/2021\/10\/Logo_Sensortherm_header_transparent.webp","contentUrl":"https:\/\/www.sensortherm.de\/wp-content\/uploads\/2021\/10\/Logo_Sensortherm_header_transparent.webp","width":182,"height":69,"caption":"Sensortherm GmbH"},"image":{"@id":"https:\/\/www.sensortherm.de\/de\/#\/schema\/logo\/image\/"},"sameAs":["https:\/\/de.linkedin.com\/company\/sensortherm-gmbh"]}]}},"_links":{"self":[{"href":"https:\/\/www.sensortherm.de\/de\/wp-json\/wp\/v2\/pages\/7700","targetHints":{"allow":["GET"]}}],"collection":[{"href":"https:\/\/www.sensortherm.de\/de\/wp-json\/wp\/v2\/pages"}],"about":[{"href":"https:\/\/www.sensortherm.de\/de\/wp-json\/wp\/v2\/types\/page"}],"author":[{"embeddable":true,"href":"https:\/\/www.sensortherm.de\/de\/wp-json\/wp\/v2\/users\/1"}],"replies":[{"embeddable":true,"href":"https:\/\/www.sensortherm.de\/de\/wp-json\/wp\/v2\/comments?post=7700"}],"version-history":[{"count":7,"href":"https:\/\/www.sensortherm.de\/de\/wp-json\/wp\/v2\/pages\/7700\/revisions"}],"predecessor-version":[{"id":12941,"href":"https:\/\/www.sensortherm.de\/de\/wp-json\/wp\/v2\/pages\/7700\/revisions\/12941"}],"wp:attachment":[{"href":"https:\/\/www.sensortherm.de\/de\/wp-json\/wp\/v2\/media?parent=7700"}],"curies":[{"name":"wp","href":"https:\/\/api.w.org\/{rel}","templated":true}]}}