{"id":7653,"date":"2021-05-27T11:42:16","date_gmt":"2021-05-27T11:42:16","guid":{"rendered":"https:\/\/www.sensortherm.de\/?page_id=7653"},"modified":"2022-05-25T11:22:07","modified_gmt":"2022-05-25T11:22:07","slug":"individuelle-beratung","status":"publish","type":"page","link":"https:\/\/www.sensortherm.de\/de\/individuelle-beratung\/","title":{"rendered":"Individuelle Beratung"},"content":{"rendered":"<p>[et_pb_section fb_built=&#8220;1&#8243; _builder_version=&#8220;4.16&#8243; _module_preset=&#8220;default&#8220; background_color=&#8220;#F3F4F4&#8243; locked=&#8220;off&#8220; global_colors_info=&#8220;{}&#8220;][et_pb_row make_equal=&#8220;on&#8220; _builder_version=&#8220;4.16&#8243; _module_preset=&#8220;default&#8220; background_enable_color=&#8220;off&#8220; background_enable_image=&#8220;off&#8220; background_size=&#8220;initial&#8220; background_position=&#8220;center_right&#8220; width=&#8220;100%&#8220; width_tablet=&#8220;100%&#8220; width_phone=&#8220;&#8220; width_last_edited=&#8220;on|tablet&#8220; custom_padding=&#8220;||||false|false&#8220; global_colors_info=&#8220;{}&#8220;][et_pb_column type=&#8220;4_4&#8243; _builder_version=&#8220;4.16&#8243; _module_preset=&#8220;default&#8220; global_colors_info=&#8220;{}&#8220;][et_pb_image src=&#8220;https:\/\/www.sensortherm.de\/wp-content\/uploads\/2021\/10\/headerbild_individuelle-beratung.webp&#8220; alt=&#8220;Pyrometer in Schutzgeh\u00e4use misst durch kleine \u00d6ffnung auf hei\u00dfes Material&#8220; title_text=&#8220;headerbild_individuelle-beratung&#8220; _builder_version=&#8220;4.16&#8243; _module_preset=&#8220;default&#8220; global_colors_info=&#8220;{}&#8220;][\/et_pb_image][\/et_pb_column][\/et_pb_row][\/et_pb_section][et_pb_section fb_built=&#8220;1&#8243; _builder_version=&#8220;4.16&#8243; _module_preset=&#8220;default&#8220; global_colors_info=&#8220;{}&#8220;][et_pb_row _builder_version=&#8220;4.16&#8243; _module_preset=&#8220;default&#8220; width=&#8220;96%&#8220; width_tablet=&#8220;96%&#8220; width_phone=&#8220;98%&#8220; width_last_edited=&#8220;on|tablet&#8220; custom_padding=&#8220;1vw||1vw||true|false&#8220; global_colors_info=&#8220;{}&#8220;][et_pb_column type=&#8220;4_4&#8243; _builder_version=&#8220;4.16&#8243; _module_preset=&#8220;default&#8220; global_colors_info=&#8220;{}&#8220;][et_pb_text admin_label=&#8220;Downloads&#8220; _builder_version=&#8220;4.16&#8243; _module_preset=&#8220;default&#8220; background_color=&#8220;#FFFFFF&#8220; width=&#8220;100%&#8220; module_alignment=&#8220;left&#8220; custom_margin=&#8220;||||false|false&#8220; custom_padding=&#8220;8px|1vw||1vw|false|true&#8220; header_font_size_tablet=&#8220;&#8220; header_font_size_phone=&#8220;18px&#8220; header_font_size_last_edited=&#8220;on|phone&#8220; custom_css_main_element=&#8220;width: max-content;&#8220; border_width_top=&#8220;5px&#8220; border_color_top=&#8220;#0B3172&#8243; border_width_left=&#8220;5px&#8220; border_color_left=&#8220;#0B3172&#8243; locked=&#8220;off&#8220; global_colors_info=&#8220;{}&#8220;]<\/p>\n<h1>Individuelle Beratung<\/h1>\n<p>[\/et_pb_text][\/et_pb_column][\/et_pb_row][et_pb_row column_structure=&#8220;3_5,2_5&#8243; use_custom_gutter=&#8220;on&#8220; gutter_width=&#8220;2&#8243; _builder_version=&#8220;4.16&#8243; _module_preset=&#8220;default&#8220; width=&#8220;96%&#8220; width_tablet=&#8220;96%&#8220; width_phone=&#8220;98%&#8220; width_last_edited=&#8220;on|tablet&#8220; custom_padding=&#8220;||1vw||false|false&#8220; global_colors_info=&#8220;{}&#8220;][et_pb_column type=&#8220;3_5&#8243; _builder_version=&#8220;4.16&#8243; _module_preset=&#8220;default&#8220; global_colors_info=&#8220;{}&#8220;][et_pb_text _builder_version=&#8220;4.16&#8243; _module_preset=&#8220;default&#8220; global_colors_info=&#8220;{}&#8220;]<\/p>\n<p>Die ber\u00fchrungslose Temperaturmessung mit Pyrometern ist der ber\u00fchrenden in vielen Bereichen \u00fcberlegen. Dennoch treten oftmals Fragen auf, die sich aufgrund fehlender Erfahrung nicht ohne weiteres l\u00f6sen lassen:<\/p>\n<ul>\n<li>Der Spektralbereich des Pyrometeers muss zum Messmaterial passen<\/li>\n<li>Die Erfassungs- bzw. Einstellzeit muss z.B. zur Geschwindigkeit von vorbeilaufenden Materialien passen<\/li>\n<li>Die Wahl des am besten geeigneten Pyrometertyps wie Einfarben- oder Quotientenpyrometer ist nicht zwangsl\u00e4ufig selbsterkl\u00e4rend<\/li>\n<li>und sicherlich viele weitere.<\/li>\n<\/ul>\n<p>[\/et_pb_text][\/et_pb_column][et_pb_column type=&#8220;2_5&#8243; _builder_version=&#8220;4.16&#8243; _module_preset=&#8220;default&#8220; global_colors_info=&#8220;{}&#8220;][et_pb_text _builder_version=&#8220;4.16&#8243; _module_preset=&#8220;default&#8220; global_colors_info=&#8220;{}&#8220;]<\/p>\n<p><strong>Besprechen Sie Ihre Anwendung mit uns und lassen sich beraten.<\/strong> Damit stellen Sie sicher, ein Produkt zu bekommen, mit dem Ihre Messaufgabe optimal durchgef\u00fchrt werden kann.<\/p>\n<p>Sollte ein geeigneter Ger\u00e4tevorschlag aus der Ferne nicht ausreichen, um Ihr Messproblem zu l\u00f6sen, sprechen Sie mit uns \u00fcber eine <strong>Vor-Ort-Beratung<\/strong>.<\/p>\n<p>[\/et_pb_text][\/et_pb_column][\/et_pb_row][et_pb_row _builder_version=&#8220;4.16&#8243; _module_preset=&#8220;default&#8220; width=&#8220;96%&#8220; custom_padding=&#8220;1vw||1vw||true|false&#8220; global_colors_info=&#8220;{}&#8220;][et_pb_column type=&#8220;4_4&#8243; _builder_version=&#8220;4.16&#8243; _module_preset=&#8220;default&#8220; global_colors_info=&#8220;{}&#8220;][et_pb_text _builder_version=&#8220;4.17.3&#8243; _module_preset=&#8220;default&#8220; hover_enabled=&#8220;0&#8243; global_colors_info=&#8220;{}&#8220; sticky_enabled=&#8220;0&#8243;]<\/p>\n<p>Eine Anwendungsberatung oder ein passender Pyrometervorschlag wird beschleunigt durch Ausf\u00fcllen unseres<br \/><img loading=\"lazy\" decoding=\"async\" src=\"https:\/\/www.sensortherm.de\/wp-content\/uploads\/2020\/08\/pdf-Icon.png\" alt=\"pdf-Icon\" class=\"wp-image-2092 alignnone size-full\" width=\"25\" height=\"24\" \/> <strong><a  data-e-Disable-Page-Transition=\"true\" class=\"download-link\" title=\"\" href=\"https:\/\/www.sensortherm.de\/de\/download\/11140\/?tmstv=1776279458\" rel=\"nofollow\" id=\"download-link-11140\" data-redirect=\"false\" >\n\tFragebogen zur Anwendungsberatung der ber\u00fchrungslosen Temperaturmessung<\/a>\n<\/strong><\/p>\n<p>Speichern Sie den Fragebogen lokal auf Ihrem Rechner und f\u00fcllen ihn m\u00f6glichst vollst\u00e4ndig aus.<\/p>\n<p>[\/et_pb_text][\/et_pb_column][\/et_pb_row][et_pb_row _builder_version=&#8220;4.16&#8243; _module_preset=&#8220;default&#8220; width=&#8220;96%&#8220; custom_padding=&#8220;1vw||1vw||true|false&#8220; global_colors_info=&#8220;{}&#8220;][et_pb_column type=&#8220;4_4&#8243; _builder_version=&#8220;4.16&#8243; _module_preset=&#8220;default&#8220; global_colors_info=&#8220;{}&#8220;][et_pb_text _builder_version=&#8220;4.16&#8243; _module_preset=&#8220;default&#8220; custom_margin=&#8220;1vw||||false|false&#8220; global_colors_info=&#8220;{}&#8220;]<\/p>\n<p>und kontaktieren entweder direkt unseren Vertriebsau\u00dfendienst:<\/p>\n<ul>\n<li>per Telefon unter <a href=\"tel:+491709293833\"><strong>+49 170 9293833<\/strong><\/a> (Deutschland, \u00d6sterreich)<br \/>bzw. <strong><a href=\"tel:+496171887098981\">+49 6171 887098-981<\/a><\/strong> oder<strong> <a href=\"tel:+491604012604\">+49 160 4012604<\/a><\/strong> (international)<\/li>\n<\/ul>\n<p>oder schicken den Fragebogen an unsere Zentrale:<\/p>\n<ul>\n<li>per Fax: <strong>+49 6171 887098-989<\/strong><\/li>\n<li>durch Absenden an unsere <strong>Support-E-Mail-Adresse<\/strong> <a href=\"mailto:sales_support_national@sensortherm.de\">sales_support_national@sensortherm.de<\/a><\/li>\n<li>\u00fcber dieses Formular:<\/li>\n<\/ul>\n<p>[\/et_pb_text][et_pb_text _builder_version=&#8220;4.16&#8243; _module_preset=&#8220;default&#8220; background_color=&#8220;#F3F4F4&#8243; custom_padding=&#8220;5px|||12px|false|false&#8220; global_colors_info=&#8220;{}&#8220;]<div class=\"caldera-grid\" id=\"caldera_form_1\" data-cf-ver=\"1.9.6\" data-cf-form-id=\"CF61260284aa3e7\"><div id=\"caldera_notices_1\" data-spinner=\"https:\/\/www.sensortherm.de\/wp-admin\/images\/spinner.gif\"><\/div><form data-instance=\"1\" class=\"CF61260284aa3e7 caldera_forms_form cfajax-trigger\" method=\"POST\" enctype=\"multipart\/form-data\" id=\"CF61260284aa3e7_1\" data-form-id=\"CF61260284aa3e7\" aria-label=\"Individuelle Beratung\" data-target=\"#caldera_notices_1\" data-template=\"#cfajax_CF61260284aa3e7-tmpl\" data-cfajax=\"CF61260284aa3e7\" data-load-element=\"_parent\" data-load-class=\"cf_processing\" data-post-disable=\"0\" data-action=\"cf_process_ajax_submit\" data-request=\"https:\/\/www.sensortherm.de\/de\/\/cf-api\/CF61260284aa3e7\" data-hiderows=\"true\">\r\n<input type=\"hidden\" id=\"_cf_verify_CF61260284aa3e7\" name=\"_cf_verify\" value=\"f286795b2a\"  data-nonce-time=\"1776279458\" \/><input type=\"hidden\" name=\"_wp_http_referer\" value=\"\/de\/wp-json\/wp\/v2\/pages\/7653\" \/><div id=\"cf2-CF61260284aa3e7_1\"><\/div><input type=\"hidden\" name=\"_cf_frm_id\" value=\"CF61260284aa3e7\">\r\n<input type=\"hidden\" name=\"_cf_frm_ct\" value=\"1\">\r\n<input type=\"hidden\" name=\"cfajax\" value=\"CF61260284aa3e7\">\r\n<input type=\"hidden\" name=\"_cf_cr_pst\" value=\"7653\">\r\n<div class=\"hide\" style=\"display:none; overflow:hidden;height:0;width:0;\">\r\n<label>Twitter<\/label><input type=\"text\" name=\"twitter\" value=\"\" autocomplete=\"off\">\r\n<\/div><div id=\"CF61260284aa3e7_1-row-1\"  class=\"row  single\"><div  class=\"col-sm-4  first_col\"><div data-field-wrapper=\"fld_3125683\" class=\"form-group\" id=\"fld_3125683_1-wrap\">\r\n\t<label id=\"fld_3125683Label\" for=\"fld_3125683_1\" class=\"control-label\">Datei ausw\u00e4hlen<\/label>\r\n\t<div class=\"file-prevent-overflow\">\r\n\t\t<div id=\"fld_3125683_1_file_list\" class=\"cf-multi-uploader-list\"><\/div>\n\t\t\t\t<input type=\"file\" name=\"fld_3125683\" value=\"\" data-field=\"fld_3125683\" class=\"\" id=\"fld_3125683_1\" data-controlid=\"trupl69dfdfa2c821b\"      aria-labelledby=\"fld_3125683Label\">\n\t\t<input type=\"hidden\" name=\"fld_3125683\" value=\"trupl69dfdfa2c821b\">\n\t\t\t<\/div>\r\n<\/div>\r\n<div data-field-wrapper=\"fld_7825550\" class=\"form-group\" id=\"fld_7825550_1-wrap\">\r\n<div class=\"\">\r\n\t<input  class=\"btn btn-default\" type=\"submit\" name=\"fld_7825550\" id=\"fld_7825550_1\" value=\"Absenden\" data-field=\"fld_7825550\"  >\n<\/div>\r\n<\/div>\r\n\t<input class=\"button_trigger_1\" type=\"hidden\" name=\"fld_7825550\" id=\"fld_7825550_1_btn\" value=\"\" data-field=\"fld_7825550\"  \/>\n<\/div><div  class=\"col-sm-8  last_col\"><div data-field-wrapper=\"fld_5480720\" class=\"form-group\" id=\"fld_5480720_1-wrap\">\r\n\t<label id=\"fld_5480720Label\" for=\"fld_5480720_1\" class=\"control-label\">Datenschutzerkl\u00e4rung <span aria-hidden=\"true\" role=\"presentation\" class=\"field_required\" style=\"color:#ee0000;\">*<\/span><\/label>\r\n\t<div class=\"\">\r\n\t\t\t\t\t\t\t\t\t\t\t<div class=\"checkbox\">\n\t\t\t\t\n                <label                         for=\"fld_5480720_1_opt1651559\"\n                >\n                            <input\n                                data-parsley-required=\"true\" data-parsley-group=\"fld_5480720_1\" data-parsley-multiple=\"fld_5480720_1\"                                type=\"checkbox\"\n                                data-label=\"Ich habe die &lt;a href=&quot;https:\/\/www.sensortherm.de\/de\/datenschutzerklaerung\/&quot; rel=&quot;nofollow&quot;&gt;Datenschutzerkl\u00e4rung&lt;\/a&gt; zur Kenntnis genommen und stimme zu, dass die von mir \u00fcbermittelten Daten zur Kontaktaufnahme und f\u00fcr R\u00fcckfragen gespeichert werden, bis sie nicht mehr notwendig sind. \"\n                                data-field=\"fld_5480720\"\n                                id=\"fld_5480720_1_opt1651559\"\n                                class=\"fld_5480720_1 option-required\"\n                                name=\"fld_5480720[opt1651559]\"\n                                value=\"Ich habe die &lt;a href=&quot;https:\/\/www.sensortherm.de\/de\/datenschutzerklaerung\/&quot; rel=&quot;nofollow&quot;&gt;Datenschutzerkl\u00e4rung&lt;\/a&gt; zur Kenntnis genommen und stimme zu, dass die von mir \u00fcbermittelten Daten zur Kontaktaufnahme und f\u00fcr R\u00fcckfragen gespeichert werden, bis sie nicht mehr notwendig sind. \"\n                                                                data-type=\"checkbox\"\n                                data-checkbox-field=\"fld_5480720_1\"\n                                                                data-calc-value=\"Ich habe die &lt;a href=&quot;https:\/\/divi.sensortherm.de\/de\/datenschutzerklaerung\/&quot; rel=&quot;nofollow&quot;&gt;Datenschutzerkl\u00e4rung&lt;\/a&gt; zur Kenntnis genommen und stimme zu, dass die von mir \u00fcbermittelten Daten zur Kontaktaufnahme und f\u00fcr R\u00fcckfragen gespeichert werden, bis sie nicht mehr notwendig sind. \"\n                            >\n                    Ich habe die <a href=\"https:\/\/www.sensortherm.de\/de\/datenschutzerklaerung\/\" rel=\"nofollow\">Datenschutzerkl\u00e4rung<\/a> zur Kenntnis genommen und stimme zu, dass die von mir \u00fcbermittelten Daten zur Kontaktaufnahme und f\u00fcr R\u00fcckfragen gespeichert werden, bis sie nicht mehr notwendig sind.                 <\/label>\n\n                \t\t\t\t\t<\/div>\n\t\t\t\t\t\t\t\t\t\t\t<\/div>\r\n<\/div>\r\n<\/div><\/div><\/form>\r\n<\/div>\r\n[\/et_pb_text][et_pb_text _builder_version=&#8220;4.16&#8243; _module_preset=&#8220;default&#8220; custom_margin=&#8220;||||false|false&#8220; custom_padding=&#8220;1vw||1vw||true|false&#8220; global_colors_info=&#8220;{}&#8220;]<\/p>\n<p>Unser Interesse gilt dem langen und st\u00f6rungsfreien Betrieb unserer Produkte bei Ihren Messaufgaben.<\/p>\n<p>[\/et_pb_text][\/et_pb_column][\/et_pb_row][\/et_pb_section]<\/p>\n","protected":false},"excerpt":{"rendered":"<p>Individuelle BeratungDie ber\u00fchrungslose Temperaturmessung mit Pyrometern ist der ber\u00fchrenden in vielen Bereichen \u00fcberlegen. Dennoch treten oftmals Fragen auf, die sich aufgrund fehlender Erfahrung nicht ohne weiteres l\u00f6sen lassen: Der Spektralbereich des Pyrometeers muss zum Messmaterial passen Die Erfassungs- bzw. Einstellzeit muss z.B. zur Geschwindigkeit von vorbeilaufenden Materialien passen Die Wahl des am besten geeigneten Pyrometertyps [&hellip;]<\/p>\n","protected":false},"author":1,"featured_media":0,"parent":0,"menu_order":100,"comment_status":"closed","ping_status":"closed","template":"","meta":{"_et_pb_use_builder":"on","_et_pb_old_content":"","_et_gb_content_width":"","footnotes":""},"class_list":["post-7653","page","type-page","status-publish","hentry"],"yoast_head":"<!-- This site is optimized with the Yoast SEO plugin v27.3 - https:\/\/yoast.com\/product\/yoast-seo-wordpress\/ -->\n<title>Individuelle Beratung - Sensortherm<\/title>\n<meta name=\"robots\" content=\"index, follow, max-snippet:-1, max-image-preview:large, max-video-preview:-1\" \/>\n<link rel=\"canonical\" href=\"https:\/\/www.sensortherm.de\/de\/individual-advice\/\" \/>\n<meta property=\"og:locale\" content=\"de_DE\" \/>\n<meta property=\"og:type\" content=\"article\" \/>\n<meta property=\"og:title\" content=\"Individuelle Beratung - Sensortherm\" \/>\n<meta property=\"og:description\" content=\"Individuelle BeratungDie ber\u00fchrungslose Temperaturmessung mit Pyrometern ist der ber\u00fchrenden in vielen Bereichen \u00fcberlegen. Dennoch treten oftmals Fragen auf, die sich aufgrund fehlender Erfahrung nicht ohne weiteres l\u00f6sen lassen: Der Spektralbereich des Pyrometeers muss zum Messmaterial passen Die Erfassungs- bzw. Einstellzeit muss z.B. zur Geschwindigkeit von vorbeilaufenden Materialien passen Die Wahl des am besten geeigneten Pyrometertyps [&hellip;]\" \/>\n<meta property=\"og:url\" content=\"https:\/\/www.sensortherm.de\/de\/individual-advice\/\" \/>\n<meta property=\"og:site_name\" content=\"Sensortherm\" \/>\n<meta property=\"article:modified_time\" content=\"2022-05-25T11:22:07+00:00\" \/>\n<meta property=\"og:image\" content=\"https:\/\/www.sensortherm.de\/wp-content\/uploads\/2020\/08\/pdf-Icon.png\" \/>\n<meta name=\"twitter:card\" content=\"summary_large_image\" \/>\n<meta name=\"twitter:label1\" content=\"Gesch\u00e4tzte Lesezeit\" \/>\n\t<meta name=\"twitter:data1\" content=\"4\u00a0Minuten\" \/>\n<script type=\"application\/ld+json\" class=\"yoast-schema-graph\">{\"@context\":\"https:\\\/\\\/schema.org\",\"@graph\":[{\"@type\":\"WebPage\",\"@id\":\"https:\\\/\\\/www.sensortherm.de\\\/en\\\/individual-advice\\\/\",\"url\":\"https:\\\/\\\/www.sensortherm.de\\\/en\\\/individual-advice\\\/\",\"name\":\"Individuelle Beratung - Sensortherm\",\"isPartOf\":{\"@id\":\"https:\\\/\\\/www.sensortherm.de\\\/de\\\/#website\"},\"primaryImageOfPage\":{\"@id\":\"https:\\\/\\\/www.sensortherm.de\\\/en\\\/individual-advice\\\/#primaryimage\"},\"image\":{\"@id\":\"https:\\\/\\\/www.sensortherm.de\\\/en\\\/individual-advice\\\/#primaryimage\"},\"thumbnailUrl\":\"https:\\\/\\\/www.sensortherm.de\\\/wp-content\\\/uploads\\\/2020\\\/08\\\/pdf-Icon.png\",\"datePublished\":\"2021-05-27T11:42:16+00:00\",\"dateModified\":\"2022-05-25T11:22:07+00:00\",\"breadcrumb\":{\"@id\":\"https:\\\/\\\/www.sensortherm.de\\\/en\\\/individual-advice\\\/#breadcrumb\"},\"inLanguage\":\"de\",\"potentialAction\":[{\"@type\":\"ReadAction\",\"target\":[\"https:\\\/\\\/www.sensortherm.de\\\/en\\\/individual-advice\\\/\"]}]},{\"@type\":\"ImageObject\",\"inLanguage\":\"de\",\"@id\":\"https:\\\/\\\/www.sensortherm.de\\\/en\\\/individual-advice\\\/#primaryimage\",\"url\":\"https:\\\/\\\/www.sensortherm.de\\\/wp-content\\\/uploads\\\/2020\\\/08\\\/pdf-Icon.png\",\"contentUrl\":\"https:\\\/\\\/www.sensortherm.de\\\/wp-content\\\/uploads\\\/2020\\\/08\\\/pdf-Icon.png\"},{\"@type\":\"BreadcrumbList\",\"@id\":\"https:\\\/\\\/www.sensortherm.de\\\/en\\\/individual-advice\\\/#breadcrumb\",\"itemListElement\":[{\"@type\":\"ListItem\",\"position\":1,\"name\":\"Home\",\"item\":\"https:\\\/\\\/www.sensortherm.de\\\/en\\\/\"},{\"@type\":\"ListItem\",\"position\":2,\"name\":\"Individuelle Beratung\"}]},{\"@type\":\"WebSite\",\"@id\":\"https:\\\/\\\/www.sensortherm.de\\\/de\\\/#website\",\"url\":\"https:\\\/\\\/www.sensortherm.de\\\/de\\\/\",\"name\":\"Sensortherm\",\"description\":\"Schnelle Infrarotmessger\u00e4te zur ber\u00fchrungslosen Temperaturmessung\",\"publisher\":{\"@id\":\"https:\\\/\\\/www.sensortherm.de\\\/de\\\/#organization\"},\"potentialAction\":[{\"@type\":\"SearchAction\",\"target\":{\"@type\":\"EntryPoint\",\"urlTemplate\":\"https:\\\/\\\/www.sensortherm.de\\\/de\\\/?s={search_term_string}\"},\"query-input\":{\"@type\":\"PropertyValueSpecification\",\"valueRequired\":true,\"valueName\":\"search_term_string\"}}],\"inLanguage\":\"de\"},{\"@type\":\"Organization\",\"@id\":\"https:\\\/\\\/www.sensortherm.de\\\/de\\\/#organization\",\"name\":\"Sensortherm GmbH\",\"url\":\"https:\\\/\\\/www.sensortherm.de\\\/de\\\/\",\"logo\":{\"@type\":\"ImageObject\",\"inLanguage\":\"de\",\"@id\":\"https:\\\/\\\/www.sensortherm.de\\\/de\\\/#\\\/schema\\\/logo\\\/image\\\/\",\"url\":\"https:\\\/\\\/www.sensortherm.de\\\/wp-content\\\/uploads\\\/2021\\\/10\\\/Logo_Sensortherm_header_transparent.webp\",\"contentUrl\":\"https:\\\/\\\/www.sensortherm.de\\\/wp-content\\\/uploads\\\/2021\\\/10\\\/Logo_Sensortherm_header_transparent.webp\",\"width\":182,\"height\":69,\"caption\":\"Sensortherm GmbH\"},\"image\":{\"@id\":\"https:\\\/\\\/www.sensortherm.de\\\/de\\\/#\\\/schema\\\/logo\\\/image\\\/\"},\"sameAs\":[\"https:\\\/\\\/de.linkedin.com\\\/company\\\/sensortherm-gmbh\"]}]}<\/script>\n<!-- \/ Yoast SEO plugin. -->","yoast_head_json":{"title":"Individuelle Beratung - Sensortherm","robots":{"index":"index","follow":"follow","max-snippet":"max-snippet:-1","max-image-preview":"max-image-preview:large","max-video-preview":"max-video-preview:-1"},"canonical":"https:\/\/www.sensortherm.de\/de\/individual-advice\/","og_locale":"de_DE","og_type":"article","og_title":"Individuelle Beratung - Sensortherm","og_description":"Individuelle BeratungDie ber\u00fchrungslose Temperaturmessung mit Pyrometern ist der ber\u00fchrenden in vielen Bereichen \u00fcberlegen. Dennoch treten oftmals Fragen auf, die sich aufgrund fehlender Erfahrung nicht ohne weiteres l\u00f6sen lassen: Der Spektralbereich des Pyrometeers muss zum Messmaterial passen Die Erfassungs- bzw. Einstellzeit muss z.B. zur Geschwindigkeit von vorbeilaufenden Materialien passen Die Wahl des am besten geeigneten Pyrometertyps [&hellip;]","og_url":"https:\/\/www.sensortherm.de\/de\/individual-advice\/","og_site_name":"Sensortherm","article_modified_time":"2022-05-25T11:22:07+00:00","og_image":[{"url":"https:\/\/www.sensortherm.de\/wp-content\/uploads\/2020\/08\/pdf-Icon.png","type":"","width":"","height":""}],"twitter_card":"summary_large_image","twitter_misc":{"Gesch\u00e4tzte Lesezeit":"4\u00a0Minuten"},"schema":{"@context":"https:\/\/schema.org","@graph":[{"@type":"WebPage","@id":"https:\/\/www.sensortherm.de\/en\/individual-advice\/","url":"https:\/\/www.sensortherm.de\/en\/individual-advice\/","name":"Individuelle Beratung - Sensortherm","isPartOf":{"@id":"https:\/\/www.sensortherm.de\/de\/#website"},"primaryImageOfPage":{"@id":"https:\/\/www.sensortherm.de\/en\/individual-advice\/#primaryimage"},"image":{"@id":"https:\/\/www.sensortherm.de\/en\/individual-advice\/#primaryimage"},"thumbnailUrl":"https:\/\/www.sensortherm.de\/wp-content\/uploads\/2020\/08\/pdf-Icon.png","datePublished":"2021-05-27T11:42:16+00:00","dateModified":"2022-05-25T11:22:07+00:00","breadcrumb":{"@id":"https:\/\/www.sensortherm.de\/en\/individual-advice\/#breadcrumb"},"inLanguage":"de","potentialAction":[{"@type":"ReadAction","target":["https:\/\/www.sensortherm.de\/en\/individual-advice\/"]}]},{"@type":"ImageObject","inLanguage":"de","@id":"https:\/\/www.sensortherm.de\/en\/individual-advice\/#primaryimage","url":"https:\/\/www.sensortherm.de\/wp-content\/uploads\/2020\/08\/pdf-Icon.png","contentUrl":"https:\/\/www.sensortherm.de\/wp-content\/uploads\/2020\/08\/pdf-Icon.png"},{"@type":"BreadcrumbList","@id":"https:\/\/www.sensortherm.de\/en\/individual-advice\/#breadcrumb","itemListElement":[{"@type":"ListItem","position":1,"name":"Home","item":"https:\/\/www.sensortherm.de\/en\/"},{"@type":"ListItem","position":2,"name":"Individuelle Beratung"}]},{"@type":"WebSite","@id":"https:\/\/www.sensortherm.de\/de\/#website","url":"https:\/\/www.sensortherm.de\/de\/","name":"Sensortherm","description":"Schnelle Infrarotmessger\u00e4te zur ber\u00fchrungslosen Temperaturmessung","publisher":{"@id":"https:\/\/www.sensortherm.de\/de\/#organization"},"potentialAction":[{"@type":"SearchAction","target":{"@type":"EntryPoint","urlTemplate":"https:\/\/www.sensortherm.de\/de\/?s={search_term_string}"},"query-input":{"@type":"PropertyValueSpecification","valueRequired":true,"valueName":"search_term_string"}}],"inLanguage":"de"},{"@type":"Organization","@id":"https:\/\/www.sensortherm.de\/de\/#organization","name":"Sensortherm GmbH","url":"https:\/\/www.sensortherm.de\/de\/","logo":{"@type":"ImageObject","inLanguage":"de","@id":"https:\/\/www.sensortherm.de\/de\/#\/schema\/logo\/image\/","url":"https:\/\/www.sensortherm.de\/wp-content\/uploads\/2021\/10\/Logo_Sensortherm_header_transparent.webp","contentUrl":"https:\/\/www.sensortherm.de\/wp-content\/uploads\/2021\/10\/Logo_Sensortherm_header_transparent.webp","width":182,"height":69,"caption":"Sensortherm GmbH"},"image":{"@id":"https:\/\/www.sensortherm.de\/de\/#\/schema\/logo\/image\/"},"sameAs":["https:\/\/de.linkedin.com\/company\/sensortherm-gmbh"]}]}},"_links":{"self":[{"href":"https:\/\/www.sensortherm.de\/de\/wp-json\/wp\/v2\/pages\/7653","targetHints":{"allow":["GET"]}}],"collection":[{"href":"https:\/\/www.sensortherm.de\/de\/wp-json\/wp\/v2\/pages"}],"about":[{"href":"https:\/\/www.sensortherm.de\/de\/wp-json\/wp\/v2\/types\/page"}],"author":[{"embeddable":true,"href":"https:\/\/www.sensortherm.de\/de\/wp-json\/wp\/v2\/users\/1"}],"replies":[{"embeddable":true,"href":"https:\/\/www.sensortherm.de\/de\/wp-json\/wp\/v2\/comments?post=7653"}],"version-history":[{"count":0,"href":"https:\/\/www.sensortherm.de\/de\/wp-json\/wp\/v2\/pages\/7653\/revisions"}],"wp:attachment":[{"href":"https:\/\/www.sensortherm.de\/de\/wp-json\/wp\/v2\/media?parent=7653"}],"curies":[{"name":"wp","href":"https:\/\/api.w.org\/{rel}","templated":true}]}}