{"id":4351,"date":"2020-12-18T13:49:13","date_gmt":"2020-12-18T13:49:13","guid":{"rendered":"https:\/\/www.sensortherm.de\/?page_id=4351"},"modified":"2025-06-27T11:35:08","modified_gmt":"2025-06-27T11:35:08","slug":"kalibrierservice","status":"publish","type":"page","link":"https:\/\/www.sensortherm.de\/de\/kalibrierservice\/","title":{"rendered":"Kalibrierservice"},"content":{"rendered":"<p><div class=\"et_d4_element et_pb_section et_pb_section_0 et_pb_with_background  et_pb_css_mix_blend_mode et_section_regular et_block_section\" >\n\t\t\t\t\n\t\t\t\t\n\t\t\t\t\n\t\t\t\t\n\t\t\t\t\n\t\t\t\t\n\t\t\t\t<div class=\"et_d4_element et_pb_row et_pb_row_0  et_pb_css_mix_blend_mode et_block_row\">\n\t\t\t\t<div class=\"et_d4_element et_pb_column_4_4 et_pb_column et_pb_column_0  et_pb_css_mix_blend_mode et-last-child et_block_column\">\n\t\t\t\t\n\t\t\t\t\n\t\t\t\t\n\t\t\t\t\n\t\t\t\t<div class=\"et_pb_module et_d4_element et_pb_image et_pb_image_0\">\n\t\t\t\t\n\t\t\t\t\n\t\t\t\t\n\t\t\t\t\n\t\t\t\t<span class=\"et_pb_image_wrap \"><img loading=\"lazy\" decoding=\"async\" width=\"1080\" height=\"237\" src=\"https:\/\/www.sensortherm.de\/wp-content\/uploads\/2021\/10\/headerbild_kalibrierlabor.webp\" alt=\"Kalibrierlabor von Sensortherm\" title=\"headerbild_kalibrierlabor\" srcset=\"https:\/\/www.sensortherm.de\/wp-content\/uploads\/2021\/10\/headerbild_kalibrierlabor.webp 1080w, https:\/\/www.sensortherm.de\/wp-content\/uploads\/2021\/10\/headerbild_kalibrierlabor-980x215.webp 980w, https:\/\/www.sensortherm.de\/wp-content\/uploads\/2021\/10\/headerbild_kalibrierlabor-480x105.webp 480w\" sizes=\"(min-width: 0px) and (max-width: 480px) 480px, (min-width: 481px) and (max-width: 980px) 980px, (min-width: 981px) 1080px, 100vw\" class=\"wp-image-10095\" \/><\/span>\n\t\t\t<\/div>\n\t\t\t<\/div>\n\t\t\t\t\n\t\t\t\t\n\t\t\t\t\n\t\t\t\t\n\t\t\t<\/div>\n\t\t\t\t\n\t\t\t\t\n\t\t\t<\/div><div class=\"et_d4_element et_pb_section et_pb_section_1  et_pb_css_mix_blend_mode et_section_regular et_block_section\" >\n\t\t\t\t\n\t\t\t\t\n\t\t\t\t\n\t\t\t\t\n\t\t\t\t\n\t\t\t\t\n\t\t\t\t<div class=\"et_d4_element et_pb_row et_pb_row_1 et_pb_equal_columns  et_pb_css_mix_blend_mode et_block_row\">\n\t\t\t\t<div class=\"et_d4_element et_pb_column_4_4 et_pb_column et_pb_column_1  et_pb_css_mix_blend_mode et-last-child et_block_column\">\n\t\t\t\t\n\t\t\t\t\n\t\t\t\t\n\t\t\t\t\n\t\t\t\t<div class=\"et_pb_with_border et_pb_module et_d4_element et_pb_text et_pb_text_0  et_pb_text_align_left et_pb_bg_layout_light\">\n\t\t\t\t\n\t\t\t\t\n\t\t\t\t\n\t\t\t\t\n\t\t\t\t<div class=\"et_pb_text_inner\"><h1>\u200bKalibrier- und Justierservice<\/h1><\/div>\n\t\t\t<\/div><div class=\"et_pb_module et_d4_element et_pb_text et_pb_text_1  et_pb_text_align_left et_pb_bg_layout_light\">\n\t\t\t\t\n\t\t\t\t\n\t\t\t\t\n\t\t\t\t\n\t\t\t\t<div class=\"et_pb_text_inner\"><h2>Unser Service\u00adangebot<\/h2>\n<ul>\n<li>DAkkS-Kali\u00adbrier\u00adscheine nach DIN EN ISO\/IEC 17025 \/ DakkS<\/li>\n<li>Regelm\u00e4\u00dfige Pyrometer\u00adwartung \/ Kalibrierung<\/li>\n<li>Erstellung von Werkspr\u00fcfscheinen zur Angabe der Messwert\u00adabweichung<\/li>\n<li>Ger\u00e4te-Neujustierung bei Messwertabweichungen; inkl. Werkszertifikat<\/li>\n<li>Erstellung von Werkszertifikaten bei Standard-Temperaturmesspunkten oder mit selbst definierten bzw. zus\u00e4tzlichen Messpunkten<\/li>\n<li>Beratung zu Messproblemen, wenn n\u00f6tig vor Ort<\/li>\n<li>Unterst\u00fctzung bei der Inbetriebnahme<\/li>\n<li>Schnelle Reparaturen<\/li>\n<\/ul>\n<p>Alle unsere Pr\u00fcfmittel unterliegen als ISO9001-zertifiziertes Unternehmen einer Pr\u00fcfmittel\u00fcberwachung und sind r\u00fcckgef\u00fchrt und \u00fcberwacht mittels DAkkS- oder PTB-Kalibrierkette.<\/p>\n<p>Wir empfehlen eine <strong>\u00dcberpr\u00fcfung<\/strong> Ihrer Infrarotmessger\u00e4te <strong>sp\u00e4testens alle 2 Jahre<\/strong>, ggf. mit <strong>Nachjustierung<\/strong>, um die hohe Genauigkeit dauerhaft beizubehalten.<\/p>\n<p>Schicken Sie uns Ihre Ger\u00e4te nach Anforderung einer <strong><a href=\"https:\/\/www.sensortherm.de\/de\/reparaturservice\/#rma\">RMA-Nummer<\/a><\/strong> zu, wir werden die \u00dcberpr\u00fcfung schnellstm\u00f6glich vornehmen.<\/p><\/div>\n\t\t\t<\/div><div class=\"et_pb_module et_d4_element et_pb_text et_pb_text_2  et_pb_text_align_left et_pb_bg_layout_light\">\n\t\t\t\t\n\t\t\t\t\n\t\t\t\t\n\t\t\t\t\n\t\t\t\t<div class=\"et_pb_text_inner\"><h2>Kalibrierstrahler f\u00fcr Ihr Labor<\/h2>\n<p>Wollen Sie selber kalibrieren, bieten wir auch moderne <a href=\"https:\/\/www.sensortherm.de\/de\/kalibrierstrahler-transfer-standard-pyrometer\/\">Kalibriersysteme<\/a> an.<br \/>Kalibrierstrahler 50 bis 1500\u00b0C: <a href=\"https:\/\/www.sensortherm.de\/de\/product\/kalibrierstrahler-cs1500\/\">CS1500N<\/a><\/p><\/div>\n\t\t\t<\/div>\n\t\t\t<\/div>\n\t\t\t\t\n\t\t\t\t\n\t\t\t\t\n\t\t\t\t\n\t\t\t<\/div>\n\t\t\t\t\n\t\t\t\t\n\t\t\t<\/div><\/p>\n","protected":false},"excerpt":{"rendered":"","protected":false},"author":1,"featured_media":0,"parent":0,"menu_order":80,"comment_status":"closed","ping_status":"closed","template":"","meta":{"_et_pb_use_builder":"on","_et_pb_old_content":"","_et_gb_content_width":"","footnotes":""},"class_list":["post-4351","page","type-page","status-publish","hentry"],"yoast_head":"<!-- This site is optimized with the Yoast SEO plugin v27.5 - https:\/\/yoast.com\/product\/yoast-seo-wordpress\/ -->\n<title>Kalibrierservice - Sensortherm<\/title>\n<meta name=\"description\" content=\"Kalibrieren und bei Notwendigkeit Justieren von Pyrometern inklusive Werkszertifikat oder mit IEC 17025-Zertifikat\" \/>\n<meta name=\"robots\" content=\"index, follow, max-snippet:-1, max-image-preview:large, max-video-preview:-1\" \/>\n<link rel=\"canonical\" href=\"https:\/\/www.sensortherm.de\/de\/kalibrierservice\/\" \/>\n<meta property=\"og:locale\" content=\"de_DE\" \/>\n<meta property=\"og:type\" content=\"article\" \/>\n<meta property=\"og:title\" content=\"Kalibrierservice - Sensortherm\" \/>\n<meta property=\"og:description\" content=\"Kalibrieren und bei Notwendigkeit Justieren von Pyrometern inklusive Werkszertifikat oder mit IEC 17025-Zertifikat\" \/>\n<meta property=\"og:url\" content=\"https:\/\/www.sensortherm.de\/de\/kalibrierservice\/\" \/>\n<meta property=\"og:site_name\" content=\"Sensortherm\" \/>\n<meta property=\"article:modified_time\" content=\"2025-06-27T11:35:08+00:00\" \/>\n<meta name=\"twitter:card\" content=\"summary_large_image\" \/>\n<meta name=\"twitter:label1\" content=\"Gesch\u00e4tzte Lesezeit\" \/>\n\t<meta name=\"twitter:data1\" content=\"2\u00a0Minuten\" \/>\n<script type=\"application\/ld+json\" class=\"yoast-schema-graph\">{\"@context\":\"https:\\\/\\\/schema.org\",\"@graph\":[{\"@type\":\"WebPage\",\"@id\":\"https:\\\/\\\/www.sensortherm.de\\\/de\\\/kalibrierservice\\\/\",\"url\":\"https:\\\/\\\/www.sensortherm.de\\\/de\\\/kalibrierservice\\\/\",\"name\":\"Kalibrierservice - Sensortherm\",\"isPartOf\":{\"@id\":\"https:\\\/\\\/www.sensortherm.de\\\/en\\\/#website\"},\"datePublished\":\"2020-12-18T13:49:13+00:00\",\"dateModified\":\"2025-06-27T11:35:08+00:00\",\"description\":\"Kalibrieren und bei Notwendigkeit Justieren von Pyrometern inklusive Werkszertifikat oder mit IEC 17025-Zertifikat\",\"breadcrumb\":{\"@id\":\"https:\\\/\\\/www.sensortherm.de\\\/de\\\/kalibrierservice\\\/#breadcrumb\"},\"inLanguage\":\"de\",\"potentialAction\":[{\"@type\":\"ReadAction\",\"target\":[\"https:\\\/\\\/www.sensortherm.de\\\/de\\\/kalibrierservice\\\/\"]}]},{\"@type\":\"BreadcrumbList\",\"@id\":\"https:\\\/\\\/www.sensortherm.de\\\/de\\\/kalibrierservice\\\/#breadcrumb\",\"itemListElement\":[{\"@type\":\"ListItem\",\"position\":1,\"name\":\"Home\",\"item\":\"https:\\\/\\\/www.sensortherm.de\\\/\"},{\"@type\":\"ListItem\",\"position\":2,\"name\":\"Kalibrierservice\"}]},{\"@type\":\"WebSite\",\"@id\":\"https:\\\/\\\/www.sensortherm.de\\\/en\\\/#website\",\"url\":\"https:\\\/\\\/www.sensortherm.de\\\/en\\\/\",\"name\":\"Sensortherm\",\"description\":\"Schnelle Infrarotmessger\u00e4te zur ber\u00fchrungslosen Temperaturmessung\",\"publisher\":{\"@id\":\"https:\\\/\\\/www.sensortherm.de\\\/en\\\/#organization\"},\"potentialAction\":[{\"@type\":\"SearchAction\",\"target\":{\"@type\":\"EntryPoint\",\"urlTemplate\":\"https:\\\/\\\/www.sensortherm.de\\\/en\\\/?s={search_term_string}\"},\"query-input\":{\"@type\":\"PropertyValueSpecification\",\"valueRequired\":true,\"valueName\":\"search_term_string\"}}],\"inLanguage\":\"de\"},{\"@type\":\"Organization\",\"@id\":\"https:\\\/\\\/www.sensortherm.de\\\/en\\\/#organization\",\"name\":\"Sensortherm GmbH\",\"url\":\"https:\\\/\\\/www.sensortherm.de\\\/en\\\/\",\"logo\":{\"@type\":\"ImageObject\",\"inLanguage\":\"de\",\"@id\":\"https:\\\/\\\/www.sensortherm.de\\\/en\\\/#\\\/schema\\\/logo\\\/image\\\/\",\"url\":\"https:\\\/\\\/www.sensortherm.de\\\/wp-content\\\/uploads\\\/2021\\\/10\\\/Logo_Sensortherm_header_transparent.webp\",\"contentUrl\":\"https:\\\/\\\/www.sensortherm.de\\\/wp-content\\\/uploads\\\/2021\\\/10\\\/Logo_Sensortherm_header_transparent.webp\",\"width\":182,\"height\":69,\"caption\":\"Sensortherm GmbH\"},\"image\":{\"@id\":\"https:\\\/\\\/www.sensortherm.de\\\/en\\\/#\\\/schema\\\/logo\\\/image\\\/\"},\"sameAs\":[\"https:\\\/\\\/de.linkedin.com\\\/company\\\/sensortherm-gmbh\"]}]}<\/script>\n<!-- \/ Yoast SEO plugin. -->","yoast_head_json":{"title":"Kalibrierservice - Sensortherm","description":"Kalibrieren und bei Notwendigkeit Justieren von Pyrometern inklusive Werkszertifikat oder mit IEC 17025-Zertifikat","robots":{"index":"index","follow":"follow","max-snippet":"max-snippet:-1","max-image-preview":"max-image-preview:large","max-video-preview":"max-video-preview:-1"},"canonical":"https:\/\/www.sensortherm.de\/de\/kalibrierservice\/","og_locale":"de_DE","og_type":"article","og_title":"Kalibrierservice - Sensortherm","og_description":"Kalibrieren und bei Notwendigkeit Justieren von Pyrometern inklusive Werkszertifikat oder mit IEC 17025-Zertifikat","og_url":"https:\/\/www.sensortherm.de\/de\/kalibrierservice\/","og_site_name":"Sensortherm","article_modified_time":"2025-06-27T11:35:08+00:00","twitter_card":"summary_large_image","twitter_misc":{"Gesch\u00e4tzte Lesezeit":"2\u00a0Minuten"},"schema":{"@context":"https:\/\/schema.org","@graph":[{"@type":"WebPage","@id":"https:\/\/www.sensortherm.de\/de\/kalibrierservice\/","url":"https:\/\/www.sensortherm.de\/de\/kalibrierservice\/","name":"Kalibrierservice - Sensortherm","isPartOf":{"@id":"https:\/\/www.sensortherm.de\/en\/#website"},"datePublished":"2020-12-18T13:49:13+00:00","dateModified":"2025-06-27T11:35:08+00:00","description":"Kalibrieren und bei Notwendigkeit Justieren von Pyrometern inklusive Werkszertifikat oder mit IEC 17025-Zertifikat","breadcrumb":{"@id":"https:\/\/www.sensortherm.de\/de\/kalibrierservice\/#breadcrumb"},"inLanguage":"de","potentialAction":[{"@type":"ReadAction","target":["https:\/\/www.sensortherm.de\/de\/kalibrierservice\/"]}]},{"@type":"BreadcrumbList","@id":"https:\/\/www.sensortherm.de\/de\/kalibrierservice\/#breadcrumb","itemListElement":[{"@type":"ListItem","position":1,"name":"Home","item":"https:\/\/www.sensortherm.de\/"},{"@type":"ListItem","position":2,"name":"Kalibrierservice"}]},{"@type":"WebSite","@id":"https:\/\/www.sensortherm.de\/en\/#website","url":"https:\/\/www.sensortherm.de\/en\/","name":"Sensortherm","description":"Schnelle Infrarotmessger\u00e4te zur ber\u00fchrungslosen Temperaturmessung","publisher":{"@id":"https:\/\/www.sensortherm.de\/en\/#organization"},"potentialAction":[{"@type":"SearchAction","target":{"@type":"EntryPoint","urlTemplate":"https:\/\/www.sensortherm.de\/en\/?s={search_term_string}"},"query-input":{"@type":"PropertyValueSpecification","valueRequired":true,"valueName":"search_term_string"}}],"inLanguage":"de"},{"@type":"Organization","@id":"https:\/\/www.sensortherm.de\/en\/#organization","name":"Sensortherm GmbH","url":"https:\/\/www.sensortherm.de\/en\/","logo":{"@type":"ImageObject","inLanguage":"de","@id":"https:\/\/www.sensortherm.de\/en\/#\/schema\/logo\/image\/","url":"https:\/\/www.sensortherm.de\/wp-content\/uploads\/2021\/10\/Logo_Sensortherm_header_transparent.webp","contentUrl":"https:\/\/www.sensortherm.de\/wp-content\/uploads\/2021\/10\/Logo_Sensortherm_header_transparent.webp","width":182,"height":69,"caption":"Sensortherm GmbH"},"image":{"@id":"https:\/\/www.sensortherm.de\/en\/#\/schema\/logo\/image\/"},"sameAs":["https:\/\/de.linkedin.com\/company\/sensortherm-gmbh"]}]}},"_links":{"self":[{"href":"https:\/\/www.sensortherm.de\/de\/wp-json\/wp\/v2\/pages\/4351","targetHints":{"allow":["GET"]}}],"collection":[{"href":"https:\/\/www.sensortherm.de\/de\/wp-json\/wp\/v2\/pages"}],"about":[{"href":"https:\/\/www.sensortherm.de\/de\/wp-json\/wp\/v2\/types\/page"}],"author":[{"embeddable":true,"href":"https:\/\/www.sensortherm.de\/de\/wp-json\/wp\/v2\/users\/1"}],"replies":[{"embeddable":true,"href":"https:\/\/www.sensortherm.de\/de\/wp-json\/wp\/v2\/comments?post=4351"}],"version-history":[{"count":1,"href":"https:\/\/www.sensortherm.de\/de\/wp-json\/wp\/v2\/pages\/4351\/revisions"}],"predecessor-version":[{"id":12775,"href":"https:\/\/www.sensortherm.de\/de\/wp-json\/wp\/v2\/pages\/4351\/revisions\/12775"}],"wp:attachment":[{"href":"https:\/\/www.sensortherm.de\/de\/wp-json\/wp\/v2\/media?parent=4351"}],"curies":[{"name":"wp","href":"https:\/\/api.w.org\/{rel}","templated":true}]}}