{"id":4015,"date":"2020-12-14T15:50:45","date_gmt":"2020-12-14T15:50:45","guid":{"rendered":"https:\/\/www.sensortherm.de\/?page_id=4015"},"modified":"2022-03-17T12:38:36","modified_gmt":"2022-03-17T12:38:36","slug":"seminare-schulungen","status":"publish","type":"page","link":"https:\/\/www.sensortherm.de\/de\/seminare-schulungen\/","title":{"rendered":"Seminare \/ Schulungen"},"content":{"rendered":"\n[et_pb_section fb_built=&#8220;1&#8243; _builder_version=&#8220;4.9.2&#8243; _module_preset=&#8220;default&#8220; background_color=&#8220;#F3F4F4&#8243; locked=&#8220;off&#8220; global_colors_info=&#8220;{}&#8220;][et_pb_row make_equal=&#8220;on&#8220; _builder_version=&#8220;4.9.7&#8243; _module_preset=&#8220;default&#8220; background_color=&#8220;#F3F4F4&#8243; width=&#8220;100%&#8220; width_tablet=&#8220;100%&#8220; width_phone=&#8220;&#8220; width_last_edited=&#8220;on|desktop&#8220; custom_padding=&#8220;||||false|false&#8220; global_colors_info=&#8220;{}&#8220;][et_pb_column type=&#8220;4_4&#8243; _builder_version=&#8220;4.9.2&#8243; _module_preset=&#8220;default&#8220; global_colors_info=&#8220;{}&#8220;][et_pb_image src=&#8220;https:\/\/www.sensortherm.de\/wp-content\/uploads\/2021\/10\/headerbild_seminare_und_schulungen.webp&#8220; title_text=&#8220;headerbild_seminare_und_schulungen&#8220; _builder_version=&#8220;4.11.4&#8243; _module_preset=&#8220;default&#8220; hover_enabled=&#8220;0&#8243; global_colors_info=&#8220;{}&#8220; sticky_enabled=&#8220;0&#8243;][\/et_pb_image][\/et_pb_column][\/et_pb_row][\/et_pb_section][et_pb_section fb_built=&#8220;1&#8243; _builder_version=&#8220;4.7.4&#8243; _module_preset=&#8220;default&#8220; global_colors_info=&#8220;{}&#8220;][et_pb_row make_equal=&#8220;on&#8220; custom_padding_last_edited=&#8220;on|tablet&#8220; _builder_version=&#8220;4.10.4&#8243; _module_preset=&#8220;default&#8220; width=&#8220;96%&#8220; width_tablet=&#8220;96%&#8220; width_phone=&#8220;98%&#8220; width_last_edited=&#8220;on|tablet&#8220; custom_padding=&#8220;||1vw||false|false&#8220; custom_padding_tablet=&#8220;2vw||2vw||true|false&#8220; custom_padding_phone=&#8220;&#8220; global_colors_info=&#8220;{}&#8220;][et_pb_column type=&#8220;4_4&#8243; _builder_version=&#8220;4.7.4&#8243; _module_preset=&#8220;default&#8220; global_colors_info=&#8220;{}&#8220;][et_pb_text _builder_version=&#8220;4.10.4&#8243; _module_preset=&#8220;default&#8220; background_color=&#8220;#FFFFFF&#8220; vertical_offset=&#8220;1vw&#8220; horizontal_offset=&#8220;1vw&#8220; width=&#8220;100%&#8220; custom_margin=&#8220;1vw||||false|false&#8220; custom_padding=&#8220;8px|1vw||1vw|false|true&#8220; header_font_size_tablet=&#8220;&#8220; header_font_size_phone=&#8220;18px&#8220; header_font_size_last_edited=&#8220;on|phone&#8220; custom_css_main_element=&#8220;width: max-content;&#8220; border_width_top=&#8220;5px&#8220; border_color_top=&#8220;#0B3172&#8243; border_width_left=&#8220;5px&#8220; border_color_left=&#8220;#0B3172&#8243; locked=&#8220;off&#8220; global_colors_info=&#8220;{}&#8220;]<h1>Seminare \/ Schulungen<\/h1>[\/et_pb_text][et_pb_text _builder_version=&#8220;4.10.4&#8243; _module_preset=&#8220;default&#8220; custom_margin=&#8220;1vw||||false|false&#8220; custom_padding=&#8220;||1vw||false|false&#8220; border_color_bottom=&#8220;#0B3172&#8243; global_colors_info=&#8220;{}&#8220;]<p>In Seminaren bzw. Schulungen bringen Sie Ihr Infrarotwissen auf einen aktuellen Wissensstand. Dabei werden nicht nur allgemeine Fragen zur Infrarotmesstechnik vermittelt, auch spezielle Anwendungsfragen werden gemeinsam behandelt und Probleml\u00f6sungen erarbeitet.<\/p>\n<p>Sprechen Sie mit uns \u00fcber Ihre Anwendung und wir versuchen gemeinsam Verbesserungen zu finden und Ihre Prozesse durch Infrarotmesstechnik zu optimieren.<\/p>\n<h2>Typische Themen<\/h2>\n<ul>\n<li>Allgemeine Infrarot\u00admesstechnik \/ allgemeines Infrarotwissen erlangen<\/li>\n<li>Zusammenh\u00e4nge zwischen Materialien und Wellenl\u00e4ngen der Infrarotmessger\u00e4te verstehen<\/li>\n<li>Pyrometertechniken richtig einsetzen<\/li>\n<li>Montagestandort bestimmen<\/li>\n<li>Materialeigenschaften der Messobjekte betrachten<\/li>\n<li>Eigene Produktionsabl\u00e4ufe optimieren<\/li>\n<li>Qualit\u00e4tssteigerungen erzielen<\/li>\n<li>Temperatur\u00adregelung bei der induktiven Erw\u00e4rmung<\/li>\n<li>Temperaturgeregelte Prozesskontrolle beim Laserauftragschwei\u00dfen, -h\u00e4rten oder -anlassen<\/li>\n<li>Kalibrieren und Justieren von Pyrometern<\/li>\n<\/ul>\n<p>Seminare bzw. Schulungen werden in unserem Schulungsraum in Steinbach durchgef\u00fchrt, ggf. auch vor Ort in Ihrer Firma oder per Videokonferenz.<\/p>[\/et_pb_text][et_pb_text _builder_version=&#8220;4.10.4&#8243; _module_preset=&#8220;default&#8220; background_color=&#8220;#F3F4F4&#8243; custom_padding=&#8220;5px|||10px|false|false&#8220; global_colors_info=&#8220;{}&#8220;]<h2>Termine<\/h2>\n<p>nach Vereinbarung. Rufen Sie uns an unter <strong><a href=\"tel:+4961718870980\">+49 6171 887098-0<\/a><\/strong> oder kontaktieren Sie uns, indem Sie uns alle notwendigen Informationen mitteilen:<\/p>\n<p><div class=\"caldera-grid\" id=\"caldera_form_1\" data-cf-ver=\"1.9.6\" data-cf-form-id=\"CF612503da45b6a\"><div id=\"caldera_notices_1\" data-spinner=\"https:\/\/www.sensortherm.de\/wp-admin\/images\/spinner.gif\"><\/div><form data-instance=\"1\" class=\"CF612503da45b6a caldera_forms_form cfajax-trigger\" method=\"POST\" enctype=\"multipart\/form-data\" id=\"CF612503da45b6a_1\" data-form-id=\"CF612503da45b6a\" aria-label=\"Schulungen (de)\" data-target=\"#caldera_notices_1\" data-template=\"#cfajax_CF612503da45b6a-tmpl\" data-cfajax=\"CF612503da45b6a\" data-load-element=\"_parent\" data-load-class=\"cf_processing\" data-post-disable=\"0\" data-action=\"cf_process_ajax_submit\" data-request=\"https:\/\/www.sensortherm.de\/de\/\/cf-api\/CF612503da45b6a\" data-hiderows=\"true\">\r\n<input type=\"hidden\" id=\"_cf_verify_CF612503da45b6a\" name=\"_cf_verify\" value=\"c27a1e359f\"  data-nonce-time=\"1776416635\" \/><input type=\"hidden\" name=\"_wp_http_referer\" value=\"\/de\/wp-json\/wp\/v2\/pages\/4015\" \/><div id=\"cf2-CF612503da45b6a_1\"><\/div><input type=\"hidden\" name=\"_cf_frm_id\" value=\"CF612503da45b6a\">\r\n<input type=\"hidden\" name=\"_cf_frm_ct\" value=\"1\">\r\n<input type=\"hidden\" name=\"cfajax\" value=\"CF612503da45b6a\">\r\n<input type=\"hidden\" name=\"_cf_cr_pst\" value=\"4015\">\r\n<div class=\"hide\" style=\"display:none; overflow:hidden;height:0;width:0;\">\r\n<label>Order Number<\/label><input type=\"text\" name=\"order_number\" value=\"\" autocomplete=\"off\">\r\n<\/div><div id=\"CF612503da45b6a_1-row-1\"  class=\"row  first_row\"><div  class=\"col-sm-4  first_col\"><div data-field-wrapper=\"fld_8433360\" class=\"form-group\" id=\"fld_8433360_1-wrap\">\r\n\t<label id=\"fld_8433360Label\" for=\"fld_8433360_1\" class=\"control-label\">Firma <span aria-hidden=\"true\" role=\"presentation\" class=\"field_required\" style=\"color:#ee0000;\">*<\/span><\/label>\r\n\t<div class=\"\">\r\n\t\t<input   required type=\"text\" data-field=\"fld_8433360\" class=\" form-control\" id=\"fld_8433360_1\" name=\"fld_8433360\" value=\"\" data-type=\"text\" aria-required=\"true\"   aria-labelledby=\"fld_8433360Label\" >\t\t\t<\/div>\r\n<\/div>\r\n<\/div><div  class=\"col-sm-4 \"><div data-field-wrapper=\"fld_7757394\" class=\"form-group\" id=\"fld_7757394_1-wrap\">\r\n\t<label id=\"fld_7757394Label\" for=\"fld_7757394_1\" class=\"control-label\">Stra\u00dfe <span aria-hidden=\"true\" role=\"presentation\" class=\"field_required\" style=\"color:#ee0000;\">*<\/span><\/label>\r\n\t<div class=\"\">\r\n\t\t<input   required type=\"text\" data-field=\"fld_7757394\" class=\" form-control\" id=\"fld_7757394_1\" name=\"fld_7757394\" value=\"\" data-type=\"text\" aria-required=\"true\"   aria-labelledby=\"fld_7757394Label\" >\t\t\t<\/div>\r\n<\/div>\r\n<\/div><div  class=\"col-sm-4  last_col\"><div data-field-wrapper=\"fld_4436439\" class=\"form-group\" id=\"fld_4436439_1-wrap\">\r\n\t<label id=\"fld_4436439Label\" for=\"fld_4436439_1\" class=\"control-label\">Land \/ PLZ \/ Ort <span aria-hidden=\"true\" role=\"presentation\" class=\"field_required\" style=\"color:#ee0000;\">*<\/span><\/label>\r\n\t<div class=\"\">\r\n\t\t<input   required type=\"text\" data-field=\"fld_4436439\" class=\" form-control\" id=\"fld_4436439_1\" name=\"fld_4436439\" value=\"\" data-type=\"text\" aria-required=\"true\"   aria-labelledby=\"fld_4436439Label\" >\t\t\t<\/div>\r\n<\/div>\r\n<\/div><\/div><div id=\"CF612503da45b6a_1-row-2\"  class=\"row \"><div  class=\"col-sm-4  first_col\"><div data-field-wrapper=\"fld_5852968\" class=\"form-group\" id=\"fld_5852968_1-wrap\">\r\n\t<label id=\"fld_5852968Label\" for=\"fld_5852968_1\" class=\"control-label\">Ansprechpartner <span aria-hidden=\"true\" role=\"presentation\" class=\"field_required\" style=\"color:#ee0000;\">*<\/span><\/label>\r\n\t<div class=\"\">\r\n\t\t<input   required type=\"text\" data-field=\"fld_5852968\" class=\" form-control\" id=\"fld_5852968_1\" name=\"fld_5852968\" value=\"\" data-type=\"text\" aria-required=\"true\"   aria-labelledby=\"fld_5852968Label\" >\t\t\t<\/div>\r\n<\/div>\r\n<\/div><div  class=\"col-sm-3 \"><div data-field-wrapper=\"fld_7917827\" class=\"form-group\" id=\"fld_7917827_1-wrap\">\r\n\t<label id=\"fld_7917827Label\" for=\"fld_7917827_1\" class=\"control-label\">Telefon <span aria-hidden=\"true\" role=\"presentation\" class=\"field_required\" style=\"color:#ee0000;\">*<\/span><\/label>\r\n\t<div class=\"\">\r\n\t\t<input   required type=\"text\" data-field=\"fld_7917827\" class=\" form-control\" id=\"fld_7917827_1\" name=\"fld_7917827\" value=\"\" data-type=\"text\" aria-required=\"true\"   aria-labelledby=\"fld_7917827Label\" >\t\t\t<\/div>\r\n<\/div>\r\n<\/div><div  class=\"col-sm-3 \"><div data-field-wrapper=\"fld_3334595\" class=\"form-group\" id=\"fld_3334595_1-wrap\">\r\n\t<label id=\"fld_3334595Label\" for=\"fld_3334595_1\" class=\"control-label\">E-Mail-Adresse <span aria-hidden=\"true\" role=\"presentation\" class=\"field_required\" style=\"color:#ee0000;\">*<\/span><\/label>\r\n\t<div class=\"\">\r\n\t\t<input   required type=\"text\" data-field=\"fld_3334595\" class=\" form-control\" id=\"fld_3334595_1\" name=\"fld_3334595\" value=\"\" data-type=\"text\" aria-required=\"true\"   aria-labelledby=\"fld_3334595Label\" >\t\t\t<\/div>\r\n<\/div>\r\n<\/div><div  class=\"col-sm-2  last_col\">\n<div data-field-wrapper=\"fld_6561016\" class=\"form-group\" id=\"fld_6561016_1-wrap\">\r\n\t<label id=\"fld_6561016Label\" for=\"fld_6561016_1\" class=\"control-label\">Wunschdatum<\/label>\r\n\t<div class=\"\">\r\n\t\t<input  type=\"text\" data-provide=\"cfdatepicker\" name=\"fld_6561016\" value=\"\" id=\"fld_6561016_1\" data-field=\"fld_6561016\" class=\"form-control cfdatepicker is-cfdatepicker\" data-date-format=\"yyyy-mm-dd\" data-date-start-view=\"month\" data-date-language=\"de\"   aria-labelledby=\"fld_6561016Label\"   \/>\n\t\t\t<\/div>\r\n<\/div>\r\n<\/div><\/div><div id=\"CF612503da45b6a_1-row-3\"  class=\"row \"><div  class=\"col-sm-7  first_col\"><div data-field-wrapper=\"fld_4867031\" class=\"form-group\" id=\"fld_4867031_1-wrap\">\r\n<label id=\"fld_4867031Label\" for=\"fld_4867031_1\" class=\"control-label\">Art der Schulung \/ des Seminars<\/label>\r\n<div class=\"\">\r\n\t\t\t\t\t<div class=\"radio\">\n\t\t\t\t<label data-label=\"Allgemeine Infrarot\u00admesstechnik\" for=\"fld_4867031_1_opt1401910\"><input type=\"radio\" id=\"fld_4867031_1_opt1401910\" data-field=\"fld_4867031\" class=\"fld_4867031_1\" name=\"fld_4867031\" value=\"Allgemeine Infrarot\u00admesstechnik\"    data-radio-field=\"fld_4867031_1\" data-type=\"radio\" data-calc-value=\"Allgemeine Infrarot\u00admesstechnik\" \/>\n\t\t\tAllgemeine Infrarot\u00admesstechnik\t\t<\/label>\n\t\t\t\t\t<\/div>\n\t\t\t\t\t\t\t\t\t<div class=\"radio\">\n\t\t\t\t<label data-label=\"Eigene Produktionsabl\u00e4ufe optimieren\" for=\"fld_4867031_1_opt2066615\"><input type=\"radio\" id=\"fld_4867031_1_opt2066615\" data-field=\"fld_4867031\" class=\"fld_4867031_1\" name=\"fld_4867031\" value=\"Eigene Produktionsabl\u00e4ufe optimieren\"    data-radio-field=\"fld_4867031_1\" data-type=\"radio\" data-calc-value=\"Eigene Produktionsabl\u00e4ufe optimieren\" \/>\n\t\t\tEigene Produktionsabl\u00e4ufe optimieren\t\t<\/label>\n\t\t\t\t\t<\/div>\n\t\t\t\t\t\t\t\t\t<div class=\"radio\">\n\t\t\t\t<label data-label=\"Temperaturgeregelte Prozesskontrolle bei Laserapplikationen\" for=\"fld_4867031_1_opt1395900\"><input type=\"radio\" id=\"fld_4867031_1_opt1395900\" data-field=\"fld_4867031\" class=\"fld_4867031_1\" name=\"fld_4867031\" value=\"Temperaturgeregelte Prozesskontrolle bei Laserapplikationen\"    data-radio-field=\"fld_4867031_1\" data-type=\"radio\" data-calc-value=\"Temperaturgeregelte Prozesskontrolle bei Laserapplikationen\" \/>\n\t\t\tTemperaturgeregelte Prozesskontrolle bei Laserapplikationen\t\t<\/label>\n\t\t\t\t\t<\/div>\n\t\t\t\t\t\t\t\t\t<div class=\"radio\">\n\t\t\t\t<label data-label=\"Temperatur\u00adregelung bei der induktiven Erw\u00e4rmung\" for=\"fld_4867031_1_opt2094064\"><input type=\"radio\" id=\"fld_4867031_1_opt2094064\" data-field=\"fld_4867031\" class=\"fld_4867031_1\" name=\"fld_4867031\" value=\"Temperatur\u00adregelung bei der induktiven Erw\u00e4rmung\"    data-radio-field=\"fld_4867031_1\" data-type=\"radio\" data-calc-value=\"Temperatur\u00adregelung bei der induktiven Erw\u00e4rmung\" \/>\n\t\t\tTemperatur\u00adregelung bei der induktiven Erw\u00e4rmung\t\t<\/label>\n\t\t\t\t\t<\/div>\n\t\t\t\t\t\t\t\t\t<div class=\"radio\">\n\t\t\t\t<label data-label=\"Kalibrieren und Justieren von Pyrometern\" for=\"fld_4867031_1_opt1145901\"><input type=\"radio\" id=\"fld_4867031_1_opt1145901\" data-field=\"fld_4867031\" class=\"fld_4867031_1\" name=\"fld_4867031\" value=\"Kalibrieren und Justieren von Pyrometern\"    data-radio-field=\"fld_4867031_1\" data-type=\"radio\" data-calc-value=\"Kalibrieren und Justieren von Pyrometern\" \/>\n\t\t\tKalibrieren und Justieren von Pyrometern\t\t<\/label>\n\t\t\t\t\t<\/div>\n\t\t\t\t\t\t\t\t\t<div class=\"radio\">\n\t\t\t\t<label data-label=\"Andere\" for=\"fld_4867031_1_opt1454996\"><input type=\"radio\" id=\"fld_4867031_1_opt1454996\" data-field=\"fld_4867031\" class=\"fld_4867031_1\" name=\"fld_4867031\" value=\"Andere\"    data-radio-field=\"fld_4867031_1\" data-type=\"radio\" data-calc-value=\"Andere\" \/>\n\t\t\tAndere\t\t<\/label>\n\t\t\t\t\t<\/div>\n\t\t\t\t<\/div>\r\n<\/div>\r\n<\/div><div  class=\"col-sm-5  last_col\"><div data-field-wrapper=\"fld_8664070\" class=\"form-group\" id=\"fld_8664070_1-wrap\">\r\n\t<label id=\"fld_8664070Label\" for=\"fld_8664070_1\" class=\"control-label\">Andere \/ Zusatzinformationen<\/label>\r\n\t<div class=\"\">\r\n\t\t<textarea name=\"fld_8664070\" value=\"\" data-field=\"fld_8664070\" class=\"form-control\" id=\"fld_8664070_1\" rows=\"8\" placeholder=\"Hier k\u00f6nnnen Sie Ihre ben\u00f6tigte Schulung oder bei Bedarf noch erg\u00e4nzende Hinweise eintragen.\"    aria-labelledby=\"fld_8664070Label\" ><\/textarea>\n\t\t\t<\/div>\r\n<\/div>\r\n<\/div><\/div><div id=\"CF612503da45b6a_1-row-4\"  class=\"row \"><div  class=\"col-sm-12  single\"><div data-field-wrapper=\"fld_5866507\" class=\"form-group\" id=\"fld_5866507_1-wrap\">\r\n\t<label id=\"fld_5866507Label\" for=\"fld_5866507_1\" class=\"control-label\">Datenschutzerkl\u00e4rung <span aria-hidden=\"true\" role=\"presentation\" class=\"field_required\" style=\"color:#ee0000;\">*<\/span><\/label>\r\n\t<div class=\"\">\r\n\t\t\t\t\t\t\t\t\t\t\t<div class=\"checkbox\">\n\t\t\t\t\n                <label                         for=\"fld_5866507_1_opt1407254\"\n                >\n                            <input\n                                data-parsley-required=\"true\" data-parsley-group=\"fld_5866507_1\" data-parsley-multiple=\"fld_5866507_1\"                                type=\"checkbox\"\n                                data-label=\"Ich habe die &lt;a href=&quot;https:\/\/www.sensortherm.de\/de\/datenschutzerklaerung\/&quot; rel=&quot;nofollow&quot;&gt;Datenschutzerkl\u00e4rung&lt;\/a&gt; zur Kenntnis genommen und stimme zu, dass die von mir \u00fcbermittelten Daten zur Kontaktaufnahme und f\u00fcr R\u00fcckfragen gespeichert werden, bis sie nicht mehr notwendig sind. \"\n                                data-field=\"fld_5866507\"\n                                id=\"fld_5866507_1_opt1407254\"\n                                class=\"fld_5866507_1 option-required\"\n                                name=\"fld_5866507[opt1407254]\"\n                                value=\"Ich habe die &lt;a href=&quot;https:\/\/www.sensortherm.de\/de\/datenschutzerklaerung\/&quot; rel=&quot;nofollow&quot;&gt;Datenschutzerkl\u00e4rung&lt;\/a&gt; zur Kenntnis genommen und stimme zu, dass die von mir \u00fcbermittelten Daten zur Kontaktaufnahme und f\u00fcr R\u00fcckfragen gespeichert werden, bis sie nicht mehr notwendig sind. \"\n                                                                data-type=\"checkbox\"\n                                data-checkbox-field=\"fld_5866507_1\"\n                                                                data-calc-value=\"Ich habe die &lt;a href=&quot;https:\/\/divi.sensortherm.de\/de\/datenschutzerklaerung\/&quot; rel=&quot;nofollow&quot;&gt;Datenschutzerkl\u00e4rung&lt;\/a&gt; zur Kenntnis genommen und stimme zu, dass die von mir \u00fcbermittelten Daten zur Kontaktaufnahme und f\u00fcr R\u00fcckfragen gespeichert werden, bis sie nicht mehr notwendig sind. \"\n                            >\n                    Ich habe die <a href=\"https:\/\/www.sensortherm.de\/de\/datenschutzerklaerung\/\" rel=\"nofollow\">Datenschutzerkl\u00e4rung<\/a> zur Kenntnis genommen und stimme zu, dass die von mir \u00fcbermittelten Daten zur Kontaktaufnahme und f\u00fcr R\u00fcckfragen gespeichert werden, bis sie nicht mehr notwendig sind.                 <\/label>\n\n                \t\t\t\t\t<\/div>\n\t\t\t\t\t\t\t\t\t\t\t<\/div>\r\n<\/div>\r\n<\/div><\/div><div id=\"CF612503da45b6a_1-row-5\"  class=\"row  last_row\"><div  class=\"col-sm-12  single\"><div data-field-wrapper=\"fld_2583795\" class=\"form-group\" id=\"fld_2583795_1-wrap\">\r\n<div class=\"\">\r\n\t<input  class=\"btn btn-default\" type=\"submit\" name=\"fld_2583795\" id=\"fld_2583795_1\" value=\"Absenden\" data-field=\"fld_2583795\"  >\n<\/div>\r\n<\/div>\r\n\t<input class=\"button_trigger_1\" type=\"hidden\" name=\"fld_2583795\" id=\"fld_2583795_1_btn\" value=\"\" data-field=\"fld_2583795\"  \/>\n<\/div><\/div><\/form>\r\n<\/div>\r\n<\/p>[\/et_pb_text][\/et_pb_column][\/et_pb_row][\/et_pb_section]\n","protected":false},"excerpt":{"rendered":"<p>Seminare \/ SchulungenIn Seminaren bzw. Schulungen bringen Sie Ihr Infrarotwissen auf einen aktuellen Wissensstand. Dabei werden nicht nur allgemeine Fragen zur Infrarotmesstechnik vermittelt, auch spezielle Anwendungsfragen werden gemeinsam behandelt und Probleml\u00f6sungen erarbeitet. Sprechen Sie mit uns \u00fcber Ihre Anwendung und wir versuchen gemeinsam Verbesserungen zu finden und Ihre Prozesse durch Infrarotmesstechnik zu optimieren. Typische Themen [&hellip;]<\/p>\n","protected":false},"author":1,"featured_media":0,"parent":0,"menu_order":90,"comment_status":"closed","ping_status":"closed","template":"","meta":{"_et_pb_use_builder":"on","_et_pb_old_content":"","_et_gb_content_width":"","footnotes":""},"class_list":["post-4015","page","type-page","status-publish","hentry"],"yoast_head":"<!-- This site is optimized with the Yoast SEO plugin v27.3 - https:\/\/yoast.com\/product\/yoast-seo-wordpress\/ -->\n<title>Seminare \/ Schulungen - Sensortherm<\/title>\n<meta name=\"description\" content=\"Erlangen Sie allgemeines Wissen zur Infrarotmesstechnik, Materialien und Wellenl\u00e4ngen.\" \/>\n<meta name=\"robots\" content=\"index, follow, max-snippet:-1, max-image-preview:large, max-video-preview:-1\" \/>\n<link rel=\"canonical\" href=\"https:\/\/www.sensortherm.de\/de\/seminare-schulungen\/\" \/>\n<meta property=\"og:locale\" content=\"de_DE\" \/>\n<meta property=\"og:type\" content=\"article\" \/>\n<meta property=\"og:title\" content=\"Seminare \/ Schulungen - Sensortherm\" \/>\n<meta property=\"og:description\" content=\"Erlangen Sie allgemeines Wissen zur Infrarotmesstechnik, Materialien und Wellenl\u00e4ngen.\" \/>\n<meta property=\"og:url\" content=\"https:\/\/www.sensortherm.de\/de\/seminare-schulungen\/\" \/>\n<meta property=\"og:site_name\" content=\"Sensortherm\" \/>\n<meta property=\"article:modified_time\" content=\"2022-03-17T12:38:36+00:00\" \/>\n<meta name=\"twitter:card\" content=\"summary_large_image\" \/>\n<meta name=\"twitter:label1\" content=\"Gesch\u00e4tzte Lesezeit\" \/>\n\t<meta name=\"twitter:data1\" content=\"2\u00a0Minuten\" \/>\n<script type=\"application\/ld+json\" class=\"yoast-schema-graph\">{\"@context\":\"https:\\\/\\\/schema.org\",\"@graph\":[{\"@type\":\"WebPage\",\"@id\":\"https:\\\/\\\/www.sensortherm.de\\\/de\\\/seminare-schulungen\\\/\",\"url\":\"https:\\\/\\\/www.sensortherm.de\\\/de\\\/seminare-schulungen\\\/\",\"name\":\"Seminare \\\/ Schulungen - Sensortherm\",\"isPartOf\":{\"@id\":\"https:\\\/\\\/www.sensortherm.de\\\/de\\\/#website\"},\"datePublished\":\"2020-12-14T15:50:45+00:00\",\"dateModified\":\"2022-03-17T12:38:36+00:00\",\"description\":\"Erlangen Sie allgemeines Wissen zur Infrarotmesstechnik, Materialien und Wellenl\u00e4ngen.\",\"breadcrumb\":{\"@id\":\"https:\\\/\\\/www.sensortherm.de\\\/de\\\/seminare-schulungen\\\/#breadcrumb\"},\"inLanguage\":\"de\",\"potentialAction\":[{\"@type\":\"ReadAction\",\"target\":[\"https:\\\/\\\/www.sensortherm.de\\\/de\\\/seminare-schulungen\\\/\"]}]},{\"@type\":\"BreadcrumbList\",\"@id\":\"https:\\\/\\\/www.sensortherm.de\\\/de\\\/seminare-schulungen\\\/#breadcrumb\",\"itemListElement\":[{\"@type\":\"ListItem\",\"position\":1,\"name\":\"Home\",\"item\":\"https:\\\/\\\/www.sensortherm.de\\\/en\\\/\"},{\"@type\":\"ListItem\",\"position\":2,\"name\":\"Seminare \\\/ Schulungen\"}]},{\"@type\":\"WebSite\",\"@id\":\"https:\\\/\\\/www.sensortherm.de\\\/de\\\/#website\",\"url\":\"https:\\\/\\\/www.sensortherm.de\\\/de\\\/\",\"name\":\"Sensortherm\",\"description\":\"Schnelle Infrarotmessger\u00e4te zur ber\u00fchrungslosen Temperaturmessung\",\"publisher\":{\"@id\":\"https:\\\/\\\/www.sensortherm.de\\\/de\\\/#organization\"},\"potentialAction\":[{\"@type\":\"SearchAction\",\"target\":{\"@type\":\"EntryPoint\",\"urlTemplate\":\"https:\\\/\\\/www.sensortherm.de\\\/de\\\/?s={search_term_string}\"},\"query-input\":{\"@type\":\"PropertyValueSpecification\",\"valueRequired\":true,\"valueName\":\"search_term_string\"}}],\"inLanguage\":\"de\"},{\"@type\":\"Organization\",\"@id\":\"https:\\\/\\\/www.sensortherm.de\\\/de\\\/#organization\",\"name\":\"Sensortherm GmbH\",\"url\":\"https:\\\/\\\/www.sensortherm.de\\\/de\\\/\",\"logo\":{\"@type\":\"ImageObject\",\"inLanguage\":\"de\",\"@id\":\"https:\\\/\\\/www.sensortherm.de\\\/de\\\/#\\\/schema\\\/logo\\\/image\\\/\",\"url\":\"https:\\\/\\\/www.sensortherm.de\\\/wp-content\\\/uploads\\\/2021\\\/10\\\/Logo_Sensortherm_header_transparent.webp\",\"contentUrl\":\"https:\\\/\\\/www.sensortherm.de\\\/wp-content\\\/uploads\\\/2021\\\/10\\\/Logo_Sensortherm_header_transparent.webp\",\"width\":182,\"height\":69,\"caption\":\"Sensortherm GmbH\"},\"image\":{\"@id\":\"https:\\\/\\\/www.sensortherm.de\\\/de\\\/#\\\/schema\\\/logo\\\/image\\\/\"},\"sameAs\":[\"https:\\\/\\\/de.linkedin.com\\\/company\\\/sensortherm-gmbh\"]}]}<\/script>\n<!-- \/ Yoast SEO plugin. -->","yoast_head_json":{"title":"Seminare \/ Schulungen - Sensortherm","description":"Erlangen Sie allgemeines Wissen zur Infrarotmesstechnik, Materialien und Wellenl\u00e4ngen.","robots":{"index":"index","follow":"follow","max-snippet":"max-snippet:-1","max-image-preview":"max-image-preview:large","max-video-preview":"max-video-preview:-1"},"canonical":"https:\/\/www.sensortherm.de\/de\/seminare-schulungen\/","og_locale":"de_DE","og_type":"article","og_title":"Seminare \/ Schulungen - Sensortherm","og_description":"Erlangen Sie allgemeines Wissen zur Infrarotmesstechnik, Materialien und Wellenl\u00e4ngen.","og_url":"https:\/\/www.sensortherm.de\/de\/seminare-schulungen\/","og_site_name":"Sensortherm","article_modified_time":"2022-03-17T12:38:36+00:00","twitter_card":"summary_large_image","twitter_misc":{"Gesch\u00e4tzte Lesezeit":"2\u00a0Minuten"},"schema":{"@context":"https:\/\/schema.org","@graph":[{"@type":"WebPage","@id":"https:\/\/www.sensortherm.de\/de\/seminare-schulungen\/","url":"https:\/\/www.sensortherm.de\/de\/seminare-schulungen\/","name":"Seminare \/ Schulungen - Sensortherm","isPartOf":{"@id":"https:\/\/www.sensortherm.de\/de\/#website"},"datePublished":"2020-12-14T15:50:45+00:00","dateModified":"2022-03-17T12:38:36+00:00","description":"Erlangen Sie allgemeines Wissen zur Infrarotmesstechnik, Materialien und Wellenl\u00e4ngen.","breadcrumb":{"@id":"https:\/\/www.sensortherm.de\/de\/seminare-schulungen\/#breadcrumb"},"inLanguage":"de","potentialAction":[{"@type":"ReadAction","target":["https:\/\/www.sensortherm.de\/de\/seminare-schulungen\/"]}]},{"@type":"BreadcrumbList","@id":"https:\/\/www.sensortherm.de\/de\/seminare-schulungen\/#breadcrumb","itemListElement":[{"@type":"ListItem","position":1,"name":"Home","item":"https:\/\/www.sensortherm.de\/en\/"},{"@type":"ListItem","position":2,"name":"Seminare \/ Schulungen"}]},{"@type":"WebSite","@id":"https:\/\/www.sensortherm.de\/de\/#website","url":"https:\/\/www.sensortherm.de\/de\/","name":"Sensortherm","description":"Schnelle Infrarotmessger\u00e4te zur ber\u00fchrungslosen Temperaturmessung","publisher":{"@id":"https:\/\/www.sensortherm.de\/de\/#organization"},"potentialAction":[{"@type":"SearchAction","target":{"@type":"EntryPoint","urlTemplate":"https:\/\/www.sensortherm.de\/de\/?s={search_term_string}"},"query-input":{"@type":"PropertyValueSpecification","valueRequired":true,"valueName":"search_term_string"}}],"inLanguage":"de"},{"@type":"Organization","@id":"https:\/\/www.sensortherm.de\/de\/#organization","name":"Sensortherm GmbH","url":"https:\/\/www.sensortherm.de\/de\/","logo":{"@type":"ImageObject","inLanguage":"de","@id":"https:\/\/www.sensortherm.de\/de\/#\/schema\/logo\/image\/","url":"https:\/\/www.sensortherm.de\/wp-content\/uploads\/2021\/10\/Logo_Sensortherm_header_transparent.webp","contentUrl":"https:\/\/www.sensortherm.de\/wp-content\/uploads\/2021\/10\/Logo_Sensortherm_header_transparent.webp","width":182,"height":69,"caption":"Sensortherm GmbH"},"image":{"@id":"https:\/\/www.sensortherm.de\/de\/#\/schema\/logo\/image\/"},"sameAs":["https:\/\/de.linkedin.com\/company\/sensortherm-gmbh"]}]}},"_links":{"self":[{"href":"https:\/\/www.sensortherm.de\/de\/wp-json\/wp\/v2\/pages\/4015","targetHints":{"allow":["GET"]}}],"collection":[{"href":"https:\/\/www.sensortherm.de\/de\/wp-json\/wp\/v2\/pages"}],"about":[{"href":"https:\/\/www.sensortherm.de\/de\/wp-json\/wp\/v2\/types\/page"}],"author":[{"embeddable":true,"href":"https:\/\/www.sensortherm.de\/de\/wp-json\/wp\/v2\/users\/1"}],"replies":[{"embeddable":true,"href":"https:\/\/www.sensortherm.de\/de\/wp-json\/wp\/v2\/comments?post=4015"}],"version-history":[{"count":0,"href":"https:\/\/www.sensortherm.de\/de\/wp-json\/wp\/v2\/pages\/4015\/revisions"}],"wp:attachment":[{"href":"https:\/\/www.sensortherm.de\/de\/wp-json\/wp\/v2\/media?parent=4015"}],"curies":[{"name":"wp","href":"https:\/\/api.w.org\/{rel}","templated":true}]}}