{"id":3184,"date":"2020-11-30T08:16:19","date_gmt":"2020-11-30T08:16:19","guid":{"rendered":"https:\/\/www.sensortherm.de\/?page_id=3184"},"modified":"2025-06-27T11:26:44","modified_gmt":"2025-06-27T11:26:44","slug":"pc-software","status":"publish","type":"page","link":"https:\/\/www.sensortherm.de\/de\/pc-software\/","title":{"rendered":"PC-Software"},"content":{"rendered":"<p>[et_pb_section fb_built=&#8220;1&#8243; _builder_version=&#8220;4.16&#8243; _module_preset=&#8220;default&#8220; background_color=&#8220;#F3F4F4&#8243; locked=&#8220;off&#8220; global_colors_info=&#8220;{}&#8220;][et_pb_row _builder_version=&#8220;4.16&#8243; _module_preset=&#8220;default&#8220; width=&#8220;100%&#8220; global_colors_info=&#8220;{}&#8220;][et_pb_column type=&#8220;4_4&#8243; _builder_version=&#8220;4.16&#8243; _module_preset=&#8220;default&#8220; global_colors_info=&#8220;{}&#8220;][et_pb_image src=&#8220;https:\/\/www.sensortherm.de\/wp-content\/uploads\/2021\/10\/headerbild_software.webp&#8220; alt=&#8220;Monitorausschnitt mit Softwarescreenshot&#8220; title_text=&#8220;headerbild_software&#8220; admin_label=&#8220;Header image&#8220; _builder_version=&#8220;4.16&#8243; _module_preset=&#8220;default&#8220; global_colors_info=&#8220;{}&#8220;][\/et_pb_image][\/et_pb_column][\/et_pb_row][\/et_pb_section][et_pb_section fb_built=&#8220;1&#8243; _builder_version=&#8220;4.16&#8243; _module_preset=&#8220;default&#8220; background_enable_color=&#8220;off&#8220; custom_padding=&#8220;||2vw||false|false&#8220; global_colors_info=&#8220;{}&#8220;][et_pb_row _builder_version=&#8220;4.16&#8243; _module_preset=&#8220;default&#8220; width=&#8220;100%&#8220; width_tablet=&#8220;96%&#8220; width_phone=&#8220;98%&#8220; width_last_edited=&#8220;on|phone&#8220; custom_padding=&#8220;||||false|false&#8220; global_colors_info=&#8220;{}&#8220;][et_pb_column type=&#8220;4_4&#8243; _builder_version=&#8220;4.16&#8243; _module_preset=&#8220;default&#8220; global_colors_info=&#8220;{}&#8220;][et_pb_text _builder_version=&#8220;4.16&#8243; _module_preset=&#8220;default&#8220; background_enable_color=&#8220;off&#8220; vertical_offset=&#8220;1vw&#8220; horizontal_offset=&#8220;1vw&#8220; width=&#8220;100%&#8220; custom_margin=&#8220;1vw||1vw||true|false&#8220; custom_padding=&#8220;8px|1vw||1vw|false|true&#8220; header_font_size_tablet=&#8220;&#8220; header_font_size_phone=&#8220;18px&#8220; header_font_size_last_edited=&#8220;on|phone&#8220; custom_css_main_element=&#8220;width: max-content;&#8220; border_width_top=&#8220;5px&#8220; border_color_top=&#8220;#0B3172&#8243; border_width_left=&#8220;5px&#8220; border_color_left=&#8220;#0B3172&#8243; locked=&#8220;off&#8220; global_colors_info=&#8220;{}&#8220;]<\/p>\n<h1>PC-Software<\/h1>\n<p>[\/et_pb_text][et_pb_text _builder_version=&#8220;4.16&#8243; _module_preset=&#8220;default&#8220; custom_margin=&#8220;||1vw||false|false&#8220; global_colors_info=&#8220;{}&#8220;]<\/p>\n<p>Zur Kommunikation mit Pyrometern, Scannern, Reglern, Anzeigen und Kalibrierstrahlern stellen wir speziell abgestimmte Software zur Verf\u00fcgung, die den Funktionsumfang der Ger\u00e4te erweitert und hilft, auch Herausforderungen spezieller Messaufgaben zu l\u00f6sen.<\/p>\n<p>Alle Programme werden kontinuierlich aktualisiert und k\u00f6nnen f\u00fcr Kunden dauerhaft kostenlos heruntergeladen werden.<\/p>\n<p>[\/et_pb_text][\/et_pb_column][\/et_pb_row][et_pb_row use_custom_gutter=&#8220;on&#8220; gutter_width=&#8220;2&#8243; make_equal=&#8220;on&#8220; module_class=&#8220;custom_row&#8220; _builder_version=&#8220;4.16&#8243; _module_preset=&#8220;default&#8220; background_color=&#8220;#F3F4F4&#8243; width=&#8220;100%&#8220; width_tablet=&#8220;96%&#8220; width_phone=&#8220;98%&#8220; width_last_edited=&#8220;on|tablet&#8220; custom_margin=&#8220;||1vw||false|false&#8220; custom_padding=&#8220;1vw|1vw||1vw|false|true&#8220; global_colors_info=&#8220;{}&#8220;][et_pb_column type=&#8220;4_4&#8243; module_class=&#8220;second-on-mobile&#8220; _builder_version=&#8220;4.16&#8243; _module_preset=&#8220;default&#8220; global_colors_info=&#8220;{}&#8220;][et_pb_image src=&#8220;https:\/\/www.sensortherm.de\/wp-content\/uploads\/2021\/11\/SensorTools-Screenshot_Geraete.webp&#8220; alt=&#8220;SensorTools-Screenshot mit Bildern der unterst\u00fctzten Ger\u00e4te&#8220; title_text=&#8220;SensorTools-Screenshot_Geraete&#8220; _builder_version=&#8220;4.16&#8243; _module_preset=&#8220;default&#8220; background_enable_color=&#8220;off&#8220; custom_padding=&#8220;5px|5px||5px|false|true&#8220; custom_css_main_element=&#8220;float: right;&#8220; global_colors_info=&#8220;{}&#8220;][\/et_pb_image][et_pb_text module_id=&#8220;sensortools&#8220; _builder_version=&#8220;4.16&#8243; _module_preset=&#8220;default&#8220; global_colors_info=&#8220;{}&#8220;]<\/p>\n<h2><strong><em>SensorTools<\/em><\/strong><\/h2>\n<p><strong>im Lieferumfang aller Pyrometer, Scanner, Regler, Anzeigen und Kalibrierstrahler:<\/strong> <em><\/em><strong><em><\/em><\/strong>sehr umfangreiche Einstell-, Kommunikations- und Analysesoftware.<\/p>\n<p><strong>Datenblatt:<\/strong> <a href=\"https:\/\/www.sensortherm.de\/userfiles\/file\/datenblaetter\/de\/Sensortherm-Datenblatt_SensorTools-Software.pdf\" target=\"_blank\" rel=\"noreferrer noopener\" aria-label=\"SensorTools (opens in a new tab)\"><img decoding=\"async\" loading=\"lazy\" src=\"https:\/\/www.sensortherm.de\/wp-content\/uploads\/2020\/08\/pdf-Icon.png\" alt=\"pdf-Icon\" class=\"wp-image-2092 alignnone size-full\" width=\"25\" height=\"24\" \/> <strong>SensorTools<\/strong><\/a><\/p>\n<p>[\/et_pb_text][et_pb_text _builder_version=&#8220;4.16&#8243; _module_preset=&#8220;default&#8220; custom_margin=&#8220;||||false|false&#8220; custom_padding=&#8220;||1vw||false|false&#8220; global_colors_info=&#8220;{}&#8220;]<\/p>\n<p>Den <strong>Software-Download<\/strong> finden Sie <a href=\"https:\/\/www.sensortherm.de\/de\/downloads#anleitungen_firmware\">hier auf der Downloadseite<\/a>. Daf\u00fcr ist die Eingabe des Modells und der Seriennummer notwendig.<\/p>\n<p>[\/et_pb_text][\/et_pb_column][\/et_pb_row][et_pb_row _builder_version=&#8220;4.16&#8243; _module_preset=&#8220;default&#8220; width=&#8220;100%&#8220; width_tablet=&#8220;96%&#8220; width_phone=&#8220;98%&#8220; width_last_edited=&#8220;on|phone&#8220; global_colors_info=&#8220;{}&#8220;][et_pb_column type=&#8220;4_4&#8243; _builder_version=&#8220;4.16&#8243; _module_preset=&#8220;default&#8220; global_colors_info=&#8220;{}&#8220;][et_pb_text module_id=&#8220;sensortools&#8220; _builder_version=&#8220;4.16&#8243; _module_preset=&#8220;default&#8220; global_colors_info=&#8220;{}&#8220;]<\/p>\n<ul>\n<li>Alle Mess- und Ger\u00e4teeinstellungen vornehmen, Ein- \/ Ausg\u00e4nge zuweisen, Pilotlicht aktivieren, Kamera konfigurieren oder Fokusabstand bei Motorfokusobjektiven einstellen.<\/li>\n<li>Messtemperaturen numerisch und grafisch anzeigen, von bis zu 4 Ger\u00e4ten gleichzeitig.<\/li>\n<li>Messkurven aufnehmen, inklusive Messparameter und Aufnahmezeit.<\/li>\n<li>Spezielle Aufnahmeeinstellungen nutzen: \u00fcber Pyrometer-Digitaleingang Aufnahme extern starten und stoppen oder auch r\u00fcckwirkend oder verl\u00e4ngert aus zwischengespeicherten Datens\u00e4tzen. Aufnahmeintervalle ab 50 \u00b5s bei Pyrometern mit 921,6 kBd, z.B. f\u00fcr <a href=\"https:\/\/www.sensortherm.de\/de\/highspeed-pyrometer\/\">Highspeed-Pyrometer.<\/a><\/li>\n<li>Pyrometereinstellungen Speichern, Ausdrucken, auf andere Ger\u00e4te \u00fcbertragen oder in csv-Dateien exportieren.<\/li>\n<li>Einpunkt-Pyrometerjustierung zur Anpassung an eine typische Messtemperatur durchf\u00fchren, z.B. zur automatischen Kompensierung optischer Verluste bei Messungen durch Fenster oder Linsen mit unbekanntem Transmissionsgrad.<\/li>\n<\/ul>\n<ul>\n<li><img loading=\"lazy\" decoding=\"async\" src=\"https:\/\/www.sensortherm.de\/wp-content\/uploads\/2021\/10\/PID-Icon.png\" alt=\"\" class=\"wp-image-9954 alignright size-full\" width=\"48\" height=\"48\" srcset=\"https:\/\/www.sensortherm.de\/wp-content\/uploads\/2021\/10\/PID-Icon.png 48w, https:\/\/www.sensortherm.de\/wp-content\/uploads\/2021\/10\/PID-Icon-12x12.png 12w\" sizes=\"(max-width: 48px) 100vw, 48px\" \/>METIS-3-Pyrometer mit integriertem PID-Regler zeigen gleichzeitig Soll- und Istwert an und erm\u00f6glichen damit ein schnelles Erkennen, ob die Regelparameter noch zu Temperaturschwankungen f\u00fchren.<\/li>\n<li>Die pyrometeroptimierten <a href=\"https:\/\/www.sensortherm.de\/de\/systemkomponenten\/#regulus\">PID-Programmregler REGULUS<\/a> werden f\u00fcr komplexe Regelabl\u00e4ufe in mehreren Schritten \u00fcber <em>SensorTools<\/em> programmiert. Die grafische Darstellung zeigt anschlie\u00dfend alle programmierten Sollwerte auf der Zeitachse an, sodass der geplante Regelablauf f\u00fcr jeden Schritt visuell \u00fcberpr\u00fcft werden kann.<\/li>\n<li>Sowohl Regelpyrometer als auch Programmregler bieten die M\u00f6glichkeit der automatischen PI-Regelparameterbestimmung, sodass danach nur noch Optimierungen notwendig sind.<\/li>\n<li>Werden <a href=\"https:\/\/www.sensortherm.de\/de\/kalibrierstrahler-transfer-standard-pyrometer\/\">Kalibrierstrahler<\/a> an <em>SensorTools<\/em> angeschlossen, so l\u00e4sst sich dar\u00fcber der Sollwert eingeben und der Istwert ablesen sowie die Messtemperatur eines angeschlossenen Pyrometers auslesen.<\/li>\n<\/ul>\n<p>[\/et_pb_text][\/et_pb_column][\/et_pb_row][et_pb_row admin_label=&#8220;Zeile&#8220; _builder_version=&#8220;4.16&#8243; _module_preset=&#8220;default&#8220; width=&#8220;100%&#8220; width_tablet=&#8220;96%&#8220; width_phone=&#8220;&#8220; width_last_edited=&#8220;on|tablet&#8220; global_colors_info=&#8220;{}&#8220;][et_pb_column type=&#8220;4_4&#8243; _builder_version=&#8220;4.16&#8243; _module_preset=&#8220;default&#8220; global_colors_info=&#8220;{}&#8220;][et_pb_image src=&#8220;https:\/\/www.sensortherm.de\/wp-content\/uploads\/2021\/11\/Software_SensorTools-Viewer.webp&#8220; alt=&#8220;Screenshot der SensorTools-Viewer-Software&#8220; title_text=&#8220;Software_SensorTools-Viewer&#8220; admin_label=&#8220;Image SensorTools-Viewer&#8220; _builder_version=&#8220;4.16&#8243; _module_preset=&#8220;default&#8220; custom_css_main_element=&#8220;float: right;&#8220; global_colors_info=&#8220;{}&#8220;][\/et_pb_image][et_pb_text admin_label=&#8220;Text SensorTools-Viewer&#8220; module_id=&#8220;sensortools&#8220; _builder_version=&#8220;4.16&#8243; _module_preset=&#8220;default&#8220; custom_margin=&#8220;||1vw||false|false&#8220; global_colors_info=&#8220;{}&#8220;]<\/p>\n<h2><strong><em>SensorTools<\/em>-Viewer<\/strong><\/h2>\n<p>Im Programmpaket mit <em>SensorTools<\/em>, zur Anzeige aufgenommenen Messdaten.<\/p>\n<ul>\n<li>Bis zu 4 Messdatendateien gleichzeitig anzeigen, analysieren und vergleichen.<\/li>\n<li>Messdaten duplizieren, selektieren, speichern, exportieren.<\/li>\n<li>Aktuelle Ansicht einzelner oder aller Graphen speichern.<\/li>\n<li>Messdatendetails von der Stelle des Mauscursors anzeigen.<\/li>\n<li>Ger\u00e4temodell, Messparameter und Datum \/ Uhrzeit der Aufzeichnung anzeigen.<\/li>\n<\/ul>\n<p>[\/et_pb_text][\/et_pb_column][\/et_pb_row][et_pb_row _builder_version=&#8220;4.16&#8243; _module_preset=&#8220;default&#8220; background_color=&#8220;#F3F4F4&#8243; width=&#8220;100%&#8220; width_tablet=&#8220;96%&#8220; width_phone=&#8220;98%&#8220; width_last_edited=&#8220;on|phone&#8220; custom_margin=&#8220;||1vw||false|false&#8220; custom_padding=&#8220;1vw|1vw|3px|1vw|false|true&#8220; global_colors_info=&#8220;{}&#8220;][et_pb_column type=&#8220;4_4&#8243; _builder_version=&#8220;4.16&#8243; _module_preset=&#8220;default&#8220; global_colors_info=&#8220;{}&#8220;][et_pb_image src=&#8220;https:\/\/www.sensortherm.de\/wp-content\/uploads\/2021\/11\/SensorCal3-Screenshot_unterstuetzte-Kalibrierstrahler.webp&#8220; alt=&#8220;Screenshot der SensorCal3-Software mit unterst\u00fctzten Kalibrierstrahlern&#8220; title_text=&#8220;SensorCal3-Screenshot_unterstuetzte-Kalibrierstrahler&#8220; admin_label=&#8220;SensorCal3 image&#8220; _builder_version=&#8220;4.16&#8243; _module_preset=&#8220;default&#8220; custom_margin=&#8220;|||5px|false|false&#8220; custom_css_main_element=&#8220;float: right;&#8220; global_colors_info=&#8220;{}&#8220;][\/et_pb_image][et_pb_text admin_label=&#8220;Text SensorCal3&#8243; module_id=&#8220;sensorcal3&#8243; _builder_version=&#8220;4.27.4&#8243; _module_preset=&#8220;default&#8220; custom_padding=&#8220;||1vw||false|false&#8220; hover_enabled=&#8220;0&#8243; global_colors_info=&#8220;{}&#8220; sticky_enabled=&#8220;0&#8243;]<\/p>\n<h2 id=\"sensorcal3-software\"><strong><em>SensorCal3<\/em><\/strong><\/h2>\n<p><strong>im Liefer\u00adumfang aller Kalibrier\u00adstrahler:<\/strong> Software zur Genauig\u00adkeits\u00fcber\u00adpr\u00fcfung und Nachjustie\u00adrung von <a href=\"https:\/\/www.sensortherm.de\/de\/kalibrierstrahler-transfer-standard-pyrometer\/\">Kalibrierstrahlern<\/a>.<br \/><strong>Datenblatt:<\/strong>\u00a0<a rel=\"noopener noreferrer\" aria-label=\"\ufffc SensorCal3 (\u00f6ffnet in neuem Tab)\" href=\"https:\/\/www.sensortherm.de\/userfiles\/file\/datenblaetter\/de\/Sensortherm-Datenblatt_CS500N_CS1500N_SensorCal3-software.pdf\" target=\"_blank\"><img loading=\"lazy\" decoding=\"async\" src=\"https:\/\/www.sensortherm.de\/wp-content\/uploads\/2020\/08\/pdf-Icon.png\" alt=\"pdf-Icon\" class=\"wp-image-2092 alignnone size-full\" width=\"25\" height=\"24\" \/> <strong><em>SensorCal3<\/em><\/strong><\/a><em> <\/em>+ CS1500<\/p>\n<p><strong><\/strong>Den <strong>Software-Download<\/strong> finden Sie <a href=\"https:\/\/www.sensortherm.de\/de\/downloads#anleitungen_firmware\">hier auf der Downloadseite<\/a>. Daf\u00fcr ist die Eingabe des Modells und der Seriennummer notwendig.<\/p>\n<p>[\/et_pb_text][\/et_pb_column][\/et_pb_row][et_pb_row _builder_version=&#8220;4.16&#8243; _module_preset=&#8220;default&#8220; width=&#8220;100%&#8220; width_tablet=&#8220;96%&#8220; width_phone=&#8220;98%&#8220; width_last_edited=&#8220;on|tablet&#8220; global_colors_info=&#8220;{}&#8220;][et_pb_column type=&#8220;4_4&#8243; _builder_version=&#8220;4.16&#8243; _module_preset=&#8220;default&#8220; global_colors_info=&#8220;{}&#8220;][et_pb_text admin_label=&#8220;Text SensorCal3&#8243; module_id=&#8220;sensorcal3&#8243; _builder_version=&#8220;4.27.4&#8243; _module_preset=&#8220;default&#8220; custom_padding=&#8220;||||false|false&#8220; hover_enabled=&#8220;0&#8243; global_colors_info=&#8220;{}&#8220; sticky_enabled=&#8220;0&#8243;]<\/p>\n<ul>\n<li>Der Kalibrierstrahler <a href=\"https:\/\/www.sensortherm.de\/product\/kalibrierstrahler-cs1500\/\">CS1500N<\/a> oder das Vorg\u00e4ngermodell CS1500 k\u00f6nnen unter Verwendung eines <a href=\"https:\/\/www.sensortherm.de\/product\/diadem-di16-transfer-standard-pyrometer\/\">DIADEM<\/a>-Transfer-Standard-Pyrometers vollautomatisch pyrometrisch nachjustiert werden.<\/li>\n<li><strong>Zus\u00e4tzlich erweiterbar zur Genauigkeits\u00fcberpr\u00fcfung und Nachjustierung von Pyrometern:<\/strong> Die Pyrometerserien METIS M3 sowie alte Modelle MS \/ MI \/ MB \/ MP k\u00f6nnen am CS1500N automatisch oder durch \u00dcbernahme der Temperaturwerte eines beliebigen Kalibrierstrahlers, Thermoelements oder Referenzpyrometers \u00fcberpr\u00fcft und bei Bedarf nachjustiert werden.<\/li>\n<\/ul>\n<p>[\/et_pb_text][\/et_pb_column][\/et_pb_row][\/et_pb_section]<\/p>\n","protected":false},"excerpt":{"rendered":"<p>PC-SoftwareZur Kommunikation mit Pyrometern, Scannern, Reglern, Anzeigen und Kalibrierstrahlern stellen wir speziell abgestimmte Software zur Verf\u00fcgung, die den Funktionsumfang der Ger\u00e4te erweitert und hilft, auch Herausforderungen spezieller Messaufgaben zu l\u00f6sen. Alle Programme werden kontinuierlich aktualisiert und k\u00f6nnen f\u00fcr Kunden dauerhaft kostenlos heruntergeladen werden.SensorTools im Lieferumfang aller Pyrometer, Scanner, Regler, Anzeigen und Kalibrierstrahler: sehr umfangreiche Einstell-, [&hellip;]<\/p>\n","protected":false},"author":1,"featured_media":0,"parent":0,"menu_order":60,"comment_status":"closed","ping_status":"closed","template":"","meta":{"_et_pb_use_builder":"on","_et_pb_old_content":"","_et_gb_content_width":"","footnotes":""},"class_list":["post-3184","page","type-page","status-publish","hentry"],"yoast_head":"<!-- This site is optimized with the Yoast SEO plugin v27.3 - https:\/\/yoast.com\/product\/yoast-seo-wordpress\/ -->\n<title>PC-Software - Sensortherm<\/title>\n<meta name=\"description\" content=\"\u00dcbersicht \u00fcber die Software SensorTools, die allen Ger\u00e4ten beigelegt wird sowie SensorCal3 zur Kalibrierstrahlernachjustierung\" \/>\n<meta name=\"robots\" content=\"index, follow, max-snippet:-1, max-image-preview:large, max-video-preview:-1\" \/>\n<link rel=\"canonical\" href=\"https:\/\/www.sensortherm.de\/de\/pc-software\/\" \/>\n<meta property=\"og:locale\" content=\"de_DE\" \/>\n<meta property=\"og:type\" content=\"article\" \/>\n<meta property=\"og:title\" content=\"PC-Software - Sensortherm\" \/>\n<meta property=\"og:description\" content=\"\u00dcbersicht \u00fcber die Software SensorTools, die allen Ger\u00e4ten beigelegt wird sowie SensorCal3 zur Kalibrierstrahlernachjustierung\" \/>\n<meta property=\"og:url\" content=\"https:\/\/www.sensortherm.de\/de\/pc-software\/\" \/>\n<meta property=\"og:site_name\" content=\"Sensortherm\" \/>\n<meta property=\"article:modified_time\" content=\"2025-06-27T11:26:44+00:00\" \/>\n<meta property=\"og:image\" content=\"https:\/\/www.sensortherm.de\/wp-content\/uploads\/2020\/08\/pdf-Icon.png\" \/>\n<meta name=\"twitter:card\" content=\"summary_large_image\" \/>\n<meta name=\"twitter:label1\" content=\"Gesch\u00e4tzte Lesezeit\" \/>\n\t<meta name=\"twitter:data1\" content=\"5\u00a0Minuten\" \/>\n<script type=\"application\/ld+json\" class=\"yoast-schema-graph\">{\"@context\":\"https:\\\/\\\/schema.org\",\"@graph\":[{\"@type\":\"WebPage\",\"@id\":\"https:\\\/\\\/www.sensortherm.de\\\/en\\\/pc-software\\\/\",\"url\":\"https:\\\/\\\/www.sensortherm.de\\\/en\\\/pc-software\\\/\",\"name\":\"PC-Software - Sensortherm\",\"isPartOf\":{\"@id\":\"https:\\\/\\\/www.sensortherm.de\\\/de\\\/#website\"},\"primaryImageOfPage\":{\"@id\":\"https:\\\/\\\/www.sensortherm.de\\\/en\\\/pc-software\\\/#primaryimage\"},\"image\":{\"@id\":\"https:\\\/\\\/www.sensortherm.de\\\/en\\\/pc-software\\\/#primaryimage\"},\"thumbnailUrl\":\"https:\\\/\\\/www.sensortherm.de\\\/wp-content\\\/uploads\\\/2020\\\/08\\\/pdf-Icon.png\",\"datePublished\":\"2020-11-30T08:16:19+00:00\",\"dateModified\":\"2025-06-27T11:26:44+00:00\",\"description\":\"\u00dcbersicht \u00fcber die Software SensorTools, die allen Ger\u00e4ten beigelegt wird sowie SensorCal3 zur Kalibrierstrahlernachjustierung\",\"breadcrumb\":{\"@id\":\"https:\\\/\\\/www.sensortherm.de\\\/en\\\/pc-software\\\/#breadcrumb\"},\"inLanguage\":\"de\",\"potentialAction\":[{\"@type\":\"ReadAction\",\"target\":[\"https:\\\/\\\/www.sensortherm.de\\\/en\\\/pc-software\\\/\"]}]},{\"@type\":\"ImageObject\",\"inLanguage\":\"de\",\"@id\":\"https:\\\/\\\/www.sensortherm.de\\\/en\\\/pc-software\\\/#primaryimage\",\"url\":\"https:\\\/\\\/www.sensortherm.de\\\/wp-content\\\/uploads\\\/2020\\\/08\\\/pdf-Icon.png\",\"contentUrl\":\"https:\\\/\\\/www.sensortherm.de\\\/wp-content\\\/uploads\\\/2020\\\/08\\\/pdf-Icon.png\"},{\"@type\":\"BreadcrumbList\",\"@id\":\"https:\\\/\\\/www.sensortherm.de\\\/en\\\/pc-software\\\/#breadcrumb\",\"itemListElement\":[{\"@type\":\"ListItem\",\"position\":1,\"name\":\"Home\",\"item\":\"https:\\\/\\\/www.sensortherm.de\\\/en\\\/\"},{\"@type\":\"ListItem\",\"position\":2,\"name\":\"PC-Software\"}]},{\"@type\":\"WebSite\",\"@id\":\"https:\\\/\\\/www.sensortherm.de\\\/de\\\/#website\",\"url\":\"https:\\\/\\\/www.sensortherm.de\\\/de\\\/\",\"name\":\"Sensortherm\",\"description\":\"Schnelle Infrarotmessger\u00e4te zur ber\u00fchrungslosen Temperaturmessung\",\"publisher\":{\"@id\":\"https:\\\/\\\/www.sensortherm.de\\\/de\\\/#organization\"},\"potentialAction\":[{\"@type\":\"SearchAction\",\"target\":{\"@type\":\"EntryPoint\",\"urlTemplate\":\"https:\\\/\\\/www.sensortherm.de\\\/de\\\/?s={search_term_string}\"},\"query-input\":{\"@type\":\"PropertyValueSpecification\",\"valueRequired\":true,\"valueName\":\"search_term_string\"}}],\"inLanguage\":\"de\"},{\"@type\":\"Organization\",\"@id\":\"https:\\\/\\\/www.sensortherm.de\\\/de\\\/#organization\",\"name\":\"Sensortherm GmbH\",\"url\":\"https:\\\/\\\/www.sensortherm.de\\\/de\\\/\",\"logo\":{\"@type\":\"ImageObject\",\"inLanguage\":\"de\",\"@id\":\"https:\\\/\\\/www.sensortherm.de\\\/de\\\/#\\\/schema\\\/logo\\\/image\\\/\",\"url\":\"https:\\\/\\\/www.sensortherm.de\\\/wp-content\\\/uploads\\\/2021\\\/10\\\/Logo_Sensortherm_header_transparent.webp\",\"contentUrl\":\"https:\\\/\\\/www.sensortherm.de\\\/wp-content\\\/uploads\\\/2021\\\/10\\\/Logo_Sensortherm_header_transparent.webp\",\"width\":182,\"height\":69,\"caption\":\"Sensortherm GmbH\"},\"image\":{\"@id\":\"https:\\\/\\\/www.sensortherm.de\\\/de\\\/#\\\/schema\\\/logo\\\/image\\\/\"},\"sameAs\":[\"https:\\\/\\\/de.linkedin.com\\\/company\\\/sensortherm-gmbh\"]}]}<\/script>\n<!-- \/ Yoast SEO plugin. -->","yoast_head_json":{"title":"PC-Software - Sensortherm","description":"\u00dcbersicht \u00fcber die Software SensorTools, die allen Ger\u00e4ten beigelegt wird sowie SensorCal3 zur Kalibrierstrahlernachjustierung","robots":{"index":"index","follow":"follow","max-snippet":"max-snippet:-1","max-image-preview":"max-image-preview:large","max-video-preview":"max-video-preview:-1"},"canonical":"https:\/\/www.sensortherm.de\/de\/pc-software\/","og_locale":"de_DE","og_type":"article","og_title":"PC-Software - Sensortherm","og_description":"\u00dcbersicht \u00fcber die Software SensorTools, die allen Ger\u00e4ten beigelegt wird sowie SensorCal3 zur Kalibrierstrahlernachjustierung","og_url":"https:\/\/www.sensortherm.de\/de\/pc-software\/","og_site_name":"Sensortherm","article_modified_time":"2025-06-27T11:26:44+00:00","og_image":[{"url":"https:\/\/www.sensortherm.de\/wp-content\/uploads\/2020\/08\/pdf-Icon.png","type":"","width":"","height":""}],"twitter_card":"summary_large_image","twitter_misc":{"Gesch\u00e4tzte Lesezeit":"5\u00a0Minuten"},"schema":{"@context":"https:\/\/schema.org","@graph":[{"@type":"WebPage","@id":"https:\/\/www.sensortherm.de\/en\/pc-software\/","url":"https:\/\/www.sensortherm.de\/en\/pc-software\/","name":"PC-Software - Sensortherm","isPartOf":{"@id":"https:\/\/www.sensortherm.de\/de\/#website"},"primaryImageOfPage":{"@id":"https:\/\/www.sensortherm.de\/en\/pc-software\/#primaryimage"},"image":{"@id":"https:\/\/www.sensortherm.de\/en\/pc-software\/#primaryimage"},"thumbnailUrl":"https:\/\/www.sensortherm.de\/wp-content\/uploads\/2020\/08\/pdf-Icon.png","datePublished":"2020-11-30T08:16:19+00:00","dateModified":"2025-06-27T11:26:44+00:00","description":"\u00dcbersicht \u00fcber die Software SensorTools, die allen Ger\u00e4ten beigelegt wird sowie SensorCal3 zur Kalibrierstrahlernachjustierung","breadcrumb":{"@id":"https:\/\/www.sensortherm.de\/en\/pc-software\/#breadcrumb"},"inLanguage":"de","potentialAction":[{"@type":"ReadAction","target":["https:\/\/www.sensortherm.de\/en\/pc-software\/"]}]},{"@type":"ImageObject","inLanguage":"de","@id":"https:\/\/www.sensortherm.de\/en\/pc-software\/#primaryimage","url":"https:\/\/www.sensortherm.de\/wp-content\/uploads\/2020\/08\/pdf-Icon.png","contentUrl":"https:\/\/www.sensortherm.de\/wp-content\/uploads\/2020\/08\/pdf-Icon.png"},{"@type":"BreadcrumbList","@id":"https:\/\/www.sensortherm.de\/en\/pc-software\/#breadcrumb","itemListElement":[{"@type":"ListItem","position":1,"name":"Home","item":"https:\/\/www.sensortherm.de\/en\/"},{"@type":"ListItem","position":2,"name":"PC-Software"}]},{"@type":"WebSite","@id":"https:\/\/www.sensortherm.de\/de\/#website","url":"https:\/\/www.sensortherm.de\/de\/","name":"Sensortherm","description":"Schnelle Infrarotmessger\u00e4te zur ber\u00fchrungslosen Temperaturmessung","publisher":{"@id":"https:\/\/www.sensortherm.de\/de\/#organization"},"potentialAction":[{"@type":"SearchAction","target":{"@type":"EntryPoint","urlTemplate":"https:\/\/www.sensortherm.de\/de\/?s={search_term_string}"},"query-input":{"@type":"PropertyValueSpecification","valueRequired":true,"valueName":"search_term_string"}}],"inLanguage":"de"},{"@type":"Organization","@id":"https:\/\/www.sensortherm.de\/de\/#organization","name":"Sensortherm GmbH","url":"https:\/\/www.sensortherm.de\/de\/","logo":{"@type":"ImageObject","inLanguage":"de","@id":"https:\/\/www.sensortherm.de\/de\/#\/schema\/logo\/image\/","url":"https:\/\/www.sensortherm.de\/wp-content\/uploads\/2021\/10\/Logo_Sensortherm_header_transparent.webp","contentUrl":"https:\/\/www.sensortherm.de\/wp-content\/uploads\/2021\/10\/Logo_Sensortherm_header_transparent.webp","width":182,"height":69,"caption":"Sensortherm GmbH"},"image":{"@id":"https:\/\/www.sensortherm.de\/de\/#\/schema\/logo\/image\/"},"sameAs":["https:\/\/de.linkedin.com\/company\/sensortherm-gmbh"]}]}},"_links":{"self":[{"href":"https:\/\/www.sensortherm.de\/de\/wp-json\/wp\/v2\/pages\/3184","targetHints":{"allow":["GET"]}}],"collection":[{"href":"https:\/\/www.sensortherm.de\/de\/wp-json\/wp\/v2\/pages"}],"about":[{"href":"https:\/\/www.sensortherm.de\/de\/wp-json\/wp\/v2\/types\/page"}],"author":[{"embeddable":true,"href":"https:\/\/www.sensortherm.de\/de\/wp-json\/wp\/v2\/users\/1"}],"replies":[{"embeddable":true,"href":"https:\/\/www.sensortherm.de\/de\/wp-json\/wp\/v2\/comments?post=3184"}],"version-history":[{"count":1,"href":"https:\/\/www.sensortherm.de\/de\/wp-json\/wp\/v2\/pages\/3184\/revisions"}],"predecessor-version":[{"id":12773,"href":"https:\/\/www.sensortherm.de\/de\/wp-json\/wp\/v2\/pages\/3184\/revisions\/12773"}],"wp:attachment":[{"href":"https:\/\/www.sensortherm.de\/de\/wp-json\/wp\/v2\/media?parent=3184"}],"curies":[{"name":"wp","href":"https:\/\/api.w.org\/{rel}","templated":true}]}}