{"id":12687,"date":"2025-06-25T11:51:34","date_gmt":"2025-06-25T11:51:34","guid":{"rendered":"https:\/\/www.sensortherm.de\/?page_id=12687"},"modified":"2025-07-09T07:54:49","modified_gmt":"2025-07-09T07:54:49","slug":"temperaturueberwachung-in-strangussanlagen-und-walzwerken","status":"publish","type":"page","link":"https:\/\/www.sensortherm.de\/de\/temperaturueberwachung-in-strangussanlagen-und-walzwerken\/","title":{"rendered":"Temperatur\u00fcberwachung in Strangussanlagen und Walzwerken"},"content":{"rendered":"\n[et_pb_section fb_built=&#8220;1&#8243; _builder_version=&#8220;4.27.4&#8243; _module_preset=&#8220;default&#8220; background_color=&#8220;#F3F4F4&#8243; global_colors_info=&#8220;{}&#8220;][et_pb_row _builder_version=&#8220;4.27.4&#8243; _module_preset=&#8220;default&#8220; global_colors_info=&#8220;{}&#8220;][et_pb_column type=&#8220;4_4&#8243; _builder_version=&#8220;4.27.4&#8243; _module_preset=&#8220;default&#8220; global_colors_info=&#8220;{}&#8220;][et_pb_image src=&#8220;https:\/\/www.sensortherm.de\/wp-content\/uploads\/2025\/06\/headerbild_Stranggussanlagen.webp&#8220; alt=&#8220;Zwei Str\u00e4nge eines Strangussvorgangs&#8220; title_text=&#8220;headerbild_Stranggussanlagen&#8220; _builder_version=&#8220;4.27.4&#8243; _module_preset=&#8220;default&#8220; global_colors_info=&#8220;{}&#8220;][\/et_pb_image][\/et_pb_column][\/et_pb_row][\/et_pb_section][et_pb_section fb_built=&#8220;1&#8243; _builder_version=&#8220;4.27.4&#8243; _module_preset=&#8220;default&#8220; global_colors_info=&#8220;{}&#8220;][et_pb_row _builder_version=&#8220;4.27.4&#8243; _module_preset=&#8220;default&#8220; width=&#8220;98%&#8220; custom_margin=&#8220;||||false|false&#8220; global_colors_info=&#8220;{}&#8220;][et_pb_column type=&#8220;4_4&#8243; _builder_version=&#8220;4.27.4&#8243; _module_preset=&#8220;default&#8220; global_colors_info=&#8220;{}&#8220;][et_pb_text admin_label=&#8220;\u00dcberschrift&#8220; _builder_version=&#8220;4.27.4&#8243; _module_preset=&#8220;default&#8220; background_color=&#8220;#FFFFFF&#8220; vertical_offset=&#8220;1vw&#8220; horizontal_offset=&#8220;1vw&#8220; width=&#8220;100%&#8220; custom_margin=&#8220;1vw||1vw||true|false&#8220; custom_padding=&#8220;8px|1vw||1vw|false|true&#8220; hover_enabled=&#8220;0&#8243; header_font_size_tablet=&#8220;&#8220; header_font_size_phone=&#8220;18px&#8220; header_font_size_last_edited=&#8220;on|phone&#8220; custom_css_main_element=&#8220;width: max-content;&#8220; border_width_top=&#8220;5px&#8220; border_color_top=&#8220;#0B3172&#8243; border_width_left=&#8220;5px&#8220; border_color_left=&#8220;#0B3172&#8243; locked=&#8220;off&#8220; global_colors_info=&#8220;{}&#8220; sticky_enabled=&#8220;0&#8243;]<h1>Temperatur\u00fcberwachung in Stranggussanlagen und Walzwerken<\/h1>[\/et_pb_text][et_pb_text _builder_version=&#8220;4.27.4&#8243; _module_preset=&#8220;default&#8220; custom_css_main_element=&#8220;column-count: 2;&#8220; global_colors_info=&#8220;{}&#8220;]<p>Die Temperatur\u00fcberwachung in einer <strong>Stranggussanlage<\/strong> ist entscheidend f\u00fcr die Qualit\u00e4t und Effizienz des Prozesses. Dabei werden bevorzugt Quotientenpyrometer wie das <a href=\"https:\/\/www.sensortherm.de\/de\/product\/metis-m311-quotientenpyrometer\/\">METIS M311<\/a> zur Temperaturmessung eingesetzt, da sie auch bei Verschmutzungen zuverl\u00e4ssige Ergebnisse liefern. Werden diese in Kombination mit dem Linienscanner <a href=\"https:\/\/www.sensortherm.de\/de\/product\/galaxy-scanner-sc7-sc8\/\">GALAXY SC8<\/a> im Schutzgeh\u00e4use <a href=\"https:\/\/www.sensortherm.de\/de\/product\/schutzgehaeuse-kuehlplatte\/\">KG28<\/a> eingesetzt, lassen sich mehrere Str\u00e4nge gleichzeitig \u00fcberwachen.<\/p>[\/et_pb_text][et_pb_text _builder_version=&#8220;4.27.4&#8243; _module_preset=&#8220;default&#8220; custom_margin=&#8220;1vw||||false|false&#8220; hover_enabled=&#8220;0&#8243; global_colors_info=&#8220;{}&#8220; sticky_enabled=&#8220;0&#8243;]<h2>Prozessrelevante Messpunkte:<\/h2>[\/et_pb_text][\/et_pb_column][\/et_pb_row][et_pb_row _builder_version=&#8220;4.27.4&#8243; _module_preset=&#8220;default&#8220; width=&#8220;98%&#8220; global_colors_info=&#8220;{}&#8220;][et_pb_column type=&#8220;4_4&#8243; _builder_version=&#8220;4.27.4&#8243; _module_preset=&#8220;default&#8220; global_colors_info=&#8220;{}&#8220;][et_pb_image src=&#8220;https:\/\/www.sensortherm.de\/wp-content\/uploads\/2025\/06\/Stranggusswerk.webp&#8220; alt=&#8220;Komplette gezeichnete 3D-Stranggussanlage mit Pyrometern und Scannern an wichtigen Messpunkten&#8220; title_text=&#8220;Stranggusswerk&#8220; admin_label=&#8220;Bild Strangussanlage&#8220; _builder_version=&#8220;4.27.4&#8243; _module_preset=&#8220;default&#8220; global_colors_info=&#8220;{}&#8220;][\/et_pb_image][\/et_pb_column][\/et_pb_row][et_pb_row column_structure=&#8220;1_4,1_4,1_4,1_4&#8243; use_custom_gutter=&#8220;on&#8220; gutter_width=&#8220;2&#8243; make_equal=&#8220;on&#8220; _builder_version=&#8220;4.27.4&#8243; _module_preset=&#8220;default&#8220; width=&#8220;98%&#8220; width_tablet=&#8220;98%&#8220; width_phone=&#8220;98%&#8220; width_last_edited=&#8220;on|tablet&#8220; custom_margin=&#8220;1vw||1vw||true|false&#8220; custom_margin_tablet=&#8220;2vw||1vw||false|false&#8220; custom_margin_phone=&#8220;2vw||1vw||false|false&#8220; custom_margin_last_edited=&#8220;on|tablet&#8220; global_colors_info=&#8220;{}&#8220;][et_pb_column type=&#8220;1_4&#8243; _builder_version=&#8220;4.27.4&#8243; _module_preset=&#8220;default&#8220; custom_padding=&#8220;||||false|false&#8220; custom_padding_tablet=&#8220;||2vw||false|false&#8220; custom_padding_phone=&#8220;||2vw||false|false&#8220; custom_padding_last_edited=&#8220;on|tablet&#8220; global_colors_info=&#8220;{}&#8220;][et_pb_blurb title=&#8220;1: Messungen am Auslauf der Stahlgie\u00dfpfanne&#8220; image=&#8220;https:\/\/www.sensortherm.de\/wp-content\/uploads\/2025\/06\/messung_auslauf_pfanne.webp&#8220; alt=&#8220;Pyrometer im Stahlwerk ist auf die Pfanne am Anfang vom Strangguss ausgerichtet.&#8220; module_class=&#8220;zoom-blurb&#8220; _builder_version=&#8220;4.27.4&#8243; _module_preset=&#8220;default&#8220; hover_enabled=&#8220;0&#8243; custom_css_blurb_image=&#8220;margin-bottom: 5px!important;&#8220; global_colors_info=&#8220;{}&#8220; sticky_enabled=&#8220;0&#8243;]<p>k\u00f6nnen mit einem Pyrometer im K\u00fchlgeh\u00e4use aus sicherer Entfernung bis zu 10 Metern bei einem Messfeld von nur 51\u00a0mm in diesesr Entferung erfolgen.<\/p>[\/et_pb_blurb][\/et_pb_column][et_pb_column type=&#8220;1_4&#8243; _builder_version=&#8220;4.27.4&#8243; _module_preset=&#8220;default&#8220; custom_padding_tablet=&#8220;||2vw||false|false&#8220; custom_padding_phone=&#8220;||2vw||false|false&#8220; custom_padding_last_edited=&#8220;on|tablet&#8220; global_colors_info=&#8220;{}&#8220;][et_pb_blurb title=&#8220;2: Messungen am Auslauf des Verteilers&#8220; image=&#8220;https:\/\/www.sensortherm.de\/wp-content\/uploads\/2025\/06\/Stranggusswerk_Nahaufnahme_METIS-im-kuehlgehaeuse_Verteilermessung.webp&#8220; alt=&#8220;Pyrometer im K\u00fchlgeh\u00e4use, dass die Temperatur eines Stranges am Verteiler einer Stranggussanlage misst.&#8220; module_class=&#8220;zoom-blurb&#8220; _builder_version=&#8220;4.27.4&#8243; _module_preset=&#8220;default&#8220; custom_css_blurb_image=&#8220;margin-bottom: 5px!important;&#8220; global_colors_info=&#8220;{}&#8220;]geben Aufschluss, welche Temperatur der Strang direkt am Anfang hat. Durch weitere Messungen weiter unten am Strang kann die Temperatur&shy;ver\u00e4nderung im Verlauf beobachtet werden.[\/et_pb_blurb][\/et_pb_column][et_pb_column type=&#8220;1_4&#8243; _builder_version=&#8220;4.27.4&#8243; _module_preset=&#8220;default&#8220; custom_padding_tablet=&#8220;||2vw||false|false&#8220; custom_padding_phone=&#8220;||2vw||false|false&#8220; custom_padding_last_edited=&#8220;on|tablet&#8220; global_colors_info=&#8220;{}&#8220;][et_pb_blurb title=&#8220;3: Scannen von Str\u00e4ngen &#8220; image=&#8220;https:\/\/www.sensortherm.de\/wp-content\/uploads\/2025\/06\/Galaxy-Tempertaurscanner_Stahlbrammenmessung.webp&#8220; alt=&#8220;Temperatur-Linienscanner montiert \u00fcber Stahlbrammen in Stahlwerk&#8220; module_class=&#8220;zoom-blurb&#8220; _builder_version=&#8220;4.27.4&#8243; _module_preset=&#8220;default&#8220; custom_css_blurb_image=&#8220;margin-bottom: 5px!important;&#8220; global_colors_info=&#8220;{}&#8220;]<p>erzeugt Temperatur\u00adprofile aller Str\u00e4nge, die sich \u00fcber Software analysieren lassen. Ein maximaler Temperatur\u00adwert von jedem Strang erm\u00f6glicht eine einfache Auswertung.<\/p>[\/et_pb_blurb][\/et_pb_column][et_pb_column type=&#8220;1_4&#8243; _builder_version=&#8220;4.27.4&#8243; _module_preset=&#8220;default&#8220; custom_padding_tablet=&#8220;||2vw||false|false&#8220; custom_padding_phone=&#8220;||2vw||false|false&#8220; custom_padding_last_edited=&#8220;on|tablet&#8220; global_colors_info=&#8220;{}&#8220;][et_pb_blurb title=&#8220;4: Zwischenmessungen an beliebiger Stelle&#8220; image=&#8220;https:\/\/www.sensortherm.de\/wp-content\/uploads\/2025\/06\/Strangussmessung_Capella-Handpyrometer.webp&#8220; alt=&#8220;Handpyrometer Capella misst ein Stranggussprofil&#8220; module_class=&#8220;zoom-blurb&#8220; _builder_version=&#8220;4.27.4&#8243; _module_preset=&#8220;default&#8220; custom_css_blurb_image=&#8220;margin-bottom: 5px!important;&#8220; global_colors_info=&#8220;{}&#8220;]<p>lassen sich mit dem Hand\u00adpyrometer CAPELLA durchf\u00fchren. Selbst bei 10\u00a0m Entfernung hat es einen Messfeld\u00addurchmesser von nur 51\u00a0mm.<\/p>[\/et_pb_blurb][\/et_pb_column][\/et_pb_row][et_pb_row _builder_version=&#8220;4.27.4&#8243; _module_preset=&#8220;default&#8220; width=&#8220;98%&#8220; custom_margin=&#8220;2vw||1vw||false|false&#8220; global_colors_info=&#8220;{}&#8220;][et_pb_column type=&#8220;4_4&#8243; _builder_version=&#8220;4.27.4&#8243; _module_preset=&#8220;default&#8220; global_colors_info=&#8220;{}&#8220;][et_pb_text _builder_version=&#8220;4.27.4&#8243; _module_preset=&#8220;default&#8220; custom_margin=&#8220;0vw||||false|false&#8220; global_colors_info=&#8220;{}&#8220;]<p>Die ber\u00fchrungslose Temperaturmessung des sich bewegenden Strangs kann mit einem kurzwelligen Quotientenpyrometer gut auch aus gro\u00dfen Abst\u00e4nden erfolgen. Da in den <a href=\"https:\/\/www.sensortherm.de\/de\/product\/galaxy-scanner-sc7-sc8\/\"><strong>GALAXY<\/strong><\/a>-Linienscanner alle Pyrometer der Serie METIS eingebaut werden k\u00f6nnen, l\u00e4sst sich dieser individuall auf den Messprozess anpassen. Selbst wenn ein <strong><a href=\"https:\/\/www.sensortherm.de\/de\/product\/metis-m311-quotientenpyrometer\/\">METIS M311<\/a><\/strong> mit einer Einstellzeit von 1\u00a0ms nicht schnell genug sein sollte, k\u00f6nnen auch die <a href=\"https:\/\/www.sensortherm.de\/de\/product\/metis-h311-highspeed-quotientenpyrometer\/\"><strong>Highspeedger\u00e4te H311<\/strong><\/a> eingebaut werden, um zum Beispiel sehr schnelle Messungen von Dr\u00e4hten in einem Walzwerk durchzuf\u00fchren.<\/p>[\/et_pb_text][et_pb_text _builder_version=&#8220;4.27.4&#8243; _module_preset=&#8220;default&#8220; custom_margin=&#8220;2vw||||false|false&#8220; custom_css_main_element=&#8220;column-count: 2;&#8220; global_colors_info=&#8220;{}&#8220;]<p>Die Temperatur\u00fcberwachung in einem <strong>Walzwerk<\/strong> ist ebenso entscheidend f\u00fcr die Qualit\u00e4t und Effizienz des Prozesses. Je nach Messfeldausf\u00fcllung kommen dabei Standard-METIS-M3-Pyrometer oder auch Quotientenpyrometer zum Einsatz. Werden diese in Kombination mit dem Linienscanner <a href=\"https:\/\/www.sensortherm.de\/de\/product\/galaxy-scanner-sc7-sc8\/\">GALAXY SC8<\/a> im Schutzgeh\u00e4use <a href=\"https:\/\/www.sensortherm.de\/de\/product\/schutzgehaeuse-kuehlplatte\/\">KG28<\/a> eingesetzt, lassen sich mehrere Regionen definieren, die mehrere Temperaturen ausgeben k\u00f6nnen.<\/p>[\/et_pb_text][et_pb_text _builder_version=&#8220;4.27.4&#8243; _module_preset=&#8220;default&#8220; custom_margin=&#8220;1vw||||false|false&#8220; hover_enabled=&#8220;0&#8243; global_colors_info=&#8220;{}&#8220; sticky_enabled=&#8220;0&#8243;]<h2>Prozessrelevante Messpunkte:<\/h2>[\/et_pb_text][et_pb_image src=&#8220;https:\/\/www.sensortherm.de\/wp-content\/uploads\/2025\/07\/Walzwerk.webp&#8220; alt=&#8220;Gezeichnetes 3D-Walzwerk mit Pyrometern und Scannern an wichtigen Messpunkten&#8220; title_text=&#8220;Walzwerk&#8220; _builder_version=&#8220;4.27.4&#8243; _module_preset=&#8220;default&#8220; custom_margin=&#8220;||||false|false&#8220; global_colors_info=&#8220;{}&#8220;][\/et_pb_image][\/et_pb_column][\/et_pb_row][et_pb_row column_structure=&#8220;1_3,1_3,1_3&#8243; use_custom_gutter=&#8220;on&#8220; gutter_width=&#8220;2&#8243; _builder_version=&#8220;4.27.4&#8243; _module_preset=&#8220;default&#8220; global_colors_info=&#8220;{}&#8220;][et_pb_column type=&#8220;1_3&#8243; _builder_version=&#8220;4.27.4&#8243; _module_preset=&#8220;default&#8220; global_colors_info=&#8220;{}&#8220;][et_pb_text _builder_version=&#8220;4.27.4&#8243; _module_preset=&#8220;default&#8220; hover_enabled=&#8220;0&#8243; global_colors_info=&#8220;{}&#8220; sticky_enabled=&#8220;0&#8243;]<h4>1. Messungen an mehreren Stellen im Walzprozess<\/h4>[\/et_pb_text][\/et_pb_column][et_pb_column type=&#8220;1_3&#8243; _builder_version=&#8220;4.27.4&#8243; _module_preset=&#8220;default&#8220; global_colors_info=&#8220;{}&#8220;][et_pb_text _builder_version=&#8220;4.27.4&#8243; _module_preset=&#8220;default&#8220; global_colors_info=&#8220;{}&#8220;]<h4>2. Messungen direkt am Windungsleger<\/h4>[\/et_pb_text][\/et_pb_column][et_pb_column type=&#8220;1_3&#8243; _builder_version=&#8220;4.27.4&#8243; _module_preset=&#8220;default&#8220; global_colors_info=&#8220;{}&#8220;][et_pb_text _builder_version=&#8220;4.27.4&#8243; _module_preset=&#8220;default&#8220; global_colors_info=&#8220;{}&#8220;]<h4>3. Messungen mit GALAXY-Scanner an relevanten Stellen am Rollenluftk\u00fchltransport\u00a0<\/h4>[\/et_pb_text][\/et_pb_column][\/et_pb_row][\/et_pb_section]\n","protected":false},"excerpt":{"rendered":"<p>Temperatur\u00fcberwachung in Stranggussanlagen und WalzwerkenDie Temperatur\u00fcberwachung in einer Stranggussanlage ist entscheidend f\u00fcr die Qualit\u00e4t und Effizienz des Prozesses. Dabei werden bevorzugt Quotientenpyrometer wie das METIS M311 zur Temperaturmessung eingesetzt, da sie auch bei Verschmutzungen zuverl\u00e4ssige Ergebnisse liefern. Werden diese in Kombination mit dem Linienscanner GALAXY SC8 im Schutzgeh\u00e4use KG28 eingesetzt, lassen sich mehrere Str\u00e4nge gleichzeitig [&hellip;]<\/p>\n","protected":false},"author":1,"featured_media":0,"parent":0,"menu_order":0,"comment_status":"closed","ping_status":"closed","template":"","meta":{"_et_pb_use_builder":"on","_et_pb_old_content":"","_et_gb_content_width":"","footnotes":""},"class_list":["post-12687","page","type-page","status-publish","hentry"],"yoast_head":"<!-- This site is optimized with the Yoast SEO plugin v27.3 - https:\/\/yoast.com\/product\/yoast-seo-wordpress\/ -->\n<title>Temperatur\u00fcberwachung in Strangussanlagen und Walzwerken - Sensortherm<\/title>\n<meta name=\"description\" content=\"Zur Temperatur\u00fcberwachung in Stranggussanlagen und Walzwerken werden bevorzugt Quotientenpyrometer, eingebaut in Linienscanner eingesetzt.\" \/>\n<meta name=\"robots\" content=\"index, follow, max-snippet:-1, max-image-preview:large, max-video-preview:-1\" \/>\n<link rel=\"canonical\" href=\"https:\/\/www.sensortherm.de\/de\/temperaturueberwachung-in-strangussanlagen-und-walzwerken\/\" \/>\n<meta property=\"og:locale\" content=\"de_DE\" \/>\n<meta property=\"og:type\" content=\"article\" \/>\n<meta property=\"og:title\" content=\"Temperatur\u00fcberwachung in Strangussanlagen und Walzwerken - Sensortherm\" \/>\n<meta property=\"og:description\" content=\"Zur Temperatur\u00fcberwachung in Stranggussanlagen und Walzwerken werden bevorzugt Quotientenpyrometer, eingebaut in Linienscanner eingesetzt.\" \/>\n<meta property=\"og:url\" content=\"https:\/\/www.sensortherm.de\/de\/temperaturueberwachung-in-strangussanlagen-und-walzwerken\/\" \/>\n<meta property=\"og:site_name\" content=\"Sensortherm\" \/>\n<meta property=\"article:modified_time\" content=\"2025-07-09T07:54:49+00:00\" \/>\n<meta name=\"twitter:card\" content=\"summary_large_image\" \/>\n<meta name=\"twitter:label1\" content=\"Gesch\u00e4tzte Lesezeit\" \/>\n\t<meta name=\"twitter:data1\" content=\"4\u00a0Minuten\" \/>\n<script type=\"application\/ld+json\" class=\"yoast-schema-graph\">{\"@context\":\"https:\\\/\\\/schema.org\",\"@graph\":[{\"@type\":\"WebPage\",\"@id\":\"https:\\\/\\\/www.sensortherm.de\\\/de\\\/temperaturueberwachung-in-strangussanlagen-und-walzwerken\\\/\",\"url\":\"https:\\\/\\\/www.sensortherm.de\\\/de\\\/temperaturueberwachung-in-strangussanlagen-und-walzwerken\\\/\",\"name\":\"Temperatur\u00fcberwachung in Strangussanlagen und Walzwerken - Sensortherm\",\"isPartOf\":{\"@id\":\"https:\\\/\\\/www.sensortherm.de\\\/de\\\/#website\"},\"datePublished\":\"2025-06-25T11:51:34+00:00\",\"dateModified\":\"2025-07-09T07:54:49+00:00\",\"description\":\"Zur Temperatur\u00fcberwachung in Stranggussanlagen und Walzwerken werden bevorzugt Quotientenpyrometer, eingebaut in Linienscanner eingesetzt.\",\"breadcrumb\":{\"@id\":\"https:\\\/\\\/www.sensortherm.de\\\/de\\\/temperaturueberwachung-in-strangussanlagen-und-walzwerken\\\/#breadcrumb\"},\"inLanguage\":\"de\",\"potentialAction\":[{\"@type\":\"ReadAction\",\"target\":[\"https:\\\/\\\/www.sensortherm.de\\\/de\\\/temperaturueberwachung-in-strangussanlagen-und-walzwerken\\\/\"]}]},{\"@type\":\"BreadcrumbList\",\"@id\":\"https:\\\/\\\/www.sensortherm.de\\\/de\\\/temperaturueberwachung-in-strangussanlagen-und-walzwerken\\\/#breadcrumb\",\"itemListElement\":[{\"@type\":\"ListItem\",\"position\":1,\"name\":\"Home\",\"item\":\"https:\\\/\\\/www.sensortherm.de\\\/en\\\/\"},{\"@type\":\"ListItem\",\"position\":2,\"name\":\"Temperatur\u00fcberwachung in Strangussanlagen und Walzwerken\"}]},{\"@type\":\"WebSite\",\"@id\":\"https:\\\/\\\/www.sensortherm.de\\\/de\\\/#website\",\"url\":\"https:\\\/\\\/www.sensortherm.de\\\/de\\\/\",\"name\":\"Sensortherm\",\"description\":\"Schnelle Infrarotmessger\u00e4te zur ber\u00fchrungslosen Temperaturmessung\",\"publisher\":{\"@id\":\"https:\\\/\\\/www.sensortherm.de\\\/de\\\/#organization\"},\"potentialAction\":[{\"@type\":\"SearchAction\",\"target\":{\"@type\":\"EntryPoint\",\"urlTemplate\":\"https:\\\/\\\/www.sensortherm.de\\\/de\\\/?s={search_term_string}\"},\"query-input\":{\"@type\":\"PropertyValueSpecification\",\"valueRequired\":true,\"valueName\":\"search_term_string\"}}],\"inLanguage\":\"de\"},{\"@type\":\"Organization\",\"@id\":\"https:\\\/\\\/www.sensortherm.de\\\/de\\\/#organization\",\"name\":\"Sensortherm GmbH\",\"url\":\"https:\\\/\\\/www.sensortherm.de\\\/de\\\/\",\"logo\":{\"@type\":\"ImageObject\",\"inLanguage\":\"de\",\"@id\":\"https:\\\/\\\/www.sensortherm.de\\\/de\\\/#\\\/schema\\\/logo\\\/image\\\/\",\"url\":\"https:\\\/\\\/www.sensortherm.de\\\/wp-content\\\/uploads\\\/2021\\\/10\\\/Logo_Sensortherm_header_transparent.webp\",\"contentUrl\":\"https:\\\/\\\/www.sensortherm.de\\\/wp-content\\\/uploads\\\/2021\\\/10\\\/Logo_Sensortherm_header_transparent.webp\",\"width\":182,\"height\":69,\"caption\":\"Sensortherm GmbH\"},\"image\":{\"@id\":\"https:\\\/\\\/www.sensortherm.de\\\/de\\\/#\\\/schema\\\/logo\\\/image\\\/\"},\"sameAs\":[\"https:\\\/\\\/de.linkedin.com\\\/company\\\/sensortherm-gmbh\"]}]}<\/script>\n<!-- \/ Yoast SEO plugin. -->","yoast_head_json":{"title":"Temperatur\u00fcberwachung in Strangussanlagen und Walzwerken - Sensortherm","description":"Zur Temperatur\u00fcberwachung in Stranggussanlagen und Walzwerken werden bevorzugt Quotientenpyrometer, eingebaut in Linienscanner eingesetzt.","robots":{"index":"index","follow":"follow","max-snippet":"max-snippet:-1","max-image-preview":"max-image-preview:large","max-video-preview":"max-video-preview:-1"},"canonical":"https:\/\/www.sensortherm.de\/de\/temperaturueberwachung-in-strangussanlagen-und-walzwerken\/","og_locale":"de_DE","og_type":"article","og_title":"Temperatur\u00fcberwachung in Strangussanlagen und Walzwerken - Sensortherm","og_description":"Zur Temperatur\u00fcberwachung in Stranggussanlagen und Walzwerken werden bevorzugt Quotientenpyrometer, eingebaut in Linienscanner eingesetzt.","og_url":"https:\/\/www.sensortherm.de\/de\/temperaturueberwachung-in-strangussanlagen-und-walzwerken\/","og_site_name":"Sensortherm","article_modified_time":"2025-07-09T07:54:49+00:00","twitter_card":"summary_large_image","twitter_misc":{"Gesch\u00e4tzte Lesezeit":"4\u00a0Minuten"},"schema":{"@context":"https:\/\/schema.org","@graph":[{"@type":"WebPage","@id":"https:\/\/www.sensortherm.de\/de\/temperaturueberwachung-in-strangussanlagen-und-walzwerken\/","url":"https:\/\/www.sensortherm.de\/de\/temperaturueberwachung-in-strangussanlagen-und-walzwerken\/","name":"Temperatur\u00fcberwachung in Strangussanlagen und Walzwerken - Sensortherm","isPartOf":{"@id":"https:\/\/www.sensortherm.de\/de\/#website"},"datePublished":"2025-06-25T11:51:34+00:00","dateModified":"2025-07-09T07:54:49+00:00","description":"Zur Temperatur\u00fcberwachung in Stranggussanlagen und Walzwerken werden bevorzugt Quotientenpyrometer, eingebaut in Linienscanner eingesetzt.","breadcrumb":{"@id":"https:\/\/www.sensortherm.de\/de\/temperaturueberwachung-in-strangussanlagen-und-walzwerken\/#breadcrumb"},"inLanguage":"de","potentialAction":[{"@type":"ReadAction","target":["https:\/\/www.sensortherm.de\/de\/temperaturueberwachung-in-strangussanlagen-und-walzwerken\/"]}]},{"@type":"BreadcrumbList","@id":"https:\/\/www.sensortherm.de\/de\/temperaturueberwachung-in-strangussanlagen-und-walzwerken\/#breadcrumb","itemListElement":[{"@type":"ListItem","position":1,"name":"Home","item":"https:\/\/www.sensortherm.de\/en\/"},{"@type":"ListItem","position":2,"name":"Temperatur\u00fcberwachung in Strangussanlagen und Walzwerken"}]},{"@type":"WebSite","@id":"https:\/\/www.sensortherm.de\/de\/#website","url":"https:\/\/www.sensortherm.de\/de\/","name":"Sensortherm","description":"Schnelle Infrarotmessger\u00e4te zur ber\u00fchrungslosen Temperaturmessung","publisher":{"@id":"https:\/\/www.sensortherm.de\/de\/#organization"},"potentialAction":[{"@type":"SearchAction","target":{"@type":"EntryPoint","urlTemplate":"https:\/\/www.sensortherm.de\/de\/?s={search_term_string}"},"query-input":{"@type":"PropertyValueSpecification","valueRequired":true,"valueName":"search_term_string"}}],"inLanguage":"de"},{"@type":"Organization","@id":"https:\/\/www.sensortherm.de\/de\/#organization","name":"Sensortherm GmbH","url":"https:\/\/www.sensortherm.de\/de\/","logo":{"@type":"ImageObject","inLanguage":"de","@id":"https:\/\/www.sensortherm.de\/de\/#\/schema\/logo\/image\/","url":"https:\/\/www.sensortherm.de\/wp-content\/uploads\/2021\/10\/Logo_Sensortherm_header_transparent.webp","contentUrl":"https:\/\/www.sensortherm.de\/wp-content\/uploads\/2021\/10\/Logo_Sensortherm_header_transparent.webp","width":182,"height":69,"caption":"Sensortherm GmbH"},"image":{"@id":"https:\/\/www.sensortherm.de\/de\/#\/schema\/logo\/image\/"},"sameAs":["https:\/\/de.linkedin.com\/company\/sensortherm-gmbh"]}]}},"_links":{"self":[{"href":"https:\/\/www.sensortherm.de\/de\/wp-json\/wp\/v2\/pages\/12687","targetHints":{"allow":["GET"]}}],"collection":[{"href":"https:\/\/www.sensortherm.de\/de\/wp-json\/wp\/v2\/pages"}],"about":[{"href":"https:\/\/www.sensortherm.de\/de\/wp-json\/wp\/v2\/types\/page"}],"author":[{"embeddable":true,"href":"https:\/\/www.sensortherm.de\/de\/wp-json\/wp\/v2\/users\/1"}],"replies":[{"embeddable":true,"href":"https:\/\/www.sensortherm.de\/de\/wp-json\/wp\/v2\/comments?post=12687"}],"version-history":[{"count":37,"href":"https:\/\/www.sensortherm.de\/de\/wp-json\/wp\/v2\/pages\/12687\/revisions"}],"predecessor-version":[{"id":12805,"href":"https:\/\/www.sensortherm.de\/de\/wp-json\/wp\/v2\/pages\/12687\/revisions\/12805"}],"wp:attachment":[{"href":"https:\/\/www.sensortherm.de\/de\/wp-json\/wp\/v2\/media?parent=12687"}],"curies":[{"name":"wp","href":"https:\/\/api.w.org\/{rel}","templated":true}]}}