{"id":11804,"date":"2023-12-13T13:04:45","date_gmt":"2023-12-13T13:04:45","guid":{"rendered":"https:\/\/www.sensortherm.de\/?page_id=11804"},"modified":"2023-12-13T13:20:28","modified_gmt":"2023-12-13T13:20:28","slug":"verantwortung-unserer-lieferanten","status":"publish","type":"page","link":"https:\/\/www.sensortherm.de\/de\/verantwortung-unserer-lieferanten\/","title":{"rendered":"Verantwortung unserer Lieferanten"},"content":{"rendered":"<p>[et_pb_section fb_built=&#8220;1&#8243; _builder_version=&#8220;4.23.1&#8243; _module_preset=&#8220;default&#8220; background_color=&#8220;#F3F4F4&#8243; custom_padding=&#8220;||||false|false&#8220; global_colors_info=&#8220;{}&#8220;][et_pb_row _builder_version=&#8220;4.23.1&#8243; _module_preset=&#8220;default&#8220; width=&#8220;100%&#8220; width_tablet=&#8220;98%&#8220; width_phone=&#8220;&#8220; width_last_edited=&#8220;on|phone&#8220; custom_margin=&#8220;||1vw||false|false&#8220; custom_padding=&#8220;1vw||1vw||true|false&#8220; global_colors_info=&#8220;{}&#8220;][et_pb_column type=&#8220;4_4&#8243; _builder_version=&#8220;4.16&#8243; _module_preset=&#8220;default&#8220; global_colors_info=&#8220;{}&#8220;][et_pb_text _builder_version=&#8220;4.23.1&#8243; _module_preset=&#8220;default&#8220; background_enable_color=&#8220;off&#8220; position_origin_a=&#8220;bottom_left&#8220; vertical_offset=&#8220;0vw&#8220; horizontal_offset=&#8220;1vw&#8220; position_origin_a_tablet=&#8220;&#8220; position_origin_a_phone=&#8220;&#8220; position_origin_a_last_edited=&#8220;on|desktop&#8220; position_origin_f_tablet=&#8220;&#8220; position_origin_f_phone=&#8220;&#8220; position_origin_f_last_edited=&#8220;on|desktop&#8220; position_origin_r_tablet=&#8220;&#8220; position_origin_r_phone=&#8220;&#8220; position_origin_r_last_edited=&#8220;on|desktop&#8220; width_tablet=&#8220;&#8220; width_phone=&#8220;73%&#8220; width_last_edited=&#8220;on|phone&#8220; custom_margin=&#8220;1vw||||false|false&#8220; custom_padding=&#8220;8px|1vw||1vw|false|true&#8220; header_font_size_tablet=&#8220;16px&#8220; header_font_size_phone=&#8220;&#8220; header_font_size_last_edited=&#8220;on|phone&#8220; positioning_tablet=&#8220;&#8220; positioning_phone=&#8220;&#8220; positioning_last_edited=&#8220;on|desktop&#8220; custom_css_main_element=&#8220;width: max-content;&#8220; border_radii=&#8220;off||||&#8220; border_width_top=&#8220;5px&#8220; border_color_top=&#8220;#0B3172&#8243; border_width_left=&#8220;5px&#8220; border_color_left=&#8220;#0b3172&#8243; border_width_all_tablet=&#8220;&#8220; border_width_all_phone=&#8220;&#8220; border_width_all_last_edited=&#8220;on|desktop&#8220; border_width_left_tablet=&#8220;5px&#8220; border_width_left_phone=&#8220;5px&#8220; border_width_left_last_edited=&#8220;on|phone&#8220; global_colors_info=&#8220;{}&#8220; custom_css_main_element_last_edited=&#8220;on|phone&#8220; custom_css_main_element_tablet=&#8220;width: max-content;&#8220; custom_css_main_element_phone=&#8220;width: max-content;&#8220;]<\/p>\n<h1 class=\"page-header\">Verantwortung unserer Lieferanten<\/h1>\n<p>[\/et_pb_text][\/et_pb_column][\/et_pb_row][\/et_pb_section][et_pb_section fb_built=&#8220;1&#8243; _builder_version=&#8220;4.23.1&#8243; _module_preset=&#8220;default&#8220; global_colors_info=&#8220;{}&#8220;][et_pb_row _builder_version=&#8220;4.23.1&#8243; _module_preset=&#8220;default&#8220; width=&#8220;100%&#8220; width_tablet=&#8220;98%&#8220; width_phone=&#8220;98%&#8220; width_last_edited=&#8220;on|desktop&#8220; custom_margin=&#8220;||2vw||false|false&#8220; hover_enabled=&#8220;0&#8243; global_colors_info=&#8220;{}&#8220; sticky_enabled=&#8220;0&#8243;][et_pb_column type=&#8220;4_4&#8243; _builder_version=&#8220;4.23.1&#8243; _module_preset=&#8220;default&#8220; global_colors_info=&#8220;{}&#8220;][et_pb_text admin_label=&#8220;\u00dcberschrift&#8220; _builder_version=&#8220;4.23.1&#8243; custom_margin=&#8220;||||false|false&#8220; locked=&#8220;off&#8220; global_colors_info=&#8220;{}&#8220;]<\/p>\n<div class=\"img-caption\">\n<div class=\"img-caption-text\" style=\"margin-bottom: 15px;\">\n<h1>Uns ist es wichtig, dass wir nachhaltig handeln!<\/h1>\n<\/div>\n<\/div>\n<p>[\/et_pb_text][et_pb_image src=&#8220;https:\/\/www.sensortherm.de\/wp-content\/uploads\/2023\/12\/Lieferanten-Verantwortung.webp&#8220; title_text=&#8220;Lieferanten-Verantwortung&#8220; _builder_version=&#8220;4.23.1&#8243; _module_preset=&#8220;default&#8220; width_tablet=&#8220;&#8220; width_phone=&#8220;&#8220; width_last_edited=&#8220;on|tablet&#8220; max_width_tablet=&#8220;300px&#8220; max_width_phone=&#8220;190px&#8220; max_width_last_edited=&#8220;on|tablet&#8220; min_height_tablet=&#8220;&#8220; min_height_phone=&#8220;&#8220; min_height_last_edited=&#8220;on|tablet&#8220; custom_margin=&#8220;|||1vw|false|false&#8220; custom_css_main_element=&#8220;float: right;&#8220; global_colors_info=&#8220;{}&#8220;][\/et_pb_image][et_pb_text _builder_version=&#8220;4.23.1&#8243; custom_margin=&#8220;||2vw||false|false&#8220; hover_enabled=&#8220;0&#8243; locked=&#8220;off&#8220; global_colors_info=&#8220;{}&#8220; sticky_enabled=&#8220;0&#8243;]<\/p>\n<p>Die Einhaltung verbindlicher Normen durch unsere Lieferanten hinsichtlich Mensche\u00adnrechte, Arbeits\u00adbedingungen, Umwelt\u00adaspekte und guter Corporate Governance ist f\u00fcr die Nynomic-Gruppe wesentliche Grundlage unserer Gesch\u00e4fts\u00adbeziehungen. Dementsprechend erwarten wir von unseren Lieferanten, dass sie die geltenden Gesetze einhalten und international anerkannte Umwelt-, Sozial- und Corporate Governance-Standards beachten.<\/p>\n<p>Im Umgang mit ihren Mitarbeitenden fordern wir von unseren Lieferanten die Einhaltung sozialer Standards, wie Anerkennung der Menschenrechte, Einhaltung nationaler gesetzlicher Gesundheits- und Arbeitsschutz\u00advorschriften, strikte Untersagung von Kinder- und Zwangsarbeit sowie die klare Bekennung zur Nicht\u00addiskriminierung. Von unseren Lieferanten erwarten wir au\u00dferdem, dass sie im Rahmen ihrer unternehmerischen T\u00e4tigkeit alle anwendbaren Gesetze und Regelungen zum Schutz der Umwelt einhalten und \u00f6kologisch verantwortungs\u00adbewusst und ressourcen\u00adschonend handeln. Wir tolerieren keine Korruption und Bestechung und verlangen auch von unseren Gesch\u00e4ftspartnern ein verantwortung\u00adsvolles und ethisches Gesch\u00e4fts\u00adverhalten unter Einhaltung der Kartell- und Wettbewerbs\u00adrechte sowie Handels- und Kapitalmarkt\u00advorschriften.<\/p>\n<p>[\/et_pb_text][et_pb_text module_id=&#8220;rma&#8220; _builder_version=&#8220;4.23.1&#8243; _module_preset=&#8220;default&#8220; background_color=&#8220;#F3F4F4&#8243; custom_padding=&#8220;5px|||10px|false|false&#8220; locked=&#8220;off&#8220; global_colors_info=&#8220;{}&#8220;]<\/p>\n<h2>Kontakt<\/h2>\n<p><div class=\"caldera-grid\" id=\"caldera_form_1\" data-cf-ver=\"1.9.6\" data-cf-form-id=\"CF65799c91b710f\"><div id=\"caldera_notices_1\" data-spinner=\"https:\/\/www.sensortherm.de\/wp-admin\/images\/spinner.gif\"><\/div><form data-instance=\"1\" class=\"CF65799c91b710f caldera_forms_form cfajax-trigger\" method=\"POST\" enctype=\"multipart\/form-data\" id=\"CF65799c91b710f_1\" data-form-id=\"CF65799c91b710f\" aria-label=\"Kontakt Lieferantennachhaltigkeit de\" data-target=\"#caldera_notices_1\" data-template=\"#cfajax_CF65799c91b710f-tmpl\" data-cfajax=\"CF65799c91b710f\" data-load-element=\"_parent\" data-load-class=\"cf_processing\" data-post-disable=\"0\" data-action=\"cf_process_ajax_submit\" data-request=\"https:\/\/www.sensortherm.de\/de\/\/cf-api\/CF65799c91b710f\" data-hiderows=\"true\">\r\n<input type=\"hidden\" id=\"_cf_verify_CF65799c91b710f\" name=\"_cf_verify\" value=\"88117887e7\"  data-nonce-time=\"1776023059\" \/><input type=\"hidden\" name=\"_wp_http_referer\" value=\"\/de\/wp-json\/wp\/v2\/pages\/11804\" \/><div id=\"cf2-CF65799c91b710f_1\"><\/div><input type=\"hidden\" name=\"_cf_frm_id\" value=\"CF65799c91b710f\">\r\n<input type=\"hidden\" name=\"_cf_frm_ct\" value=\"1\">\r\n<input type=\"hidden\" name=\"cfajax\" value=\"CF65799c91b710f\">\r\n<input type=\"hidden\" name=\"_cf_cr_pst\" value=\"11804\">\r\n<div class=\"hide\" style=\"display:none; overflow:hidden;height:0;width:0;\">\r\n<label>Web Site<\/label><input type=\"text\" name=\"web_site\" value=\"\" autocomplete=\"off\">\r\n<\/div><div id=\"CF65799c91b710f_1-row-1\"  class=\"row  first_row\"><div  class=\"col-sm-4  first_col\"><div data-field-wrapper=\"fld_8433360\" class=\"form-group\" id=\"fld_8433360_1-wrap\">\r\n\t<label id=\"fld_8433360Label\" for=\"fld_8433360_1\" class=\"control-label\">Vor- und Zunahme <span aria-hidden=\"true\" role=\"presentation\" class=\"field_required\" style=\"color:#ee0000;\">*<\/span><\/label>\r\n\t<div class=\"\">\r\n\t\t<input   required type=\"text\" data-field=\"fld_8433360\" class=\" form-control\" id=\"fld_8433360_1\" name=\"fld_8433360\" value=\"\" data-type=\"text\" aria-required=\"true\"   aria-labelledby=\"fld_8433360Label\" >\t\t\t<\/div>\r\n<\/div>\r\n<div data-field-wrapper=\"fld_3334595\" class=\"form-group\" id=\"fld_3334595_1-wrap\">\r\n\t<label id=\"fld_3334595Label\" for=\"fld_3334595_1\" class=\"control-label\">E-Mail-Adresse <span aria-hidden=\"true\" role=\"presentation\" class=\"field_required\" style=\"color:#ee0000;\">*<\/span><\/label>\r\n\t<div class=\"\">\r\n\t\t<input   required type=\"text\" data-field=\"fld_3334595\" class=\" form-control\" id=\"fld_3334595_1\" name=\"fld_3334595\" value=\"\" data-type=\"text\" aria-required=\"true\"   aria-labelledby=\"fld_3334595Label\" >\t\t\t<\/div>\r\n<\/div>\r\n<\/div><div  class=\"col-sm-8  last_col\"><div data-field-wrapper=\"fld_7735957\" class=\"form-group\" id=\"fld_7735957_1-wrap\">\r\n\t<label id=\"fld_7735957Label\" for=\"fld_7735957_1\" class=\"control-label\">Nachricht <span aria-hidden=\"true\" role=\"presentation\" class=\"field_required\" style=\"color:#ee0000;\">*<\/span><\/label>\r\n\t<div class=\"\">\r\n\t\t<textarea name=\"fld_7735957\" value=\"\" data-field=\"fld_7735957\" class=\"form-control\" id=\"fld_7735957_1\" rows=\"4\"  required=\"required\"  aria-labelledby=\"fld_7735957Label\" ><\/textarea>\n\t\t\t<\/div>\r\n<\/div>\r\n<\/div><\/div><div id=\"CF65799c91b710f_1-row-2\"  class=\"row  last_row\"><div  class=\"col-sm-12  single\"><div data-field-wrapper=\"fld_5866507\" class=\"form-group\" id=\"fld_5866507_1-wrap\">\r\n\t<label id=\"fld_5866507Label\" for=\"fld_5866507_1\" class=\"control-label\">Datenschutzerkl\u00e4rung <span aria-hidden=\"true\" role=\"presentation\" class=\"field_required\" style=\"color:#ee0000;\">*<\/span><\/label>\r\n\t<div class=\"\">\r\n\t\t\t\t\t\t\t\t\t\t\t<div class=\"checkbox\">\n\t\t\t\t\n                <label                         for=\"fld_5866507_1_opt1407254\"\n                >\n                            <input\n                                data-parsley-required=\"true\" data-parsley-group=\"fld_5866507_1\" data-parsley-multiple=\"fld_5866507_1\"                                type=\"checkbox\"\n                                data-label=\"Ich habe die &lt;a href=&quot;https:\/\/www.sensortherm.de\/de\/datenschutzerklaerung\/&quot; rel=&quot;nofollow&quot;&gt;Datenschutzerkl\u00e4rung&lt;\/a&gt; zur Kenntnis genommen und stimme zu, dass die von mir \u00fcbermittelten Daten zur Kontaktaufnahme und f\u00fcr R\u00fcckfragen gespeichert werden, bis sie nicht mehr notwendig sind. \"\n                                data-field=\"fld_5866507\"\n                                id=\"fld_5866507_1_opt1407254\"\n                                class=\"fld_5866507_1 option-required\"\n                                name=\"fld_5866507[opt1407254]\"\n                                value=\"Ich habe die &lt;a href=&quot;https:\/\/www.sensortherm.de\/de\/datenschutzerklaerung\/&quot; rel=&quot;nofollow&quot;&gt;Datenschutzerkl\u00e4rung&lt;\/a&gt; zur Kenntnis genommen und stimme zu, dass die von mir \u00fcbermittelten Daten zur Kontaktaufnahme und f\u00fcr R\u00fcckfragen gespeichert werden, bis sie nicht mehr notwendig sind. \"\n                                                                data-type=\"checkbox\"\n                                data-checkbox-field=\"fld_5866507_1\"\n                                                                data-calc-value=\"Ich habe die &lt;a href=&quot;https:\/\/divi.sensortherm.de\/de\/datenschutzerklaerung\/&quot; rel=&quot;nofollow&quot;&gt;Datenschutzerkl\u00e4rung&lt;\/a&gt; zur Kenntnis genommen und stimme zu, dass die von mir \u00fcbermittelten Daten zur Kontaktaufnahme und f\u00fcr R\u00fcckfragen gespeichert werden, bis sie nicht mehr notwendig sind. \"\n                            >\n                    Ich habe die <a href=\"https:\/\/www.sensortherm.de\/de\/datenschutzerklaerung\/\" rel=\"nofollow\">Datenschutzerkl\u00e4rung<\/a> zur Kenntnis genommen und stimme zu, dass die von mir \u00fcbermittelten Daten zur Kontaktaufnahme und f\u00fcr R\u00fcckfragen gespeichert werden, bis sie nicht mehr notwendig sind.                 <\/label>\n\n                \t\t\t\t\t<\/div>\n\t\t\t\t\t\t\t\t\t\t\t<\/div>\r\n<\/div>\r\n<div data-field-wrapper=\"fld_2583795\" class=\"form-group\" id=\"fld_2583795_1-wrap\">\r\n<div class=\"\">\r\n\t<input  class=\"btn btn-default\" type=\"submit\" name=\"fld_2583795\" id=\"fld_2583795_1\" value=\"Absenden\" data-field=\"fld_2583795\"  >\n<\/div>\r\n<\/div>\r\n\t<input class=\"button_trigger_1\" type=\"hidden\" name=\"fld_2583795\" id=\"fld_2583795_1_btn\" value=\"\" data-field=\"fld_2583795\"  \/>\n<\/div><\/div><\/form>\r\n<\/div>\r\n<\/p>\n<p>[\/et_pb_text][\/et_pb_column][\/et_pb_row][\/et_pb_section]<\/p>\n","protected":false},"excerpt":{"rendered":"<p>Verantwortung unserer Lieferanten Uns ist es wichtig, dass wir nachhaltig handeln! Die Einhaltung verbindlicher Normen durch unsere Lieferanten hinsichtlich Mensche\u00adnrechte, Arbeits\u00adbedingungen, Umwelt\u00adaspekte und guter Corporate Governance ist f\u00fcr die Nynomic-Gruppe wesentliche Grundlage unserer Gesch\u00e4fts\u00adbeziehungen. Dementsprechend erwarten wir von unseren Lieferanten, dass sie die geltenden Gesetze einhalten und international anerkannte Umwelt-, Sozial- und Corporate Governance-Standards beachten. [&hellip;]<\/p>\n","protected":false},"author":1,"featured_media":0,"parent":0,"menu_order":0,"comment_status":"closed","ping_status":"closed","template":"","meta":{"_et_pb_use_builder":"on","_et_pb_old_content":"","_et_gb_content_width":"","footnotes":""},"class_list":["post-11804","page","type-page","status-publish","hentry"],"yoast_head":"<!-- This site is optimized with the Yoast SEO plugin v27.3 - https:\/\/yoast.com\/product\/yoast-seo-wordpress\/ -->\n<title>Verantwortung unserer Lieferanten - Sensortherm<\/title>\n<meta name=\"robots\" content=\"index, follow, max-snippet:-1, max-image-preview:large, max-video-preview:-1\" \/>\n<link rel=\"canonical\" href=\"https:\/\/www.sensortherm.de\/de\/verantwortung-unserer-lieferanten\/\" \/>\n<meta property=\"og:locale\" content=\"de_DE\" \/>\n<meta property=\"og:type\" content=\"article\" \/>\n<meta property=\"og:title\" content=\"Verantwortung unserer Lieferanten - Sensortherm\" \/>\n<meta property=\"og:description\" content=\"Verantwortung unserer Lieferanten Uns ist es wichtig, dass wir nachhaltig handeln! Die Einhaltung verbindlicher Normen durch unsere Lieferanten hinsichtlich Mensche\u00adnrechte, Arbeits\u00adbedingungen, Umwelt\u00adaspekte und guter Corporate Governance ist f\u00fcr die Nynomic-Gruppe wesentliche Grundlage unserer Gesch\u00e4fts\u00adbeziehungen. Dementsprechend erwarten wir von unseren Lieferanten, dass sie die geltenden Gesetze einhalten und international anerkannte Umwelt-, Sozial- und Corporate Governance-Standards beachten. [&hellip;]\" \/>\n<meta property=\"og:url\" content=\"https:\/\/www.sensortherm.de\/de\/verantwortung-unserer-lieferanten\/\" \/>\n<meta property=\"og:site_name\" content=\"Sensortherm\" \/>\n<meta property=\"article:modified_time\" content=\"2023-12-13T13:20:28+00:00\" \/>\n<meta name=\"twitter:card\" content=\"summary_large_image\" \/>\n<script type=\"application\/ld+json\" class=\"yoast-schema-graph\">{\"@context\":\"https:\\\/\\\/schema.org\",\"@graph\":[{\"@type\":\"WebPage\",\"@id\":\"https:\\\/\\\/www.sensortherm.de\\\/de\\\/verantwortung-unserer-lieferanten\\\/\",\"url\":\"https:\\\/\\\/www.sensortherm.de\\\/de\\\/verantwortung-unserer-lieferanten\\\/\",\"name\":\"Verantwortung unserer Lieferanten - Sensortherm\",\"isPartOf\":{\"@id\":\"https:\\\/\\\/www.sensortherm.de\\\/de\\\/#website\"},\"datePublished\":\"2023-12-13T13:04:45+00:00\",\"dateModified\":\"2023-12-13T13:20:28+00:00\",\"breadcrumb\":{\"@id\":\"https:\\\/\\\/www.sensortherm.de\\\/de\\\/verantwortung-unserer-lieferanten\\\/#breadcrumb\"},\"inLanguage\":\"de\",\"potentialAction\":[{\"@type\":\"ReadAction\",\"target\":[\"https:\\\/\\\/www.sensortherm.de\\\/de\\\/verantwortung-unserer-lieferanten\\\/\"]}]},{\"@type\":\"BreadcrumbList\",\"@id\":\"https:\\\/\\\/www.sensortherm.de\\\/de\\\/verantwortung-unserer-lieferanten\\\/#breadcrumb\",\"itemListElement\":[{\"@type\":\"ListItem\",\"position\":1,\"name\":\"Home\",\"item\":\"https:\\\/\\\/www.sensortherm.de\\\/en\\\/\"},{\"@type\":\"ListItem\",\"position\":2,\"name\":\"Verantwortung unserer Lieferanten\"}]},{\"@type\":\"WebSite\",\"@id\":\"https:\\\/\\\/www.sensortherm.de\\\/de\\\/#website\",\"url\":\"https:\\\/\\\/www.sensortherm.de\\\/de\\\/\",\"name\":\"Sensortherm\",\"description\":\"Schnelle Infrarotmessger\u00e4te zur ber\u00fchrungslosen Temperaturmessung\",\"publisher\":{\"@id\":\"https:\\\/\\\/www.sensortherm.de\\\/de\\\/#organization\"},\"potentialAction\":[{\"@type\":\"SearchAction\",\"target\":{\"@type\":\"EntryPoint\",\"urlTemplate\":\"https:\\\/\\\/www.sensortherm.de\\\/de\\\/?s={search_term_string}\"},\"query-input\":{\"@type\":\"PropertyValueSpecification\",\"valueRequired\":true,\"valueName\":\"search_term_string\"}}],\"inLanguage\":\"de\"},{\"@type\":\"Organization\",\"@id\":\"https:\\\/\\\/www.sensortherm.de\\\/de\\\/#organization\",\"name\":\"Sensortherm GmbH\",\"url\":\"https:\\\/\\\/www.sensortherm.de\\\/de\\\/\",\"logo\":{\"@type\":\"ImageObject\",\"inLanguage\":\"de\",\"@id\":\"https:\\\/\\\/www.sensortherm.de\\\/de\\\/#\\\/schema\\\/logo\\\/image\\\/\",\"url\":\"https:\\\/\\\/www.sensortherm.de\\\/wp-content\\\/uploads\\\/2021\\\/10\\\/Logo_Sensortherm_header_transparent.webp\",\"contentUrl\":\"https:\\\/\\\/www.sensortherm.de\\\/wp-content\\\/uploads\\\/2021\\\/10\\\/Logo_Sensortherm_header_transparent.webp\",\"width\":182,\"height\":69,\"caption\":\"Sensortherm GmbH\"},\"image\":{\"@id\":\"https:\\\/\\\/www.sensortherm.de\\\/de\\\/#\\\/schema\\\/logo\\\/image\\\/\"},\"sameAs\":[\"https:\\\/\\\/de.linkedin.com\\\/company\\\/sensortherm-gmbh\"]}]}<\/script>\n<!-- \/ Yoast SEO plugin. -->","yoast_head_json":{"title":"Verantwortung unserer Lieferanten - Sensortherm","robots":{"index":"index","follow":"follow","max-snippet":"max-snippet:-1","max-image-preview":"max-image-preview:large","max-video-preview":"max-video-preview:-1"},"canonical":"https:\/\/www.sensortherm.de\/de\/verantwortung-unserer-lieferanten\/","og_locale":"de_DE","og_type":"article","og_title":"Verantwortung unserer Lieferanten - Sensortherm","og_description":"Verantwortung unserer Lieferanten Uns ist es wichtig, dass wir nachhaltig handeln! Die Einhaltung verbindlicher Normen durch unsere Lieferanten hinsichtlich Mensche\u00adnrechte, Arbeits\u00adbedingungen, Umwelt\u00adaspekte und guter Corporate Governance ist f\u00fcr die Nynomic-Gruppe wesentliche Grundlage unserer Gesch\u00e4fts\u00adbeziehungen. Dementsprechend erwarten wir von unseren Lieferanten, dass sie die geltenden Gesetze einhalten und international anerkannte Umwelt-, Sozial- und Corporate Governance-Standards beachten. [&hellip;]","og_url":"https:\/\/www.sensortherm.de\/de\/verantwortung-unserer-lieferanten\/","og_site_name":"Sensortherm","article_modified_time":"2023-12-13T13:20:28+00:00","twitter_card":"summary_large_image","schema":{"@context":"https:\/\/schema.org","@graph":[{"@type":"WebPage","@id":"https:\/\/www.sensortherm.de\/de\/verantwortung-unserer-lieferanten\/","url":"https:\/\/www.sensortherm.de\/de\/verantwortung-unserer-lieferanten\/","name":"Verantwortung unserer Lieferanten - Sensortherm","isPartOf":{"@id":"https:\/\/www.sensortherm.de\/de\/#website"},"datePublished":"2023-12-13T13:04:45+00:00","dateModified":"2023-12-13T13:20:28+00:00","breadcrumb":{"@id":"https:\/\/www.sensortherm.de\/de\/verantwortung-unserer-lieferanten\/#breadcrumb"},"inLanguage":"de","potentialAction":[{"@type":"ReadAction","target":["https:\/\/www.sensortherm.de\/de\/verantwortung-unserer-lieferanten\/"]}]},{"@type":"BreadcrumbList","@id":"https:\/\/www.sensortherm.de\/de\/verantwortung-unserer-lieferanten\/#breadcrumb","itemListElement":[{"@type":"ListItem","position":1,"name":"Home","item":"https:\/\/www.sensortherm.de\/en\/"},{"@type":"ListItem","position":2,"name":"Verantwortung unserer Lieferanten"}]},{"@type":"WebSite","@id":"https:\/\/www.sensortherm.de\/de\/#website","url":"https:\/\/www.sensortherm.de\/de\/","name":"Sensortherm","description":"Schnelle Infrarotmessger\u00e4te zur ber\u00fchrungslosen Temperaturmessung","publisher":{"@id":"https:\/\/www.sensortherm.de\/de\/#organization"},"potentialAction":[{"@type":"SearchAction","target":{"@type":"EntryPoint","urlTemplate":"https:\/\/www.sensortherm.de\/de\/?s={search_term_string}"},"query-input":{"@type":"PropertyValueSpecification","valueRequired":true,"valueName":"search_term_string"}}],"inLanguage":"de"},{"@type":"Organization","@id":"https:\/\/www.sensortherm.de\/de\/#organization","name":"Sensortherm GmbH","url":"https:\/\/www.sensortherm.de\/de\/","logo":{"@type":"ImageObject","inLanguage":"de","@id":"https:\/\/www.sensortherm.de\/de\/#\/schema\/logo\/image\/","url":"https:\/\/www.sensortherm.de\/wp-content\/uploads\/2021\/10\/Logo_Sensortherm_header_transparent.webp","contentUrl":"https:\/\/www.sensortherm.de\/wp-content\/uploads\/2021\/10\/Logo_Sensortherm_header_transparent.webp","width":182,"height":69,"caption":"Sensortherm GmbH"},"image":{"@id":"https:\/\/www.sensortherm.de\/de\/#\/schema\/logo\/image\/"},"sameAs":["https:\/\/de.linkedin.com\/company\/sensortherm-gmbh"]}]}},"_links":{"self":[{"href":"https:\/\/www.sensortherm.de\/de\/wp-json\/wp\/v2\/pages\/11804","targetHints":{"allow":["GET"]}}],"collection":[{"href":"https:\/\/www.sensortherm.de\/de\/wp-json\/wp\/v2\/pages"}],"about":[{"href":"https:\/\/www.sensortherm.de\/de\/wp-json\/wp\/v2\/types\/page"}],"author":[{"embeddable":true,"href":"https:\/\/www.sensortherm.de\/de\/wp-json\/wp\/v2\/users\/1"}],"replies":[{"embeddable":true,"href":"https:\/\/www.sensortherm.de\/de\/wp-json\/wp\/v2\/comments?post=11804"}],"version-history":[{"count":0,"href":"https:\/\/www.sensortherm.de\/de\/wp-json\/wp\/v2\/pages\/11804\/revisions"}],"wp:attachment":[{"href":"https:\/\/www.sensortherm.de\/de\/wp-json\/wp\/v2\/media?parent=11804"}],"curies":[{"name":"wp","href":"https:\/\/api.w.org\/{rel}","templated":true}]}}