{"id":11685,"date":"2023-11-09T11:58:48","date_gmt":"2023-11-09T11:58:48","guid":{"rendered":"https:\/\/www.sensortherm.de\/?page_id=11685"},"modified":"2024-04-24T09:31:59","modified_gmt":"2024-04-24T09:31:59","slug":"esg-nachhaltigkeit","status":"publish","type":"page","link":"https:\/\/www.sensortherm.de\/de\/esg-nachhaltigkeit\/","title":{"rendered":"ESG-Nachhaltigkeit"},"content":{"rendered":"<p>[et_pb_section fb_built=&#8220;1&#8243; _builder_version=&#8220;4.23.1&#8243; _module_preset=&#8220;default&#8220; background_color=&#8220;#F3F4F4&#8243; custom_padding=&#8220;||||false|false&#8220; global_colors_info=&#8220;{}&#8220;][et_pb_row make_equal=&#8220;on&#8220; _builder_version=&#8220;4.23.1&#8243; _module_preset=&#8220;default&#8220; width=&#8220;98%&#8220; custom_margin=&#8220;||||false|false&#8220; custom_padding=&#8220;2vw||2vw||true|false&#8220; global_colors_info=&#8220;{}&#8220;][et_pb_column type=&#8220;4_4&#8243; _builder_version=&#8220;4.16&#8243; _module_preset=&#8220;default&#8220; global_colors_info=&#8220;{}&#8220;][et_pb_image src=&#8220;https:\/\/www.sensortherm.de\/wp-content\/uploads\/2022\/06\/ESG3.webp&#8220; title_text=&#8220;ESG3&#8243; _builder_version=&#8220;4.23.1&#8243; _module_preset=&#8220;default&#8220; width_tablet=&#8220;&#8220; width_phone=&#8220;&#8220; width_last_edited=&#8220;on|tablet&#8220; max_width_tablet=&#8220;12%&#8220; max_width_phone=&#8220;20%&#8220; max_width_last_edited=&#8220;on|phone&#8220; custom_padding=&#8220;|10px|||false|false&#8220; custom_css_main_element=&#8220;display:inline-block;&#8220; global_colors_info=&#8220;{}&#8220;][\/et_pb_image][et_pb_image src=&#8220;https:\/\/www.sensortherm.de\/wp-content\/uploads\/2022\/06\/ESG4.webp&#8220; title_text=&#8220;ESG4&#8243; _builder_version=&#8220;4.22.2&#8243; _module_preset=&#8220;default&#8220; width_tablet=&#8220;&#8220; width_phone=&#8220;&#8220; width_last_edited=&#8220;on|tablet&#8220; max_width_tablet=&#8220;12%&#8220; max_width_phone=&#8220;20%&#8220; max_width_last_edited=&#8220;on|phone&#8220; custom_padding=&#8220;|10px|||false|false&#8220; custom_css_main_element=&#8220;display:inline-block;&#8220; global_colors_info=&#8220;{}&#8220;][\/et_pb_image][et_pb_image src=&#8220;https:\/\/www.sensortherm.de\/wp-content\/uploads\/2022\/06\/ESG5.webp&#8220; title_text=&#8220;ESG5&#8243; _builder_version=&#8220;4.22.2&#8243; _module_preset=&#8220;default&#8220; width_tablet=&#8220;&#8220; width_phone=&#8220;&#8220; width_last_edited=&#8220;on|tablet&#8220; max_width_tablet=&#8220;12%&#8220; max_width_phone=&#8220;20%&#8220; max_width_last_edited=&#8220;on|phone&#8220; custom_padding=&#8220;|10px|||false|false&#8220; custom_css_main_element=&#8220;display:inline-block;&#8220; global_colors_info=&#8220;{}&#8220;][\/et_pb_image][et_pb_image src=&#8220;https:\/\/www.sensortherm.de\/wp-content\/uploads\/2022\/06\/ESG8.webp&#8220; title_text=&#8220;ESG8&#8243; _builder_version=&#8220;4.22.2&#8243; _module_preset=&#8220;default&#8220; width_tablet=&#8220;&#8220; width_phone=&#8220;&#8220; width_last_edited=&#8220;on|tablet&#8220; max_width_tablet=&#8220;12%&#8220; max_width_phone=&#8220;20%&#8220; max_width_last_edited=&#8220;on|phone&#8220; custom_padding=&#8220;|10px|||false|false&#8220; custom_css_main_element=&#8220;display:inline-block;&#8220; global_colors_info=&#8220;{}&#8220;][\/et_pb_image][et_pb_image src=&#8220;https:\/\/www.sensortherm.de\/wp-content\/uploads\/2022\/06\/ESG10.webp&#8220; title_text=&#8220;ESG10&#8243; _builder_version=&#8220;4.22.2&#8243; _module_preset=&#8220;default&#8220; width_tablet=&#8220;&#8220; width_phone=&#8220;&#8220; width_last_edited=&#8220;on|tablet&#8220; max_width_tablet=&#8220;12%&#8220; max_width_phone=&#8220;20%&#8220; max_width_last_edited=&#8220;on|phone&#8220; custom_padding=&#8220;|10px|||false|false&#8220; custom_css_main_element=&#8220;display:inline-block;&#8220; global_colors_info=&#8220;{}&#8220;][\/et_pb_image][et_pb_image src=&#8220;https:\/\/www.sensortherm.de\/wp-content\/uploads\/2022\/06\/ESG12.webp&#8220; title_text=&#8220;ESG12&#8243; _builder_version=&#8220;4.22.2&#8243; _module_preset=&#8220;default&#8220; width_tablet=&#8220;&#8220; width_phone=&#8220;&#8220; width_last_edited=&#8220;on|tablet&#8220; max_width_tablet=&#8220;12%&#8220; max_width_phone=&#8220;20%&#8220; max_width_last_edited=&#8220;on|phone&#8220; custom_padding=&#8220;|10px|||false|false&#8220; custom_css_main_element=&#8220;display:inline-block;&#8220; global_colors_info=&#8220;{}&#8220;][\/et_pb_image][et_pb_image src=&#8220;https:\/\/www.sensortherm.de\/wp-content\/uploads\/2022\/06\/ESG13.webp&#8220; title_text=&#8220;ESG13&#8243; _builder_version=&#8220;4.22.2&#8243; _module_preset=&#8220;default&#8220; width_tablet=&#8220;&#8220; width_phone=&#8220;&#8220; width_last_edited=&#8220;on|tablet&#8220; max_width_tablet=&#8220;12%&#8220; max_width_phone=&#8220;20%&#8220; max_width_last_edited=&#8220;on|phone&#8220; custom_padding=&#8220;|10px|||false|false&#8220; custom_css_main_element=&#8220;display:inline-block;&#8220; global_colors_info=&#8220;{}&#8220;][\/et_pb_image][et_pb_image src=&#8220;https:\/\/www.sensortherm.de\/wp-content\/uploads\/2022\/06\/ESG15.webp&#8220; title_text=&#8220;ESG15&#8243; _builder_version=&#8220;4.22.2&#8243; _module_preset=&#8220;default&#8220; width_tablet=&#8220;&#8220; width_phone=&#8220;&#8220; width_last_edited=&#8220;on|tablet&#8220; max_width_tablet=&#8220;12%&#8220; max_width_phone=&#8220;20%&#8220; max_width_last_edited=&#8220;on|phone&#8220; custom_padding=&#8220;|10px|||false|false&#8220; custom_css_main_element=&#8220;display:inline-block;&#8220; global_colors_info=&#8220;{}&#8220;][\/et_pb_image][et_pb_image src=&#8220;https:\/\/www.sensortherm.de\/wp-content\/uploads\/2022\/06\/ESG17.webp&#8220; title_text=&#8220;ESG17&#8243; _builder_version=&#8220;4.22.2&#8243; _module_preset=&#8220;default&#8220; width_tablet=&#8220;&#8220; width_phone=&#8220;&#8220; width_last_edited=&#8220;on|tablet&#8220; max_width_tablet=&#8220;12%&#8220; max_width_phone=&#8220;20%&#8220; max_width_last_edited=&#8220;on|phone&#8220; custom_padding=&#8220;|10px|||false|false&#8220; custom_css_main_element=&#8220;display:inline-block;&#8220; global_colors_info=&#8220;{}&#8220;][\/et_pb_image][et_pb_text _builder_version=&#8220;4.22.2&#8243; _module_preset=&#8220;default&#8220; global_colors_info=&#8220;{}&#8220;]<\/p>\n<p>Wir bekennen uns zu den von den Vereinten Nationen formulierten Nachhaltigkeitszielen und konzentrieren uns insbesondere auf die Ziele, bei denen unsere Gesch\u00e4ftst\u00e4tigkeiten am meisten bewirken k\u00f6nnen<\/p>\n<p>[\/et_pb_text][\/et_pb_column][\/et_pb_row][\/et_pb_section][et_pb_section fb_built=&#8220;1&#8243; _builder_version=&#8220;4.22.2&#8243; _module_preset=&#8220;default&#8220; custom_margin=&#8220;||2vw||false|false&#8220; global_colors_info=&#8220;{}&#8220;][et_pb_row _builder_version=&#8220;4.23.1&#8243; _module_preset=&#8220;default&#8220; width=&#8220;100%&#8220; width_tablet=&#8220;98%&#8220; width_phone=&#8220;&#8220; width_last_edited=&#8220;on|phone&#8220; custom_margin=&#8220;0vw||||false|false&#8220; global_colors_info=&#8220;{}&#8220;][et_pb_column type=&#8220;4_4&#8243; _builder_version=&#8220;4.16&#8243; _module_preset=&#8220;default&#8220; global_colors_info=&#8220;{}&#8220;][et_pb_text _builder_version=&#8220;4.23.1&#8243; _module_preset=&#8220;default&#8220; background_enable_color=&#8220;off&#8220; position_origin_a=&#8220;bottom_left&#8220; vertical_offset=&#8220;0vw&#8220; horizontal_offset=&#8220;1vw&#8220; position_origin_a_tablet=&#8220;&#8220; position_origin_a_phone=&#8220;&#8220; position_origin_a_last_edited=&#8220;on|desktop&#8220; position_origin_f_tablet=&#8220;&#8220; position_origin_f_phone=&#8220;&#8220; position_origin_f_last_edited=&#8220;on|desktop&#8220; position_origin_r_tablet=&#8220;&#8220; position_origin_r_phone=&#8220;&#8220; position_origin_r_last_edited=&#8220;on|desktop&#8220; width_tablet=&#8220;&#8220; width_phone=&#8220;73%&#8220; width_last_edited=&#8220;on|phone&#8220; custom_margin=&#8220;1vw||||false|false&#8220; custom_padding=&#8220;8px|1vw||1vw|false|true&#8220; header_font_size_tablet=&#8220;16px&#8220; header_font_size_phone=&#8220;&#8220; header_font_size_last_edited=&#8220;on|phone&#8220; positioning_tablet=&#8220;&#8220; positioning_phone=&#8220;&#8220; positioning_last_edited=&#8220;on|desktop&#8220; custom_css_main_element=&#8220;width: max-content;&#8220; border_radii=&#8220;off||||&#8220; border_width_top=&#8220;5px&#8220; border_color_top=&#8220;#0B3172&#8243; border_width_left=&#8220;5px&#8220; border_color_left=&#8220;#0b3172&#8243; border_width_all_tablet=&#8220;&#8220; border_width_all_phone=&#8220;&#8220; border_width_all_last_edited=&#8220;on|desktop&#8220; border_width_left_tablet=&#8220;5px&#8220; border_width_left_phone=&#8220;5px&#8220; border_width_left_last_edited=&#8220;on|phone&#8220; global_colors_info=&#8220;{}&#8220; custom_css_main_element_last_edited=&#8220;on|phone&#8220; custom_css_main_element_tablet=&#8220;width: max-content;&#8220; custom_css_main_element_phone=&#8220;width: max-content;&#8220;]<\/p>\n<h1 class=\"page-header\">ESG-Nachhaltigkeit<\/h1>\n<p>[\/et_pb_text][\/et_pb_column][\/et_pb_row][\/et_pb_section][et_pb_section fb_built=&#8220;1&#8243; _builder_version=&#8220;4.23.1&#8243; _module_preset=&#8220;default&#8220; global_colors_info=&#8220;{}&#8220;][et_pb_row _builder_version=&#8220;4.23.1&#8243; _module_preset=&#8220;default&#8220; width=&#8220;100%&#8220; width_tablet=&#8220;98%&#8220; width_phone=&#8220;98%&#8220; width_last_edited=&#8220;on|phone&#8220; custom_margin=&#8220;||2vw||false|false&#8220; global_colors_info=&#8220;{}&#8220;][et_pb_column type=&#8220;4_4&#8243; _builder_version=&#8220;4.23.1&#8243; _module_preset=&#8220;default&#8220; global_colors_info=&#8220;{}&#8220;][et_pb_text _builder_version=&#8220;4.24.0&#8243; custom_margin=&#8220;||||false|false&#8220; hover_enabled=&#8220;0&#8243; locked=&#8220;off&#8220; global_colors_info=&#8220;{}&#8220; sticky_enabled=&#8220;0&#8243;]<\/p>\n<p>Sensortherm GmbH ist Teil der Nynomic-Gruppe.<\/p>\n<p>Es ist der Anspruch der Nynomic-Gruppe, die \u00f6konomischen, \u00f6kologischen und sozialen Auswirkungen unserer Gesch\u00e4ftst\u00e4tigkeit stetig zu verbessern.<\/p>\n<p>Die zentrale Verantwortung f\u00fcr nachhaltiges Handeln bei Sensortherm liegt bei der Gesch\u00e4ftsf\u00fchrung. Das ausgewogene Management von \u00f6kologischen, sozialen und die Unternehmensf\u00fchrung betreffenden Aspekten st\u00e4rkt die Positionierung von Sensortherm im Markt.<\/p>\n<p>F\u00fcr uns gelten folgende elementare Grunds\u00e4tze:<\/p>\n<p>Der Arbeits- und Gesundheitsschutz der Mitarbeiter hat h\u00f6chste Priorit\u00e4t, um Verletzungen und Erkrankungen zu vermeiden.<\/p>\n<p>Wir wollen unser Unternehmen als attraktiven Arbeitgeber positionieren, und damit die Leistungsbereitschaft und Motivation unserer Mitarbeiter f\u00f6rdern.<\/p>\n<p>Im effizienten Einsatz von Ressourcen und Energie streben wir kontinuierlich nach Verbesserungen, um negative Umweltauswirkungen zu mindern und Kosteneinsparungen zu realisieren.<\/p>\n<p>Wir nutzen unsere hohe Innovationskraft und Leidenschaft f\u00fcr den technologischen Fortschritt, indem wir innovative, sichere L\u00f6sungen und Produkte entwickeln, die uns und unsere Kunden unterst\u00fctzen, die Umwelt zu entlasten.<\/p>\n<p>Im engen und vertrauensvollen Dialog mit unseren Partnern legen wir die Basis f\u00fcr langfristige und nachhaltige Beziehungen. F\u00fcr uns ist ein respektvoller Umgang mit unseren verschiedenen Interessengruppen und der Umwelt nicht nur selbstverst\u00e4ndlich, sondern auch f\u00fcr den wirtschaftlichen Erfolg ausschlaggebend.<\/p>\n<p>Grundlage und Teil unserer Unternehmensidentit\u00e4t sind unsere Grunds\u00e4tze f\u00fcr die Unternehmensf\u00fchrung. Durch die Wahrung von Regeln, Standards und Prozessen stellen wir ein rechtlich einwandfreies und ethisch korrektes Handeln sicher und schaffen eine hohe gesellschaftliche Akzeptanz.<\/p>\n<p><strong>Erkl\u00e4rung zu Konfliktmineralien<\/strong><\/p>\n<p>Stellungnahme der Nynomic-Unternehmensgruppe \u00fcber die Verwendung von \u201eKonfliktmineralien\u201c in den Produkten bezugnehmend auf den Abschnitt 1502 der Dodd-Frank Wall Street Reform und Consumer Protection Act (Dodd-Frank-Act) sowie auf die EU-Verordnung 2017\/821<\/p>\n<p>Die Nynomic-Gruppe nimmt ihre soziale Verantwortung hinsichtlich der Umwelt, Sicherheit, Gesundheit und der Menschenrechte ernst und versteht, dass ihre Gesch\u00e4ftst\u00e4tigkeiten Einfluss auf die Gesellschaft und die Umwelt haben. Nynomic hat sich daher zum Ziel gesetzt, die Ziele des Dodd-Frank-Acts und der EU-Verordnung 2017\/821 zur Eind\u00e4mmung des Handels von Mineralien aus Konflikt- oder Hochrisikogebieten nach bestem Wissen und Gewissen zu unterst\u00fctzen.<\/p>\n<p>Der Dodd-Frank-Act bezieht sich insbesondere auf die Mineralien Zinn, Tantal, Wolfram und Gold und deren Derivate, welche in Konfliktgebieten, wie der Demokratischen Republik Kongo und den angrenzenden Krisengebieten, abgebaut werden. Dies schlie\u00dft nach der EU-Verordnung 2017\/821 Gebiete ein, in denen ein bewaffneter Konflikt herrscht oder die sich in einer geschw\u00e4chten Situation nach einem Konflikt befinden, sowie Gebiete mit schwacher oder fehlender Staatsf\u00fchrung und Sicherheitsstrukturen.<\/p>\n<p>Auch wenn die Nynomic-Gruppe nicht Verpflichtete nach den oben genannten Vorschriften ist und diese Mineralien nicht direkt bezieht, ist sich das Unternehmen dar\u00fcber bewusst, dass Konfliktmineralien in der Lieferkette vorkommen k\u00f6nnen. In diesem Bewusstsein setzt sich Nynomic f\u00fcr die verantwortungsvolle Beschaffung dieser Mineralien ein. Nynomic sichert zu, dass die Auswahl der Lieferanten gem\u00e4\u00df diesen Kriterien selektiv erfolgt. Wir erwarten von unseren Gesch\u00e4ftspartnern, dass sie vergleichbare Bem\u00fchungen unternehmen, um die einschl\u00e4gigen Vorschriften und Anforderungen einzuhalten. Nach derzeitigem Kenntnisstand enthalten die Produkte der Nynomic-Gruppe weder direkt noch indirekt Konfliktmineralien. Die Angaben zur Herkunft der Konfliktmineralien basieren auf Angaben der Lieferanten der Nynomic-Gruppe.<\/p>\n<p>Wedel, im Januar 2024<\/p>\n<p>Der Vorstand<\/p>\n<p>-Nynomic AG-<\/p>\n<p>[\/et_pb_text][\/et_pb_column][\/et_pb_row][\/et_pb_section]<\/p>\n","protected":false},"excerpt":{"rendered":"<p>Wir bekennen uns zu den von den Vereinten Nationen formulierten Nachhaltigkeitszielen und konzentrieren uns insbesondere auf die Ziele, bei denen unsere Gesch\u00e4ftst\u00e4tigkeiten am meisten bewirken k\u00f6nnenESG-NachhaltigkeitSensortherm GmbH ist Teil der Nynomic-Gruppe. Es ist der Anspruch der Nynomic-Gruppe, die \u00f6konomischen, \u00f6kologischen und sozialen Auswirkungen unserer Gesch\u00e4ftst\u00e4tigkeit stetig zu verbessern. Die zentrale Verantwortung f\u00fcr nachhaltiges Handeln bei [&hellip;]<\/p>\n","protected":false},"author":1,"featured_media":0,"parent":0,"menu_order":155,"comment_status":"closed","ping_status":"closed","template":"","meta":{"_et_pb_use_builder":"on","_et_pb_old_content":"","_et_gb_content_width":"","footnotes":""},"class_list":["post-11685","page","type-page","status-publish","hentry"],"yoast_head":"<!-- This site is optimized with the Yoast SEO plugin v27.3 - https:\/\/yoast.com\/product\/yoast-seo-wordpress\/ -->\n<title>ESG-Nachhaltigkeit - Sensortherm<\/title>\n<meta name=\"robots\" content=\"index, follow, max-snippet:-1, max-image-preview:large, max-video-preview:-1\" \/>\n<link rel=\"canonical\" href=\"https:\/\/www.sensortherm.de\/de\/esg-nachhaltigkeit\/\" \/>\n<meta property=\"og:locale\" content=\"de_DE\" \/>\n<meta property=\"og:type\" content=\"article\" \/>\n<meta property=\"og:title\" content=\"ESG-Nachhaltigkeit - Sensortherm\" \/>\n<meta property=\"og:description\" content=\"Wir bekennen uns zu den von den Vereinten Nationen formulierten Nachhaltigkeitszielen und konzentrieren uns insbesondere auf die Ziele, bei denen unsere Gesch\u00e4ftst\u00e4tigkeiten am meisten bewirken k\u00f6nnenESG-NachhaltigkeitSensortherm GmbH ist Teil der Nynomic-Gruppe. Es ist der Anspruch der Nynomic-Gruppe, die \u00f6konomischen, \u00f6kologischen und sozialen Auswirkungen unserer Gesch\u00e4ftst\u00e4tigkeit stetig zu verbessern. Die zentrale Verantwortung f\u00fcr nachhaltiges Handeln bei [&hellip;]\" \/>\n<meta property=\"og:url\" content=\"https:\/\/www.sensortherm.de\/de\/esg-nachhaltigkeit\/\" \/>\n<meta property=\"og:site_name\" content=\"Sensortherm\" \/>\n<meta property=\"article:modified_time\" content=\"2024-04-24T09:31:59+00:00\" \/>\n<meta name=\"twitter:card\" content=\"summary_large_image\" \/>\n<script type=\"application\/ld+json\" class=\"yoast-schema-graph\">{\"@context\":\"https:\\\/\\\/schema.org\",\"@graph\":[{\"@type\":\"WebPage\",\"@id\":\"https:\\\/\\\/www.sensortherm.de\\\/de\\\/esg-nachhaltigkeit\\\/\",\"url\":\"https:\\\/\\\/www.sensortherm.de\\\/de\\\/esg-nachhaltigkeit\\\/\",\"name\":\"ESG-Nachhaltigkeit - Sensortherm\",\"isPartOf\":{\"@id\":\"https:\\\/\\\/www.sensortherm.de\\\/de\\\/#website\"},\"datePublished\":\"2023-11-09T11:58:48+00:00\",\"dateModified\":\"2024-04-24T09:31:59+00:00\",\"breadcrumb\":{\"@id\":\"https:\\\/\\\/www.sensortherm.de\\\/de\\\/esg-nachhaltigkeit\\\/#breadcrumb\"},\"inLanguage\":\"de\",\"potentialAction\":[{\"@type\":\"ReadAction\",\"target\":[\"https:\\\/\\\/www.sensortherm.de\\\/de\\\/esg-nachhaltigkeit\\\/\"]}]},{\"@type\":\"BreadcrumbList\",\"@id\":\"https:\\\/\\\/www.sensortherm.de\\\/de\\\/esg-nachhaltigkeit\\\/#breadcrumb\",\"itemListElement\":[{\"@type\":\"ListItem\",\"position\":1,\"name\":\"Home\",\"item\":\"https:\\\/\\\/www.sensortherm.de\\\/en\\\/\"},{\"@type\":\"ListItem\",\"position\":2,\"name\":\"ESG-Nachhaltigkeit\"}]},{\"@type\":\"WebSite\",\"@id\":\"https:\\\/\\\/www.sensortherm.de\\\/de\\\/#website\",\"url\":\"https:\\\/\\\/www.sensortherm.de\\\/de\\\/\",\"name\":\"Sensortherm\",\"description\":\"Schnelle Infrarotmessger\u00e4te zur ber\u00fchrungslosen Temperaturmessung\",\"publisher\":{\"@id\":\"https:\\\/\\\/www.sensortherm.de\\\/de\\\/#organization\"},\"potentialAction\":[{\"@type\":\"SearchAction\",\"target\":{\"@type\":\"EntryPoint\",\"urlTemplate\":\"https:\\\/\\\/www.sensortherm.de\\\/de\\\/?s={search_term_string}\"},\"query-input\":{\"@type\":\"PropertyValueSpecification\",\"valueRequired\":true,\"valueName\":\"search_term_string\"}}],\"inLanguage\":\"de\"},{\"@type\":\"Organization\",\"@id\":\"https:\\\/\\\/www.sensortherm.de\\\/de\\\/#organization\",\"name\":\"Sensortherm GmbH\",\"url\":\"https:\\\/\\\/www.sensortherm.de\\\/de\\\/\",\"logo\":{\"@type\":\"ImageObject\",\"inLanguage\":\"de\",\"@id\":\"https:\\\/\\\/www.sensortherm.de\\\/de\\\/#\\\/schema\\\/logo\\\/image\\\/\",\"url\":\"https:\\\/\\\/www.sensortherm.de\\\/wp-content\\\/uploads\\\/2021\\\/10\\\/Logo_Sensortherm_header_transparent.webp\",\"contentUrl\":\"https:\\\/\\\/www.sensortherm.de\\\/wp-content\\\/uploads\\\/2021\\\/10\\\/Logo_Sensortherm_header_transparent.webp\",\"width\":182,\"height\":69,\"caption\":\"Sensortherm GmbH\"},\"image\":{\"@id\":\"https:\\\/\\\/www.sensortherm.de\\\/de\\\/#\\\/schema\\\/logo\\\/image\\\/\"},\"sameAs\":[\"https:\\\/\\\/de.linkedin.com\\\/company\\\/sensortherm-gmbh\"]}]}<\/script>\n<!-- \/ Yoast SEO plugin. -->","yoast_head_json":{"title":"ESG-Nachhaltigkeit - Sensortherm","robots":{"index":"index","follow":"follow","max-snippet":"max-snippet:-1","max-image-preview":"max-image-preview:large","max-video-preview":"max-video-preview:-1"},"canonical":"https:\/\/www.sensortherm.de\/de\/esg-nachhaltigkeit\/","og_locale":"de_DE","og_type":"article","og_title":"ESG-Nachhaltigkeit - Sensortherm","og_description":"Wir bekennen uns zu den von den Vereinten Nationen formulierten Nachhaltigkeitszielen und konzentrieren uns insbesondere auf die Ziele, bei denen unsere Gesch\u00e4ftst\u00e4tigkeiten am meisten bewirken k\u00f6nnenESG-NachhaltigkeitSensortherm GmbH ist Teil der Nynomic-Gruppe. Es ist der Anspruch der Nynomic-Gruppe, die \u00f6konomischen, \u00f6kologischen und sozialen Auswirkungen unserer Gesch\u00e4ftst\u00e4tigkeit stetig zu verbessern. Die zentrale Verantwortung f\u00fcr nachhaltiges Handeln bei [&hellip;]","og_url":"https:\/\/www.sensortherm.de\/de\/esg-nachhaltigkeit\/","og_site_name":"Sensortherm","article_modified_time":"2024-04-24T09:31:59+00:00","twitter_card":"summary_large_image","schema":{"@context":"https:\/\/schema.org","@graph":[{"@type":"WebPage","@id":"https:\/\/www.sensortherm.de\/de\/esg-nachhaltigkeit\/","url":"https:\/\/www.sensortherm.de\/de\/esg-nachhaltigkeit\/","name":"ESG-Nachhaltigkeit - Sensortherm","isPartOf":{"@id":"https:\/\/www.sensortherm.de\/de\/#website"},"datePublished":"2023-11-09T11:58:48+00:00","dateModified":"2024-04-24T09:31:59+00:00","breadcrumb":{"@id":"https:\/\/www.sensortherm.de\/de\/esg-nachhaltigkeit\/#breadcrumb"},"inLanguage":"de","potentialAction":[{"@type":"ReadAction","target":["https:\/\/www.sensortherm.de\/de\/esg-nachhaltigkeit\/"]}]},{"@type":"BreadcrumbList","@id":"https:\/\/www.sensortherm.de\/de\/esg-nachhaltigkeit\/#breadcrumb","itemListElement":[{"@type":"ListItem","position":1,"name":"Home","item":"https:\/\/www.sensortherm.de\/en\/"},{"@type":"ListItem","position":2,"name":"ESG-Nachhaltigkeit"}]},{"@type":"WebSite","@id":"https:\/\/www.sensortherm.de\/de\/#website","url":"https:\/\/www.sensortherm.de\/de\/","name":"Sensortherm","description":"Schnelle Infrarotmessger\u00e4te zur ber\u00fchrungslosen Temperaturmessung","publisher":{"@id":"https:\/\/www.sensortherm.de\/de\/#organization"},"potentialAction":[{"@type":"SearchAction","target":{"@type":"EntryPoint","urlTemplate":"https:\/\/www.sensortherm.de\/de\/?s={search_term_string}"},"query-input":{"@type":"PropertyValueSpecification","valueRequired":true,"valueName":"search_term_string"}}],"inLanguage":"de"},{"@type":"Organization","@id":"https:\/\/www.sensortherm.de\/de\/#organization","name":"Sensortherm GmbH","url":"https:\/\/www.sensortherm.de\/de\/","logo":{"@type":"ImageObject","inLanguage":"de","@id":"https:\/\/www.sensortherm.de\/de\/#\/schema\/logo\/image\/","url":"https:\/\/www.sensortherm.de\/wp-content\/uploads\/2021\/10\/Logo_Sensortherm_header_transparent.webp","contentUrl":"https:\/\/www.sensortherm.de\/wp-content\/uploads\/2021\/10\/Logo_Sensortherm_header_transparent.webp","width":182,"height":69,"caption":"Sensortherm GmbH"},"image":{"@id":"https:\/\/www.sensortherm.de\/de\/#\/schema\/logo\/image\/"},"sameAs":["https:\/\/de.linkedin.com\/company\/sensortherm-gmbh"]}]}},"_links":{"self":[{"href":"https:\/\/www.sensortherm.de\/de\/wp-json\/wp\/v2\/pages\/11685","targetHints":{"allow":["GET"]}}],"collection":[{"href":"https:\/\/www.sensortherm.de\/de\/wp-json\/wp\/v2\/pages"}],"about":[{"href":"https:\/\/www.sensortherm.de\/de\/wp-json\/wp\/v2\/types\/page"}],"author":[{"embeddable":true,"href":"https:\/\/www.sensortherm.de\/de\/wp-json\/wp\/v2\/users\/1"}],"replies":[{"embeddable":true,"href":"https:\/\/www.sensortherm.de\/de\/wp-json\/wp\/v2\/comments?post=11685"}],"version-history":[{"count":0,"href":"https:\/\/www.sensortherm.de\/de\/wp-json\/wp\/v2\/pages\/11685\/revisions"}],"wp:attachment":[{"href":"https:\/\/www.sensortherm.de\/de\/wp-json\/wp\/v2\/media?parent=11685"}],"curies":[{"name":"wp","href":"https:\/\/api.w.org\/{rel}","templated":true}]}}